{"id":242,"date":"2023-04-14T14:12:47","date_gmt":"2023-04-14T17:12:47","guid":{"rendered":"https:\/\/jandaiadosul.ufpr.br\/engagricola\/?page_id=242"},"modified":"2023-04-14T14:48:40","modified_gmt":"2023-04-14T17:48:40","slug":"curriculos","status":"publish","type":"page","link":"https:\/\/jandaiadosul.ufpr.br\/engagricola\/curriculos\/","title":{"rendered":"Curr\u00edculos"},"content":{"rendered":"<h4><strong>Projeto Pedag\u00f3gico do Curso de Engenharia Agr\u00edcola (a partir de 2023):<\/strong><\/h4>\n<h4><strong><a href=\"https:\/\/jandaiadosul.ufpr.br\/engagricola\/wp-content\/uploads\/sites\/24\/2023\/04\/ppc.pdf\" target=\"_blank\" rel=\"noopener noreferrer\"><img decoding=\"async\" class=\"alignnone\" style=\"border: 0px\" src=\"https:\/\/jandaiadosul.ufpr.br\/novosite\/wp-content\/uploads\/2014\/04\/botaopdf.png\" alt=\"\" width=\"127\" height=\"38\" \/><\/a><\/strong><\/h4>\n<h4>RESOLU\u00c7\u00c3O N\u00ba 82 \/ 2022 &#8211; CEPE (UFPR):<\/h4>\n<h4><strong><a href=\"http:\/\/jandaiadosul.ufpr.br\/engagricola\/wp-content\/uploads\/sites\/24\/2023\/04\/minuta-matriz-curricular-20230412-090950.pdf\" target=\"_blank\" rel=\"noopener noreferrer\"><img decoding=\"async\" class=\"alignnone\" style=\"border: 0px\" src=\"https:\/\/jandaiadosul.ufpr.br\/novosite\/wp-content\/uploads\/2014\/04\/botaopdf.png\" alt=\"\" width=\"127\" height=\"38\" \/><\/a><\/strong><\/h4>\n<h4><strong>Matriz Curricular (2023):<\/strong><\/h4>\n<h4><strong><a href=\"http:\/\/jandaiadosul.ufpr.br\/engagricola\/wp-content\/uploads\/sites\/24\/2023\/04\/matriz-curricular.pdf\" target=\"_blank\" rel=\"noopener noreferrer\"><img decoding=\"async\" class=\"alignnone\" style=\"border: 0px\" src=\"https:\/\/jandaiadosul.ufpr.br\/novosite\/wp-content\/uploads\/2014\/04\/botaopdf.png\" alt=\"\" width=\"127\" height=\"38\" \/><\/a><\/strong><\/h4>\n<h4><strong>Disciplinas Equivalentes por Adapta\u00e7\u00e3o (2023):<\/strong><\/h4>\n<h4><strong><a href=\"http:\/\/jandaiadosul.ufpr.br\/engagricola\/wp-content\/uploads\/sites\/24\/2023\/04\/adaptacoes.pdf\" target=\"_blank\" rel=\"noopener noreferrer\"><img decoding=\"async\" class=\"alignnone\" style=\"border: 0px\" src=\"https:\/\/jandaiadosul.ufpr.br\/novosite\/wp-content\/uploads\/2014\/04\/botaopdf.png\" alt=\"\" width=\"127\" height=\"38\" \/><\/a><\/strong><\/h4>\n<h4>Disciplinas Correspondentes:<\/h4>\n<h4><strong><a href=\"http:\/\/jandaiadosul.ufpr.br\/engagricola\/wp-content\/uploads\/sites\/24\/2023\/04\/correspondencias.pdf\" target=\"_blank\" rel=\"noopener noreferrer\"><img decoding=\"async\" class=\"alignnone\" style=\"border: 0px\" src=\"https:\/\/jandaiadosul.ufpr.br\/novosite\/wp-content\/uploads\/2014\/04\/botaopdf.png\" alt=\"\" width=\"127\" height=\"38\" \/><\/a><\/strong><\/h4>\n<h4>Ementas das Disciplinas Correntes (a partir de 2023):<\/h4>\n<h4><strong><a href=\"http:\/\/jandaiadosul.ufpr.br\/engagricola\/wp-content\/uploads\/sites\/24\/2023\/04\/ementas.pdf\" target=\"_blank\" rel=\"noopener noreferrer\"><img decoding=\"async\" class=\"alignnone\" style=\"border: 0px\" src=\"https:\/\/jandaiadosul.ufpr.br\/novosite\/wp-content\/uploads\/2014\/04\/botaopdf.png\" alt=\"\" width=\"127\" height=\"38\" \/><\/a><\/strong><\/h4>\n<p>&nbsp;<\/p>\n","protected":false},"excerpt":{"rendered":"<p>Projeto Pedag\u00f3gico do Curso de Engenharia Agr\u00edcola (a partir de 2023): RESOLU\u00c7\u00c3O N\u00ba 82 \/ 2022 &#8211; CEPE (UFPR): Matriz Curricular (2023): Disciplinas Equivalentes por Adapta\u00e7\u00e3o (2023): Disciplinas Correspondentes: Ementas das Disciplinas Correntes (a partir de 2023): &nbsp;<\/p>\n","protected":false},"author":3657,"featured_media":0,"parent":0,"menu_order":0,"comment_status":"closed","ping_status":"closed","template":"","meta":{"_acf_changed":false,"footnotes":""},"class_list":["post-242","page","type-page","status-publish","hentry"],"acf":[],"_links":{"self":[{"href":"https:\/\/jandaiadosul.ufpr.br\/engagricola\/wp-json\/wp\/v2\/pages\/242","targetHints":{"allow":["GET"]}}],"collection":[{"href":"https:\/\/jandaiadosul.ufpr.br\/engagricola\/wp-json\/wp\/v2\/pages"}],"about":[{"href":"https:\/\/jandaiadosul.ufpr.br\/engagricola\/wp-json\/wp\/v2\/types\/page"}],"author":[{"embeddable":true,"href":"https:\/\/jandaiadosul.ufpr.br\/engagricola\/wp-json\/wp\/v2\/users\/3657"}],"replies":[{"embeddable":true,"href":"https:\/\/jandaiadosul.ufpr.br\/engagricola\/wp-json\/wp\/v2\/comments?post=242"}],"version-history":[{"count":5,"href":"https:\/\/jandaiadosul.ufpr.br\/engagricola\/wp-json\/wp\/v2\/pages\/242\/revisions"}],"predecessor-version":[{"id":279,"href":"https:\/\/jandaiadosul.ufpr.br\/engagricola\/wp-json\/wp\/v2\/pages\/242\/revisions\/279"}],"wp:attachment":[{"href":"https:\/\/jandaiadosul.ufpr.br\/engagricola\/wp-json\/wp\/v2\/media?parent=242"}],"curies":[{"name":"wp","href":"https:\/\/api.w.org\/{rel}","templated":true}]}}