{"id":208,"date":"2023-03-23T22:41:59","date_gmt":"2023-03-24T01:41:59","guid":{"rendered":"https:\/\/jandaiadosul.ufpr.br\/engagricola\/?page_id=208"},"modified":"2025-06-04T15:22:13","modified_gmt":"2025-06-04T18:22:13","slug":"outros-documentos","status":"publish","type":"page","link":"https:\/\/jandaiadosul.ufpr.br\/engagricola\/outros-documentos\/","title":{"rendered":"Regulamentos Vigentes"},"content":{"rendered":"\t\t<div data-elementor-type=\"wp-page\" data-elementor-id=\"208\" class=\"elementor elementor-208\">\n\t\t\t\t\t\t<section class=\"elementor-section elementor-top-section elementor-element elementor-element-5e6d79d9 elementor-section-boxed elementor-section-height-default elementor-section-height-default\" data-id=\"5e6d79d9\" data-element_type=\"section\" data-e-type=\"section\">\n\t\t\t\t\t\t<div class=\"elementor-container elementor-column-gap-default\">\n\t\t\t\t\t<div class=\"elementor-column elementor-col-100 elementor-top-column elementor-element elementor-element-2642445\" data-id=\"2642445\" data-element_type=\"column\" data-e-type=\"column\">\n\t\t\t<div class=\"elementor-widget-wrap elementor-element-populated\">\n\t\t\t\t\t\t<div class=\"elementor-element elementor-element-561677d6 elementor-widget elementor-widget-text-editor\" data-id=\"561677d6\" data-element_type=\"widget\" data-e-type=\"widget\" data-widget_type=\"text-editor.default\">\n\t\t\t\t<div class=\"elementor-widget-container\">\n\t\t\t\t\t\t\t\t\t<h4><strong>REGULAMENTO DO PROGRAMA DE ORIENTA\u00c7\u00c3O ACAD\u00caMICA:<\/strong><\/h4><h4><strong><a href=\"http:\/\/jandaiadosul.ufpr.br\/engagricola\/wp-content\/uploads\/sites\/24\/2023\/04\/ppc-35-42.pdf\" target=\"_blank\" rel=\"noopener noreferrer\"><img decoding=\"async\" class=\"alignnone\" style=\"border: 0px\" src=\"https:\/\/jandaiadosul.ufpr.br\/novosite\/wp-content\/uploads\/2014\/04\/botaopdf.png\" alt=\"\" width=\"127\" height=\"38\" \/><\/a><\/strong><\/h4><h4>REGULAMENTO DE ATIVIDADES FORMATIVAS COMPLEMENTARES:<\/h4><h4><strong><a href=\"http:\/\/jandaiadosul.ufpr.br\/engagricola\/wp-content\/uploads\/sites\/24\/2023\/04\/ppc-42-51.pdf\" target=\"_blank\" rel=\"noopener noreferrer\"><img decoding=\"async\" class=\"alignnone\" style=\"border: 0px\" src=\"https:\/\/jandaiadosul.ufpr.br\/novosite\/wp-content\/uploads\/2014\/04\/botaopdf.png\" alt=\"\" width=\"127\" height=\"38\" \/><\/a><\/strong><\/h4><p><span style=\"color: #0000ff\"><strong><a style=\"color: #0000ff\" href=\"http:\/\/jandaiadosul.ufpr.br\/engagricola\/wp-content\/uploads\/sites\/24\/2025\/06\/anexo-i-1.docx\" target=\"_blank\" rel=\"noopener\">ANEXO I- FORMUL\u00c1RIO PARA ATIVIDADES FORMATIVAS<\/a>\u00a0<\/strong><\/span><\/p><h4>REGULAMENTO DE EST\u00c1GIO DO CURSO DE ENGENHARIA AGR\u00cdCOLA:<\/h4><h4><strong><a href=\"http:\/\/jandaiadosul.ufpr.br\/engagricola\/wp-content\/uploads\/sites\/24\/2023\/04\/ppc-51-56.pdf\" target=\"_blank\" rel=\"noopener noreferrer\"><img decoding=\"async\" class=\"alignnone\" style=\"border: 0px\" src=\"https:\/\/jandaiadosul.ufpr.br\/novosite\/wp-content\/uploads\/2014\/04\/botaopdf.png\" alt=\"\" width=\"127\" height=\"38\" \/><\/a><\/strong><\/h4><h4>REGULAMENTO DO TRABALHO DE CONCLUS\u00c3O DE CURSO:<\/h4><h4><strong><a href=\"http:\/\/jandaiadosul.ufpr.br\/engagricola\/wp-content\/uploads\/sites\/24\/2023\/04\/ppc-56-67.pdf\" target=\"_blank\" rel=\"noopener noreferrer\"><img decoding=\"async\" class=\"alignnone\" style=\"border: 0px\" src=\"https:\/\/jandaiadosul.ufpr.br\/novosite\/wp-content\/uploads\/2014\/04\/botaopdf.png\" alt=\"\" width=\"127\" height=\"38\" \/><\/a><\/strong><\/h4><h4>REGULAMENTO DE EXTENS\u00c3O:<\/h4><h4><strong><a href=\"http:\/\/jandaiadosul.ufpr.br\/engagricola\/wp-content\/uploads\/sites\/24\/2023\/04\/ppc-67-71.pdf\" target=\"_blank\" rel=\"noopener noreferrer\"><img decoding=\"async\" class=\"alignnone\" style=\"border: 0px\" src=\"https:\/\/jandaiadosul.ufpr.br\/novosite\/wp-content\/uploads\/2014\/04\/botaopdf.png\" alt=\"\" width=\"127\" height=\"38\" \/><\/a><\/strong><\/h4>\t\t\t\t\t\t\t\t<\/div>\n\t\t\t\t<\/div>\n\t\t\t\t\t<\/div>\n\t\t<\/div>\n\t\t\t\t\t<\/div>\n\t\t<\/section>\n\t\t\t\t<\/div>\n\t\t","protected":false},"excerpt":{"rendered":"<p>REGULAMENTO DO PROGRAMA DE ORIENTA\u00c7\u00c3O ACAD\u00caMICA: REGULAMENTO DE ATIVIDADES FORMATIVAS COMPLEMENTARES: ANEXO I- FORMUL\u00c1RIO PARA ATIVIDADES FORMATIVAS\u00a0 REGULAMENTO DE EST\u00c1GIO DO CURSO DE ENGENHARIA AGR\u00cdCOLA: REGULAMENTO DO TRABALHO DE CONCLUS\u00c3O DE CURSO: REGULAMENTO DE EXTENS\u00c3O:<\/p>\n","protected":false},"author":3657,"featured_media":0,"parent":0,"menu_order":0,"comment_status":"closed","ping_status":"closed","template":"","meta":{"_acf_changed":false,"footnotes":""},"class_list":["post-208","page","type-page","status-publish","hentry"],"acf":[],"_links":{"self":[{"href":"https:\/\/jandaiadosul.ufpr.br\/engagricola\/wp-json\/wp\/v2\/pages\/208","targetHints":{"allow":["GET"]}}],"collection":[{"href":"https:\/\/jandaiadosul.ufpr.br\/engagricola\/wp-json\/wp\/v2\/pages"}],"about":[{"href":"https:\/\/jandaiadosul.ufpr.br\/engagricola\/wp-json\/wp\/v2\/types\/page"}],"author":[{"embeddable":true,"href":"https:\/\/jandaiadosul.ufpr.br\/engagricola\/wp-json\/wp\/v2\/users\/3657"}],"replies":[{"embeddable":true,"href":"https:\/\/jandaiadosul.ufpr.br\/engagricola\/wp-json\/wp\/v2\/comments?post=208"}],"version-history":[{"count":10,"href":"https:\/\/jandaiadosul.ufpr.br\/engagricola\/wp-json\/wp\/v2\/pages\/208\/revisions"}],"predecessor-version":[{"id":972,"href":"https:\/\/jandaiadosul.ufpr.br\/engagricola\/wp-json\/wp\/v2\/pages\/208\/revisions\/972"}],"wp:attachment":[{"href":"https:\/\/jandaiadosul.ufpr.br\/engagricola\/wp-json\/wp\/v2\/media?parent=208"}],"curies":[{"name":"wp","href":"https:\/\/api.w.org\/{rel}","templated":true}]}}