{"id":2,"date":"2022-09-09T10:24:55","date_gmt":"2022-09-09T13:24:55","guid":{"rendered":"http:\/\/engagricola.jandaiadosul.ufpr.br\/?page_id=2"},"modified":"2026-03-25T10:15:09","modified_gmt":"2026-03-25T13:15:09","slug":"pagina-exemplo","status":"publish","type":"page","link":"https:\/\/jandaiadosul.ufpr.br\/engagricola\/","title":{"rendered":"Engenharia Agr\u00edcola"},"content":{"rendered":"<table style=\"width: 100%\">\n<tbody>\n<tr>\n<td style=\"width: 20.3532%\"><img decoding=\"async\" src=\"https:\/\/jandaiadosul.ufpr.br\/wp-content\/uploads\/2014\/04\/logo_eng_agricola.png\" alt=\"\" width=\"200\" height=\"200\" \/><\/td>\n<td style=\"width: 70.539%\">\n<p style=\"text-align: justify\">Dentre os objetivos do curso de Engenharia Agr\u00edcola do Campus de Jandaia do Sul est\u00e1 o de preparar engenheiros que dominem conte\u00fados e habilidades t\u00e9cnicas espec\u00edficas, pr\u00f3prias da profiss\u00e3o, mas que estejam afinados com as demandas sociais e econ\u00f4micas.<\/p>\n<p style=\"text-align: justify\">A forma\u00e7\u00e3o d\u00e1 ao estudante uma forma\u00e7\u00e3o t\u00e9cnica aliada \u00e0 capacidade de adapta\u00e7\u00e3o \u00e0s mudan\u00e7as no sistema de produ\u00e7\u00e3o. \u00e9 ampla e flex\u00edvel, buscando a constru\u00e7\u00e3o de uma forma\u00e7\u00e3o acad\u00eamica e profissional fundadas na teoria e pr\u00e1tica das fun\u00e7\u00f5es de planejamento, organiza\u00e7\u00e3o, controle, coordena\u00e7\u00e3o, dire\u00e7\u00e3o e tecnologias, constituindo uma vis\u00e3o geral dos processos relacionados ao campo, \u00e0 industrializa\u00e7\u00e3o e das interfaces com a sociedade. Os alunos desenvolver\u00e3o a habilidade para utilizar e desenvolver tecnologias voltadas ao setor agroindustrial e pecu\u00e1rio com crit\u00e9rio e rigor t\u00e9cnico-cient\u00edfico.<\/p>\n<\/td>\n<td style=\"width: 8.17844%\"><a href=\"https:\/\/www.youtube.com\/watch?v=7k1uGQoqPjU\" target=\"_blank\" rel=\"noopener noreferrer\"><img decoding=\"async\" src=\"https:\/\/jandaiadosul.ufpr.br\/novosite\/wp-content\/uploads\/2014\/08\/interprete-02.jpg\" alt=\"\" width=\"95\" height=\"95\" \/><\/a><\/td>\n<\/tr>\n<\/tbody>\n<\/table>\n<p style=\"text-align: justify\">O curso busca a forma\u00e7\u00e3o de um profissional generalista, embasada nas ci\u00eancias exatas e tecnol\u00f3gicas e com forma\u00e7\u00e3o espec\u00edfica em Engenharia de \u00e1gua e Solo, Mecaniza\u00e7\u00e3o Agr\u00edcola, Constru\u00e7\u00f5es Agroindustriais e Ambi\u00eancia, Energia na Agroind\u00fastria e Processamento de Produtos Agr\u00edcolas. Por envolver conhecimentos econ\u00f4micos, ecol\u00f3gicos e sociais para compreender o rural, estar\u00e1 capacitado a atuar em variados setores.<\/p>\n<p style=\"text-align: justify\">O egresso ter\u00e1 compet\u00eancias e habilidades t\u00e9cnicas para atuar em projetos agroindustriais, na defini\u00e7\u00e3o de alternativas de mecaniza\u00e7\u00e3o e explora\u00e7\u00e3o de terra; no desenvolvimento de a\u00e7\u00f5es para padroniza\u00e7\u00e3o, mensura\u00e7\u00e3o e controle de qualidade; realiza\u00e7\u00e3o de per\u00edcias, avalia\u00e7\u00f5es, laudos e pareceres t\u00e9cnicos, com condutas, atitudes e responsabilidade t\u00e9cnica e social.<\/p>\n<p style=\"text-align: justify\"><strong>Dura\u00e7\u00e3o:<\/strong> 5 anos<br \/>\n<strong>Turno:<\/strong> Integral (Manh\u00e3+Tarde)<br \/>\n<strong>Vagas\/ano:<\/strong> 40<\/p>\n<p style=\"text-align: justify\"><a style=\"color: #0000ff;text-decoration: underline\" href=\"https:\/\/jandaiadosul.ufpr.br\/engagricola\/grade-e-corpo-docente-engenharia-agricola\/\">Grade e Corpo Docente (atualizado em: 25\/03\/2026 &#8211; 10:15)<\/a><\/p>\n<p><a style=\"color: #0000ff;text-decoration: underline\" href=\"https:\/\/jandaiadosul.ufpr.br\/engagricola\/atas-colegiado-2\/\">Atas das reuni\u00f5es do colegiado de Engenharia Agr\u00edcola<\/a><\/p>\n<p>&nbsp;<\/p>\n","protected":false},"excerpt":{"rendered":"<p>Dentre os objetivos do curso de Engenharia Agr\u00edcola do Campus de Jandaia do Sul est\u00e1 o de preparar engenheiros que dominem conte\u00fados e habilidades t\u00e9cnicas [&hellip;]<\/p>\n","protected":false},"author":3645,"featured_media":0,"parent":0,"menu_order":0,"comment_status":"closed","ping_status":"open","template":"","meta":{"_acf_changed":false,"footnotes":""},"class_list":["post-2","page","type-page","status-publish","hentry"],"acf":[],"_links":{"self":[{"href":"https:\/\/jandaiadosul.ufpr.br\/engagricola\/wp-json\/wp\/v2\/pages\/2","targetHints":{"allow":["GET"]}}],"collection":[{"href":"https:\/\/jandaiadosul.ufpr.br\/engagricola\/wp-json\/wp\/v2\/pages"}],"about":[{"href":"https:\/\/jandaiadosul.ufpr.br\/engagricola\/wp-json\/wp\/v2\/types\/page"}],"author":[{"embeddable":true,"href":"https:\/\/jandaiadosul.ufpr.br\/engagricola\/wp-json\/wp\/v2\/users\/3645"}],"replies":[{"embeddable":true,"href":"https:\/\/jandaiadosul.ufpr.br\/engagricola\/wp-json\/wp\/v2\/comments?post=2"}],"version-history":[{"count":96,"href":"https:\/\/jandaiadosul.ufpr.br\/engagricola\/wp-json\/wp\/v2\/pages\/2\/revisions"}],"predecessor-version":[{"id":1101,"href":"https:\/\/jandaiadosul.ufpr.br\/engagricola\/wp-json\/wp\/v2\/pages\/2\/revisions\/1101"}],"wp:attachment":[{"href":"https:\/\/jandaiadosul.ufpr.br\/engagricola\/wp-json\/wp\/v2\/media?parent=2"}],"curies":[{"name":"wp","href":"https:\/\/api.w.org\/{rel}","templated":true}]}}