{"id":20,"date":"2022-09-29T10:05:05","date_gmt":"2022-09-29T13:05:05","guid":{"rendered":"https:\/\/jandaiadosul.ufpr.br\/eleicoes\/?page_id=20"},"modified":"2022-09-29T10:19:02","modified_gmt":"2022-09-29T13:19:02","slug":"coordenacao","status":"publish","type":"page","link":"https:\/\/jandaiadosul.ufpr.br\/eleicoes\/coordenacao\/","title":{"rendered":"Coordena\u00e7\u00e3o"},"content":{"rendered":"<p><a href=\"https:\/\/jandaiadosul.ufpr.br\/eleicoes\/eleicoes-para-coordenacao-2019\/\">Elei\u00e7\u00f5es para coordena\u00e7\u00e3o 2019<\/a><\/p>\n<p><a href=\"https:\/\/jandaiadosul.ufpr.br\/eleicoes\/eleicao-da-coordenacao-de-engenharia-de-alimentos-2021\/\">Elei\u00e7\u00e3o da Coordena\u00e7\u00e3o de Engenharia de Alimentos \u2013 2021<\/a><\/p>\n<p><a href=\"https:\/\/jandaiadosul.ufpr.br\/eleicoes\/eleicao-para-coordenador-e-vice-coordenador-2022\/\">Elei\u00e7\u00e3o para Coordenador e Vice-coordenador 2022<\/a><\/p>\n<p><a href=\"https:\/\/jandaiadosul.ufpr.br\/eleicoes\/eleicao-coordenador-e-vice-coordenador-de-licenciatura-em-computacao-2022\/\">Elei\u00e7\u00e3o Coordenador e Vice-coordenador de Licenciatura em Computa\u00e7\u00e3o 2022<\/a><\/p>\n","protected":false},"excerpt":{"rendered":"<p>Elei\u00e7\u00f5es para coordena\u00e7\u00e3o 2019 Elei\u00e7\u00e3o da Coordena\u00e7\u00e3o de Engenharia de Alimentos \u2013 2021 Elei\u00e7\u00e3o para Coordenador e Vice-coordenador 2022 Elei\u00e7\u00e3o Coordenador e Vice-coordenador de Licenciatura [&hellip;]<\/p>\n","protected":false},"author":3618,"featured_media":0,"parent":0,"menu_order":0,"comment_status":"closed","ping_status":"closed","template":"","meta":{"_acf_changed":false,"footnotes":""},"class_list":["post-20","page","type-page","status-publish","hentry"],"acf":[],"_links":{"self":[{"href":"https:\/\/jandaiadosul.ufpr.br\/eleicoes\/wp-json\/wp\/v2\/pages\/20","targetHints":{"allow":["GET"]}}],"collection":[{"href":"https:\/\/jandaiadosul.ufpr.br\/eleicoes\/wp-json\/wp\/v2\/pages"}],"about":[{"href":"https:\/\/jandaiadosul.ufpr.br\/eleicoes\/wp-json\/wp\/v2\/types\/page"}],"author":[{"embeddable":true,"href":"https:\/\/jandaiadosul.ufpr.br\/eleicoes\/wp-json\/wp\/v2\/users\/3618"}],"replies":[{"embeddable":true,"href":"https:\/\/jandaiadosul.ufpr.br\/eleicoes\/wp-json\/wp\/v2\/comments?post=20"}],"version-history":[{"count":3,"href":"https:\/\/jandaiadosul.ufpr.br\/eleicoes\/wp-json\/wp\/v2\/pages\/20\/revisions"}],"predecessor-version":[{"id":41,"href":"https:\/\/jandaiadosul.ufpr.br\/eleicoes\/wp-json\/wp\/v2\/pages\/20\/revisions\/41"}],"wp:attachment":[{"href":"https:\/\/jandaiadosul.ufpr.br\/eleicoes\/wp-json\/wp\/v2\/media?parent=20"}],"curies":[{"name":"wp","href":"https:\/\/api.w.org\/{rel}","templated":true}]}}