{"id":2,"date":"2022-09-29T09:46:53","date_gmt":"2022-09-29T12:46:53","guid":{"rendered":"http:\/\/eleicoes.jandaiadosul.ufpr.br\/?page_id=2"},"modified":"2024-10-21T17:47:37","modified_gmt":"2024-10-21T20:47:37","slug":"pagina-exemplo","status":"publish","type":"page","link":"https:\/\/jandaiadosul.ufpr.br\/eleicoes\/","title":{"rendered":"Consulta P\u00fablica para Escolha de Diretor e Vice-Diretor"},"content":{"rendered":"<p>&nbsp;<\/p>\n<p><span style=\"text-decoration: underline\"><a href=\"http:\/\/jandaiadosul.ufpr.br\/eleicoes\/wp-content\/uploads\/sites\/30\/2024\/08\/sei_6929893_portaria_53-2.pdf\">Portaria 53\/2024<\/a><\/span>&#8211;\u00a0 Comiss\u00e3o Eleitoral respons\u00e1vel pela consulta eleitoral \u00e0 comunidade acad\u00eamica do campus Avan\u00e7ado da UFPR em Jandaia do Sul para escolha de diretor e vice-diretor 2025 &#8211; 2028<\/p>\n<p>&nbsp;<\/p>\n<p><a href=\"http:\/\/jandaiadosul.ufpr.br\/eleicoes\/wp-content\/uploads\/sites\/30\/2024\/08\/sei_6980872_edital_01-1.pdf\">Edital 01\/2024<\/a>\u00a0&#8211; Edital de Abertura do Processo Eleitoral RETIFICADO<\/p>\n<p><a href=\"http:\/\/jandaiadosul.ufpr.br\/eleicoes\/wp-content\/uploads\/sites\/30\/2024\/09\/sei_7021261_edital_02.pdf\">Edital 02\/2024<\/a> &#8211; Edital de Divulga\u00e7\u00e3o das Chapas com Inscri\u00e7\u00f5es Homologadas<\/p>\n<p><a href=\"http:\/\/jandaiadosul.ufpr.br\/eleicoes\/wp-content\/uploads\/sites\/30\/2024\/09\/sei_7037736_edital_03-1.pdf\">Edital 03\/2024<\/a> &#8211; Edital Final Chapas Homologadas<\/p>\n<p><a href=\"http:\/\/jandaiadosul.ufpr.br\/eleicoes\/wp-content\/uploads\/sites\/30\/2024\/10\/sei_7064702_edital_04.pdf\">Edital 04\/2024<\/a> &#8211; Cronograma Retificado<\/p>\n<p><a href=\"http:\/\/jandaiadosul.ufpr.br\/eleicoes\/wp-content\/uploads\/sites\/30\/2024\/10\/sei_7111293_edital_05.pdf\">Edital 05\/2024<\/a> &#8211; Regras para o debate<\/p>\n<p><a href=\"http:\/\/jandaiadosul.ufpr.br\/eleicoes\/wp-content\/uploads\/sites\/30\/2024\/10\/sei_7111688_edital_06.pdf\">Edital 06\/2024<\/a> &#8211; Lista de Votantes T\u00e9cnicos Administrativos em Educa\u00e7\u00e3o &#8211; TAES<\/p>\n<p><a href=\"http:\/\/jandaiadosul.ufpr.br\/eleicoes\/wp-content\/uploads\/sites\/30\/2024\/10\/sei_7112800_edital_07.pdf\">Edital 07\/2024<\/a> &#8211; Lista de Votantes Docentes<\/p>\n<p><a href=\"http:\/\/jandaiadosul.ufpr.br\/eleicoes\/wp-content\/uploads\/sites\/30\/2024\/10\/sei_7112802_edital_08.pdf\">Edital 08\/2024<\/a> &#8211; Lista de Votantes Discentes Gradua\u00e7\u00e3o<\/p>\n<p><a href=\"http:\/\/jandaiadosul.ufpr.br\/eleicoes\/wp-content\/uploads\/sites\/30\/2024\/10\/sei_7113126_edital_09.pdf\">Edital 09\/2024<\/a> &#8211; Lista de Votantes Discentes P\u00f3s Gradua\u00e7\u00e3o<\/p>\n<p><a href=\"http:\/\/jandaiadosul.ufpr.br\/eleicoes\/wp-content\/uploads\/sites\/30\/2024\/10\/sei_7133679_edital_10-1.pdf\">Edital 10\/2024<\/a> &#8211; RETIFICA\u00c7\u00c3O de Listas de Votantes (TAES e DOCENTES)<\/p>\n<p><a href=\"http:\/\/jandaiadosul.ufpr.br\/eleicoes\/wp-content\/uploads\/sites\/30\/2024\/10\/sei_7173268_edital_11-1.pdf\">Edital 11\/2024<\/a> &#8211; Divulga\u00e7\u00e3o de Resultado Provis\u00f3rio<\/p>\n<p><a href=\"http:\/\/jandaiadosul.ufpr.br\/eleicoes\/wp-content\/uploads\/sites\/30\/2024\/10\/sei_7183675_edital_12-1.pdf\">Edital 12\/2024<\/a> &#8211; Homologa\u00e7\u00e3o de Resultado<\/p>\n<p>&nbsp;<\/p>\n<p><strong>Envio de Perguntas para o Debate<\/strong><\/p>\n<p><a href=\"https:\/\/forms.office.com\/r\/mLy5yiF8Pn\">https:\/\/forms.office.com\/r\/mLy5yiF8Pn<\/a><\/p>\n<p>(encerrado)<\/p>\n<p>&nbsp;<\/p>\n<p><strong><span style=\"text-decoration: underline\">Cronograma<\/span><\/strong><\/p>\n<table data-tablelook=\"1696\" data-tablestyle=\"MsoTableGrid\">\n<tbody>\n<tr>\n<td role=\"rowheader\" data-celllook=\"0\">\n<div>\n<div>\n<p class=\"Tabela_Texto_Centralizado\"><strong>EVENTO<\/strong><\/p>\n<\/div>\n<\/div>\n<\/td>\n<td role=\"columnheader\" data-celllook=\"0\">\n<div>\n<div>\n<p class=\"Tabela_Texto_Centralizado\"><strong>DATA<\/strong><\/p>\n<\/div>\n<\/div>\n<\/td>\n<td role=\"columnheader\" data-celllook=\"0\">\n<div>\n<div>\n<p class=\"Tabela_Texto_Centralizado\"><strong>DESCRI\u00c7\u00c3O<\/strong><\/p>\n<\/div>\n<\/div>\n<\/td>\n<\/tr>\n<tr>\n<td role=\"rowheader\" data-celllook=\"0\">\n<div>\n<div>\n<p class=\"Tabela_Texto_Alinhado_Esquerda\">Publica\u00e7\u00e3o do Edital de Abertura<\/p>\n<\/div>\n<\/div>\n<\/td>\n<td data-celllook=\"0\">\n<div>\n<div>\n<p class=\"Tabela_Texto_Alinhado_Esquerda\">26\/08<\/p>\n<\/div>\n<\/div>\n<\/td>\n<td data-celllook=\"0\">\n<div>\n<div>\n<p class=\"Tabela_Texto_Alinhado_Esquerda\">Divulga\u00e7\u00e3o de edital, calend\u00e1rio e formul\u00e1rio de Inscri\u00e7\u00e3o.<\/p>\n<\/div>\n<\/div>\n<\/td>\n<\/tr>\n<tr>\n<td role=\"rowheader\" data-celllook=\"0\">\n<div>\n<div>\n<p class=\"Tabela_Texto_Alinhado_Esquerda\">Recursos contra o Edital<\/p>\n<\/div>\n<\/div>\n<\/td>\n<td data-celllook=\"0\">\n<div>\n<div>\n<p class=\"Tabela_Texto_Alinhado_Esquerda\">27 e 28\/08<\/p>\n<\/div>\n<\/div>\n<\/td>\n<td data-celllook=\"0\">\n<div>\n<div>\n<p class=\"Tabela_Texto_Alinhado_Esquerda\">Os recursos dever\u00e3o ser feitos atrav\u00e9s do e-mail\u00a0<a href=\"https:\/\/sei.ufpr.br\/sei\/web\/eleicaojandaia@ufpr.br\" target=\"_blank\" rel=\"noopener\">eleicaojandaia@ufpr.br<\/a>.<\/p>\n<\/div>\n<\/div>\n<\/td>\n<\/tr>\n<tr>\n<td role=\"rowheader\" data-celllook=\"0\">\n<div>\n<div>\n<p class=\"Tabela_Texto_Alinhado_Esquerda\">An\u00e1lise dos recursos<\/p>\n<\/div>\n<\/div>\n<\/td>\n<td data-celllook=\"0\">\n<div>\n<div>\n<p class=\"Tabela_Texto_Alinhado_Esquerda\">29\/08<\/p>\n<\/div>\n<\/div>\n<\/td>\n<td data-celllook=\"0\">\n<div>\n<div>\n<p class=\"Tabela_Texto_Alinhado_Esquerda\">Aprecia\u00e7\u00e3o e julgamento dos recursos pela Comiss\u00e3o Eleitoral.<\/p>\n<\/div>\n<\/div>\n<\/td>\n<\/tr>\n<tr>\n<td role=\"rowheader\" data-celllook=\"0\">\n<div>\n<div>\n<p class=\"Tabela_Texto_Alinhado_Esquerda\">Inscri\u00e7\u00f5es de chapas<\/p>\n<\/div>\n<\/div>\n<\/td>\n<td data-celllook=\"0\">\n<div>\n<div>\n<p class=\"Tabela_Texto_Alinhado_Esquerda\">02 a 06\/09<\/p>\n<\/div>\n<\/div>\n<\/td>\n<td data-celllook=\"0\">\n<div>\n<div>\n<p class=\"Tabela_Texto_Alinhado_Esquerda\">Inscri\u00e7\u00e3o de chapas, conforme itens 2 a 6 do presente Edital.<\/p>\n<\/div>\n<\/div>\n<\/td>\n<\/tr>\n<tr>\n<td role=\"rowheader\" data-celllook=\"0\">\n<div>\n<div>\n<p class=\"Tabela_Texto_Alinhado_Esquerda\">Homologa\u00e7\u00e3o das inscri\u00e7\u00f5es<\/p>\n<\/div>\n<\/div>\n<\/td>\n<td data-celllook=\"0\">\n<div>\n<div>\n<p class=\"Tabela_Texto_Alinhado_Esquerda\">09\/09<\/p>\n<\/div>\n<\/div>\n<\/td>\n<td data-celllook=\"0\">\n<div>\n<div>\n<p class=\"Tabela_Texto_Alinhado_Esquerda\">Divulga\u00e7\u00e3o em edital pela Comiss\u00e3o Eleitoral das chapas cujas inscri\u00e7\u00f5es foram homologadas.<\/p>\n<\/div>\n<\/div>\n<\/td>\n<\/tr>\n<tr>\n<td role=\"rowheader\" data-celllook=\"0\">\n<div>\n<div>\n<p class=\"Tabela_Texto_Alinhado_Esquerda\">Recursos contra homologa\u00e7\u00e3o das inscri\u00e7\u00f5es<\/p>\n<\/div>\n<\/div>\n<\/td>\n<td data-celllook=\"0\">\n<div>\n<div>\n<p class=\"Tabela_Texto_Alinhado_Esquerda\">10\/09 e 11\/09<\/p>\n<\/div>\n<\/div>\n<\/td>\n<td data-celllook=\"0\">\n<div>\n<div>\n<p class=\"Tabela_Texto_Alinhado_Esquerda\">Os recursos dever\u00e3o ser feitos atrav\u00e9s do e-mail\u00a0<a href=\"https:\/\/sei.ufpr.br\/sei\/web\/eleicaojandaia@ufpr.br\" target=\"_blank\" rel=\"noopener\">eleicaojandaia@ufpr.br<\/a>.<\/p>\n<\/div>\n<\/div>\n<\/td>\n<\/tr>\n<tr>\n<td role=\"rowheader\" data-celllook=\"0\">\n<div>\n<div>\n<p class=\"Tabela_Texto_Alinhado_Esquerda\">Delibera\u00e7\u00e3o do\/s recurso\/s<\/p>\n<\/div>\n<\/div>\n<\/td>\n<td data-celllook=\"0\">\n<div>\n<div>\n<p class=\"Tabela_Texto_Alinhado_Esquerda\">12\/09<\/p>\n<\/div>\n<\/div>\n<\/td>\n<td data-celllook=\"0\">\n<div>\n<div>\n<p class=\"Tabela_Texto_Alinhado_Esquerda\">Aprecia\u00e7\u00e3o e julgamento dos recursos pela Comiss\u00e3o Eleitoral, com divulga\u00e7\u00e3o de parecer.<\/p>\n<\/div>\n<\/div>\n<\/td>\n<\/tr>\n<tr>\n<td role=\"rowheader\" data-celllook=\"0\">\n<div>\n<div>\n<p class=\"Tabela_Texto_Alinhado_Esquerda\">Homologa\u00e7\u00e3o das chapas<\/p>\n<\/div>\n<\/div>\n<\/td>\n<td data-celllook=\"0\">\n<div>\n<div>\n<p class=\"Tabela_Texto_Alinhado_Esquerda\">12\/09<\/p>\n<\/div>\n<\/div>\n<\/td>\n<td data-celllook=\"0\">\n<div>\n<div>\n<p class=\"Tabela_Texto_Alinhado_Esquerda\">Homologa\u00e7\u00e3o das inscri\u00e7\u00f5es pela Comiss\u00e3o Eleitoral.<\/p>\n<\/div>\n<\/div>\n<\/td>\n<\/tr>\n<tr>\n<td role=\"rowheader\" data-celllook=\"0\">\n<div>\n<div>\n<p class=\"Tabela_Texto_Alinhado_Esquerda\">Per\u00edodo de campanha eleitoral<\/p>\n<\/div>\n<\/div>\n<\/td>\n<td data-celllook=\"0\">\n<div>\n<div>\n<p class=\"Tabela_Texto_Alinhado_Esquerda\">16\/09 a 15\/10<\/p>\n<\/div>\n<\/div>\n<\/td>\n<td data-celllook=\"0\">\n<div>\n<div>\n<p class=\"Tabela_Texto_Alinhado_Esquerda\">Per\u00edodo de divulga\u00e7\u00e3o das candidaturas pelas chapas, bem como do agendamento de debates.<\/p>\n<\/div>\n<\/div>\n<\/td>\n<\/tr>\n<tr>\n<td role=\"rowheader\" data-celllook=\"0\">\n<div>\n<div>\n<p class=\"Tabela_Texto_Alinhado_Esquerda\">Divulga\u00e7\u00e3o da lista de votantes<\/p>\n<\/div>\n<\/div>\n<\/td>\n<td data-celllook=\"0\">\n<div>\n<div>\n<p class=\"Tabela_Texto_Alinhado_Esquerda\">01\/10<\/p>\n<\/div>\n<\/div>\n<\/td>\n<td data-celllook=\"0\">\n<div>\n<div>\n<p class=\"Tabela_Texto_Alinhado_Esquerda\">Divulga\u00e7\u00e3o pela Comiss\u00e3o Eleitoral da lista contendo todos os votantes.<\/p>\n<\/div>\n<\/div>\n<\/td>\n<\/tr>\n<tr>\n<td role=\"rowheader\" data-celllook=\"0\">\n<div>\n<div>\n<p class=\"Tabela_Texto_Alinhado_Esquerda\">Recursos contra a lista de votantes<\/p>\n<\/div>\n<\/div>\n<\/td>\n<td data-celllook=\"0\">\n<div>\n<div>\n<p class=\"Tabela_Texto_Alinhado_Esquerda\">02 e 03\/10<\/p>\n<\/div>\n<\/div>\n<\/td>\n<td data-celllook=\"0\">\n<div>\n<div>\n<p class=\"Tabela_Texto_Alinhado_Esquerda\">Os recursos dever\u00e3o ser feitos atrav\u00e9s do e-mail\u00a0<a href=\"https:\/\/sei.ufpr.br\/sei\/web\/eleicaojandaia@ufpr.br\" target=\"_blank\" rel=\"noopener\">eleicaojandaia@ufpr.br<\/a>.<\/p>\n<\/div>\n<\/div>\n<\/td>\n<\/tr>\n<tr>\n<td role=\"rowheader\" data-celllook=\"0\">\n<div>\n<div>\n<p class=\"Tabela_Texto_Alinhado_Esquerda\">An\u00e1lise de recursos<\/p>\n<\/div>\n<\/div>\n<\/td>\n<td data-celllook=\"0\">\n<div>\n<div>\n<p class=\"Tabela_Texto_Alinhado_Esquerda\">04\/10<\/p>\n<\/div>\n<\/div>\n<\/td>\n<td data-celllook=\"0\">\n<div>\n<div>\n<p class=\"Tabela_Texto_Alinhado_Esquerda\">Aprecia\u00e7\u00e3o e julgamento dos recursos pela Comiss\u00e3o Eleitoral, com divulga\u00e7\u00e3o de parecer.<\/p>\n<\/div>\n<\/div>\n<\/td>\n<\/tr>\n<tr>\n<td role=\"rowheader\" data-celllook=\"0\">\n<div>\n<div>\n<p class=\"Tabela_Texto_Alinhado_Esquerda\">Debate<\/p>\n<\/div>\n<\/div>\n<\/td>\n<td data-celllook=\"0\">\n<div>\n<div>\n<p class=\"Tabela_Texto_Alinhado_Esquerda\">09\/10<\/p>\n<\/div>\n<\/div>\n<\/td>\n<td data-celllook=\"0\">\n<div>\n<div>\n<p class=\"Tabela_Texto_Alinhado_Esquerda\">Debate realizado entre as chapas, com normas a serem divulgadas em edital posterior.<\/p>\n<\/div>\n<\/div>\n<\/td>\n<\/tr>\n<tr>\n<td role=\"rowheader\" data-celllook=\"0\">\n<div>\n<div>\n<p class=\"Tabela_Texto_Alinhado_Esquerda\">Elei\u00e7\u00e3o\/Consulta<\/p>\n<\/div>\n<div>\n<p class=\"Tabela_Texto_Alinhado_Esquerda\">\n<\/div>\n<\/div>\n<\/td>\n<td data-celllook=\"0\">\n<div>\n<div>\n<p class=\"Tabela_Texto_Alinhado_Esquerda\">16\/10<\/p>\n<\/div>\n<\/div>\n<\/td>\n<td data-celllook=\"0\">\n<div>\n<div>\n<p class=\"Tabela_Texto_Alinhado_Esquerda\">Exclusivamente na modalidade de vota\u00e7\u00e3o on-line para todos os\/as eleitores\/as aptos\/as. Hor\u00e1rio das 08h \u00e0s 20h.<\/p>\n<\/div>\n<\/div>\n<\/td>\n<\/tr>\n<tr>\n<td role=\"rowheader\" data-celllook=\"0\">\n<div>\n<div>\n<p class=\"Tabela_Texto_Alinhado_Esquerda\">Apura\u00e7\u00e3o e publica\u00e7\u00e3o do resultado provis\u00f3rio<\/p>\n<\/div>\n<\/div>\n<\/td>\n<td data-celllook=\"0\">\n<div>\n<div>\n<p class=\"Tabela_Texto_Alinhado_Esquerda\">16\/10<\/p>\n<\/div>\n<\/div>\n<\/td>\n<td data-celllook=\"0\">\n<div>\n<div>\n<p class=\"Tabela_Texto_Alinhado_Esquerda\">A apura\u00e7\u00e3o ser\u00e1 realizada eletronicamente, pelo canal do Campus no Youtube (<a href=\"https:\/\/www.youtube.com\/@ufprjandaiadosul\" target=\"_blank\" rel=\"noopener\">Youtube &#8211; UFPR Campus Jandaia do Sul<\/a>) ap\u00f3s o fechamento do hor\u00e1rio de vota\u00e7\u00e3o. Ser\u00e3o contabilizados os votos v\u00e1lidos, depositados pela comunidade acad\u00eamica, t\u00e9cnica e docente distintamente. O resultado seguir\u00e1 o c\u00e1lculo de proporcionalidade disposto no item 18 do presente Edital.<\/p>\n<\/div>\n<\/div>\n<\/td>\n<\/tr>\n<tr>\n<td role=\"rowheader\" data-celllook=\"0\">\n<div>\n<div>\n<p class=\"Tabela_Texto_Alinhado_Esquerda\">Recurso quanto ao resultado provis\u00f3rio<\/p>\n<\/div>\n<\/div>\n<\/td>\n<td data-celllook=\"0\">\n<div>\n<div>\n<p class=\"Tabela_Texto_Alinhado_Esquerda\">17 e 18\/10<\/p>\n<\/div>\n<\/div>\n<\/td>\n<td data-celllook=\"0\">\n<div>\n<div>\n<p class=\"Tabela_Texto_Alinhado_Esquerda\">Os recursos dever\u00e3o ser feitos atrav\u00e9s do e-mail\u00a0<a href=\"https:\/\/sei.ufpr.br\/sei\/web\/eleicaojandaia@ufpr.br\" target=\"_blank\" rel=\"noopener\">eleicaojandaia@ufpr.br<\/a>.<\/p>\n<\/div>\n<\/div>\n<\/td>\n<\/tr>\n<tr>\n<td role=\"rowheader\" data-celllook=\"0\">\n<div>\n<div>\n<p class=\"Tabela_Texto_Alinhado_Esquerda\">An\u00e1lise de recursos<\/p>\n<\/div>\n<\/div>\n<\/td>\n<td data-celllook=\"0\">\n<div>\n<div>\n<p class=\"Tabela_Texto_Alinhado_Esquerda\">21\/10<\/p>\n<\/div>\n<\/div>\n<\/td>\n<td data-celllook=\"0\">\n<div>\n<div>\n<p class=\"Tabela_Texto_Alinhado_Esquerda\">Aprecia\u00e7\u00e3o e julgamento dos recursos pela Comiss\u00e3o Eleitoral, com divulga\u00e7\u00e3o de parecer.<\/p>\n<\/div>\n<\/div>\n<\/td>\n<\/tr>\n<tr>\n<td role=\"rowheader\" data-celllook=\"0\">\n<div>\n<div>\n<p class=\"Tabela_Texto_Alinhado_Esquerda\">Homologa\u00e7\u00e3o e Divulga\u00e7\u00e3o do resultado<\/p>\n<\/div>\n<\/div>\n<\/td>\n<td data-celllook=\"0\">\n<div>\n<div>\n<p class=\"Tabela_Texto_Alinhado_Esquerda\">21\/10<\/p>\n<\/div>\n<\/div>\n<\/td>\n<td data-celllook=\"0\">\n<div>\n<div>\n<p class=\"Tabela_Texto_Alinhado_Esquerda\">Homologa\u00e7\u00e3o do resultado final da elei\u00e7\u00e3o pela comiss\u00e3o eleitoral.<\/p>\n<\/div>\n<\/div>\n<\/td>\n<\/tr>\n<tr>\n<td role=\"rowheader\" data-celllook=\"0\">\n<div>\n<div>\n<p class=\"Tabela_Texto_Alinhado_Esquerda\">Divulga\u00e7\u00e3o do resultado final<\/p>\n<\/div>\n<\/div>\n<\/td>\n<td data-celllook=\"0\">\n<div>\n<div>\n<p class=\"Tabela_Texto_Alinhado_Esquerda\">21\/10<\/p>\n<\/div>\n<\/div>\n<\/td>\n<td data-celllook=\"0\">\n<div>\n<div>\n<p class=\"Tabela_Texto_Alinhado_Esquerda\">Divulga\u00e7\u00e3o do resultado final pela Comiss\u00e3o Eleitoral.<\/p>\n<\/div>\n<\/div>\n<\/td>\n<\/tr>\n<\/tbody>\n<\/table>\n<hr \/>\n<p>&nbsp;<\/p>\n<p><a href=\"https:\/\/ufprbr0-my.sharepoint.com\/:b:\/g\/personal\/eleicaojandaia_ufpr_br\/EQucFkLqo2ZAnOFMTvwhPRcBNT2kuuR6APivJq6gG3HDMw?e=3pUb2L\" target=\"_blank\" rel=\"noopener\">Formul\u00e1rio de Inscri\u00e7\u00e3o 02 a 06 de setembro\u00a0<\/a><\/p>\n<p>(encerrado)<\/p>\n<p>&nbsp;<\/p>\n<p><a href=\"https:\/\/forms.office.com\/r\/cg6EGw8Gcq\" target=\"_blank\" rel=\"noopener\">Inscri\u00e7\u00e3o das Chapas\u00a0<\/a><\/p>\n<p>(encerrado)<\/p>\n<p>&nbsp;<\/p>\n<p>&nbsp;<\/p>\n<p><strong>Atas de Reuni\u00e3o da Comiss\u00e3o<\/strong><\/p>\n<p><a href=\"http:\/\/jandaiadosul.ufpr.br\/eleicoes\/wp-content\/uploads\/sites\/30\/2024\/08\/sei_6961417_ata_de_reuniao.pdf\">1\u00aa Reuni\u00e3o<\/a> 22\/08\/24<\/p>\n<p><a href=\"http:\/\/jandaiadosul.ufpr.br\/eleicoes\/wp-content\/uploads\/sites\/30\/2024\/08\/sei_6980934_ata_de_reuniao-2.pdf\">2\u00aa Reuni\u00e3o<\/a> 29\/08\/24<\/p>\n<p><a href=\"http:\/\/jandaiadosul.ufpr.br\/eleicoes\/wp-content\/uploads\/sites\/30\/2024\/10\/sei_7132381_ata_de_reuniao.pdf\">3\u00aa Reuni\u00e3o<\/a> 04\/10\/24<\/p>\n<p><a href=\"http:\/\/jandaiadosul.ufpr.br\/eleicoes\/wp-content\/uploads\/sites\/30\/2024\/10\/sei_7173262_ata_de_reuniao.pdf\">4\u00aa Reuni\u00e3o<\/a> 16\/10\/24<\/p>\n<p>&nbsp;<\/p>\n<p style=\"text-align: center\"><span style=\"font-size: 14pt\"><strong>D\u00favidas, sugest\u00f5es ou den\u00fancias<\/strong><\/span><\/p>\n<p style=\"text-align: center\"><span style=\"font-size: 14pt\"><a href=\"https:\/\/forms.office.com\/r\/ZbACP0cxcK\" target=\"_blank\" rel=\"noopener\">Fale com a Comiss\u00e3o<\/a><\/span><\/p>\n<p>&nbsp;<\/p>\n<p>&nbsp;<\/p>\n","protected":false},"excerpt":{"rendered":"<p>&nbsp; Portaria 53\/2024&#8211;\u00a0 Comiss\u00e3o Eleitoral respons\u00e1vel pela consulta eleitoral \u00e0 comunidade acad\u00eamica do campus Avan\u00e7ado da UFPR em Jandaia do Sul para escolha de diretor [&hellip;]<\/p>\n","protected":false},"author":3618,"featured_media":0,"parent":0,"menu_order":0,"comment_status":"closed","ping_status":"open","template":"","meta":{"_acf_changed":false,"footnotes":""},"class_list":["post-2","page","type-page","status-publish","hentry"],"acf":[],"_links":{"self":[{"href":"https:\/\/jandaiadosul.ufpr.br\/eleicoes\/wp-json\/wp\/v2\/pages\/2","targetHints":{"allow":["GET"]}}],"collection":[{"href":"https:\/\/jandaiadosul.ufpr.br\/eleicoes\/wp-json\/wp\/v2\/pages"}],"about":[{"href":"https:\/\/jandaiadosul.ufpr.br\/eleicoes\/wp-json\/wp\/v2\/types\/page"}],"author":[{"embeddable":true,"href":"https:\/\/jandaiadosul.ufpr.br\/eleicoes\/wp-json\/wp\/v2\/users\/3618"}],"replies":[{"embeddable":true,"href":"https:\/\/jandaiadosul.ufpr.br\/eleicoes\/wp-json\/wp\/v2\/comments?post=2"}],"version-history":[{"count":49,"href":"https:\/\/jandaiadosul.ufpr.br\/eleicoes\/wp-json\/wp\/v2\/pages\/2\/revisions"}],"predecessor-version":[{"id":264,"href":"https:\/\/jandaiadosul.ufpr.br\/eleicoes\/wp-json\/wp\/v2\/pages\/2\/revisions\/264"}],"wp:attachment":[{"href":"https:\/\/jandaiadosul.ufpr.br\/eleicoes\/wp-json\/wp\/v2\/media?parent=2"}],"curies":[{"name":"wp","href":"https:\/\/api.w.org\/{rel}","templated":true}]}}