{"id":2,"date":"2022-09-06T10:18:49","date_gmt":"2022-09-06T13:18:49","guid":{"rendered":"http:\/\/direcao.jandaiadosul.ufpr.br\/?page_id=2"},"modified":"2025-05-07T07:43:30","modified_gmt":"2025-05-07T10:43:30","slug":"pagina-exemplo","status":"publish","type":"page","link":"https:\/\/jandaiadosul.ufpr.br\/direcao\/","title":{"rendered":""},"content":{"rendered":"<p><a role=\"button\" href=\"http:\/\/jandaiadosul.ufpr.br\/direcao\/wp-content\/uploads\/sites\/17\/2023\/02\/pe-2022-2025-ufpr-ja-v6-1.pdf\">Planejamento Estrat\u00e9gico<br \/>\n<\/a><br \/>\n<a role=\"button\" href=\"https:\/\/jandaiadosul.ufpr.br\/uaa\/conselho-diretor\/\">Conselho Diretor<br \/>\n<\/a><br \/>\n<a role=\"button\" href=\"https:\/\/jandaiadosul.ufpr.br\/uaa\/portarias-2\/\">Portarias<br \/>\n<\/a><br \/>\n<a role=\"button\" href=\"https:\/\/jandaiadosul.ufpr.br\/uaa\/regimentos\/\">Regimentos<br \/>\n<\/a><\/p>\n<p>&nbsp;<\/p>\n<p>&nbsp;<\/p>\n<p style=\"text-align: center\"><a href=\"https:\/\/outlook.office365.com\/owa\/calendar\/7a9915a719714425bae53143607dfb78@ufpr.br\/e743239cac3c4e37a8cb366d2f580b6b9472990954865254004\/calendar.html\">Agenda da Dire\u00e7\u00e3o<\/a><\/p>\n<h2>[ics_calendar url=&#8221;https:\/\/outlook.office365.com\/owa\/calendar\/7a9915a719714425bae53143607dfb78@ufpr.br\/e743239cac3c4e37a8cb366d2f580b6b9472990954865254004\/calendar.ics&#8221; view=&#8221;month&#8221;]<\/h2>\n","protected":false},"excerpt":{"rendered":"<p>Planejamento Estrat\u00e9gico Conselho Diretor Portarias Regimentos &nbsp; &nbsp; Agenda da Dire\u00e7\u00e3o [ics_calendar url=&#8221;https:\/\/outlook.office365.com\/owa\/calendar\/7a9915a719714425bae53143607dfb78@ufpr.br\/e743239cac3c4e37a8cb366d2f580b6b9472990954865254004\/calendar.ics&#8221; view=&#8221;month&#8221;]<\/p>\n","protected":false},"author":3634,"featured_media":0,"parent":0,"menu_order":0,"comment_status":"closed","ping_status":"open","template":"","meta":{"_acf_changed":false,"footnotes":""},"class_list":["post-2","page","type-page","status-publish","hentry"],"acf":[],"_links":{"self":[{"href":"https:\/\/jandaiadosul.ufpr.br\/direcao\/wp-json\/wp\/v2\/pages\/2","targetHints":{"allow":["GET"]}}],"collection":[{"href":"https:\/\/jandaiadosul.ufpr.br\/direcao\/wp-json\/wp\/v2\/pages"}],"about":[{"href":"https:\/\/jandaiadosul.ufpr.br\/direcao\/wp-json\/wp\/v2\/types\/page"}],"author":[{"embeddable":true,"href":"https:\/\/jandaiadosul.ufpr.br\/direcao\/wp-json\/wp\/v2\/users\/3634"}],"replies":[{"embeddable":true,"href":"https:\/\/jandaiadosul.ufpr.br\/direcao\/wp-json\/wp\/v2\/comments?post=2"}],"version-history":[{"count":50,"href":"https:\/\/jandaiadosul.ufpr.br\/direcao\/wp-json\/wp\/v2\/pages\/2\/revisions"}],"predecessor-version":[{"id":298,"href":"https:\/\/jandaiadosul.ufpr.br\/direcao\/wp-json\/wp\/v2\/pages\/2\/revisions\/298"}],"wp:attachment":[{"href":"https:\/\/jandaiadosul.ufpr.br\/direcao\/wp-json\/wp\/v2\/media?parent=2"}],"curies":[{"name":"wp","href":"https:\/\/api.w.org\/{rel}","templated":true}]}}