{"id":818,"date":"2025-03-31T09:46:52","date_gmt":"2025-03-31T12:46:52","guid":{"rendered":"https:\/\/jandaiadosul.ufpr.br\/concursos\/?page_id=818"},"modified":"2025-04-22T10:43:53","modified_gmt":"2025-04-22T13:43:53","slug":"edital-progepe-101-25-computacao","status":"publish","type":"page","link":"https:\/\/jandaiadosul.ufpr.br\/concursos\/edital-progepe-101-25-computacao\/","title":{"rendered":"Edital Progepe 101\/25 &#8211; Computa\u00e7\u00e3o"},"content":{"rendered":"<h1 class=\"post-title entry-title\"><span style=\"font-size: 18pt\">Teste Seletivo Edital n\u00ba 101\/2025 \u2013 PROGEPE<\/span><\/h1>\n<p class=\"x_Texto_Justificado\"><strong>\u00c1rea de Conhecimento: <span style=\"font-size: 14pt\">Computa\u00e7\u00e3o<\/span><\/strong><\/p>\n<p class=\"x_Texto_Justificado\"><strong>Mat\u00e9ria Espec\u00edfica: <\/strong>Algoritmos e Estruturas de Dados, L\u00f3gica, Pr\u00e1ticas Pedag\u00f3gicas, Tecnologias e Educa\u00e7\u00e3o \u00e0 Dist\u00e2ncia<\/p>\n<p class=\"x_Texto_Justificado\"><strong>Processo:<\/strong> 23075.012495\/2025\u201016<\/p>\n<p class=\"x_Texto_Justificado\"><strong>N\u00famero de Vagas<\/strong>: 01 (uma)<\/p>\n<p class=\"x_Texto_Justificado\"><strong>Regime de Trabalho<\/strong>: 20 (vinte) horas semanais<\/p>\n<p class=\"x_Texto_Justificado\"><strong>Requisito:<\/strong> Licenciatura em Computa\u00e7\u00e3o ou em Inform\u00e1tica, ou Bacharelado em Ci\u00eancia da Computa\u00e7\u00e3o, ou Sistemas de Informa\u00e7\u00e3o, ou Engenharia de Computa\u00e7\u00e3o, ou Engenharia de Software ou Inform\u00e1tica, ou \u00e1reas afins, obtidos na forma da lei.<\/p>\n<p class=\"x_Texto_Justificado\"><strong>Tipos de Provas<\/strong>: An\u00e1lise de Curr\u00edculo e Prova Did\u00e1tica. Sendo a prova did\u00e1tica realizada de forma presencial (Campus Avan\u00e7ado da UFPR em Jandaia do Sul).<\/p>\n<p class=\"x_Texto_Justificado\"><strong>Local das Inscri\u00e7\u00f5es<\/strong>: \u00a0As inscri\u00e7\u00f5es ser\u00e3o enviadas exclusivamente para o email\u00a0<strong>uaa.jandaia@ufpr.br<\/strong>, que gerar\u00e1 ao candidato um protocolo de recebimento da inscri\u00e7\u00e3o.<\/p>\n<p class=\"x_Texto_Justificado\"><strong>O per\u00edodo das inscri\u00e7\u00f5es ser\u00e1:<\/strong> 31\/03\/2025 at\u00e9 08\/04\/2025<\/p>\n<p>&nbsp;<\/p>\n<table style=\"width: 95.7326%;height: 121px\">\n<tbody>\n<tr style=\"height: 24px\">\n<td style=\"height: 24px;width: 84.1057%;text-align: center\" colspan=\"2\"><strong>EDITAIS, COMUNICADOS E INFORMA\u00c7\u00d5ES<\/strong><\/td>\n<td style=\"width: 94.9689%;height: 24px;text-align: center\"><strong>Data da Publica\u00e7\u00e3o\u00a0<\/strong><\/td>\n<\/tr>\n<tr style=\"height: 25px\">\n<td style=\"width: 56.0954%;height: 25px;text-align: center\"><a href=\"https:\/\/progepe.ufpr.br\/a\/concursos\/docente\/concursos_publicos\/editais\/edital101-25.pdf\"><strong>Edital de Abertura<\/strong><\/a><\/td>\n<td style=\"width: 28.0103%;height: 25px;text-align: center\"><a href=\"https:\/\/progepe.ufpr.br\/a\/concursos\/docente\/concursos_publicos\/editais\/edital101-25.pdf\">Edital 101\/2025<\/a><\/td>\n<td style=\"width: 94.9689%;height: 25px;text-align: center\">28\/03\/2025<\/td>\n<\/tr>\n<tr style=\"height: 24px\">\n<td style=\"width: 56.0954%;text-align: center;height: 24px\"><a href=\"https:\/\/jandaiadosul.ufpr.br\/concursos\/wp-content\/uploads\/sites\/38\/2025\/04\/parecer-taxa-isencao-inscricao-edital-101-25.pdf\"><strong>Parecer &#8211; Solicita\u00e7\u00e3o de Isen\u00e7\u00e3o de Taxa de Inscri\u00e7\u00e3o<\/strong><\/a><\/td>\n<td style=\"width: 28.0103%;text-align: center;height: 24px\"><a href=\"https:\/\/jandaiadosul.ufpr.br\/concursos\/wp-content\/uploads\/sites\/38\/2025\/04\/parecer-taxa-isencao-inscricao-edital-101-25.pdf\">Resultado<\/a><\/td>\n<td style=\"width: 94.9689%;text-align: center;height: 24px\">03\/04\/2025<\/td>\n<\/tr>\n<tr style=\"height: 24px\">\n<td style=\"width: 56.0954%;text-align: center;height: 24px\"><a href=\"https:\/\/jandaiadosul.ufpr.br\/concursos\/wp-content\/uploads\/sites\/38\/2025\/04\/parecer-inscricao-edital-101-25.pdf\"><strong>Parecer &#8211; Homologa\u00e7\u00e3o das Inscri\u00e7\u00f5es<\/strong><\/a><\/td>\n<td style=\"width: 28.0103%;text-align: center;height: 24px\"><a href=\"https:\/\/jandaiadosul.ufpr.br\/concursos\/wp-content\/uploads\/sites\/38\/2025\/04\/parecer-inscricao-edital-101-25.pdf\">Resultado<\/a><\/td>\n<td style=\"width: 94.9689%;text-align: center;height: 24px\">10\/04\/2025<\/td>\n<\/tr>\n<tr style=\"height: 24px\">\n<td style=\"width: 56.0954%;text-align: center;height: 24px\"><strong>\u00a0<a href=\"https:\/\/jandaiadosul.ufpr.br\/concursos\/wp-content\/uploads\/sites\/38\/2025\/04\/sei_7700552_edital_03.pdf\">Edital &#8211; NOTAS DE AN\u00c1LISE DE CURR\u00cdCULO<\/a><\/strong><\/td>\n<td style=\"width: 28.0103%;text-align: center;height: 24px\"><a href=\"https:\/\/jandaiadosul.ufpr.br\/concursos\/wp-content\/uploads\/sites\/38\/2025\/04\/sei_7700552_edital_03.pdf\">Resultado<\/a><\/td>\n<td style=\"width: 94.9689%;text-align: center;height: 24px\">16\/04\/2025<\/td>\n<\/tr>\n<tr>\n<td style=\"width: 56.0954%;text-align: center\"><a href=\"https:\/\/jandaiadosul.ufpr.br\/concursos\/wp-content\/uploads\/sites\/38\/2025\/04\/sei_7700352_edital_02.pdf\"><strong>Edital &#8211; CRONOGRAMA DAS ATIVIDADES<\/strong><\/a><\/td>\n<td style=\"width: 28.0103%;text-align: center\"><a href=\"https:\/\/jandaiadosul.ufpr.br\/concursos\/wp-content\/uploads\/sites\/38\/2025\/04\/sei_7700352_edital_02.pdf\">Edital 02<\/a><\/td>\n<td style=\"width: 94.9689%;text-align: center\">16\/04\/2025<\/td>\n<\/tr>\n<tr>\n<td style=\"width: 56.0954%;text-align: center\"><a href=\"https:\/\/jandaiadosul.ufpr.br\/concursos\/wp-content\/uploads\/sites\/38\/2025\/04\/sei_7703768_edital_4.pdf\"><strong>Edital &#8211; Pontos sorteados para prova did\u00e1tica<\/strong><\/a><\/td>\n<td style=\"width: 28.0103%;text-align: center\"><a href=\"https:\/\/jandaiadosul.ufpr.br\/concursos\/wp-content\/uploads\/sites\/38\/2025\/04\/sei_7703768_edital_4.pdf\">Edital 04<\/a><\/td>\n<td style=\"width: 94.9689%;text-align: center\">16\/04\/2025<\/td>\n<\/tr>\n<tr>\n<td style=\"width: 56.0954%;text-align: center\"><a href=\"https:\/\/jandaiadosul.ufpr.br\/concursos\/wp-content\/uploads\/sites\/38\/2025\/04\/sei_7708412_edital_05.pdf\"><strong>Edital &#8211; Resultado e classifica\u00e7\u00e3o final<\/strong><\/a><\/td>\n<td style=\"width: 28.0103%;text-align: center\"><a href=\"https:\/\/jandaiadosul.ufpr.br\/concursos\/wp-content\/uploads\/sites\/38\/2025\/04\/sei_7708412_edital_05.pdf\">Edital 05<\/a><\/td>\n<td style=\"width: 94.9689%;text-align: center\">22\/04\/2025<\/td>\n<\/tr>\n<\/tbody>\n<\/table>\n<p>&nbsp;<\/p>\n<p>&nbsp;<\/p>\n<p>&nbsp;<\/p>\n","protected":false},"excerpt":{"rendered":"<p>Teste Seletivo Edital n\u00ba 101\/2025 \u2013 PROGEPE \u00c1rea de Conhecimento: Computa\u00e7\u00e3o Mat\u00e9ria Espec\u00edfica: Algoritmos e Estruturas de Dados, L\u00f3gica, Pr\u00e1ticas Pedag\u00f3gicas, Tecnologias e Educa\u00e7\u00e3o \u00e0 [&hellip;]<\/p>\n","protected":false},"author":3654,"featured_media":0,"parent":0,"menu_order":0,"comment_status":"closed","ping_status":"closed","template":"","meta":{"_acf_changed":false,"footnotes":""},"class_list":["post-818","page","type-page","status-publish","hentry"],"acf":[],"_links":{"self":[{"href":"https:\/\/jandaiadosul.ufpr.br\/concursos\/wp-json\/wp\/v2\/pages\/818","targetHints":{"allow":["GET"]}}],"collection":[{"href":"https:\/\/jandaiadosul.ufpr.br\/concursos\/wp-json\/wp\/v2\/pages"}],"about":[{"href":"https:\/\/jandaiadosul.ufpr.br\/concursos\/wp-json\/wp\/v2\/types\/page"}],"author":[{"embeddable":true,"href":"https:\/\/jandaiadosul.ufpr.br\/concursos\/wp-json\/wp\/v2\/users\/3654"}],"replies":[{"embeddable":true,"href":"https:\/\/jandaiadosul.ufpr.br\/concursos\/wp-json\/wp\/v2\/comments?post=818"}],"version-history":[{"count":17,"href":"https:\/\/jandaiadosul.ufpr.br\/concursos\/wp-json\/wp\/v2\/pages\/818\/revisions"}],"predecessor-version":[{"id":912,"href":"https:\/\/jandaiadosul.ufpr.br\/concursos\/wp-json\/wp\/v2\/pages\/818\/revisions\/912"}],"wp:attachment":[{"href":"https:\/\/jandaiadosul.ufpr.br\/concursos\/wp-json\/wp\/v2\/media?parent=818"}],"curies":[{"name":"wp","href":"https:\/\/api.w.org\/{rel}","templated":true}]}}