{"id":731,"date":"2025-02-17T10:28:30","date_gmt":"2025-02-17T13:28:30","guid":{"rendered":"https:\/\/jandaiadosul.ufpr.br\/concursos\/?page_id=731"},"modified":"2025-02-17T10:28:30","modified_gmt":"2025-02-17T13:28:30","slug":"edital-254-2024-progepe","status":"publish","type":"page","link":"https:\/\/jandaiadosul.ufpr.br\/concursos\/edital-254-2024-progepe\/","title":{"rendered":"Edital 254\/2024 \u2013 PROGEPE"},"content":{"rendered":"<h1 class=\"post-title entry-title\">II. Teste Seletivo Edital 254\/2024 &#8211; PROGEPE<\/h1>\n<p class=\"x_Texto_Justificado\"><strong>\u00c1rea de Conhecimento: <\/strong>Matem\u00e1tica e Ensino de Matem\u00e1tica<\/p>\n<p class=\"x_Texto_Justificado\"><strong>Mat\u00e9ria Espec\u00edfica:<\/strong>Matem\u00e1tica I, Matem\u00e1tica II, Matem\u00e1tica III, Matem\u00e1tica IV, \u00c1lgebra Linear e Geometria Anal\u00edtica, Ensino de c\u00e1lculo por meio de resolu\u00e7\u00e3o de problemas na perspectiva da Educa\u00e7\u00e3o Matem\u00e1tica.<\/p>\n<p class=\"x_Texto_Justificado\"><strong>Processo: <\/strong>23075.042050\/2024-71<\/p>\n<p class=\"x_Texto_Justificado\"><strong>N\u00famero de Vagas<\/strong>: 01 (uma)<\/p>\n<p class=\"x_Texto_Justificado\"><strong>Regime de Trabalho<\/strong>: 40 (quarenta) horas semanais<\/p>\n<p class=\"x_Texto_Justificado\"><strong>Requisito: <\/strong>Licenciatura em Matem\u00e1tica ou Licenciatura em Ci\u00eancias Exatas (Habilita\u00e7\u00e3o em Matem\u00e1tica) ou Licenciatura em Ci\u00eancias Exatas (Habilita\u00e7\u00e3o em F\u00edsica) ou Licenciatura em F\u00edsica, obtidos na forma de lei.<\/p>\n<p class=\"x_Texto_Justificado\"><strong>Tipos de Provas<\/strong>: An\u00e1lise de Curr\u00edculo e Prova Did\u00e1tica &#8211; sendo a prova Did\u00e1tica realizada de forma\u00a0<strong>presencial<\/strong>.<\/p>\n<p class=\"x_Texto_Justificado\"><strong>Local das Inscri\u00e7\u00f5es<\/strong>: \u00a0As inscri\u00e7\u00f5es ser\u00e3o enviadas exclusivamente para o email <span style=\"color: #3366ff\"><strong>uaa.jandaia@ufpr.br<\/strong><\/span>, que gerar\u00e1 ao candidato um protocolo de recebimento da inscri\u00e7\u00e3o.<\/p>\n<p class=\"x_Texto_Justificado\"><strong>O per\u00edodo das inscri\u00e7\u00f5es ser\u00e1: <\/strong>07 (SETE) DIAS \u00daTEIS a partir do dia \u00fatil subsequente ao dia da publica\u00e7\u00e3o do presente Edital no Di\u00e1rio Oficial da Uni\u00e3o.<\/p>\n<p>&nbsp;<\/p>\n<table style=\"width: 74.5259%;height: 240px\">\n<tbody>\n<tr style=\"height: 24px\">\n<td style=\"width: 271.694%;height: 24px\" colspan=\"3\"><strong>EDITAIS, COMUNICADOS E INFORMA\u00c7\u00d5ES<\/strong><\/td>\n<\/tr>\n<tr style=\"height: 24px\">\n<td style=\"width: 49.6735%;height: 24px\"><strong>Edital de Abertura<\/strong><\/td>\n<td style=\"width: 25.7151%;height: 24px\"><a href=\"https:\/\/jandaiadosul.ufpr.br\/concursos\/wp-content\/uploads\/sites\/38\/2024\/08\/edital254-24-1.pdf\">Edital 254\/24<\/a><\/td>\n<td style=\"width: 196.305%;height: 24px\"><strong>16\/08\/2024<\/strong><\/td>\n<\/tr>\n<tr style=\"height: 24px\">\n<td style=\"width: 49.6735%;height: 24px\"><strong>Solicita\u00e7\u00e3o de isen\u00e7\u00e3o de taxa de inscri\u00e7\u00e3o<\/strong><\/td>\n<td style=\"width: 25.7151%;height: 24px\"><a href=\"https:\/\/jandaiadosul.ufpr.br\/concursos\/wp-content\/uploads\/sites\/38\/2024\/08\/sei_6957056_edital_01-1.pdf\">Edital 01\/2024<\/a><\/td>\n<td style=\"width: 196.305%;height: 24px\"><strong>23\/08\/2024<\/strong><\/td>\n<\/tr>\n<tr style=\"height: 24px\">\n<td style=\"width: 49.6735%;height: 24px\"><strong>Resultado da Homologa\u00e7\u00e3o das Inscri\u00e7\u00f5es<\/strong><\/td>\n<td style=\"width: 25.7151%;height: 24px\"><a href=\"https:\/\/jandaiadosul.ufpr.br\/concursos\/wp-content\/uploads\/sites\/38\/2024\/08\/sei_6976114_edital_2-1.pdf\">Edital 02\/2024<\/a><\/td>\n<td style=\"width: 196.305%;height: 24px\"><strong>28\/08\/2024<\/strong><\/td>\n<\/tr>\n<tr style=\"height: 24px\">\n<td style=\"width: 49.6735%;height: 24px\"><strong>Cronograma<\/strong><\/td>\n<td style=\"width: 25.7151%;height: 24px\"><a href=\"https:\/\/jandaiadosul.ufpr.br\/concursos\/wp-content\/uploads\/sites\/38\/2024\/08\/sei_6980631_edital_3.pdf\">Edital 03\/2024<\/a><\/td>\n<td style=\"width: 196.305%;height: 24px\"><strong>30\/08\/2024<\/strong><\/td>\n<\/tr>\n<tr style=\"height: 24px\">\n<td style=\"width: 49.6735%;height: 24px\"><strong>An\u00e1lise de Curr\u00edculo<\/strong><\/td>\n<td style=\"width: 25.7151%;height: 24px\"><a href=\"https:\/\/jandaiadosul.ufpr.br\/concursos\/wp-content\/uploads\/sites\/38\/2024\/08\/sei_6980807_edital_4.pdf\">Edital 04\/2024<\/a><\/td>\n<td style=\"width: 196.305%;height: 24px\"><strong>30\/08\/2024<\/strong><\/td>\n<\/tr>\n<tr style=\"height: 48px\">\n<td style=\"width: 49.6735%;height: 48px\"><strong>Sorteio de ponto e instru\u00e7\u00f5es para prova did\u00e1tica<\/strong><strong><br \/>\n<\/strong><\/td>\n<td style=\"width: 25.7151%;height: 48px\"><a href=\"https:\/\/jandaiadosul.ufpr.br\/concursos\/wp-content\/uploads\/sites\/38\/2024\/08\/sei_6980848_edital_5-2.pdf\">Edital 05\/2024<\/a><\/td>\n<td style=\"width: 196.305%;height: 48px\"><strong>30\/08\/2024<\/strong><\/td>\n<\/tr>\n<tr style=\"height: 24px\">\n<td style=\"width: 49.6735%;height: 24px\"><strong>Pontos Prova Did\u00e1tica<\/strong><\/td>\n<td style=\"width: 25.7151%;height: 24px\"><a href=\"https:\/\/jandaiadosul.ufpr.br\/concursos\/wp-content\/uploads\/sites\/38\/2024\/09\/sei_6990471_edital_6-2-1.pdf\">Edital 06\/2024<\/a><\/td>\n<td style=\"width: 196.305%;height: 24px\"><strong>02\/09\/2024<\/strong><\/td>\n<\/tr>\n<tr style=\"height: 24px\">\n<td style=\"width: 49.6735%;height: 24px\"><strong>Resultado do Sorteio do Ponto para Prova Pr\u00e1tica<\/strong><strong><br \/>\n<\/strong><\/td>\n<td style=\"width: 25.7151%;height: 24px\"><a href=\"https:\/\/jandaiadosul.ufpr.br\/concursos\/wp-content\/uploads\/sites\/38\/2024\/09\/sei_6989816_edital_7-1-1.pdf\">Edital 07\/2024<\/a><\/td>\n<td style=\"width: 196.305%;height: 24px\"><strong>02\/09\/2024<\/strong><\/td>\n<\/tr>\n<tr>\n<td style=\"width: 49.6735%\"><strong>Resultado Prova Did\u00e1tica<\/strong><\/td>\n<td style=\"width: 25.7151%\"><a href=\"https:\/\/jandaiadosul.ufpr.br\/concursos\/wp-content\/uploads\/sites\/38\/2024\/09\/sei_6996492_edital_8-1.pdf\">Edital 08\/2024<\/a><\/td>\n<td style=\"width: 196.305%\"><strong>03\/09\/2024<\/strong><\/td>\n<\/tr>\n<tr>\n<td style=\"width: 49.6735%\"><strong>Parecer Conclusivo<\/strong><\/td>\n<td style=\"width: 25.7151%\"><a href=\"https:\/\/jandaiadosul.ufpr.br\/concursos\/wp-content\/uploads\/sites\/38\/2024\/09\/sei_6996501_edital_9-1.pdf\">Edital 09\/2024<\/a><\/td>\n<td style=\"width: 196.305%\"><strong>03\/09\/2024<\/strong><\/td>\n<\/tr>\n<\/tbody>\n<\/table>\n<p>&nbsp;<\/p>\n","protected":false},"excerpt":{"rendered":"<p>II. Teste Seletivo Edital 254\/2024 &#8211; PROGEPE \u00c1rea de Conhecimento: Matem\u00e1tica e Ensino de Matem\u00e1tica Mat\u00e9ria Espec\u00edfica:Matem\u00e1tica I, Matem\u00e1tica II, Matem\u00e1tica III, Matem\u00e1tica IV, \u00c1lgebra [&hellip;]<\/p>\n","protected":false},"author":3658,"featured_media":0,"parent":0,"menu_order":0,"comment_status":"closed","ping_status":"closed","template":"","meta":{"_acf_changed":false,"footnotes":""},"class_list":["post-731","page","type-page","status-publish","hentry"],"acf":[],"_links":{"self":[{"href":"https:\/\/jandaiadosul.ufpr.br\/concursos\/wp-json\/wp\/v2\/pages\/731","targetHints":{"allow":["GET"]}}],"collection":[{"href":"https:\/\/jandaiadosul.ufpr.br\/concursos\/wp-json\/wp\/v2\/pages"}],"about":[{"href":"https:\/\/jandaiadosul.ufpr.br\/concursos\/wp-json\/wp\/v2\/types\/page"}],"author":[{"embeddable":true,"href":"https:\/\/jandaiadosul.ufpr.br\/concursos\/wp-json\/wp\/v2\/users\/3658"}],"replies":[{"embeddable":true,"href":"https:\/\/jandaiadosul.ufpr.br\/concursos\/wp-json\/wp\/v2\/comments?post=731"}],"version-history":[{"count":2,"href":"https:\/\/jandaiadosul.ufpr.br\/concursos\/wp-json\/wp\/v2\/pages\/731\/revisions"}],"predecessor-version":[{"id":735,"href":"https:\/\/jandaiadosul.ufpr.br\/concursos\/wp-json\/wp\/v2\/pages\/731\/revisions\/735"}],"wp:attachment":[{"href":"https:\/\/jandaiadosul.ufpr.br\/concursos\/wp-json\/wp\/v2\/media?parent=731"}],"curies":[{"name":"wp","href":"https:\/\/api.w.org\/{rel}","templated":true}]}}