{"id":596,"date":"2024-10-17T16:48:45","date_gmt":"2024-10-17T19:48:45","guid":{"rendered":"https:\/\/jandaiadosul.ufpr.br\/concursos\/?page_id=596"},"modified":"2024-12-16T13:24:42","modified_gmt":"2024-12-16T16:24:42","slug":"edital-349-24-ensino-de-matematica-matematica","status":"publish","type":"page","link":"https:\/\/jandaiadosul.ufpr.br\/concursos\/edital-349-24-ensino-de-matematica-matematica\/","title":{"rendered":"Edital 349\/24 &#8211; Ensino de Matem\u00e1tica\/Matem\u00e1tica"},"content":{"rendered":"<p style=\"text-align: left\"><span style=\"font-size: 16px\">Est\u00e1 aberto o EDITAL N\u00ba 330\/23 \u2013 PROGEPE para o provimento de cargo de professor(a) da Carreira do Magist\u00e9rio Superior, para o Quadro Permanente desta Universidade para o Campus Avan\u00e7ado de Jandaia do Sul, contratado(a) sob o Regime Jur\u00eddico \u00danico dos Servidores P\u00fablicos Civis da Uni\u00e3o, Autarquias e das Funda\u00e7\u00f5es P\u00fablicas e Federais, em conformidade com a Lei n\u00ba 8.112, de 11 de dezembro de 1990.<\/span><\/p>\n<div>\n<p style=\"text-align: left\">Processo: 23075.048031\/2024\u201059<\/p>\n<p style=\"text-align: left\">Classe: A-Adjunto A<\/p>\n<p class=\"x_ContentPasted0 x_elementToProof\" style=\"text-align: left\">\u00c1rea de Conhecimento: Ensino de Matem\u00e1tica\/Matem\u00e1tica<\/p>\n<p class=\"x_ContentPasted0 x_elementToProof\" style=\"text-align: left\">Titula\u00e7\u00e3o m\u00ednima exigida: LICENCIATURA: Matem\u00e1tica ou Licenciatura Ci\u00eancias Exatas Matem\u00e1tica + DOUTORADO: Educa\u00e7\u00e3o Matem\u00e1tica e\/ou Ensino de Ci\u00eancias e Matem\u00e1tica e\/ou Educa\u00e7\u00e3o para a Ci\u00eancia e a Matem\u00e1tica e\/ou Ensino da Matem\u00e1tica e\/ou Ensino de Ci\u00eancias e Educa\u00e7\u00e3o Matem\u00e1tica e\/ou Educa\u00e7\u00e3o, obtidos na forma da lei.<\/p>\n<p class=\"x_ContentPasted0\">Regime de Trabalho: 40 (quarenta) horas semanais \u2013 DE (dedica\u00e7\u00e3o exclusiva)<\/p>\n<p class=\"x_ContentPasted0\">N\u00famero de vagas: 01<\/p>\n<p class=\"x_ContentPasted0 x_elementToProof\">Tipos de Provas: Escrita (eliminat\u00f3ria), did\u00e1tica (eliminat\u00f3ria), an\u00e1lise de curr\u00edculo (classificat\u00f3ria) e defesa do curr\u00edculo e do projeto de pesquisa (classificat\u00f3ria).<\/p>\n<p>Inscri\u00e7\u00e3o: uaa.jandaia@ufpr.br<\/p>\n<p class=\"x_ContentPasted0 x_elementToProof\">O per\u00edodo das inscri\u00e7\u00f5es ser\u00e1:\u00a0<b>18 de outubro de 2024 a 16 de novembro de 2024. Das 00h do primeiro dia \u00e0s 23h59 do \u00faltimo dia de inscri\u00e7\u00f5es.<\/b><\/p>\n<p class=\"x_ContentPasted0\">Taxa de Inscri\u00e7\u00e3o: taxa de inscri\u00e7\u00e3o no valor de R$240,00 (duzentos e quarenta reais).<\/p>\n<p>&nbsp;<\/p>\n<table style=\"width: 70.3023%;height: 552px\">\n<tbody>\n<tr style=\"height: 24px\">\n<td style=\"width: 165.913%;height: 24px\" colspan=\"3\"><strong>EDITAIS, COMUNICADOS E INFORMA\u00c7\u00d5ES<\/strong><\/td>\n<\/tr>\n<tr style=\"height: 24px\">\n<td style=\"width: 53.3869%;height: 24px\"><strong>Edital de Abertura<\/strong><\/td>\n<td style=\"width: 24.1985%;text-align: left;height: 24px\"><a href=\"https:\/\/jandaiadosul.ufpr.br\/concursos\/wp-content\/uploads\/sites\/38\/2024\/10\/edital349-24-2.pdf\">Edital 349\/24<\/a><\/td>\n<td style=\"width: 88.3273%;text-align: left;height: 24px\"><strong>17\/10\/2024<\/strong><\/td>\n<\/tr>\n<tr style=\"height: 24px\">\n<td style=\"width: 53.3869%;height: 24px\"><strong>Pontos para as Provas Escrita e Did\u00e1tica<\/strong><\/td>\n<td style=\"width: 24.1985%;text-align: left;height: 24px\"><a href=\"https:\/\/jandaiadosul.ufpr.br\/concursos\/wp-content\/uploads\/sites\/38\/2024\/10\/perfil_concurso_ensino_de_matematica-1.pdf\">Edital 01\/24<\/a><\/td>\n<td style=\"width: 88.3273%;text-align: left;height: 24px\"><strong>18\/10\/2024<\/strong><\/td>\n<\/tr>\n<tr style=\"height: 24px\">\n<td style=\"width: 53.3869%;height: 24px\"><strong>Solicita\u00e7\u00e3o Isen\u00e7\u00e3o Taxa de Inscri\u00e7\u00e3o &#8211; REDOME<\/strong><\/td>\n<td style=\"width: 24.1985%;text-align: left;height: 24px\"><a href=\"https:\/\/jandaiadosul.ufpr.br\/concursos\/wp-content\/uploads\/sites\/38\/2024\/10\/sei_7209574_edital_02.pdf\">Edital 02\/24<\/a><\/td>\n<td style=\"width: 88.3273%;text-align: left;height: 24px\"><strong>29\/10\/2024<\/strong><\/td>\n<\/tr>\n<tr style=\"height: 24px\">\n<td style=\"width: 53.3869%;height: 24px\"><strong>Portaria de homologa\u00e7\u00e3o das inscri\u00e7\u00f5es<\/strong><\/td>\n<td style=\"width: 24.1985%;text-align: left;height: 24px\"><a href=\"https:\/\/jandaiadosul.ufpr.br\/concursos\/wp-content\/uploads\/sites\/38\/2024\/11\/sei_7237721_portaria_78-concurso-extatas-banca-de-homologacao-das-inscricoes.pdf\">Portaria 78\/24<\/a><\/td>\n<td style=\"width: 88.3273%;text-align: left;height: 24px\"><strong>05\/11\/2024<\/strong><\/td>\n<\/tr>\n<tr style=\"height: 24px\">\n<td style=\"width: 53.3869%;height: 24px\"><strong><span style=\"font-family: georgia, palatino, serif;font-size: 12pt\">Edital de Homologa\u00e7\u00e3o de Inscri\u00e7\u00e3o do Concurso<\/span><br \/>\n<\/strong><\/td>\n<td style=\"width: 24.1985%;text-align: left;height: 24px\"><a href=\"https:\/\/jandaiadosul.ufpr.br\/concursos\/wp-content\/uploads\/sites\/38\/2024\/11\/sei_7300168_edital_3.pdf\" target=\"_blank\" rel=\"noopener\">Edital 03\/24<\/a><\/td>\n<td style=\"width: 88.3273%;text-align: left;height: 24px\"><strong>25\/11\/2024<\/strong><\/td>\n<\/tr>\n<tr style=\"height: 24px\">\n<td style=\"width: 53.3869%;height: 24px\"><strong><span style=\"font-family: georgia, palatino, serif;font-size: 12pt\">Banca Examinadora do Concurso<\/span><\/strong><\/td>\n<td style=\"width: 24.1985%;text-align: left;height: 24px\"><a href=\"https:\/\/jandaiadosul.ufpr.br\/concursos\/wp-content\/uploads\/sites\/38\/2024\/11\/sei_7302472_portaria_82.pdf\">Portaria 82\/24<\/a><\/td>\n<td style=\"width: 88.3273%;text-align: left;height: 24px\"><strong>26\/11\/2024<\/strong><\/td>\n<\/tr>\n<tr style=\"height: 24px\">\n<td style=\"width: 53.3869%;height: 24px\"><strong><span style=\"font-family: georgia, palatino, serif;font-size: 12pt\">Cronograma de realiza\u00e7\u00e3o do Concurso<\/span><\/strong><\/td>\n<td style=\"width: 24.1985%;text-align: left;height: 24px\"><a href=\"https:\/\/jandaiadosul.ufpr.br\/concursos\/wp-content\/uploads\/sites\/38\/2024\/11\/sei_7316048_edital_01.pdf\">Cronograma<\/a><\/td>\n<td style=\"width: 88.3273%;text-align: left;height: 24px\"><strong>29\/11\/2024<\/strong><\/td>\n<\/tr>\n<tr style=\"height: 24px\">\n<td style=\"width: 53.3869%;height: 24px\"><strong><span style=\"font-family: georgia, palatino, serif;font-size: 12pt\">Retifica\u00e7\u00e3o Banca Examinadora do Concurso<\/span><\/strong><\/td>\n<td style=\"width: 24.1985%;text-align: left;height: 24px\"><a href=\"https:\/\/jandaiadosul.ufpr.br\/concursos\/wp-content\/uploads\/sites\/38\/2024\/12\/sei_7328720_portaria_84.pdf\">Portaria 84\/2024<\/a><\/td>\n<td style=\"width: 88.3273%;text-align: left;height: 24px\"><strong>03\/12\/2024<\/strong><\/td>\n<\/tr>\n<tr style=\"height: 24px\">\n<td style=\"width: 53.3869%;height: 24px\"><strong><span style=\"font-family: georgia, palatino, serif;font-size: 12pt\">Local da Prova<\/span><\/strong><\/td>\n<td style=\"width: 24.1985%;text-align: left;height: 24px\"><a href=\"https:\/\/jandaiadosul.ufpr.br\/concursos\/wp-content\/uploads\/sites\/38\/2024\/12\/sei_7329489_aviso_1-1-1.pdf\">Aviso 1<\/a><\/td>\n<td style=\"width: 88.3273%;text-align: left;height: 24px\"><strong>03\/12\/2024<\/strong><\/td>\n<\/tr>\n<tr style=\"height: 24px\">\n<td style=\"width: 53.3869%;height: 24px\"><strong><span style=\"font-family: georgia, palatino, serif;font-size: 12pt\">Ajuste Cronograma de realiza\u00e7\u00e3o do Concurso<\/span><\/strong><\/td>\n<td style=\"width: 24.1985%;text-align: left;height: 24px\"><a href=\"https:\/\/jandaiadosul.ufpr.br\/concursos\/wp-content\/uploads\/sites\/38\/2024\/12\/sei_7333007_edital_02-2.pdf\">Edital<\/a><\/td>\n<td style=\"width: 88.3273%;text-align: left;height: 24px\"><strong>04\/12\/2024<\/strong><\/td>\n<\/tr>\n<tr style=\"height: 96px\">\n<td style=\"width: 53.3869%;height: 96px\"><strong>Candidatos Classificados para Realiza\u00e7\u00e3o da Prova Did\u00e1tica e Crit\u00e9rios de Avalia\u00e7\u00e3o para a Prova Did\u00e1tica<\/strong><strong><span style=\"font-family: georgia, palatino, serif;font-size: 12pt\"><br \/>\n<\/span><\/strong><\/td>\n<td style=\"width: 24.1985%;text-align: left;height: 96px\"><a href=\"https:\/\/jandaiadosul.ufpr.br\/concursos\/wp-content\/uploads\/sites\/38\/2024\/12\/sei_7350959_edital_4-1.pdf\">Edital 04\/24<\/a><\/td>\n<td style=\"width: 88.3273%;text-align: left;height: 96px\"><strong>09\/12\/2024<\/strong><\/td>\n<\/tr>\n<tr style=\"height: 24px\">\n<td style=\"width: 53.3869%;height: 24px\"><strong>Cronograma do Sorteio para Realiza\u00e7\u00e3o da Prova Did\u00e1tica<\/strong><\/td>\n<td style=\"width: 24.1985%;text-align: left;height: 24px\"><a href=\"https:\/\/jandaiadosul.ufpr.br\/concursos\/wp-content\/uploads\/sites\/38\/2024\/12\/sei_7350989_informacao_30-1.pdf\">Informa\u00e7\u00e3o\u00a0<\/a><\/td>\n<td style=\"width: 88.3273%;text-align: left;height: 24px\"><strong>09\/12\/2024<\/strong><\/td>\n<\/tr>\n<tr style=\"height: 96px\">\n<td style=\"width: 53.3869%;height: 96px\"><strong>Candidatos aprovados para a prova de defesa do curr\u00edculo e da proposta de projeto de pesquisa e cronograma<\/strong><\/td>\n<td style=\"width: 24.1985%;text-align: left;height: 96px\"><a href=\"https:\/\/jandaiadosul.ufpr.br\/concursos\/wp-content\/uploads\/sites\/38\/2024\/12\/sei_7361238_edital_5-1-2.pdf\">Edital 05\/24<\/a><\/td>\n<td style=\"width: 88.3273%;text-align: left;height: 96px\"><strong>12\/12\/2024<\/strong><\/td>\n<\/tr>\n<tr style=\"height: 48px\">\n<td style=\"width: 53.3869%;height: 48px\"><strong>Edital de Classifica\u00e7\u00e3o Geral<\/strong><\/td>\n<td style=\"width: 24.1985%;text-align: left;height: 48px\"><strong><a href=\"https:\/\/jandaiadosul.ufpr.br\/concursos\/wp-content\/uploads\/sites\/38\/2024\/12\/sei_7368113_edital_6.pdf\">Edital 06\/24<\/a><\/strong><\/td>\n<td style=\"width: 88.3273%;text-align: left;height: 48px\"><strong>13\/12\/2024 (publicado \u00e0s 20h20min)<\/strong><\/td>\n<\/tr>\n<tr style=\"height: 24px\">\n<td style=\"width: 53.3869%;height: 24px\"><strong>ATA DO JULGAMENTO FINAL DO CONCURSO<br \/>\n<\/strong><\/td>\n<td style=\"width: 24.1985%;text-align: left;height: 24px\"><strong>\u00a0<a href=\"https:\/\/jandaiadosul.ufpr.br\/concursos\/wp-content\/uploads\/sites\/38\/2024\/12\/sei_7364012_ata_de_reuniao.pdf\">Ata_de_Reuniao<\/a><\/strong><\/td>\n<td style=\"width: 88.3273%;text-align: left;height: 24px\"><strong>16\/12\/2024<\/strong><\/td>\n<\/tr>\n<\/tbody>\n<\/table>\n<\/div>\n<p>&nbsp;<\/p>\n","protected":false},"excerpt":{"rendered":"<p>Est\u00e1 aberto o EDITAL N\u00ba 330\/23 \u2013 PROGEPE para o provimento de cargo de professor(a) da Carreira do Magist\u00e9rio Superior, para o Quadro Permanente desta [&hellip;]<\/p>\n","protected":false},"author":3633,"featured_media":0,"parent":0,"menu_order":0,"comment_status":"closed","ping_status":"closed","template":"","meta":{"_acf_changed":false,"footnotes":""},"class_list":["post-596","page","type-page","status-publish","hentry"],"acf":[],"_links":{"self":[{"href":"https:\/\/jandaiadosul.ufpr.br\/concursos\/wp-json\/wp\/v2\/pages\/596","targetHints":{"allow":["GET"]}}],"collection":[{"href":"https:\/\/jandaiadosul.ufpr.br\/concursos\/wp-json\/wp\/v2\/pages"}],"about":[{"href":"https:\/\/jandaiadosul.ufpr.br\/concursos\/wp-json\/wp\/v2\/types\/page"}],"author":[{"embeddable":true,"href":"https:\/\/jandaiadosul.ufpr.br\/concursos\/wp-json\/wp\/v2\/users\/3633"}],"replies":[{"embeddable":true,"href":"https:\/\/jandaiadosul.ufpr.br\/concursos\/wp-json\/wp\/v2\/comments?post=596"}],"version-history":[{"count":22,"href":"https:\/\/jandaiadosul.ufpr.br\/concursos\/wp-json\/wp\/v2\/pages\/596\/revisions"}],"predecessor-version":[{"id":725,"href":"https:\/\/jandaiadosul.ufpr.br\/concursos\/wp-json\/wp\/v2\/pages\/596\/revisions\/725"}],"wp:attachment":[{"href":"https:\/\/jandaiadosul.ufpr.br\/concursos\/wp-json\/wp\/v2\/media?parent=596"}],"curies":[{"name":"wp","href":"https:\/\/api.w.org\/{rel}","templated":true}]}}