{"id":461,"date":"2024-07-30T10:46:26","date_gmt":"2024-07-30T13:46:26","guid":{"rendered":"https:\/\/jandaiadosul.ufpr.br\/concursos\/?page_id=461"},"modified":"2024-07-30T10:46:26","modified_gmt":"2024-07-30T13:46:26","slug":"edital-059-2024-encerrado","status":"publish","type":"page","link":"https:\/\/jandaiadosul.ufpr.br\/concursos\/edital-059-2024-encerrado\/","title":{"rendered":"Edital 059\/2024 &#8211; Encerrado"},"content":{"rendered":"<h1 class=\"post-title entry-title\">Teste Seletivo Edital 059\/2024 \u2013 PROGEPE<\/h1>\n<p><b>INSCRI\u00c7\u00d5ES: 06 a 12 de mar\u00e7o de 2024<\/b><\/p>\n<div class=\"entry-content clearfix\">\n<p>&nbsp;<\/p>\n<\/div>\n<p><strong>Vaga 01<\/strong><\/p>\n<ul>\n<li class=\"x_Texto_Justificado\"><strong>\u00c1rea de Conhecimento:\u00a0<\/strong>Engenharia de Alimentos<\/li>\n<li class=\"x_Texto_Justificado\"><strong>Mat\u00e9rias Espec\u00edficas:<\/strong><\/li>\n<\/ul>\n<p class=\"x_Texto_Justificado\">Refrigera\u00e7\u00e3o<br \/>\nFen\u00f4menos de Transporte<br \/>\nModelagem Matem\u00e1tica<br \/>\nInstrumenta\u00e7\u00e3o e Controle de Processos<br \/>\nProjetos Industriais<br \/>\nBalan\u00e7o de Massa<\/p>\n<ul>\n<li class=\"x_Texto_Justificado\"><strong>N\u00famero de Vagas<\/strong>: 01 (uma)<\/li>\n<li class=\"x_Texto_Justificado\"><strong>Regime de Trabalho<\/strong>: 40 (quarenta) horas semanais<\/li>\n<li class=\"x_Texto_Justificado\"><strong>Requisito:<\/strong>\u00a0Gradua\u00e7\u00e3o em Engenharia de Alimentos ou\u00a0Engenharia Qu\u00edmica.<\/li>\n<li class=\"x_Texto_Justificado\"><strong>Tipos de Provas<\/strong>: An\u00e1lise de Curr\u00edculo e Prova Did\u00e1tica, que ser\u00e1 realizada de forma remota e ass\u00edncrona, por meio de aula gravada.<\/li>\n<li class=\"x_Texto_Justificado\"><strong>Local das Inscri\u00e7\u00f5es<\/strong>: As inscri\u00e7\u00f5es ser\u00e3o enviadas exclusivamente para o email coordenacao.engalimentos.ja@ufpr.br\u202f. D\u00favidas tamb\u00e9m ser\u00e3o atendidas por email.<strong>\u00a0<\/strong><\/li>\n<\/ul>\n<p class=\"x_Texto_Justificado\"><strong>O per\u00edodo das inscri\u00e7\u00f5es ser\u00e1:\u00a0<u>05 (dez) DIAS \u00daTEIS\u00a0<\/u><\/strong>a partir do dia \u00fatil subsequente ao dia da publica\u00e7\u00e3o do presente Edital no Di\u00e1rio Oficial da Uni\u00e3o.<\/p>\n<p>&nbsp;<\/p>\n<table>\n<tbody>\n<tr>\n<td colspan=\"3\"><strong>EDITAIS, COMUNICADOS E INFORMA\u00c7\u00d5ES<\/strong><\/td>\n<\/tr>\n<tr>\n<td><strong>Edital de Abertura<\/strong><\/td>\n<td><a href=\"https:\/\/jandaiadosul.ufpr.br\/concursos\/wp-content\/uploads\/sites\/38\/2024\/03\/edital059-24.pdf\">Edital 059\/24<\/a><\/td>\n<td>05\/03\/2024<\/td>\n<\/tr>\n<tr>\n<td><b>Resultado Pedidos de Isen\u00e7\u00e3o<\/b><\/td>\n<td><a href=\"https:\/\/jandaiadosul.ufpr.br\/concursos\/wp-content\/uploads\/sites\/38\/2024\/03\/edital-0529-progepe-1.pdf\">Isen\u00e7\u00e3o<\/a><\/td>\n<td>12\/03\/2024<\/td>\n<\/tr>\n<tr>\n<td><strong>Edital de Homologa\u00e7\u00e3o das Inscri\u00e7\u00f5es\u00a0<\/strong><\/td>\n<td><a href=\"https:\/\/jandaiadosul.ufpr.br\/concursos\/wp-content\/uploads\/sites\/38\/2024\/03\/homologacao-das-inscricoes.pdf\">Edital 01\/24<\/a><\/td>\n<td>14\/03\/2024<\/td>\n<\/tr>\n<tr>\n<td><strong>RETIFICA\u00c7\u00c3O \u2013 Edital de Homologa\u00e7\u00e3o das Inscri\u00e7\u00f5es<\/strong><\/td>\n<td><a href=\"https:\/\/jandaiadosul.ufpr.br\/concursos\/wp-content\/uploads\/sites\/38\/2024\/03\/sei_6518227_edital_4.pdf\">Edital 04\/2024<\/a><\/td>\n<td>18\/03\/2023<\/td>\n<\/tr>\n<tr>\n<td><strong>Cronograma do processo seletivo<br \/>\n<\/strong><\/td>\n<td><a href=\"https:\/\/jandaiadosul.ufpr.br\/concursos\/wp-content\/uploads\/sites\/38\/2024\/03\/sei_6514328_edital_1.pdf\">Cronograma<\/a><\/td>\n<td>18\/03\/2024<\/td>\n<\/tr>\n<tr>\n<td><strong>\u00a0An\u00e1lise dos Curr\u00edculos e\u00a0<\/strong><strong>Candidatos Habilitados para a Prova Did\u00e1tica\u00a0<\/strong><\/td>\n<td><a href=\"https:\/\/jandaiadosul.ufpr.br\/concursos\/wp-content\/uploads\/sites\/38\/2024\/03\/sei_6515689_edital_02.pdf\">Edital 02\/24<\/a><\/td>\n<td>18\/03\/2024<\/td>\n<\/tr>\n<tr>\n<td><strong>Convoca\u00e7\u00e3o para sorteio do ponto da prova did\u00e1tica e crit\u00e9rios de avalia\u00e7\u00e3o da prova did\u00e1tica<br \/>\n<\/strong><\/td>\n<td><a href=\"https:\/\/jandaiadosul.ufpr.br\/concursos\/wp-content\/uploads\/sites\/38\/2024\/03\/sei_6515713_edital_03.pdf\">Edital 03\/24<\/a><\/td>\n<td>18\/03\/2024<\/td>\n<\/tr>\n<tr>\n<td><strong>Convoca\u00e7\u00e3o prova did\u00e1tica<\/strong><\/td>\n<td><a href=\"https:\/\/jandaiadosul.ufpr.br\/concursos\/wp-content\/uploads\/sites\/38\/2024\/03\/sei_6515689_edital_02-1.pdf\">Edital 02\/24<\/a><\/td>\n<td>18\/03\/2024<\/td>\n<\/tr>\n<tr>\n<td><strong>RETIFICA\u00c7\u00c3O \u2013 Convoca\u00e7\u00e3o prova did\u00e1tica<\/strong><\/td>\n<td><a href=\"https:\/\/jandaiadosul.ufpr.br\/concursos\/wp-content\/uploads\/sites\/38\/2024\/03\/sei_6518357_edital_04.pdf\">Edital 05\/24<\/a><\/td>\n<td>18\/03\/2024<\/td>\n<\/tr>\n<tr>\n<td><strong>Ponto Sorteado para a Prova Did\u00e1tica<\/strong><\/td>\n<td><a href=\"https:\/\/jandaiadosul.ufpr.br\/concursos\/wp-content\/uploads\/sites\/38\/2024\/03\/sei_6518871_edital_06.pdf\">Edital 06\/24<\/a><\/td>\n<td>19\/03\/2024<\/td>\n<\/tr>\n<tr>\n<td><strong>Edital Resultado Final<\/strong><\/td>\n<td><a href=\"https:\/\/jandaiadosul.ufpr.br\/concursos\/wp-content\/uploads\/sites\/38\/2024\/03\/sei_6525584_edital_07.pdf\">Edital 07\/24<\/a><\/td>\n<td>20\/03\/2024<\/td>\n<\/tr>\n<\/tbody>\n<\/table>\n<p>Processo SEI: 23075.010193\/2024-14<\/p>\n","protected":false},"excerpt":{"rendered":"<p>Teste Seletivo Edital 059\/2024 \u2013 PROGEPE INSCRI\u00c7\u00d5ES: 06 a 12 de mar\u00e7o de 2024 &nbsp; Vaga 01 \u00c1rea de Conhecimento:\u00a0Engenharia de Alimentos Mat\u00e9rias Espec\u00edficas: Refrigera\u00e7\u00e3o [&hellip;]<\/p>\n","protected":false},"author":3658,"featured_media":0,"parent":0,"menu_order":0,"comment_status":"closed","ping_status":"closed","template":"","meta":{"_acf_changed":false,"footnotes":""},"class_list":["post-461","page","type-page","status-publish","hentry"],"acf":[],"_links":{"self":[{"href":"https:\/\/jandaiadosul.ufpr.br\/concursos\/wp-json\/wp\/v2\/pages\/461","targetHints":{"allow":["GET"]}}],"collection":[{"href":"https:\/\/jandaiadosul.ufpr.br\/concursos\/wp-json\/wp\/v2\/pages"}],"about":[{"href":"https:\/\/jandaiadosul.ufpr.br\/concursos\/wp-json\/wp\/v2\/types\/page"}],"author":[{"embeddable":true,"href":"https:\/\/jandaiadosul.ufpr.br\/concursos\/wp-json\/wp\/v2\/users\/3658"}],"replies":[{"embeddable":true,"href":"https:\/\/jandaiadosul.ufpr.br\/concursos\/wp-json\/wp\/v2\/comments?post=461"}],"version-history":[{"count":1,"href":"https:\/\/jandaiadosul.ufpr.br\/concursos\/wp-json\/wp\/v2\/pages\/461\/revisions"}],"predecessor-version":[{"id":463,"href":"https:\/\/jandaiadosul.ufpr.br\/concursos\/wp-json\/wp\/v2\/pages\/461\/revisions\/463"}],"wp:attachment":[{"href":"https:\/\/jandaiadosul.ufpr.br\/concursos\/wp-json\/wp\/v2\/media?parent=461"}],"curies":[{"name":"wp","href":"https:\/\/api.w.org\/{rel}","templated":true}]}}