{"id":451,"date":"2024-07-30T10:33:44","date_gmt":"2024-07-30T13:33:44","guid":{"rendered":"https:\/\/jandaiadosul.ufpr.br\/concursos\/?page_id=451"},"modified":"2024-07-30T10:35:07","modified_gmt":"2024-07-30T13:35:07","slug":"edital-08-2024","status":"publish","type":"page","link":"https:\/\/jandaiadosul.ufpr.br\/concursos\/edital-08-2024\/","title":{"rendered":"Edital 08\/2024 &#8211; Encerrado"},"content":{"rendered":"<div class=\"entry-content clearfix\">\n<p><strong>Vaga 01<\/strong><\/p>\n<p class=\"x_Texto_Justificado\"><strong>\u00c1rea de Conhecimento:\u00a0<\/strong>F\u00edsico-Qu\u00edmica e Qu\u00edmica Geral<\/p>\n<p class=\"x_Texto_Justificado\"><strong>Mat\u00e9ria Espec\u00edfica:\u00a0<\/strong>F\u00edsico-Qu\u00edmica<\/p>\n<p class=\"x_Texto_Justificado\"><strong>Processo:<\/strong>\u00a023075.07 8412\/2023-81<\/p>\n<p class=\"x_Texto_Justificado\"><strong>N\u00famero de Vagas<\/strong>: 01 (uma)<\/p>\n<p class=\"x_Texto_Justificado\"><strong>Regime de Trabalho<\/strong>: 40 (quarenta) horas semanais<\/p>\n<p class=\"x_Texto_Justificado\"><strong>Requisito: Gradua\u00e7\u00e3o:\u00a0<\/strong>Licenciatura em Ci\u00eancias Exatas \u2013 Qu\u00edmica, Licenciatura\/Bacharelado em Qu\u00edmica, Engenharia Qu\u00edmica.<\/p>\n<p class=\"x_Texto_Justificado\"><strong>Tipos de Provas<\/strong>: An\u00e1lise de Curr\u00edculo e Prova Did\u00e1tica, sendo a prova did\u00e1tica realizada de forma presencial.<\/p>\n<p class=\"x_Texto_Justificado\"><strong>Local das Inscri\u00e7\u00f5es<\/strong>: As inscri\u00e7\u00f5es ser\u00e3o enviadas exclusivamente para o email uaa.jandaia@ufpr.br, que gerar\u00e1 ao candidato um protocolo de recebimento da inscri\u00e7\u00e3o.<\/p>\n<p class=\"x_Texto_Justificado\">D\u00favidas tamb\u00e9m ser\u00e3o atendidas por email.<strong>\u00a0<\/strong><\/p>\n<p class=\"x_Texto_Justificado\"><strong>O per\u00edodo das inscri\u00e7\u00f5es ser\u00e1:\u00a0<u>10 (dez) DIAS \u00daTEIS\u00a0<\/u><\/strong>a partir do dia \u00fatil subsequente ao dia da publica\u00e7\u00e3o do presente Edital no Di\u00e1rio Oficial da Uni\u00e3o.<\/p>\n<\/div>\n<table>\n<tbody>\n<tr>\n<td colspan=\"3\"><strong>EDITAIS, COMUNICADOS E INFORMA\u00c7\u00d5ES<\/strong><\/td>\n<\/tr>\n<tr>\n<td><strong>Edital de Abertura<\/strong><\/td>\n<td><a href=\"https:\/\/jandaiadosul.ufpr.br\/concursos\/wp-content\/uploads\/sites\/38\/2024\/01\/edital008-24.pdf\">Edital 08\/2024<\/a><\/td>\n<td><strong>15\/01\/2024<\/strong><\/td>\n<\/tr>\n<tr>\n<td><strong>Edital de Homologa\u00e7\u00e3o das Inscri\u00e7\u00f5es\u00a0<\/strong><\/td>\n<td><a href=\"https:\/\/jandaiadosul.ufpr.br\/concursos\/wp-content\/uploads\/sites\/38\/2024\/01\/sei_6357130_edital_1.pdf\" target=\"_blank\" rel=\"noopener\">Edital 01\/2024<\/a><\/td>\n<td><strong>29\/01\/2024<\/strong><\/td>\n<\/tr>\n<tr>\n<td><strong>Cronograma do processo seletivo<br \/>\n<\/strong><\/td>\n<td><a href=\"https:\/\/jandaiadosul.ufpr.br\/concursos\/wp-content\/uploads\/sites\/38\/2024\/02\/sei_6375518_edital_02-fisico-quimica.pdf\" target=\"_blank\" rel=\"noopener\">Edital 02\/2024<\/a><\/td>\n<td><strong>05\/02\/2024<\/strong><\/td>\n<\/tr>\n<tr>\n<td><strong>Programa das provas<br \/>\n<\/strong><\/td>\n<td><a href=\"https:\/\/jandaiadosul.ufpr.br\/concursos\/wp-content\/uploads\/sites\/38\/2024\/02\/sei_6375600_edital_03-fisico-quimica.pdf\" target=\"_blank\" rel=\"noopener\">Edital 03\/2024<\/a><\/td>\n<td><strong>05\/02\/2024<\/strong><\/td>\n<\/tr>\n<tr>\n<td><strong>\u00a0An\u00e1lise dos Curr\u00edculos<\/strong><\/td>\n<td><a href=\"https:\/\/jandaiadosul.ufpr.br\/concursos\/wp-content\/uploads\/sites\/38\/2024\/02\/sei_6383382_edital_04.pdf\">Edital 04\/2024<\/a><\/td>\n<td><strong>\u00a007\/02\/2024<\/strong><\/td>\n<\/tr>\n<tr>\n<td><strong>Candidatos Habilitados para a Prova Did\u00e1tica\u00a0<\/strong><\/td>\n<td><strong><a href=\"https:\/\/jandaiadosul.ufpr.br\/concursos\/wp-content\/uploads\/sites\/38\/2024\/02\/sei_6386115_edital_05.pdf\">Edital 05\/2024<\/a><br \/>\n<\/strong><\/td>\n<td><strong>08\/02\/2024<\/strong><\/td>\n<\/tr>\n<tr>\n<td><strong>Convoca\u00e7\u00e3o para sorteio do ponto da prova did\u00e1tica e crit\u00e9rios de avalia\u00e7\u00e3o da prova did\u00e1tica<br \/>\n<\/strong><\/td>\n<td><strong><a href=\"https:\/\/jandaiadosul.ufpr.br\/concursos\/wp-content\/uploads\/sites\/38\/2024\/02\/sei_6395524_edital_06.pdf\">Edital 06\/2024<\/a><\/strong><\/td>\n<td><strong>15\/02\/2024<\/strong><\/td>\n<\/tr>\n<tr>\n<td><strong>Convoca\u00e7\u00e3o prova did\u00e1tica<\/strong><\/td>\n<td><strong><a href=\"https:\/\/jandaiadosul.ufpr.br\/concursos\/wp-content\/uploads\/sites\/38\/2024\/02\/sei_6409631_edital_07-prova-pratica-fisico-quimica.pdf\">Edital 07\/2024<\/a><\/strong><\/td>\n<td><strong>20\/02\/2024<\/strong><\/td>\n<\/tr>\n<tr>\n<td><strong>Edital Resultado Final<\/strong><\/td>\n<td><strong><a href=\"https:\/\/jandaiadosul.ufpr.br\/concursos\/wp-content\/uploads\/sites\/38\/2024\/02\/sei_6414878_edital_08.pdf\">Edital 08\/2024<\/a><\/strong><\/td>\n<td><strong>21\/02\/2024<\/strong><\/td>\n<\/tr>\n<\/tbody>\n<\/table>\n<p>&nbsp;<\/p>\n<p><strong>Vaga 02\u00a0<\/strong><\/p>\n<div class=\"entry-content clearfix\">\n<p class=\"x_Texto_Justificado\"><strong>\u00c1rea de Conhecimento:\u00a0<\/strong>Ensino de Qu\u00edmica e Qu\u00edmica Geral<\/p>\n<p class=\"x_Texto_Justificado\"><strong>Mat\u00e9ria Espec\u00edfica:\u00a0<\/strong>Ensino de Qu\u00edmica e Qu\u00edmica Geral<\/p>\n<p class=\"x_Texto_Justificado\"><strong>Processo:<\/strong>\u00a023075.078410\/2023-92<\/p>\n<p class=\"x_Texto_Justificado\"><strong>N\u00famero de Vagas<\/strong>: 01 (uma)<\/p>\n<p class=\"x_Texto_Justificado\"><strong>Regime de Trabalho<\/strong>: 40 (quarenta) horas semanais<\/p>\n<p class=\"x_Texto_Justificado\"><strong>Requisito: Gradua\u00e7\u00e3o:\u00a0<\/strong>Gradua\u00e7\u00e3o: Licenciatura em Ci\u00eancias Exatas \u2013 Qu\u00edmica, Licenciatura ou Bacharelado em Qu\u00edmica.<\/p>\n<p class=\"x_Texto_Justificado\"><strong>Tipos de Provas<\/strong>: An\u00e1lise de Curr\u00edculo e Prova Did\u00e1tica, sendo a prova did\u00e1tica realizada de forma presencial.<\/p>\n<p class=\"x_Texto_Justificado\"><strong>Local das Inscri\u00e7\u00f5es<\/strong>: As inscri\u00e7\u00f5es ser\u00e3o enviadas exclusivamente para o email uaa.jandaia@ufpr.br, que gerar\u00e1 ao candidato um protocolo de recebimento da inscri\u00e7\u00e3o.<\/p>\n<p class=\"x_Texto_Justificado\">D\u00favidas tamb\u00e9m ser\u00e3o atendidas por email.<strong>\u00a0<\/strong><\/p>\n<p class=\"x_Texto_Justificado\"><strong>O per\u00edodo das inscri\u00e7\u00f5es ser\u00e1:\u00a0<u>10 (dez) DIAS \u00daTEIS\u00a0<\/u><\/strong>a partir do dia \u00fatil subsequente ao dia da publica\u00e7\u00e3o do presente Edital no Di\u00e1rio Oficial da Uni\u00e3o.<\/p>\n<\/div>\n<table>\n<tbody>\n<tr>\n<td colspan=\"3\"><strong>EDITAIS, COMUNICADOS E INFORMA\u00c7\u00d5ES<\/strong><\/td>\n<\/tr>\n<tr>\n<td><strong>Edital de Abertura<\/strong><\/td>\n<td><a href=\"https:\/\/jandaiadosul.ufpr.br\/concursos\/wp-content\/uploads\/sites\/38\/2024\/01\/edital008-24.pdf\">Edital 08\/2024<\/a><\/td>\n<td><strong>15\/01\/2024<\/strong><\/td>\n<\/tr>\n<tr>\n<td><strong>Edital de Homologa\u00e7\u00e3o das Inscri\u00e7\u00f5es\u00a0<\/strong><\/td>\n<td><a href=\"https:\/\/jandaiadosul.ufpr.br\/concursos\/wp-content\/uploads\/sites\/38\/2024\/01\/ens-quimica-homologacao.pdf\">Edital 01\/2024<\/a><\/td>\n<td><strong>29\/01\/2024<\/strong><\/td>\n<\/tr>\n<tr>\n<td><strong>Cronograma<\/strong><\/td>\n<td><a href=\"https:\/\/jandaiadosul.ufpr.br\/concursos\/wp-content\/uploads\/sites\/38\/2024\/02\/sei_6364240_edital_2.pdf\">Edital 02\/2024<\/a><\/td>\n<td><strong>01\/02\/2024<\/strong><\/td>\n<\/tr>\n<tr>\n<td><strong>Programa de Provas\u00a0<\/strong><\/td>\n<td><a href=\"https:\/\/jandaiadosul.ufpr.br\/concursos\/wp-content\/uploads\/sites\/38\/2024\/02\/sei_6364254_edital_3.pdf\">Edital 03\/2024<\/a><\/td>\n<td><strong>01\/02\/2024<\/strong><\/td>\n<\/tr>\n<tr>\n<td><b>RETIFICA\u00c7\u00c3O DO EDITAL 2<\/b><strong><br \/>\n<\/strong><\/td>\n<td><a href=\"https:\/\/jandaiadosul.ufpr.br\/concursos\/wp-content\/uploads\/sites\/38\/2024\/02\/sei_6376645_edital_3-quimica-geral.pdf\">Edital 04\/2024<\/a><\/td>\n<td><strong>05\/02\/2024<\/strong><\/td>\n<\/tr>\n<tr>\n<td><b>An\u00e1lise de curr\u00edculo e divulga\u00e7\u00e3o do(s) candidato(s) habilitado(s) para a prova did\u00e1tica<\/b><\/td>\n<td><a href=\"https:\/\/jandaiadosul.ufpr.br\/concursos\/wp-content\/uploads\/sites\/38\/2024\/02\/sei_6380304_edital_4-1.pdf\">Edital 05\/2024<\/a><\/td>\n<td><strong>06\/02\/2024<\/strong><\/td>\n<\/tr>\n<tr>\n<td><b>Retifica\u00e7\u00e3o Cronograma<\/b><\/td>\n<td><a href=\"https:\/\/jandaiadosul.ufpr.br\/concursos\/wp-content\/uploads\/sites\/38\/2024\/02\/sei_6385488_edital_5.pdf\">Edital Retifica\u00e7\u00e3o<\/a><\/td>\n<td><strong>07\/02\/2024<\/strong><\/td>\n<\/tr>\n<tr>\n<td><strong>Convoca\u00e7\u00e3o para Sorteio da Prova Did\u00e1tica e Crit\u00e9rios de Avalia\u00e7\u00e3o da Prova Did\u00e1tica<\/strong>\u00a0<b><br \/>\n<\/b><\/td>\n<td><a href=\"https:\/\/jandaiadosul.ufpr.br\/concursos\/wp-content\/uploads\/sites\/38\/2024\/02\/sei_6414010_edital_7.pdf\">Edital Prova Did\u00e1tica<\/a><\/td>\n<td><strong>21\/02\/2024<\/strong><\/td>\n<\/tr>\n<tr>\n<td><strong>Convoca\u00e7\u00e3o Prova Did\u00e1tica\u00a0<\/strong><\/td>\n<td><a href=\"https:\/\/jandaiadosul.ufpr.br\/concursos\/wp-content\/uploads\/sites\/38\/2024\/02\/sei_6427907_edital_8.pdf\">Edital 08\/2024<\/a><\/td>\n<td><strong>26\/02\/2024<\/strong><\/td>\n<\/tr>\n<tr>\n<td><strong>Resultado Final<\/strong><\/td>\n<td><a href=\"https:\/\/jandaiadosul.ufpr.br\/concursos\/wp-content\/uploads\/sites\/38\/2024\/02\/sei_6435230_edital_9-1.pdf\">Edital 09\/2024<\/a><\/td>\n<td><strong>29\/02\/2024<\/strong><\/td>\n<\/tr>\n<\/tbody>\n<\/table>\n<p>&nbsp;<\/p>\n","protected":false},"excerpt":{"rendered":"<p>Vaga 01 \u00c1rea de Conhecimento:\u00a0F\u00edsico-Qu\u00edmica e Qu\u00edmica Geral Mat\u00e9ria Espec\u00edfica:\u00a0F\u00edsico-Qu\u00edmica Processo:\u00a023075.07 8412\/2023-81 N\u00famero de Vagas: 01 (uma) Regime de Trabalho: 40 (quarenta) horas semanais Requisito: [&hellip;]<\/p>\n","protected":false},"author":3658,"featured_media":0,"parent":0,"menu_order":0,"comment_status":"closed","ping_status":"closed","template":"","meta":{"_acf_changed":false,"footnotes":""},"class_list":["post-451","page","type-page","status-publish","hentry"],"acf":[],"_links":{"self":[{"href":"https:\/\/jandaiadosul.ufpr.br\/concursos\/wp-json\/wp\/v2\/pages\/451","targetHints":{"allow":["GET"]}}],"collection":[{"href":"https:\/\/jandaiadosul.ufpr.br\/concursos\/wp-json\/wp\/v2\/pages"}],"about":[{"href":"https:\/\/jandaiadosul.ufpr.br\/concursos\/wp-json\/wp\/v2\/types\/page"}],"author":[{"embeddable":true,"href":"https:\/\/jandaiadosul.ufpr.br\/concursos\/wp-json\/wp\/v2\/users\/3658"}],"replies":[{"embeddable":true,"href":"https:\/\/jandaiadosul.ufpr.br\/concursos\/wp-json\/wp\/v2\/comments?post=451"}],"version-history":[{"count":2,"href":"https:\/\/jandaiadosul.ufpr.br\/concursos\/wp-json\/wp\/v2\/pages\/451\/revisions"}],"predecessor-version":[{"id":456,"href":"https:\/\/jandaiadosul.ufpr.br\/concursos\/wp-json\/wp\/v2\/pages\/451\/revisions\/456"}],"wp:attachment":[{"href":"https:\/\/jandaiadosul.ufpr.br\/concursos\/wp-json\/wp\/v2\/media?parent=451"}],"curies":[{"name":"wp","href":"https:\/\/api.w.org\/{rel}","templated":true}]}}