{"id":17,"date":"2023-02-01T10:19:37","date_gmt":"2023-02-01T13:19:37","guid":{"rendered":"https:\/\/jandaiadosul.ufpr.br\/concursos\/?page_id=17"},"modified":"2023-02-01T11:46:07","modified_gmt":"2023-02-01T14:46:07","slug":"concursos-tecnicos","status":"publish","type":"page","link":"https:\/\/jandaiadosul.ufpr.br\/concursos\/concursos-tecnicos\/","title":{"rendered":"Concursos T\u00e9cnicos"},"content":{"rendered":"<p><span style=\"font-size: 14pt;\">Concursos para a carreira t\u00e9cnico-administrativa\u00a0para o\u00a0<em>Campus<\/em>\u00a0em Jandaia do Sul<\/span><\/p>\n<p>&nbsp;<\/p>\n<h2><span style=\"font-size: 14pt;\"><strong><a href=\"https:\/\/jandaiadosul.ufpr.br\/geral\/concurso-para-tecnico-em-agropecuaria-tecnico-em-alimentos-e-laticinios-e-tecnico-de-laboratorio-quimica\/\">Edital N\u00ba 438\/16<\/a><\/strong> &#8211; Encerrado<\/span><\/h2>\n<p><span style=\"font-size: 14pt;\">&#8211; T\u00e9cnico em Agropecu\u00e1ria<\/span><br \/>\n<span style=\"font-size: 14pt;\">&#8211; T\u00e9cnico em Alimentos e Latic\u00ednios<\/span><br \/>\n<span style=\"font-size: 14pt;\">&#8211; T\u00e9cnico de Laborat\u00f3rio Qu\u00edmica<\/span><\/p>\n<h2><span style=\"font-size: 14pt;\"><strong><a href=\"https:\/\/jandaiadosul.ufpr.br\/noticias_ufpr\/concurso-para-medico-clinico-geral-e-tradutor-e-interprete-de-linguagem-de-sinais\/\">Edital N\u00ba 340\/16 e 341\/16<\/a><\/strong> &#8211; Encerrado<\/span><\/h2>\n<p><span style=\"font-size: 14pt;\">&#8211;\u00a0M\u00e9dico\/ Cl\u00ednico Geral<\/span><br \/>\n<span style=\"font-size: 14pt;\">&#8211;\u00a0Tradutor e Int\u00e9rprete de Linguagem de Sinais<\/span><\/p>\n<h2><span style=\"font-size: 14pt;\"><strong><a href=\"https:\/\/jandaiadosul.ufpr.br\/noticias_ufpr\/concurso-publico-ufpr-2014\/\">Edital N\u00ba 413\/14<\/a><\/strong> &#8211; Encerrado<\/span><\/h2>\n<p><span style=\"font-size: 14pt;\">&#8211;\u00a0Assistente Social<\/span><br \/>\n<span style=\"font-size: 14pt;\">&#8211; Pedagogo<\/span><br \/>\n<span style=\"font-size: 14pt;\">&#8211; Psic\u00f3logo<\/span><br \/>\n<span style=\"font-size: 14pt;\">&#8211; Tecnologia da Informa\u00e7\u00e3o<\/span><\/p>\n<h1><\/h1>\n","protected":false},"excerpt":{"rendered":"<p>Concursos para a carreira t\u00e9cnico-administrativa\u00a0para o\u00a0Campus\u00a0em Jandaia do Sul &nbsp; Edital N\u00ba 438\/16 &#8211; Encerrado &#8211; T\u00e9cnico em Agropecu\u00e1ria &#8211; T\u00e9cnico em Alimentos e Latic\u00ednios [&hellip;]<\/p>\n","protected":false},"author":3605,"featured_media":0,"parent":0,"menu_order":0,"comment_status":"closed","ping_status":"closed","template":"","meta":{"_acf_changed":false,"footnotes":""},"class_list":["post-17","page","type-page","status-publish","hentry"],"acf":[],"_links":{"self":[{"href":"https:\/\/jandaiadosul.ufpr.br\/concursos\/wp-json\/wp\/v2\/pages\/17","targetHints":{"allow":["GET"]}}],"collection":[{"href":"https:\/\/jandaiadosul.ufpr.br\/concursos\/wp-json\/wp\/v2\/pages"}],"about":[{"href":"https:\/\/jandaiadosul.ufpr.br\/concursos\/wp-json\/wp\/v2\/types\/page"}],"author":[{"embeddable":true,"href":"https:\/\/jandaiadosul.ufpr.br\/concursos\/wp-json\/wp\/v2\/users\/3605"}],"replies":[{"embeddable":true,"href":"https:\/\/jandaiadosul.ufpr.br\/concursos\/wp-json\/wp\/v2\/comments?post=17"}],"version-history":[{"count":3,"href":"https:\/\/jandaiadosul.ufpr.br\/concursos\/wp-json\/wp\/v2\/pages\/17\/revisions"}],"predecessor-version":[{"id":41,"href":"https:\/\/jandaiadosul.ufpr.br\/concursos\/wp-json\/wp\/v2\/pages\/17\/revisions\/41"}],"wp:attachment":[{"href":"https:\/\/jandaiadosul.ufpr.br\/concursos\/wp-json\/wp\/v2\/media?parent=17"}],"curies":[{"name":"wp","href":"https:\/\/api.w.org\/{rel}","templated":true}]}}