{"id":15,"date":"2023-02-01T10:18:53","date_gmt":"2023-02-01T13:18:53","guid":{"rendered":"https:\/\/jandaiadosul.ufpr.br\/concursos\/?page_id=15"},"modified":"2025-06-03T10:32:33","modified_gmt":"2025-06-03T13:32:33","slug":"concursos-docentes","status":"publish","type":"page","link":"https:\/\/jandaiadosul.ufpr.br\/concursos\/concursos-docentes\/","title":{"rendered":""},"content":{"rendered":"<h3>Em andamento:<\/h3>\n<p>&nbsp;<\/p>\n<p>Ci\u00eancias Agr\u00e1rias\/Agronomia\/Fitotecnia &#8211;\u00a0Edital 86\/25-PROGEPE<\/p>\n<p>\u00c1rea: <a href=\"https:\/\/jandaiadosul.ufpr.br\/concursos\/1056-2\/\">Melhoramento Gen\u00e9tico<\/a><\/p>\n<p>\u00c1rea: <a href=\"https:\/\/jandaiadosul.ufpr.br\/concursos\/1061-2\/\">Entomologia Agr\u00edcola<\/a><\/p>\n<p>&nbsp;<\/p>\n<p>&nbsp;<\/p>\n<p>&nbsp;<\/p>\n<p>Encerrados:<\/p>\n<p><a href=\"https:\/\/jandaiadosul.ufpr.br\/concursos\/concursos-docentes-encerrados\/\">Concursos Finalizados<\/a><\/p>\n<p><a href=\"https:\/\/jandaiadosul.ufpr.br\/concursos\/edital-349-24-ensino-de-matematica-matematica\/\">Edital 349\/24 &#8211; Ensino de Matem\u00e1tica\/Matem\u00e1tica<\/a><\/p>\n","protected":false},"excerpt":{"rendered":"<p>Em andamento: &nbsp; Ci\u00eancias Agr\u00e1rias\/Agronomia\/Fitotecnia &#8211;\u00a0Edital 86\/25-PROGEPE \u00c1rea: Melhoramento Gen\u00e9tico \u00c1rea: Entomologia Agr\u00edcola &nbsp; &nbsp; &nbsp; Encerrados: Concursos Finalizados Edital 349\/24 &#8211; Ensino de Matem\u00e1tica\/Matem\u00e1tica<\/p>\n","protected":false},"author":3605,"featured_media":0,"parent":0,"menu_order":0,"comment_status":"closed","ping_status":"closed","template":"","meta":{"_acf_changed":false,"footnotes":""},"class_list":["post-15","page","type-page","status-publish","hentry"],"acf":[],"_links":{"self":[{"href":"https:\/\/jandaiadosul.ufpr.br\/concursos\/wp-json\/wp\/v2\/pages\/15","targetHints":{"allow":["GET"]}}],"collection":[{"href":"https:\/\/jandaiadosul.ufpr.br\/concursos\/wp-json\/wp\/v2\/pages"}],"about":[{"href":"https:\/\/jandaiadosul.ufpr.br\/concursos\/wp-json\/wp\/v2\/types\/page"}],"author":[{"embeddable":true,"href":"https:\/\/jandaiadosul.ufpr.br\/concursos\/wp-json\/wp\/v2\/users\/3605"}],"replies":[{"embeddable":true,"href":"https:\/\/jandaiadosul.ufpr.br\/concursos\/wp-json\/wp\/v2\/comments?post=15"}],"version-history":[{"count":82,"href":"https:\/\/jandaiadosul.ufpr.br\/concursos\/wp-json\/wp\/v2\/pages\/15\/revisions"}],"predecessor-version":[{"id":1074,"href":"https:\/\/jandaiadosul.ufpr.br\/concursos\/wp-json\/wp\/v2\/pages\/15\/revisions\/1074"}],"wp:attachment":[{"href":"https:\/\/jandaiadosul.ufpr.br\/concursos\/wp-json\/wp\/v2\/media?parent=15"}],"curies":[{"name":"wp","href":"https:\/\/api.w.org\/{rel}","templated":true}]}}