{"id":1238,"date":"2025-07-18T13:15:51","date_gmt":"2025-07-18T16:15:51","guid":{"rendered":"https:\/\/jandaiadosul.ufpr.br\/concursos\/?page_id=1238"},"modified":"2025-08-07T16:28:47","modified_gmt":"2025-08-07T19:28:47","slug":"quimica","status":"publish","type":"page","link":"https:\/\/jandaiadosul.ufpr.br\/concursos\/quimica\/","title":{"rendered":""},"content":{"rendered":"<p><span style=\"font-size: 14pt\"><strong><span style=\"text-decoration: underline\">TESTE SELETIVO<\/span> <\/strong><\/span><\/p>\n<p><span style=\"font-size: 14pt\"><strong>QU\u00cdMICA GERAL E FISICO-QU\u00cdMICA &#8211; \u00a0EDITAL N\u00ba 227\/2025 &#8211; PROGEPE<\/strong><\/span><\/p>\n<p>&nbsp;<\/p>\n<p class=\"x_Texto_Justificado\"><strong>\u00c1rea de Conhecimento: Qu\u00edmica Geral e Fisico-Qu\u00edmica<\/strong><\/p>\n<p class=\"x_Texto_Justificado\"><strong>Mat\u00e9ria Espec\u00edfica: <\/strong>Qu\u00edmica Geral e Fisico-Qu\u00edmica<\/p>\n<p class=\"x_Texto_Justificado\"><strong>Processo:<\/strong> 23075.032939\/2025-21<\/p>\n<p class=\"x_Texto_Justificado\"><strong>N\u00famero de Vagas<\/strong>: 01 (uma)<\/p>\n<p class=\"x_Texto_Justificado\"><strong>Regime de Trabalho<\/strong>: 20 (vinte) horas semanais<\/p>\n<p class=\"x_Texto_Justificado\"><strong>Requisito:<\/strong> Licenciatura em Ci\u00eancias Exatas-Qu\u00edmica, Licenciatura ou Bacharelado em Qu\u00edmica, com Mestrado ou Doutorado em Qu\u00edmica, ou Mestrado ou Doutorado em Ensino de Qu\u00edmica, obtidos na forma da lei.<\/p>\n<p class=\"x_Texto_Justificado\"><strong>Tipos de Provas<\/strong>: An\u00e1lise de Curr\u00edculo (Curr\u00edculo e comprovantes dever\u00e3o ser ordenados conforme a Resolu\u00e7\u00e3o n\u00ba 70\/16-CEPE) e Prova Did\u00e1tica. Sendo a prova did\u00e1tica de forma presencial.<\/p>\n<p class=\"x_Texto_Justificado\"><strong>Local das Inscri\u00e7\u00f5es<\/strong>: \u00a0As inscri\u00e7\u00f5es ser\u00e3o enviadas exclusivamente para o email\u00a0<strong>uaa.jandaia@ufpr.br<\/strong>, que gerar\u00e1 ao candidato um protocolo de recebimento da inscri\u00e7\u00e3o.<\/p>\n<p class=\"x_Texto_Justificado\"><strong>O per\u00edodo das inscri\u00e7\u00f5es ser\u00e1:<\/strong> <strong>07 (SETE) DIAS \u00daTEIS<\/strong> a partir do dia \u00fatil subsequente ao dia da publica\u00e7\u00e3o do presente Edital no Di\u00e1rio Oficial da Uni\u00e3o. (de <a href=\"https:\/\/progepe.ufpr.br\/a\/concursos\/docente\/concursos_publicos\/editais\/edital227-25.pdf\" target=\"_blank\" rel=\"noopener\">18\/07\/2025 a 28\/07\/2025)<\/a><\/p>\n<p>&nbsp;<\/p>\n<table style=\"height: 433px;width: 69.7954%;border-collapse: collapse;border-color: #000000\">\n<tbody>\n<tr style=\"height: 24px\">\n<td style=\"width: 33.0027%;height: 19px\"><strong>Edital n\u00b0 227\/2025 &#8211; PROGEPE<\/strong><\/td>\n<td style=\"width: 29.4465%;height: 19px\"><span style=\"color: #0000ff\"><strong><a style=\"color: #0000ff\" href=\"https:\/\/jandaiadosul.ufpr.br\/concursos\/wp-content\/uploads\/sites\/38\/2025\/07\/edital_n__227_2025_progepe.pdf\">Edital n\u00b0 227\/2025<\/a><\/strong><\/span><\/td>\n<td style=\"width: 13.1332%;height: 19px\">18\/07\/2025<\/td>\n<\/tr>\n<tr style=\"height: 24px\">\n<td style=\"width: 33.0027%;height: 19px\"><strong>Parecer &#8211; Solicita\u00e7\u00e3o de Isen\u00e7\u00e3o de Taxa de Inscri\u00e7\u00e3o<\/strong><\/td>\n<td style=\"width: 29.4465%;height: 19px\"><span style=\"color: #0000ff\"><strong><a style=\"color: #0000ff\" href=\"https:\/\/jandaiadosul.ufpr.br\/concursos\/wp-content\/uploads\/sites\/38\/2025\/07\/parecer.pdf\">Resultado<\/a><\/strong><\/span><\/td>\n<td style=\"width: 13.1332%;height: 19px\">24\/07\/2025<\/td>\n<\/tr>\n<tr style=\"height: 47px\">\n<td style=\"width: 33.0027%;height: 47px\"><strong>Banca de Homologa\u00e7\u00e3o das Inscri\u00e7\u00f5es<\/strong><\/td>\n<td style=\"width: 29.4465%;height: 47px\"><span style=\"color: #0000ff\"><strong><a style=\"color: #0000ff\" href=\"https:\/\/jandaiadosul.ufpr.br\/concursos\/wp-content\/uploads\/sites\/38\/2025\/07\/sei_7982857_portaria_47-julgadora-concurso-quimica-20h.pdf\">Portaria 47<\/a><\/strong><\/span><\/td>\n<td style=\"width: 13.1332%;height: 47px\">28\/07\/2025<\/td>\n<\/tr>\n<tr style=\"height: 47px\">\n<td style=\"width: 33.0027%;height: 47px\"><strong>Edital de Homologa\u00e7\u00e3o das Inscri\u00e7\u00f5es<\/strong><\/td>\n<td style=\"width: 29.4465%;height: 47px\"><span style=\"color: #0000ff\"><strong><a style=\"color: #0000ff\" href=\"https:\/\/jandaiadosul.ufpr.br\/concursos\/wp-content\/uploads\/sites\/38\/2025\/07\/sei_7989579_edital_1.pdf\">Edital 01<\/a><\/strong><\/span><\/td>\n<td style=\"width: 13.1332%;height: 47px\">29\/07\/2025<\/td>\n<\/tr>\n<tr style=\"height: 31px\">\n<td style=\"width: 33.0027%;height: 31px\"><strong>Banca julgadora do teste seletivo<\/strong><\/td>\n<td style=\"width: 29.4465%;height: 31px\"><a href=\"https:\/\/jandaiadosul.ufpr.br\/concursos\/wp-content\/uploads\/sites\/38\/2025\/07\/sei_7990219_portaria_48_banca_julgadora_concurso_quimica.pdf\"><span style=\"color: #0000ff\"><strong>Portaria 48<\/strong><\/span><\/a><\/td>\n<td style=\"width: 13.1332%;height: 31px\">30\/07\/2025<\/td>\n<\/tr>\n<tr style=\"height: 47px\">\n<td style=\"width: 33.0027%;height: 47px\"><strong>Altera\u00e7\u00e3o da Banca julgadora do processo seletivo<\/strong><\/td>\n<td style=\"width: 29.4465%;height: 47px\"><span style=\"text-decoration: underline;color: #0000ff\"><strong><a style=\"color: #0000ff;text-decoration: underline\" href=\"https:\/\/jandaiadosul.ufpr.br\/concursos\/wp-content\/uploads\/sites\/38\/2025\/07\/sei_7997204_portaria_49.pdf\">Portaria 49<\/a><\/strong><\/span><\/td>\n<td style=\"width: 13.1332%;height: 47px\">31\/07\/2025<\/td>\n<\/tr>\n<tr style=\"height: 47px\">\n<td style=\"width: 33.0027%;height: 47px\"><strong>Cronograma de atividades do processo seletivo<\/strong><\/td>\n<td style=\"width: 29.4465%;height: 47px\"><a href=\"https:\/\/jandaiadosul.ufpr.br\/concursos\/wp-content\/uploads\/sites\/38\/2025\/08\/sei_7999375_edital_1_cronograma-de-atividades.pdf\"><span style=\"color: #0000ff\"><b><u>Edital 01 &#8211; Cronograma<\/u><\/b><\/span><\/a><\/td>\n<td style=\"width: 13.1332%;height: 47px\">01\/08\/2025<\/td>\n<\/tr>\n<tr style=\"height: 47px\">\n<td style=\"width: 33.0027%;height: 47px\"><strong>Candidatos habilitados para a prova did\u00e1tica<\/strong><\/td>\n<td style=\"width: 29.4465%;height: 47px\"><span style=\"text-decoration: underline;color: #0000ff\"><a style=\"color: #0000ff\" href=\"https:\/\/jandaiadosul.ufpr.br\/concursos\/wp-content\/uploads\/sites\/38\/2025\/08\/sei_8002258_edital_2_candidatos-habilitados-para-didatica.pdf\"><b>Edital 02 &#8211; Candidatos<\/b><\/a><\/span><\/td>\n<td style=\"width: 13.1332%;height: 47px\">01\/08\/2025<\/td>\n<\/tr>\n<tr style=\"height: 23px\">\n<td style=\"width: 33.0027%;height: 23px\"><strong>Instru\u00e7\u00f5es para realiza\u00e7\u00e3o da prova did\u00e1tica<\/strong><\/td>\n<td style=\"width: 29.4465%;height: 23px\"><span style=\"text-decoration: underline;color: #0000ff\"><a style=\"color: #0000ff\" href=\"https:\/\/jandaiadosul.ufpr.br\/concursos\/wp-content\/uploads\/sites\/38\/2025\/08\/sei_8002885_edital_3_instrucoes-prova-didatica.pdf\"><b>Edital 03 &#8211; Instru\u00e7\u00f5es<\/b><\/a><\/span><\/td>\n<td style=\"width: 13.1332%;height: 23px\">01\/08\/2025<\/td>\n<\/tr>\n<tr style=\"height: 35px\">\n<td style=\"width: 33.0027%;height: 35px\"><strong>Edital n\u00ba 2\/2025 &#8211; RETIFICADO<\/strong><\/td>\n<td style=\"width: 29.4465%;height: 35px\"><a href=\"https:\/\/jandaiadosul.ufpr.br\/concursos\/wp-content\/uploads\/sites\/38\/2025\/08\/sei_8004425_edital_2-retificado-teste-seletivo.pdf\"><span style=\"text-decoration: underline;color: #0000ff\"><b>Edital 02 &#8211; Retifica\u00e7\u00e3o<\/b><\/span><\/a><\/td>\n<td style=\"width: 13.1332%;height: 35px\">04\/08\/2025<\/td>\n<\/tr>\n<tr style=\"height: 31px\">\n<td style=\"width: 33.0027%;height: 37px\"><strong>Resultado da Prova Did\u00e1tica<\/strong><\/td>\n<td style=\"width: 29.4465%;height: 37px\"><span style=\"text-decoration: underline;color: #0000ff\"><b><a style=\"color: #0000ff;text-decoration: underline\" href=\"https:\/\/jandaiadosul.ufpr.br\/concursos\/wp-content\/uploads\/sites\/38\/2025\/08\/sei_8016620_edital_4_resultado_didatica.pdf\">Edital 04<\/a><\/b><\/span><\/td>\n<td style=\"width: 13.1332%;height: 37px\">07\/08\/2025<\/td>\n<\/tr>\n<tr style=\"height: 34px\">\n<td style=\"width: 33.0027%;height: 34px\"><strong>Resultado Final do Processo Seletivo<\/strong><\/td>\n<td style=\"width: 29.4465%;height: 34px\"><span style=\"text-decoration: underline;color: #0000ff\"><b><a style=\"color: #0000ff;text-decoration: underline\" href=\"https:\/\/jandaiadosul.ufpr.br\/concursos\/wp-content\/uploads\/sites\/38\/2025\/08\/sei_8021715_edital_7.pdf\">Edital 07<\/a><\/b><\/span><\/td>\n<td style=\"width: 13.1332%;height: 34px\">07\/08\/2025<\/td>\n<\/tr>\n<\/tbody>\n<\/table>\n","protected":false},"excerpt":{"rendered":"<p>TESTE SELETIVO QU\u00cdMICA GERAL E FISICO-QU\u00cdMICA &#8211; \u00a0EDITAL N\u00ba 227\/2025 &#8211; PROGEPE &nbsp; \u00c1rea de Conhecimento: Qu\u00edmica Geral e Fisico-Qu\u00edmica Mat\u00e9ria Espec\u00edfica: Qu\u00edmica Geral e [&hellip;]<\/p>\n","protected":false},"author":3635,"featured_media":0,"parent":0,"menu_order":0,"comment_status":"closed","ping_status":"closed","template":"","meta":{"_acf_changed":false,"footnotes":""},"class_list":["post-1238","page","type-page","status-publish","hentry"],"acf":[],"_links":{"self":[{"href":"https:\/\/jandaiadosul.ufpr.br\/concursos\/wp-json\/wp\/v2\/pages\/1238","targetHints":{"allow":["GET"]}}],"collection":[{"href":"https:\/\/jandaiadosul.ufpr.br\/concursos\/wp-json\/wp\/v2\/pages"}],"about":[{"href":"https:\/\/jandaiadosul.ufpr.br\/concursos\/wp-json\/wp\/v2\/types\/page"}],"author":[{"embeddable":true,"href":"https:\/\/jandaiadosul.ufpr.br\/concursos\/wp-json\/wp\/v2\/users\/3635"}],"replies":[{"embeddable":true,"href":"https:\/\/jandaiadosul.ufpr.br\/concursos\/wp-json\/wp\/v2\/comments?post=1238"}],"version-history":[{"count":26,"href":"https:\/\/jandaiadosul.ufpr.br\/concursos\/wp-json\/wp\/v2\/pages\/1238\/revisions"}],"predecessor-version":[{"id":1339,"href":"https:\/\/jandaiadosul.ufpr.br\/concursos\/wp-json\/wp\/v2\/pages\/1238\/revisions\/1339"}],"wp:attachment":[{"href":"https:\/\/jandaiadosul.ufpr.br\/concursos\/wp-json\/wp\/v2\/media?parent=1238"}],"curies":[{"name":"wp","href":"https:\/\/api.w.org\/{rel}","templated":true}]}}