{"id":2,"date":"2022-09-06T11:13:58","date_gmt":"2022-09-06T14:13:58","guid":{"rendered":"http:\/\/comunicacao.jandaiadosul.ufpr.br\/?page_id=2"},"modified":"2025-03-13T15:24:00","modified_gmt":"2025-03-13T18:24:00","slug":"pagina-exemplo","status":"publish","type":"page","link":"https:\/\/jandaiadosul.ufpr.br\/comunicacao\/","title":{"rendered":""},"content":{"rendered":"\t\t<div data-elementor-type=\"wp-page\" data-elementor-id=\"2\" class=\"elementor elementor-2\">\n\t\t\t\t\t\t<section class=\"elementor-section elementor-top-section elementor-element elementor-element-125bdf5e elementor-section-boxed elementor-section-height-default elementor-section-height-default\" data-id=\"125bdf5e\" data-element_type=\"section\" data-e-type=\"section\">\n\t\t\t\t\t\t<div class=\"elementor-container elementor-column-gap-default\">\n\t\t\t\t\t<div class=\"elementor-column elementor-col-100 elementor-top-column elementor-element elementor-element-1f74dac5\" data-id=\"1f74dac5\" data-element_type=\"column\" data-e-type=\"column\">\n\t\t\t<div class=\"elementor-widget-wrap elementor-element-populated\">\n\t\t\t\t\t\t<div class=\"elementor-element elementor-element-a0c541d elementor-widget elementor-widget-text-editor\" data-id=\"a0c541d\" data-element_type=\"widget\" data-e-type=\"widget\" data-widget_type=\"text-editor.default\">\n\t\t\t\t<div class=\"elementor-widget-container\">\n\t\t\t\t\t\t\t\t\t<h2><strong>Para Solicitar Servi\u00e7os de comunica\u00e7\u00e3o\/divulga\u00e7\u00e3o click no link abaixo:<\/strong><\/h2><p>\u00a0<\/p><h3><strong><span style=\"color: #0000ff\"><a style=\"color: #0000ff\" href=\"https:\/\/forms.office.com\/r\/QRWEk1ZmwY\" target=\"_blank\" rel=\"nofollow noopener noreferrer\">Solicita\u00e7\u00e3o de divulga\u00e7\u00e3o<\/a><\/span><\/strong><\/h3><p>\u00a0<\/p><h2><strong>Clique nos arquivos abaixo para acessar os materiais:<\/strong><\/h2><p>\u00a0<\/p><h3><span style=\"color: #000000\"><strong>1 &#8211; Logomarca UFPR Jandaia do Sul<\/strong><\/span><\/h3><p><strong><span style=\"color: #0000ff\"><a style=\"color: #0000ff\" href=\"https:\/\/jandaiadosul.ufpr.br\/wp-content\/uploads\/2022\/07\/Fonts.zip\">Fontes<\/a><\/span><\/strong><br \/><strong><span style=\"color: #0000ff\"><a style=\"color: #0000ff\" href=\"https:\/\/jandaiadosul.ufpr.br\/wp-content\/uploads\/2022\/07\/vetores.zip\">Logo &#8211; Vetores<\/a><\/span><\/strong><br \/><strong><span style=\"color: #0000ff\"><a style=\"color: #0000ff\" href=\"https:\/\/jandaiadosul.ufpr.br\/wp-content\/uploads\/2022\/07\/Logo_png_jpg.zip\">Logo (horizontal e vertical)- JPG e PNG<\/a><\/span><\/strong><br \/><strong><span style=\"color: #0000ff\"><a style=\"color: #0000ff\" href=\"https:\/\/jandaiadosul.ufpr.br\/wp-content\/uploads\/2022\/07\/UFPR-Jandaia-Logo-e-cores-horizontal.pdf\">Logo horizontal &#8211; PDF<\/a><\/span><\/strong><\/p><p><strong><span style=\"color: #0000ff\"><a style=\"color: #0000ff\" href=\"http:\/\/jandaiadosul.ufpr.br\/comunicacao\/wp-content\/uploads\/sites\/19\/2023\/11\/ufpr-azul-jandaia-do-sul.png\">Logo &#8211; UFPR Padr\u00e3o + Jandaia do Sul (azul)<\/a><\/span><\/strong><\/p><p><strong><span style=\"color: #0000ff\"><a style=\"color: #0000ff\" href=\"http:\/\/jandaiadosul.ufpr.br\/comunicacao\/wp-content\/uploads\/sites\/19\/2023\/11\/ufpr-preta-jandaia-do-sul.png\">Logo &#8211; UFPR Padr\u00e3o + Jandaia do Sul (preto)<\/a><\/span><\/strong><\/p><p><strong><span style=\"color: #0000ff\"><a style=\"color: #0000ff\" href=\"http:\/\/jandaiadosul.ufpr.br\/comunicacao\/wp-content\/uploads\/sites\/19\/2023\/11\/ufpr-jandaia-do-sul.pdf\">Logo &#8211; UFPR Padr\u00e3o + Jandaia do Sul (pdf)<\/a><\/span><\/strong><\/p><p>\u00a0<\/p><h3><span style=\"color: #000000\"><strong>2 &#8211; Logomarcas UFPR<\/strong><\/span><\/h3><p><a href=\"https:\/\/www.ufpr.br\/portalufpr\/manual-de-marca-ufpr\/\" target=\"_blank\" rel=\"noopener\">Logomarca UFPR<\/a><\/p><h3><span style=\"color: #000000\"><strong>3 &#8211; Manuais de orienta\u00e7\u00e3o UFPR<\/strong><\/span><\/h3><p><a href=\"https:\/\/www.ufpr.br\/portalufpr\/manuais\/\">Manuais SUCOM<\/a><\/p><p>\u00a0<\/p><h2><strong>CONTATOS<\/strong><\/h2><table><tbody><tr><td><h5><a href=\"mailto:comunicacaojs@ufpr.br\" target=\"_blank\" rel=\"noopener\"><img decoding=\"async\" class=\"alignnone size-full wp-image-101\" src=\"https:\/\/jandaiadosul.ufpr.br\/novosite\/wp-content\/uploads\/2014\/04\/mail.png\" alt=\"mail\" width=\"15\" height=\"11\" \/> comunicacaojs@ufpr.br<\/a><\/h5><\/td><\/tr><tr><td><h5><a href=\"mailto:comunicacaojandaia@gmail.com\"><img decoding=\"async\" class=\"alignnone size-full wp-image-101\" src=\"https:\/\/jandaiadosul.ufpr.br\/novosite\/wp-content\/uploads\/2014\/04\/mail.png\" alt=\"mail\" width=\"15\" height=\"11\" \/> comunicacaojandaia@gmail.com<\/a><\/h5><\/td><\/tr><tr><td>Telefone: (41) 9 8535-0118 \u00a0 \u00a0 <img decoding=\"async\" class=\"size-full wp-image-94 alignleft\" src=\"https:\/\/jandaiadosul.ufpr.br\/wp-content\/uploads\/2014\/04\/fone.png\" alt=\"\" width=\"15\" height=\"15\" \/><\/td><\/tr><\/tbody><\/table><p>\u00a0<\/p>\t\t\t\t\t\t\t\t<\/div>\n\t\t\t\t<\/div>\n\t\t\t\t\t<\/div>\n\t\t<\/div>\n\t\t\t\t\t<\/div>\n\t\t<\/section>\n\t\t\t\t<\/div>\n\t\t","protected":false},"excerpt":{"rendered":"<p>Para Solicitar Servi\u00e7os de comunica\u00e7\u00e3o\/divulga\u00e7\u00e3o click no link abaixo: \u00a0 Solicita\u00e7\u00e3o de divulga\u00e7\u00e3o \u00a0 Clique nos arquivos abaixo para acessar os materiais: \u00a0 1 &#8211; [&hellip;]<\/p>\n","protected":false},"author":3635,"featured_media":0,"parent":0,"menu_order":0,"comment_status":"closed","ping_status":"open","template":"","meta":{"_acf_changed":false,"footnotes":""},"class_list":["post-2","page","type-page","status-publish","hentry"],"acf":[],"_links":{"self":[{"href":"https:\/\/jandaiadosul.ufpr.br\/comunicacao\/wp-json\/wp\/v2\/pages\/2","targetHints":{"allow":["GET"]}}],"collection":[{"href":"https:\/\/jandaiadosul.ufpr.br\/comunicacao\/wp-json\/wp\/v2\/pages"}],"about":[{"href":"https:\/\/jandaiadosul.ufpr.br\/comunicacao\/wp-json\/wp\/v2\/types\/page"}],"author":[{"embeddable":true,"href":"https:\/\/jandaiadosul.ufpr.br\/comunicacao\/wp-json\/wp\/v2\/users\/3635"}],"replies":[{"embeddable":true,"href":"https:\/\/jandaiadosul.ufpr.br\/comunicacao\/wp-json\/wp\/v2\/comments?post=2"}],"version-history":[{"count":18,"href":"https:\/\/jandaiadosul.ufpr.br\/comunicacao\/wp-json\/wp\/v2\/pages\/2\/revisions"}],"predecessor-version":[{"id":123,"href":"https:\/\/jandaiadosul.ufpr.br\/comunicacao\/wp-json\/wp\/v2\/pages\/2\/revisions\/123"}],"wp:attachment":[{"href":"https:\/\/jandaiadosul.ufpr.br\/comunicacao\/wp-json\/wp\/v2\/media?parent=2"}],"curies":[{"name":"wp","href":"https:\/\/api.w.org\/{rel}","templated":true}]}}