{"id":2,"date":"2022-08-25T15:12:37","date_gmt":"2022-08-25T18:12:37","guid":{"rendered":"http:\/\/centran.jandaiadosul.ufpr.br\/?page_id=2"},"modified":"2025-04-22T11:42:08","modified_gmt":"2025-04-22T14:42:08","slug":"pagina-exemplo","status":"publish","type":"page","link":"https:\/\/jandaiadosul.ufpr.br\/centran\/","title":{"rendered":"CENTRAN"},"content":{"rendered":"<p><\/p>\r\n<p>A Superintend\u00eancia de Log\u00edstica (SULOG), por interm\u00e9dio da Coordenadoria da Central de Transportes (CENTRAN), \u00e9 respons\u00e1vel pela manuten\u00e7\u00e3o, conserva\u00e7\u00e3o e gerenciamento da utiliza\u00e7\u00e3o da frota oficial da UFPR.<\/p>\r\n<p>&nbsp;<\/p>\r\n<p><strong>As solicita\u00e7\u00f5es devem ser feitas atrav\u00e9s do Sistema Integrado de Controle de Frotas<\/strong> (<a href=\"https:\/\/intranet.ufpr.br\/siconf\" target=\"_blank\" rel=\"noopener\">SICONF<\/a>).<\/p>\r\n<p>&nbsp;<\/p>\r\n<h3>Servidor Respons\u00e1vel<\/h3>\r\n<p><b>Daniel H\u00fctner<\/b><br \/><img decoding=\"async\" src=\"https:\/\/jandaiadosul.ufpr.br\/novosite\/wp-content\/uploads\/2014\/04\/mail.png\" alt=\"mail\" width=\"15\" height=\"11\" \/>\u00a0daniel.hutner@ufpr.br<\/p>\r\n<p>&nbsp;<\/p>\r\n<h3>Regulamenta\u00e7\u00e3o:<\/h3>\r\n<p>A <span style=\"text-decoration: underline\"><span style=\"color: #3366ff\"><a style=\"color: #3366ff;text-decoration: underline\" href=\"https:\/\/soc.ufpr.br\/wp-content\/uploads\/2025\/04\/RESOLUCAO-No-07-25-COPLAD.pdf\" target=\"_blank\" rel=\"noopener\">Resolu\u00e7\u00e3o 07\/25 \u2013 COPLAD<\/a><\/span><\/span> regulamenta a utiliza\u00e7\u00e3o dos ve\u00edculos da frota oficial da Universidade Federal do Paran\u00e1. Recomendamos atenta leitura.\u00a0<\/p>\r\n<p><em><strong>LEMBRETES IMPORTANTES:<\/strong><\/em><\/p>\r\n<p>Conforme o art. 10 \u00a7 5\u00ba, s\u00e3o considerados destinos pertencentes a nossa microrregi\u00e3o, todos os munic\u00edpios num raio de 110 km da nossa sede. Solicita\u00e7\u00f5es cujo o destino seja munic\u00edpio fora desse alcance, ser\u00e3o tratadas como viagens e devem obedecer aos prazos estabelecidos pela Resolu\u00e7\u00e3o N\u00ba 07\/25-COPLAD e em caso do condutor ser servidor com <span style=\"color: #ff6600\">&#8220;autoriza\u00e7\u00e3o para condu\u00e7\u00e3o de ve\u00edculo oficial&#8221;<\/span>, o mesmo <strong>dever\u00e1 ter o seu deslocamento registrado no Sistema de Controle de Di\u00e1rias e Passagens (SCDP)<\/strong>.<\/p>\r\n<ul>\r\n<li style=\"list-style-type: none\">\r\n<ul style=\"list-style-type: circle\">\r\n<li>Os prazos para solicita\u00e7\u00f5es de sa\u00edda devem obedecer ao constante na resolu\u00e7\u00e3o, em seu artigo 10 \u00a71\u00ba ao \u00a74\u00ba, que est\u00e3o resumidos abaixo:\r\n<ul style=\"list-style-type: circle\">\r\n<li>Sa\u00eddas para munic\u00edpios dentro da microrregi\u00e3o: <strong>anteced\u00eancia m\u00ednima<\/strong> de 24 horas, sendo atendidas conforme disponibilidade de motorista e ve\u00edculo,<\/li>\r\n<li>Sa\u00eddas para munic\u00edpios fora da microrregi\u00e3o:\r\n<ul style=\"list-style-type: circle\">\r\n<li>Sa\u00eddas de servidor (SS) ou transporte de cargas (TC), anteced\u00eancia m\u00ednima de 3 dias;<\/li>\r\n<li>Sa\u00eddas para atividades de ensino, pesquisa e extens\u00e3o (AP ou PP), anteced\u00eancia m\u00ednima de 20 dias;<\/li>\r\n<li>Sa\u00eddas para eventos (EE), anteced\u00eancia m\u00ednima de 30 dias.\u00a0\u00a0<\/li>\r\n<\/ul>\r\n<\/li>\r\n<\/ul>\r\n<\/li>\r\n<\/ul>\r\n<\/li>\r\n<\/ul>\r\n<p><em>Ser\u00e3o admitidas solicita\u00e7\u00f5es fora dos prazos, desde que devidamente justificadas, ficando o atendimento condicionado \u00e0 disponibilidade de motoristas e ve\u00edculos.\u00a0<\/em><\/p>\r\n<p><span style=\"text-decoration: underline\">Todas as sa\u00eddas s\u00f3 poder\u00e3o ser agendadas com a devida autoriza\u00e7\u00e3o do ordenador de despesa, no nosso caso a Dire\u00e7\u00e3o do campus.<\/span><\/p>\r\n<p>Em caso de sa\u00eddas com ve\u00edculos oficiais, n\u00e3o sendo o condutor um dos motoristas oficiais (do quadro ou terceirizado), o mesmo deve retirar junto com a chave do ve\u00edculo a ficha de controle onde devem ser anotadas as quilometragens inicial e final da sa\u00edda, bem como assinar a folha e entregar ao servidor respons\u00e1vel pela CENTRAN com as chaves ao retornar. <strong>Quaisquer verifica\u00e7\u00f5es de danos preexistentes no ve\u00edculo devem ser relatados no campo &#8220;Observa\u00e7\u00f5es&#8221; da mesma folha.<\/strong><\/p>\r\n<p><span style=\"text-decoration: underline\"><strong>SA\u00cdDAS COM VE\u00cdCULOS COLETIVOS:<\/strong><\/span><\/p>\r\n<p>A lista de passageiros da solicita\u00e7\u00e3o de sa\u00edda deve ser inserida no sistema SICONF, na pr\u00f3pria solicita\u00e7\u00e3o, pelo respons\u00e1vel pela mesma <strong>at\u00e9 dois dias \u00fateis antes da sa\u00edda<\/strong>, sendo que s\u00f3 ser\u00e1 permitido o embarque das pessoas relacionadas nesta lista (conforme Art. 9\u00ba \u00a73\u00ba e \u00a74\u00ba da Resolu\u00e7\u00e3o 07\/25 &#8211; COPLAD). A lista ser\u00e1 impressa pela CENTRAN e o motorista designado entregar\u00e1 a mesma ao respons\u00e1vel pela viagem, que dever\u00e1 fazer a confer\u00eancia e tomar as medidas para garantir que apenas seja autorizado o embarque dos passageiros constantes na lista, bem como que todos os passageiros utilizem os cintos de seguran\u00e7a.<\/p>\r\n<p><em>IMPORTANTE:<\/em> O servidor respons\u00e1vel deve acompanhar o ve\u00edculo durante a viagem. \u00c9 facultado ao respons\u00e1vel delegar a outra pessoa essa atividade, sendo obrigat\u00f3rio que a pessoa indicada possua v\u00ednculo com a UFPR (servidor ou discente), e a mesma assine o Termo de Compromisso e Responsabilidade junto ao solicitante (art. 15)\u00a0<\/p>\r\n<p>&nbsp;<\/p>\r\n<p>&nbsp;<\/p>\r\n<p><strong>Agenda CENTRAN Jandaia do Sul<\/strong><\/p>\r\n<p><span style=\"color: #0000ff\"><strong><a style=\"color: #0000ff\" href=\"https:\/\/ufprbr0-my.sharepoint.com\/:x:\/r\/personal\/daniel_hutner_ufpr_br\/Documents\/CENTRAN%20-%20AGENDA.xlsx?d=w6401c951c2d640efbc2d555e42b733c8&amp;csf=1&amp;web=1&amp;e=88XEki&amp;nav=MTVfezAwMDAwMDAwLTAwMDEtMDAwMC0wMDAwLTAwMDAwMDAwMDAwMH0\" target=\"_blank\" rel=\"noopener\">CENTRAN &#8211; AGENDA.xlsx<\/a>*<\/strong><\/span><\/p>\r\n<p>*Necess\u00e1rio possuir e-mail @ufpr.br para visualizar e aguardar libera\u00e7\u00e3o para primeiro acesso.<\/p>\r\n<p>&nbsp;<\/p>\r\n<p><\/p>","protected":false},"excerpt":{"rendered":"<p>A Superintend\u00eancia de Log\u00edstica (SULOG), por interm\u00e9dio da Coordenadoria da Central de Transportes (CENTRAN), \u00e9 respons\u00e1vel pela manuten\u00e7\u00e3o, conserva\u00e7\u00e3o e gerenciamento da utiliza\u00e7\u00e3o da frota [&hellip;]<\/p>\n","protected":false},"author":3618,"featured_media":0,"parent":0,"menu_order":0,"comment_status":"closed","ping_status":"open","template":"","meta":{"_acf_changed":false,"footnotes":""},"class_list":["post-2","page","type-page","status-publish","hentry"],"acf":[],"_links":{"self":[{"href":"https:\/\/jandaiadosul.ufpr.br\/centran\/wp-json\/wp\/v2\/pages\/2","targetHints":{"allow":["GET"]}}],"collection":[{"href":"https:\/\/jandaiadosul.ufpr.br\/centran\/wp-json\/wp\/v2\/pages"}],"about":[{"href":"https:\/\/jandaiadosul.ufpr.br\/centran\/wp-json\/wp\/v2\/types\/page"}],"author":[{"embeddable":true,"href":"https:\/\/jandaiadosul.ufpr.br\/centran\/wp-json\/wp\/v2\/users\/3618"}],"replies":[{"embeddable":true,"href":"https:\/\/jandaiadosul.ufpr.br\/centran\/wp-json\/wp\/v2\/comments?post=2"}],"version-history":[{"count":38,"href":"https:\/\/jandaiadosul.ufpr.br\/centran\/wp-json\/wp\/v2\/pages\/2\/revisions"}],"predecessor-version":[{"id":95,"href":"https:\/\/jandaiadosul.ufpr.br\/centran\/wp-json\/wp\/v2\/pages\/2\/revisions\/95"}],"wp:attachment":[{"href":"https:\/\/jandaiadosul.ufpr.br\/centran\/wp-json\/wp\/v2\/media?parent=2"}],"curies":[{"name":"wp","href":"https:\/\/api.w.org\/{rel}","templated":true}]}}