{"id":8,"date":"2022-09-05T16:16:47","date_gmt":"2022-09-05T19:16:47","guid":{"rendered":"https:\/\/jandaiadosul.ufpr.br\/sas\/?page_id=8"},"modified":"2022-09-27T14:23:12","modified_gmt":"2022-09-27T17:23:12","slug":"consulta-medica","status":"publish","type":"page","link":"https:\/\/jandaiadosul.ufpr.br\/alpem\/consulta-medica\/","title":{"rendered":"Consulta M\u00e9dica"},"content":{"rendered":"<h4><span style=\"text-decoration: underline\"><strong><a href=\"https:\/\/forms.office.com\/Pages\/ResponsePage.aspx?id=ozd7w-Lp-UK8Z0ubc44d8KKHV_NcLnhDiebC0JpS5LZURUg5STJTTUpYTTVYM1pGRUpCM0tVRFhVTS4u\" target=\"_blank\" rel=\"noopener\"><span style=\"color: #0000ff;text-decoration: underline\">Solicita\u00e7\u00e3o de Consulta M\u00e9dica &#8211; alunos UFPR Jandaia do Sul<\/span><\/a><\/strong><\/span><strong>\u00a0<\/strong><\/h4>\n<p>&nbsp;<\/p>\n<h4><strong> ***\u00a0<span style=\"color: #ff0000\">Aten\u00e7\u00e3o:<\/span> e<\/strong><strong>m caso de\u00a0<span style=\"color: #ff0000\">urg\u00eancia\/emerg\u00eancia<\/span>,\u00a0 acionar\u00a0<span style=\"color: #ff0000\">SAMU-192<\/span>\u00a0ou\u00a0<span style=\"color: #ff0000\">SIATE-193<\/span>.<\/strong><\/h4>\n<h4><a href=\"https:\/\/jandaiadosul.ufpr.br\/sas\/samu-x-siate\/\" target=\"_blank\" rel=\"noopener\"><strong><img fetchpriority=\"high\" decoding=\"async\" class=\"wp-image-16128 aligncenter\" src=\"https:\/\/jandaiadosul.ufpr.br\/wp-content\/uploads\/2022\/02\/SAMU-X-SIATE.jpg\" alt=\"\" width=\"326\" height=\"461\" \/><\/strong><\/a><\/h4>\n","protected":false},"excerpt":{"rendered":"<p>Solicita\u00e7\u00e3o de Consulta M\u00e9dica &#8211; alunos UFPR Jandaia do Sul\u00a0 &nbsp; ***\u00a0Aten\u00e7\u00e3o: em caso de\u00a0urg\u00eancia\/emerg\u00eancia,\u00a0 acionar\u00a0SAMU-192\u00a0ou\u00a0SIATE-193.<\/p>\n","protected":false},"author":3618,"featured_media":0,"parent":0,"menu_order":0,"comment_status":"closed","ping_status":"closed","template":"","meta":{"_acf_changed":false,"footnotes":""},"class_list":["post-8","page","type-page","status-publish","hentry"],"acf":[],"_links":{"self":[{"href":"https:\/\/jandaiadosul.ufpr.br\/alpem\/wp-json\/wp\/v2\/pages\/8","targetHints":{"allow":["GET"]}}],"collection":[{"href":"https:\/\/jandaiadosul.ufpr.br\/alpem\/wp-json\/wp\/v2\/pages"}],"about":[{"href":"https:\/\/jandaiadosul.ufpr.br\/alpem\/wp-json\/wp\/v2\/types\/page"}],"author":[{"embeddable":true,"href":"https:\/\/jandaiadosul.ufpr.br\/alpem\/wp-json\/wp\/v2\/users\/3618"}],"replies":[{"embeddable":true,"href":"https:\/\/jandaiadosul.ufpr.br\/alpem\/wp-json\/wp\/v2\/comments?post=8"}],"version-history":[{"count":12,"href":"https:\/\/jandaiadosul.ufpr.br\/alpem\/wp-json\/wp\/v2\/pages\/8\/revisions"}],"predecessor-version":[{"id":31,"href":"https:\/\/jandaiadosul.ufpr.br\/alpem\/wp-json\/wp\/v2\/pages\/8\/revisions\/31"}],"wp:attachment":[{"href":"https:\/\/jandaiadosul.ufpr.br\/alpem\/wp-json\/wp\/v2\/media?parent=8"}],"curies":[{"name":"wp","href":"https:\/\/api.w.org\/{rel}","templated":true}]}}