{"id":791,"date":"2023-06-13T08:55:47","date_gmt":"2023-06-13T11:55:47","guid":{"rendered":"https:\/\/jandaiadosul.ufpr.br\/sas\/?page_id=791"},"modified":"2026-03-09T15:55:57","modified_gmt":"2026-03-09T18:55:57","slug":"o-que-um-medico-grego-um-virus-e-um-cancer-tem-em-comum","status":"publish","type":"page","link":"https:\/\/jandaiadosul.ufpr.br\/alpem\/o-que-um-medico-grego-um-virus-e-um-cancer-tem-em-comum\/","title":{"rendered":"O que um v\u00edrus e um c\u00e2ncer t\u00eam em comum?"},"content":{"rendered":"<p><span style=\"font-size: 14pt\"><strong><b>O v\u00edrus<\/b><\/strong><\/span><\/p>\n<p>Logo que iniciam a atividade sexual, homens e mulheres entram em contato com um v\u00edrus chamado <strong>HPV\u00a0<\/strong>(Papilomav\u00edrus Humano). Na maior parte das vezes, esse v\u00edrus n\u00e3o causa grandes transtornos ao organismo; em alguns casos, provoca \u201cverrugas\u201d na genit\u00e1lia e, ATEN\u00c7\u00c3O, em alguns indiv\u00edduos ele pode originar c\u00e2ncer (de colo de \u00fatero, de p\u00eanis, de vulva, de vagina, de \u00e2nus, de boca e de garganta).<\/p>\n<p><img decoding=\"async\" class=\"wp-image-11540 aligncenter\" src=\"https:\/\/jandaiadosul.ufpr.br\/wp-content\/uploads\/2020\/04\/HPV.jpg\" alt=\"\" width=\"222\" height=\"127\" \/><\/p>\n<p>Com exce\u00e7\u00e3o do c\u00e2ncer de pele, <strong>o c\u00e2ncer de colo de \u00fatero \u00e9 o<\/strong> <strong>3\u00ba mais comum nas mulheres<\/strong> (o 1\u00ba \u00e9 o de mama, o 2\u00ba \u00e9 o colorretal), da\u00ed a import\u00e2ncia de falarmos sobre ele.<\/p>\n<p>&nbsp;<\/p>\n<p><span style=\"font-size: 14pt\"><strong>O que \u00e9 o colo do \u00fatero?<\/strong><\/span><\/p>\n<p>\u00c9 a parte inferior do \u00fatero, uma esp\u00e9cie de \u201ccanal\u201d que liga a vagina ao \u00fatero.<\/p>\n<p><img decoding=\"async\" class=\"wp-image-11535 aligncenter\" src=\"https:\/\/jandaiadosul.ufpr.br\/wp-content\/uploads\/2020\/04\/Ca-colo-%C3%BAtero-2-150x150.jpg\" alt=\"\" width=\"178\" height=\"178\" \/><\/p>\n<p>&nbsp;<\/p>\n<p><span style=\"font-size: 14pt\"><strong>Quais os fatores que aumentam o risco de se ter c\u00e2ncer de colo de \u00fatero?<\/strong><\/span><\/p>\n<p>Como o HPV \u00e9 transmitido por via sexual, alguns fatores do comportamento sexual da mulher aumentam sua chance de apresentar o c\u00e2ncer.<\/p>\n<p>S\u00e3o eles: in\u00edcio precoce da atividade sexual (ou seja, iniciar a vida sexual em idade muito jovem), m\u00faltiplos parceiros sexuais, presen\u00e7a de outras doen\u00e7as sexualmente transmiss\u00edveis.<\/p>\n<p>O tabagismo (tanto ativo quanto passivo) tamb\u00e9m aumenta a chance de se desenvolver esse c\u00e2ncer.<\/p>\n<p>&nbsp;<\/p>\n<p><span style=\"font-size: 14pt\"><strong>Quais os sintomas a mulher com c\u00e2ncer de colo de \u00fatero apresenta?<\/strong><\/span><\/p>\n<p>A\u00ed est\u00e1 o problema, os sintomas come\u00e7am a aparecer geralmente quando o quadro j\u00e1 se encontra bastante avan\u00e7ado, quando a chance de cura est\u00e1 significativamente diminu\u00edda.<\/p>\n<p>O principal sintoma \u00e9 o sangramento ap\u00f3s a rela\u00e7\u00e3o sexual.<\/p>\n<p>&nbsp;<\/p>\n<p><span style=\"font-size: 14pt\"><strong>Como saber se tenho c\u00e2ncer de colo de \u00fatero, j\u00e1 que os sintomas s\u00e3o poucos?<\/strong><\/span><\/p>\n<p>O Sistema \u00danico de Sa\u00fade (SUS) oferece exame de rastreamento para esse tipo de c\u00e2ncer, gratuitamente, para mulheres entre 25 e 64 anos de idade. At\u00e9 2024, o exame realizado era o famoso Papanicolaou. A partir de 2025, o governo federal vem gradativamente substituindo esse exame por um mais sens\u00edvel chamado DNA-HPV.<\/p>\n<p>O DNA-HPV tem capacidade de detectar o pr\u00f3prio v\u00edrus, podendo faz\u00ea-lo antes mesmo de ele causar les\u00f5es na paciente. Isso permite um diagn\u00f3stico mais precoce e, consequentemente, maior chance de cura.<\/p>\n<p>&nbsp;<\/p>\n<p><span style=\"font-size: 14pt\"><strong><b>De quanto em quanto tempo devo fazer o exame preventivo?<\/b><\/strong><\/span><\/p>\n<p>A recomenda\u00e7\u00e3o do Minist\u00e9rio da Sa\u00fade \u00e9 que se fa\u00e7a o exame de DNA-HPV de 5 em 5 anos.<\/p>\n<p>&nbsp;<\/p>\n<p><span style=\"font-size: 14pt\"><strong>Existe tratamento para o c\u00e2ncer de colo de \u00fatero?<\/strong><\/span><\/p>\n<p>Sim, existe. Quanto antes a mulher descobre o tumor, menos agressivo ser\u00e1 o tratamento, da\u00ed a import\u00e2ncia do rastreamento com o exame preventivo.<\/p>\n<p>&nbsp;<\/p>\n<p><span style=\"font-size: 14pt\"><strong>Preven\u00e7\u00e3o do c\u00e2ncer de colo de \u00fatero<\/strong><\/span><\/p>\n<p>\u2013 Uso de preservativo nas rela\u00e7\u00f5es sexuais: embora n\u00e3o elimine 100% do risco, o uso de \u201ccamisinha\u201d reduz significativamente a chance de transmiss\u00e3o do HPV.<\/p>\n<p>&#8211; Rastreamento rotineiro com exame preventivo.<\/p>\n<p>&#8211; <span style=\"text-decoration: underline\">Vacina<\/span> contra o HPV: dispon\u00edvel gratuitamente no SUS para meninas e meninos de 9 a 14 anos.<\/p>\n<p>OBS: a rede privada de sa\u00fade tamb\u00e9m oferece vacina contra HPV, inclusive para outras faixas et\u00e1rias.<\/p>\n<p><img decoding=\"async\" class=\"wp-image-1827 aligncenter\" src=\"http:\/\/jandaiadosul.ufpr.br\/alpem\/wp-content\/uploads\/sites\/12\/2026\/02\/vacina-300x215.jpg\" alt=\"\" width=\"186\" height=\"133\" srcset=\"https:\/\/jandaiadosul.ufpr.br\/alpem\/wp-content\/uploads\/sites\/12\/2026\/02\/vacina-300x215.jpg 300w, https:\/\/jandaiadosul.ufpr.br\/alpem\/wp-content\/uploads\/sites\/12\/2026\/02\/vacina-1024x735.jpg 1024w, https:\/\/jandaiadosul.ufpr.br\/alpem\/wp-content\/uploads\/sites\/12\/2026\/02\/vacina-768x551.jpg 768w, https:\/\/jandaiadosul.ufpr.br\/alpem\/wp-content\/uploads\/sites\/12\/2026\/02\/vacina-1536x1102.jpg 1536w, https:\/\/jandaiadosul.ufpr.br\/alpem\/wp-content\/uploads\/sites\/12\/2026\/02\/vacina-2048x1469.jpg 2048w, https:\/\/jandaiadosul.ufpr.br\/alpem\/wp-content\/uploads\/sites\/12\/2026\/02\/vacina-137x98.jpg 137w, https:\/\/jandaiadosul.ufpr.br\/alpem\/wp-content\/uploads\/sites\/12\/2026\/02\/vacina-75x54.jpg 75w\" sizes=\"(max-width: 186px) 100vw, 186px\" \/><\/p>\n<p>&nbsp;<\/p>\n<p><span style=\"font-size: 10pt\"><strong>Autoria:<\/strong>\u00a0Tayn\u00e1<\/span><\/p>\n<p><span style=\"font-size: 10pt\"><strong>Abril\/2020, atualizado em jan\/2026.<\/strong><\/span><\/p>\n<p><span style=\"font-size: 10pt\"><strong>Refer\u00eancias:\u00a0<\/strong><\/span><\/p>\n<p><span style=\"font-size: 10pt\">Minist\u00e9rio da Sa\u00fade\u00a0<\/span><\/p>\n<p><span style=\"font-size: 10pt\">Instituto Nacional do C\u00e2ncer (INCA)<\/span><\/p>\n<p><span style=\"font-size: 10pt\"><strong>Imagens dispon\u00edveis em:<\/strong><\/span><\/p>\n<p><span style=\"font-size: 8pt\"><strong>&lt;<\/strong>https:\/\/www.terra.com.br\/vida-e-estilo\/saude\/4-mitos-sobre-o-hpv-virus-de-transmissao-sexual-que-afeta-maioria-das-pessoas,b5b77348b21f618ed0d25886a57c72210s6wxp23.html<strong>&gt;<\/strong><\/span><\/p>\n<p><span style=\"font-size: 8pt\"><strong>&lt;<\/strong>https:\/\/areademulher.r7.com\/saude\/pontadas-no-utero\/<strong>&gt;<\/strong><\/span><\/p>\n<p><span style=\"font-size: 8pt\">&lt;freepik.com&gt;<\/span><\/p>\n","protected":false},"excerpt":{"rendered":"<p>O v\u00edrus Logo que iniciam a atividade sexual, homens e mulheres entram em contato com um v\u00edrus chamado HPV\u00a0(Papilomav\u00edrus Humano). Na maior parte das vezes, [&hellip;]<\/p>\n","protected":false},"author":3631,"featured_media":0,"parent":0,"menu_order":0,"comment_status":"closed","ping_status":"closed","template":"","meta":{"_acf_changed":false,"footnotes":""},"class_list":["post-791","page","type-page","status-publish","hentry"],"acf":[],"_links":{"self":[{"href":"https:\/\/jandaiadosul.ufpr.br\/alpem\/wp-json\/wp\/v2\/pages\/791","targetHints":{"allow":["GET"]}}],"collection":[{"href":"https:\/\/jandaiadosul.ufpr.br\/alpem\/wp-json\/wp\/v2\/pages"}],"about":[{"href":"https:\/\/jandaiadosul.ufpr.br\/alpem\/wp-json\/wp\/v2\/types\/page"}],"author":[{"embeddable":true,"href":"https:\/\/jandaiadosul.ufpr.br\/alpem\/wp-json\/wp\/v2\/users\/3631"}],"replies":[{"embeddable":true,"href":"https:\/\/jandaiadosul.ufpr.br\/alpem\/wp-json\/wp\/v2\/comments?post=791"}],"version-history":[{"count":19,"href":"https:\/\/jandaiadosul.ufpr.br\/alpem\/wp-json\/wp\/v2\/pages\/791\/revisions"}],"predecessor-version":[{"id":1902,"href":"https:\/\/jandaiadosul.ufpr.br\/alpem\/wp-json\/wp\/v2\/pages\/791\/revisions\/1902"}],"wp:attachment":[{"href":"https:\/\/jandaiadosul.ufpr.br\/alpem\/wp-json\/wp\/v2\/media?parent=791"}],"curies":[{"name":"wp","href":"https:\/\/api.w.org\/{rel}","templated":true}]}}