{"id":785,"date":"2023-06-13T08:38:37","date_gmt":"2023-06-13T11:38:37","guid":{"rendered":"https:\/\/jandaiadosul.ufpr.br\/sas\/?page_id=785"},"modified":"2023-06-19T10:23:36","modified_gmt":"2023-06-19T13:23:36","slug":"cancer-de-prostata","status":"publish","type":"page","link":"https:\/\/jandaiadosul.ufpr.br\/alpem\/cancer-de-prostata\/","title":{"rendered":"C\u00e2ncer de Pr\u00f3stata"},"content":{"rendered":"<p>&nbsp;<\/p>\n<p><span style=\"font-size: 14pt\"><strong>O que \u00e9 a pr\u00f3stata?<\/strong><\/span><\/p>\n<p>\u00c9 um \u00f3rg\u00e3o pertencente ao sistema reprodutor masculino. Tem o formato que lembra uma ma\u00e7\u00e3 e localiza-se abaixo da bexiga e na frente do reto (parte final do intestino grosso).<\/p>\n<p>&nbsp;<\/p>\n<p><img decoding=\"async\" class=\"wp-image-13912 alignnone\" src=\"https:\/\/jandaiadosul.ufpr.br\/wp-content\/uploads\/2021\/07\/prostata-2.jpg\" alt=\"\" width=\"168\" height=\"220\" \/>\u00a0<strong>\u2190<\/strong>\u00a0Veja a\u00a0<strong>pr\u00f3stata<\/strong>\u00a0logo abaixo da bexiga urin\u00e1ria e envolvendo a uretra<\/p>\n<p>&nbsp;<\/p>\n<p>&nbsp;<\/p>\n<p>Ela secreta o chamado l\u00edquido prost\u00e1tico, que contribui para que o espermatozoide tenha mobilidade, o que \u00e9 necess\u00e1rio para percorrer o \u00fatero feminino e alcan\u00e7ar o \u00f3vulo para que haja a fecunda\u00e7\u00e3o (uni\u00e3o do \u00f3vulo com o espermatozoide).<\/p>\n<p>O l\u00edquido prost\u00e1tico serve tamb\u00e9m para auxiliar no controle do pH dos ductos genitais masculinos, pois em pH muito \u00e1cido, o espermatozoide n\u00e3o s\u00f3 n\u00e3o funciona adequadamente, como pode \u201cmorrer\u201d.<\/p>\n<p>O l\u00edquido prost\u00e1tico \u00e9 liberado junto aos espermatozoides (e a outros l\u00edquidos) no momento da ejacula\u00e7\u00e3o.<\/p>\n<p>&nbsp;<\/p>\n<p>&nbsp;<\/p>\n<p><span style=\"font-size: 14pt\"><b>C\u00e2ncer de pr\u00f3stata<\/b><\/span><\/p>\n<p>O <span style=\"color: #000000\">c\u00e2ncer <\/span>de pr\u00f3stata \u00e9 o\u00a0<strong>mais comum nos homens<\/strong>\u00a0(com exce\u00e7\u00e3o do c\u00e2ncer de pele n\u00e3o melanoma). \u00c9 tamb\u00e9m o\u00a0<strong>segundo<\/strong>\u00a0<span style=\"text-decoration: underline\"><span style=\"color: #0000ff;text-decoration: underline\"><a style=\"color: #0000ff;text-decoration: underline\" href=\"https:\/\/jandaiadosul.ufpr.br\/sas\/o-que-afinal-e-cancer\/\" target=\"_blank\" rel=\"noopener\">c\u00e2ncer<\/a><\/span><\/span> que<strong>\u00a0mais mata homens<\/strong>, perdendo apenas para o c\u00e2ncer de pulm\u00e3o.<\/p>\n<p>&nbsp;<\/p>\n<p>&nbsp;<\/p>\n<p><span style=\"font-size: 14pt\"><b>Quais os fatores de risco para o c\u00e2ncer de pr\u00f3stata?<\/b><\/span><\/p>\n<p>Fatores de risco s\u00e3o condi\u00e7\u00f5es que aumentam a probabilidade de desenvolvimento de certa doen\u00e7a. No caso do c\u00e2ncer de pr\u00f3stata, eles s\u00e3o:<\/p>\n<p>\u2666\u00a0Idade:\u00a070% dos casos ocorrem em homens acima dos 65 anos<\/p>\n<p>\u2666\u00a0Etnia:\u00a0negros s\u00e3o mais suscet\u00edveis do que brancos, que s\u00e3o mais suscet\u00edveis do que amarelos<\/p>\n<p>\u2666\u00a0Hist\u00f3ria familiar\u00a0de c\u00e2ncer de pr\u00f3stata<\/p>\n<p>\u2666\u00a0Dieta\u00a0rica em gorduras<\/p>\n<p>\u2666\u00a0<span style=\"text-decoration: underline\"><span style=\"color: #0000ff;text-decoration: underline\"><a style=\"color: #0000ff;text-decoration: underline\" href=\"https:\/\/jandaiadosul.ufpr.br\/sas\/uma-epidemia-de-obesidade\/\" target=\"_blank\" rel=\"noopener\">Obesidade<\/a><\/span><\/span><\/p>\n<p>&nbsp;<\/p>\n<p>&nbsp;<\/p>\n<p><span style=\"font-size: 14pt\"><b>Sintomas<\/b><\/span><\/p>\n<p>Na maior parte dos casos,\u00a0<strong>n\u00e3o h\u00e1 sintomas<\/strong>.<\/p>\n<p>&nbsp;<\/p>\n<p>Alguns homens podem sentir:<\/p>\n<p><strong>\u2013<\/strong>\u00a0dificuldade para urinar;<\/p>\n<p><strong>\u2013<\/strong>\u00a0diminui\u00e7\u00e3o do jato urin\u00e1rio (jato \u201cfraco\u201d)<\/p>\n<p><strong>\u2013<\/strong>\u00a0dificuldade para iniciar o ato de urinar<\/p>\n<p><strong>\u2013<\/strong>\u00a0presen\u00e7a de sangue na urina;<\/p>\n<p><strong>\u2013<\/strong>\u00a0necessidade de urinar muitas vezes ao dia (mais vezes do que era de costume);<\/p>\n<p>Em fase avan\u00e7ada, quando o c\u00e2ncer j\u00e1 encontra-se espalhado (met\u00e1stase), podem surgir dores \u00f3sseas, perda de apetite, emagrecimento, cansa\u00e7o e insufici\u00eancia renal.<\/p>\n<p>Importante frisar que outros problemas prost\u00e1ticos (al\u00e9m do c\u00e2ncer) podem causar os mesmos sintomas urin\u00e1rios supracitados, por isso, a investiga\u00e7\u00e3o do caso com um urologista \u00e9 essencial.<\/p>\n<p>&nbsp;<\/p>\n<p>&nbsp;<\/p>\n<p><span style=\"font-size: 14pt\"><b>Para que serve o toque retal se a pr\u00f3stata n\u00e3o se localiza no intestino?<\/b><\/span><\/p>\n<p>A pr\u00f3stata localiza-se logo acima do reto, que \u00e9 a parte final do intestino grosso. Dessa forma, \u00e9 poss\u00edvel tocar a pr\u00f3stata por meio do reto. N\u00e3o \u00e9 poss\u00edvel palpar a pr\u00f3stata inteira, apenas a parte perif\u00e9rica, mas a maioria dos tumores desse \u00f3rg\u00e3o se localizam justamente nessa por\u00e7\u00e3o, da\u00ed a import\u00e2ncia do exame.<\/p>\n<p>&nbsp;<\/p>\n<p>&nbsp;<\/p>\n<p><img fetchpriority=\"high\" decoding=\"async\" class=\"wp-image-13914 aligncenter\" src=\"https:\/\/jandaiadosul.ufpr.br\/wp-content\/uploads\/2021\/07\/prostata-1.jpg\" alt=\"\" width=\"379\" height=\"245\" \/><\/p>\n<p>&nbsp;<\/p>\n<p>N\u00e3o h\u00e1 motivo para tanto\u00a0tabu\u00a0em rela\u00e7\u00e3o a esse exame. \u00c9 um procedimento r\u00e1pido, realizado com todos os cuidados de higiene e seguran\u00e7a e \u00e9 indolor (a luva \u00e9 devidamente lubrificada). Al\u00e9m de ser realizado por um especialista \u2013 o m\u00e9dico urologista.<\/p>\n<p>Um exame de toque retal \u00e9 dito alterado quando o examinador nota um ou mais \u201ccaro\u00e7os\u201d na pr\u00f3stata. Se isso acontecer, mais exames ser\u00e3o solicitados para esclarecimento diagn\u00f3stico, dentre eles a bi\u00f3psia, que \u00e9 quando se retira min\u00fasculos peda\u00e7os de material (nesse caso, da pr\u00f3stata) para ser analisado em um microsc\u00f3pio. O m\u00e9dico patologista analisa a l\u00e2mina e diz se aquilo \u00e9 um c\u00e2ncer ou n\u00e3o.<\/p>\n<p>&nbsp;<\/p>\n<p>&nbsp;<\/p>\n<p><span style=\"font-size: 14pt\"><b>J\u00e1 ouviu falar no exame de PSA?<\/b><\/span><\/p>\n<p>PSA\u00a0significa ant\u00edgeno prost\u00e1tico espec\u00edfico. \u00c9 uma subst\u00e2ncia produzida pela pr\u00f3stata que circula pelo sangue. O PSA pode estar aumentado em diversas situa\u00e7\u00f5es, como inflama\u00e7\u00f5es na pr\u00f3stata, na HPB (pr\u00f3stata aumentada) e, obviamente, no c\u00e2ncer. O PSA \u00e9 um exame de sangue essencial para diagn\u00f3stico e acompanhamento dos casos de c\u00e2ncer de pr\u00f3stata.<\/p>\n<p>&nbsp;<\/p>\n<p>&nbsp;<\/p>\n<p><span style=\"font-size: 14pt\"><b>Preven\u00e7\u00e3o<\/b><\/span><\/p>\n<p>Entre os fatores que mais ajudam a prevenir o c\u00e2ncer de pr\u00f3stata est\u00e3o:<\/p>\n<p>\u2022 Alimentar-se de maneira saud\u00e1vel;<\/p>\n<p>\u2022 Manter-se no peso ideal;<\/p>\n<p>\u2022 Praticar atividade f\u00edsica regularmente (m\u00ednimo de 30 minutos\/dia);<\/p>\n<p>\u2022 N\u00e3o fumar;<\/p>\n<p>\u2022 Evitar o consumo de <span style=\"text-decoration: underline\"><span style=\"color: #0000ff;text-decoration: underline\"><a style=\"color: #0000ff;text-decoration: underline\" href=\"https:\/\/jandaiadosul.ufpr.br\/sas\/por-que-a-venda-de-bebidas-alcoolicas-e-proibida-para-menores-de-18-anos\/\" target=\"_blank\" rel=\"noopener\">bebidas alco\u00f3licas<\/a><\/span><\/span>.<\/p>\n<p>&nbsp;<\/p>\n<p>&nbsp;<\/p>\n<p><span style=\"font-size: 14pt\"><b>Rastreamento<\/b><\/span><\/p>\n<p>N\u00e3o h\u00e1 consenso entre os especialistas sobre o rastreamento do c\u00e2ncer de pr\u00f3stata, mas a\u00a0Sociedade Brasileira de Urologia, por exemplo, recomenda exame de\u00a0toque retal\u00a0e de\u00a0PSA\u00a0em todos os homens acima dos\u00a045 anos de idade. Se o homem for de ra\u00e7a negra ou se tiver caso de c\u00e2ncer de pr\u00f3stata na fam\u00edlia, iniciar o rastreamento aos 40 anos de idade.<\/p>\n<p>O rastreamento tem por finalidade identificar casos de c\u00e2ncer que ainda n\u00e3o apresentam sintomas, ou seja, \u201cdescobrir\u201d a doen\u00e7a no in\u00edcio, para que o tratamento seja rapidamente implementado e as chances de cura sejam ampliadas.<\/p>\n<p>&nbsp;<\/p>\n<p>&nbsp;<\/p>\n<p><span style=\"font-size: 14pt\"><b>Tratamento<\/b><\/span><\/p>\n<p>Existem v\u00e1rios tipos de tratamento, a depender do est\u00e1gio da doen\u00e7a. Alguns exemplos s\u00e3o: cirurgia para remo\u00e7\u00e3o da pr\u00f3stata (prostatectomia), radioterapia e hormonioterapia.<\/p>\n<p>Todas as modalidades de tratamento s\u00e3o oferecidas\u00a0gratuitamente\u00a0pelo SUS (Sistema \u00danico de Sa\u00fade).<\/p>\n<p>&nbsp;<\/p>\n<p>&nbsp;<\/p>\n<p><span style=\"font-size: 10pt\"><b>Autoria:<\/b><b>\u00a0<\/b>Tayn\u00e1<\/span><\/p>\n<p><span style=\"font-size: 10pt\"><b>Julho\/2021<\/b><\/span><\/p>\n<p><span style=\"font-size: 10pt\"><b>Refer\u00eancias:<\/b><\/span><\/p>\n<p><span style=\"font-size: 10pt\">MS \u2013 Minist\u00e9rio da Sa\u00fade<\/span><\/p>\n<p><span style=\"font-size: 10pt\">INCA \u2013 Instituto Nacional de C\u00e2ncer<\/span><\/p>\n<p><span style=\"font-size: 10pt\">SBU \u2013 Sociedade Brasileira de Urologia<\/span><\/p>\n<p><span style=\"font-size: 10pt\">Livro de Cl\u00ednica M\u00e9dica da Universidade de S\u00e3o Paulo, 2<sup>a<\/sup>\u00a0ed<\/span><\/p>\n<p><span style=\"font-size: 10pt\"><b>Imagens dispon\u00edveis em:<\/b><\/span><\/p>\n<p><span style=\"font-size: 8pt\"><strong>&lt;<\/strong>https:\/\/brasilescola.uol.com.br\/datas-comemorativas\/novembro-azul.htm<strong>&gt;<\/strong><\/span><\/p>\n<p><span style=\"font-size: 8pt\"><strong>&lt;<\/strong>https:\/\/www.tuasaude.com\/exame-de-prostata<strong>&gt;<\/strong><\/span><\/p>\n","protected":false},"excerpt":{"rendered":"<p>&nbsp; O que \u00e9 a pr\u00f3stata? \u00c9 um \u00f3rg\u00e3o pertencente ao sistema reprodutor masculino. Tem o formato que lembra uma ma\u00e7\u00e3 e localiza-se abaixo da [&hellip;]<\/p>\n","protected":false},"author":3631,"featured_media":0,"parent":0,"menu_order":0,"comment_status":"closed","ping_status":"closed","template":"","meta":{"_acf_changed":false,"footnotes":""},"class_list":["post-785","page","type-page","status-publish","hentry"],"acf":[],"_links":{"self":[{"href":"https:\/\/jandaiadosul.ufpr.br\/alpem\/wp-json\/wp\/v2\/pages\/785","targetHints":{"allow":["GET"]}}],"collection":[{"href":"https:\/\/jandaiadosul.ufpr.br\/alpem\/wp-json\/wp\/v2\/pages"}],"about":[{"href":"https:\/\/jandaiadosul.ufpr.br\/alpem\/wp-json\/wp\/v2\/types\/page"}],"author":[{"embeddable":true,"href":"https:\/\/jandaiadosul.ufpr.br\/alpem\/wp-json\/wp\/v2\/users\/3631"}],"replies":[{"embeddable":true,"href":"https:\/\/jandaiadosul.ufpr.br\/alpem\/wp-json\/wp\/v2\/comments?post=785"}],"version-history":[{"count":5,"href":"https:\/\/jandaiadosul.ufpr.br\/alpem\/wp-json\/wp\/v2\/pages\/785\/revisions"}],"predecessor-version":[{"id":1021,"href":"https:\/\/jandaiadosul.ufpr.br\/alpem\/wp-json\/wp\/v2\/pages\/785\/revisions\/1021"}],"wp:attachment":[{"href":"https:\/\/jandaiadosul.ufpr.br\/alpem\/wp-json\/wp\/v2\/media?parent=785"}],"curies":[{"name":"wp","href":"https:\/\/api.w.org\/{rel}","templated":true}]}}