{"id":745,"date":"2023-05-23T17:10:48","date_gmt":"2023-05-23T20:10:48","guid":{"rendered":"https:\/\/jandaiadosul.ufpr.br\/sas\/?page_id=745"},"modified":"2023-06-13T17:31:53","modified_gmt":"2023-06-13T20:31:53","slug":"metodos-contraceptivos","status":"publish","type":"page","link":"https:\/\/jandaiadosul.ufpr.br\/alpem\/metodos-contraceptivos\/","title":{"rendered":"M\u00e9todos contraceptivos"},"content":{"rendered":"<p><img fetchpriority=\"high\" decoding=\"async\" class=\"wp-image-16940 aligncenter\" src=\"https:\/\/jandaiadosul.ufpr.br\/wp-content\/uploads\/2022\/05\/anticoncepcional-2-freepik_Easy-Resize.com_Easy-Resize.com_.jpg\" alt=\"\" width=\"286\" height=\"226\" \/><\/p>\n<p>&nbsp;<\/p>\n<p>M\u00e9todos contraceptivos (ou anticoncepcionais) s\u00e3o meios de evitar a gravidez, mantendo uma vida sexual ativa e saud\u00e1vel. No Brasil, o SUS disponibiliza gratuitamente v\u00e1rios desses m\u00e9todos, como os preservativos masculino e feminino, os anticoncepcionais orais (p\u00edlulas), os injet\u00e1veis, os DIUs e at\u00e9 mesmo a esteriliza\u00e7\u00e3o cir\u00fargica.<\/p>\n<p>Falaremos hoje dos m\u00e9todos mais utilizados em nosso pa\u00eds.<\/p>\n<p>&nbsp;<\/p>\n<p>&nbsp;<\/p>\n<p><span style=\"font-size: 14pt\"><b>Preservativo masculino<\/b><\/span><\/p>\n<p>Um dos mais populares, o preservativo masculino evita a gravidez (se utilizado corretamente), bem como dirime as chances de infec\u00e7\u00e3o por ISTs (gonorreia, clam\u00eddia, tricomon\u00edase, <span style=\"text-decoration: underline\"><span style=\"color: #0000ff;text-decoration: underline\"><a style=\"color: #0000ff;text-decoration: underline\" href=\"https:\/\/jandaiadosul.ufpr.br\/sas\/sifilis\/\" target=\"_blank\" rel=\"noopener\">s\u00edfilis<\/a><\/span><\/span>, <span style=\"text-decoration: underline\"><span style=\"color: #0000ff;text-decoration: underline\"><a style=\"color: #0000ff;text-decoration: underline\" href=\"https:\/\/jandaiadosul.ufpr.br\/sas\/hepatite-b\/\" target=\"_blank\" rel=\"noopener\">hepatite B<\/a><\/span><\/span> e <span style=\"text-decoration: underline\"><span style=\"color: #0000ff;text-decoration: underline\"><a style=\"color: #0000ff;text-decoration: underline\" href=\"https:\/\/jandaiadosul.ufpr.br\/sas\/aids-retire-suas-duvidas\/\" target=\"_blank\" rel=\"noopener\">HIV<\/a><\/span><\/span>). E como se usa corretamente o preservativo?<\/p>\n<p>&nbsp;<\/p>\n<p><img decoding=\"async\" class=\"wp-image-16928 aligncenter\" src=\"https:\/\/jandaiadosul.ufpr.br\/wp-content\/uploads\/2022\/05\/camisinha-7-Copia.png\" alt=\"\" width=\"556\" height=\"217\" \/><\/p>\n<p>&nbsp;<\/p>\n<p><span style=\"text-decoration: underline\">Algumas considera\u00e7\u00f5es importantes<\/span>:<\/p>\n<p>* O p\u00eanis deve estar ereto para que a \u201ccamisinha\u201d seja colocada;<\/p>\n<p>* Retire a \u201ccamisinha\u201d imediatamente ap\u00f3s a ejacula\u00e7\u00e3o, ainda com o p\u00eanis ereto;<\/p>\n<p>* Armazene a \u201ccamisinha\u201d em locais frescos e secos. O porta-luvas do carro n\u00e3o \u00e9 um bom local de armazenamento, pois pode atingir altas temperaturas, o que pode estragar o material do preservativo, reduzindo muito a sua efic\u00e1cia como m\u00e9todo contraceptivo.<\/p>\n<p>* Preservativo tem prazo de validade, n\u00e3o o utilize se estiver vencido;<\/p>\n<p>* Leia a embalagem de poss\u00edveis lubrificantes para ter certeza de que n\u00e3o reagem com o material da \u201ccamisinha\u201d, reduzindo sua efic\u00e1cia;<\/p>\n<p>* Preservativos de l\u00e1tex (que s\u00e3o a maioria) podem ser lubrificados com glicerina, silicone, gel \u00e0 base de \u00e1gua, mas n\u00e3o com derivados de petr\u00f3leo, \u00f3leo mineral ou vegetal, vaselina;<\/p>\n<p>* Jamais utilize uma camisinha masculina junto com uma feminina no mesmo ato sexual. O atrito entre ambas pode romp\u00ea-las.<\/p>\n<p>&nbsp;<\/p>\n<p>&nbsp;<\/p>\n<p><span style=\"font-size: 14pt\"><b>Preservativo feminino<\/b><\/span><\/p>\n<p>A \u201ccamisinha\u201d feminina \u00e9 maior e mais larga do que a masculina e, ao contr\u00e1rio dessa \u00faltima, pode ser colocada antes do ato sexual (at\u00e9 8 horas antes). Assim como a masculina, diminui o risco de ISTs. Veja na foto o modo correto de uso:<\/p>\n<p>&nbsp;<\/p>\n<p><img decoding=\"async\" class=\"aligncenter wp-image-16930 \" src=\"https:\/\/jandaiadosul.ufpr.br\/wp-content\/uploads\/2022\/05\/camisinha-7-Copia-1.png\" alt=\"\" width=\"576\" height=\"161\" \/><\/p>\n<p>&nbsp;<\/p>\n<p>&nbsp;<\/p>\n<p><span style=\"font-size: 14pt\"><b>Dispositivo intrauterino (DIU)<\/b><\/span><\/p>\n<p>O DIU \u00e9 um dispositivo pequeno colocado dentro do \u00fatero pelo m\u00e9dico ginecologista. Seus efeitos na anticoncep\u00e7\u00e3o se devem ao fato de ele: 1) bloquear a passagem do espermatozoide, impedindo-o de atingir o \u00f3vulo; 2) interferir na mobilidade do espermatozoide, deixando-o menos eficaz; 3) promover altera\u00e7\u00f5es no endom\u00e9trio, tornando-o inapto a receber o embri\u00e3o.<\/p>\n<p><img loading=\"lazy\" decoding=\"async\" class=\"wp-image-16932 alignleft\" src=\"https:\/\/jandaiadosul.ufpr.br\/wp-content\/uploads\/2022\/05\/DIU-2-scaled.jpg\" alt=\"\" width=\"252\" height=\"151\" \/><\/p>\n<p>O DIU pode permanecer no corpo da mulher por 5 a 10 anos, a depender do material. Ap\u00f3s esse tempo, se assim desejar, a paciente pode colocar um novo dispositivo.<\/p>\n<p>O DIU pode conter cobre ou horm\u00f4nio. No caso do \u00faltimo, ocorre libera\u00e7\u00e3o gradual de horm\u00f4nio diretamente dentro do \u00fatero da paciente.<\/p>\n<p><span style=\"font-size: 10pt\"><strong>(DIU representado em vermelho na imagem)<\/strong><\/span><\/p>\n<p>&nbsp;<\/p>\n<p>&nbsp;<\/p>\n<p><span style=\"font-size: 14pt\"><b>P\u00edlulas anticoncepcionais<\/b><\/span><\/p>\n<p>Os anticoncepcionais orais (ACOs) s\u00e3o o m\u00e9todo contraceptivo mais utilizado no mundo. No Brasil, estima-se que 27% das mulheres em idade f\u00e9rtil utilizem-nos.<\/p>\n<p>Eles cont\u00eam pequenas quantidades de progesterona e de estrog\u00eanio e funcionam bloqueando a ovula\u00e7\u00e3o, que \u00e9 o processo de sa\u00edda do \u00f3vulo do ov\u00e1rio em dire\u00e7\u00e3o \u00e0 trompa uterina. Se n\u00e3o h\u00e1 ovula\u00e7\u00e3o, n\u00e3o h\u00e1 \u00f3vulo para o espermatozoide fecundar e n\u00e3o h\u00e1 gesta\u00e7\u00e3o.<\/p>\n<p>&nbsp;<\/p>\n<p><span style=\"text-decoration: underline\">Uso correto das p\u00edlulas<\/span><\/p>\n<p>Ingerir uma p\u00edlula por dia, de prefer\u00eancia no mesmo hor\u00e1rio.<\/p>\n<p>Respeitar o per\u00edodo de pausa entre uma cartela e outra, que pode variar de 4 a 7 dias, a depender do anticoncepcional. Os ACOs com cartelas de 28 comprimidos n\u00e3o necessitam de pausa.<\/p>\n<p>Os ACOs apresentam benef\u00edcios que n\u00e3o somente a contracep\u00e7\u00e3o. Por exemplo, eles regularizam o ciclo menstrual, dirimem a c\u00f3lica menstrual, reduzem a incid\u00eancia de gravidez ect\u00f3pica (fora do \u00fatero), de c\u00e2ncer de endom\u00e9trio e de ov\u00e1rio, de algumas doen\u00e7as das mamas e de miomas uterinos.<\/p>\n<p>&nbsp;<\/p>\n<p><span style=\"text-decoration: underline\">E se eu esquecer de tomar a p\u00edlula?<\/span><\/p>\n<p><img loading=\"lazy\" decoding=\"async\" class=\"wp-image-16935 alignright\" src=\"https:\/\/jandaiadosul.ufpr.br\/wp-content\/uploads\/2022\/05\/anticoncepcional-1-freepik_Easy-Resize.com_.jpg\" alt=\"\" width=\"194\" height=\"159\" \/><\/p>\n<p>\u2192 Se voc\u00ea esqueceu s\u00f3 a p\u00edlula do dia anterior, tome-a assim que lembrar e tome tamb\u00e9m a p\u00edlula do dia em quest\u00e3o, no hor\u00e1rio de sempre.<\/p>\n<p>\u2192 Se voc\u00ea esqueceu de tomar mais de uma p\u00edlula, continue ingerindo uma por dia no hor\u00e1rio de sempre, mas use camisinha em suas rela\u00e7\u00f5es sexuais pelo per\u00edodo de sete dias.<\/p>\n<p>&nbsp;<\/p>\n<p>&nbsp;<\/p>\n<p><span style=\"font-size: 14pt\"><b>Adesivos<\/b><\/span><\/p>\n<p>Os anticoncepcionais em formato de adesivo agem da mesma forma que os ACOs, por\u00e9m s\u00e3o mais pr\u00e1ticos em seu modo de uso. Devem ser aplicados a cada 7 dias, por 3 semanas consecutivas; na quarta semana, deve-se fazer uma pausa (n\u00e3o aplicar o adesivo), reiniciando ap\u00f3s 7 dias.<\/p>\n<p>Algumas considera\u00e7\u00f5es importantes:<\/p>\n<p>\u2022\u00a0Aplicar o adesivo em pele limpa e seca;<\/p>\n<p>\u2022\u00a0Fazer rod\u00edzio semanal nos locais de aplica\u00e7\u00e3o (parte inferior do abdome, bra\u00e7o, parte superior das n\u00e1degas, parte superior das costas);<\/p>\n<p>\u2022\u00a0N\u00e3o aplicar nas mamas ou em locais onde a pele esteja avermelhada, inchada ou machucada;<\/p>\n<p>\u2022\u00a0N\u00e3o cortar o adesivo;<\/p>\n<p>\u2022\u00a0N\u00e3o passar cremes ou lo\u00e7\u00f5es no local do adesivo.<\/p>\n<p>&nbsp;<\/p>\n<p>&nbsp;<\/p>\n<p><span style=\"font-size: 14pt\"><b>Injet\u00e1veis<\/b><\/span><\/p>\n<p>Os contraceptivos injet\u00e1veis funcionam da mesma forma que os ACOs e os adesivos, com exce\u00e7\u00e3o do modo de aplica\u00e7\u00e3o, que \u00e9 por meio de inje\u00e7\u00e3o, a cada 1 ou 3 meses, a depender do tipo.<\/p>\n<p>&nbsp;<\/p>\n<p>&nbsp;<\/p>\n<p><span style=\"font-size: 14pt\"><b>Existem contraindica\u00e7\u00f5es para uso de m\u00e9todos contraceptivos?<\/b><\/span><\/p>\n<p>Sim, para cada tipo de m\u00e9todo, existe uma lista de contraindica\u00e7\u00f5es, por isso, jamais utilize um contraceptivo simplesmente porque algum colega te indicou. Consulte um ginecologista e use o m\u00e9todo mais adequado \u00e0 sua situa\u00e7\u00e3o. Al\u00e9m das contraindica\u00e7\u00f5es, existem medicamentos que interferem na efic\u00e1cia dos anticoncepcionais, e isso tamb\u00e9m deve ser levado em conta antes da escolha do melhor m\u00e9todo.<\/p>\n<p>&nbsp;<\/p>\n<p>&nbsp;<\/p>\n<p><span style=\"font-size: 14pt\"><b>Os m\u00e9todos contraceptivos podem produzir efeitos colaterais?<\/b><\/span><\/p>\n<p>Com certeza, por isso muitas vezes a mulher tem que passar por um ou outro m\u00e9todo at\u00e9 encontrar o mais adequado a seu caso.<\/p>\n<p>Alguns dos efeitos colaterais s\u00e3o: dor de cabe\u00e7a, n\u00e1useas, sangramentos menstruais irregulares, c\u00f3licas, sensibilidade ou dor nas mamas, ganho de peso, acne, dentre outros.<\/p>\n<p>&nbsp;<\/p>\n<p>&nbsp;<\/p>\n<p><span style=\"font-size: 14pt\"><b>Contracep\u00e7\u00e3o de emerg\u00eancia (\u201cp\u00edlula do dia seguinte\u201d)<\/b><\/span><\/p>\n<p>\u00c9 um m\u00e9todo contraceptivo <b>de exce\u00e7\u00e3o<\/b>, que pode ser usado ap\u00f3s intercurso sexual desprotegido. S\u00e3o comprimidos que cont\u00eam horm\u00f4nios, mas em quantidades maiores do que os ACOs. Devem ser tomados em at\u00e9 72hs ap\u00f3s a rela\u00e7\u00e3o sexual, caso contr\u00e1rio n\u00e3o surtir\u00e3o efeito. Esse tipo de m\u00e9todo n\u00e3o deve ser usado de rotina, pois sua taxa de falhas \u00e9 muito maior do que os dos m\u00e9todos rotineiros, descritos acima. Os efeitos colaterais incluem n\u00e1useas, v\u00f4mitos, tontura e dor de cabe\u00e7a.<\/p>\n<p>&nbsp;<\/p>\n<p>&nbsp;<\/p>\n<p><span style=\"font-size: 14pt\"><b>Anticoncepcional masculino<\/b><\/span><\/p>\n<p>Em 2020, pesquisadores indianos anunciaram a cria\u00e7\u00e3o de uma forma injet\u00e1vel de contraceptivo masculino. Ele teria efeito garantido por 13 anos, mas seria revers\u00edvel a qualquer momento, caso esse fosse o desejo do paciente.<\/p>\n<p>Em 2021, uma pesquisadora alem\u00e3 foi premiada por inventar um m\u00e9todo contraceptivo masculino baseado em ultrassom.<\/p>\n<p>No momento, n\u00e3o h\u00e1 m\u00e9todos masculinos dispon\u00edveis no mercado, mas pesquisas neste campo mant\u00eam-se presentes no meio cient\u00edfico. Sendo assim, talvez tenhamos que atualizar essa parte do texto em breve para apresentar-lhes um novo m\u00e9todo!<\/p>\n<p>&nbsp;<\/p>\n<p><span style=\"font-size: 10pt\">Leitura recomendada: <\/span><span style=\"text-decoration: underline\"><span style=\"color: #0000ff;text-decoration: underline\"><a style=\"color: #0000ff;text-decoration: underline\" href=\"https:\/\/jandaiadosul.ufpr.br\/sas\/o-ciclo-menstrual\/\" target=\"_blank\" rel=\"noopener\"><span style=\"font-size: 10pt\">ciclo menstrual<\/span><\/a><\/span><\/span><\/p>\n<p>&nbsp;<\/p>\n<p><span style=\"font-size: 10pt\"><b>Autoria<\/b>: Tayn\u00e1<\/span><\/p>\n<p><span style=\"font-size: 10pt\"><b>Fevereiro\/2022<\/b><\/span><\/p>\n<p><span style=\"font-size: 10pt\"><b>Refer\u00eancias<\/b>:<\/span><\/p>\n<p><span style=\"font-size: 10pt\">Manual de Anticoncep\u00e7\u00e3o da Febrasgo, 2015<\/span><\/p>\n<p><span style=\"font-size: 10pt\">Tratado de Ginecologia, <i>Berek &amp; Novak<\/i>, 15ed<\/span><\/p>\n<p><span style=\"font-size: 10pt\"><a href=\"https:\/\/pebmed.com.br\/primeiro-anticoncepcional-masculino-sera-lancado-em-2020\/\">https:\/\/pebmed.com.br\/primeiro-anticoncepcional-masculino-sera-lancado-em-2020\/<\/a><\/span><\/p>\n<p><span style=\"font-size: 10pt\"><a href=\"https:\/\/www.uol.com.br\/tilt\/noticias\/redacao\/2021\/10\/18\/banho-nos-testiculos-alema-cria-contraceptivo-masculino-e-ganha-premio.htm\">https:\/\/www.uol.com.br\/tilt\/noticias\/redacao\/2021\/10\/18\/banho-nos-testiculos-alema-cria-contraceptivo-masculino-e-ganha-premio.htm<\/a><\/span><\/p>\n<p><span style=\"font-size: 10pt\"><b>Imagens dispon\u00edveis em<\/b>:<\/span><\/p>\n<p><span style=\"font-size: 8pt\"><u>&lt;<\/u><a href=\"http:\/\/www.aids.gov.br\/pt-br\/publico-geral\/prevencao-combinada\/usar-preservativos-masculinos-femininos-e-gel-lubrificantes\" target=\"_blank\" rel=\"noopener\"><u>http:\/\/www.aids.gov.br\/pt-br\/publico-geral\/prevencao-combinada\/usar-preservativos-masculinos-femininos-e-gel-lubrificantes<\/u><\/a>&gt;<\/span><\/p>\n<p><span style=\"font-size: 8pt\">&lt;<a href=\"https:\/\/www.uol.com.br\/vivabem\/colunas\/larissa-cassiano\/2021\/04\/27\/tipos-de-diu.htm\">https:\/\/www.uol.com.br\/vivabem\/colunas\/larissa-cassiano\/2021\/04\/27\/tipos-de-diu.htm<\/a>&gt;<\/span><\/p>\n<p><span style=\"font-size: 8pt\">&lt;<a href=\"https:\/\/br.freepik.com\/vetores-gratis\/colecao-de-metodos-de-contracepcao_9882831.htm#query=contraceptive&amp;position=9&amp;from_view=search\"><u>https:\/\/br.freepik.com\/vetores-gratis\/colecao-de-metodos-de-contracepcao_9882831.htm#query=contraceptive&amp;position=9&amp;from_view=search<\/u><\/a>&gt;<\/span><\/p>\n<p><span style=\"font-size: 8pt\">&lt;<a href=\"https:\/\/br.freepik.com\/fotos-gratis\/mao-de-uma-mulher-segurando-um-painel-anticoncepcional-para-evitar-a-gravidez_5096898.htm#query=contraceptive&amp;position=41&amp;from_view=search\"><u>https:\/\/br.freepik.com\/fotos-gratis\/mao-de-uma-mulher-segurando-um-painel-anticoncepcional-para-evitar-a-gravidez_5096898.htm#query=contraceptive&amp;position=41&amp;from_view=search<\/u><\/a>&gt;<\/span><\/p>\n","protected":false},"excerpt":{"rendered":"<p>&nbsp; M\u00e9todos contraceptivos (ou anticoncepcionais) s\u00e3o meios de evitar a gravidez, mantendo uma vida sexual ativa e saud\u00e1vel. No Brasil, o SUS disponibiliza gratuitamente v\u00e1rios [&hellip;]<\/p>\n","protected":false},"author":3631,"featured_media":0,"parent":0,"menu_order":0,"comment_status":"closed","ping_status":"closed","template":"","meta":{"_acf_changed":false,"footnotes":""},"class_list":["post-745","page","type-page","status-publish","hentry"],"acf":[],"_links":{"self":[{"href":"https:\/\/jandaiadosul.ufpr.br\/alpem\/wp-json\/wp\/v2\/pages\/745","targetHints":{"allow":["GET"]}}],"collection":[{"href":"https:\/\/jandaiadosul.ufpr.br\/alpem\/wp-json\/wp\/v2\/pages"}],"about":[{"href":"https:\/\/jandaiadosul.ufpr.br\/alpem\/wp-json\/wp\/v2\/types\/page"}],"author":[{"embeddable":true,"href":"https:\/\/jandaiadosul.ufpr.br\/alpem\/wp-json\/wp\/v2\/users\/3631"}],"replies":[{"embeddable":true,"href":"https:\/\/jandaiadosul.ufpr.br\/alpem\/wp-json\/wp\/v2\/comments?post=745"}],"version-history":[{"count":16,"href":"https:\/\/jandaiadosul.ufpr.br\/alpem\/wp-json\/wp\/v2\/pages\/745\/revisions"}],"predecessor-version":[{"id":1002,"href":"https:\/\/jandaiadosul.ufpr.br\/alpem\/wp-json\/wp\/v2\/pages\/745\/revisions\/1002"}],"wp:attachment":[{"href":"https:\/\/jandaiadosul.ufpr.br\/alpem\/wp-json\/wp\/v2\/media?parent=745"}],"curies":[{"name":"wp","href":"https:\/\/api.w.org\/{rel}","templated":true}]}}