{"id":740,"date":"2023-05-23T16:59:40","date_gmt":"2023-05-23T19:59:40","guid":{"rendered":"https:\/\/jandaiadosul.ufpr.br\/sas\/?page_id=740"},"modified":"2023-06-13T17:29:00","modified_gmt":"2023-06-13T20:29:00","slug":"o-ciclo-menstrual","status":"publish","type":"page","link":"https:\/\/jandaiadosul.ufpr.br\/alpem\/o-ciclo-menstrual\/","title":{"rendered":"O ciclo menstrual"},"content":{"rendered":"<p>&nbsp;<\/p>\n<p>O ciclo menstrual ocorre mensalmente desde a primeira menstrua\u00e7\u00e3o, na adolesc\u00eancia, at\u00e9 a menopausa. Embora n\u00e3o pare\u00e7a, \u00e9 um processo complexo que envolve n\u00e3o somente o aparelho genital, mas tamb\u00e9m estruturas cerebrais, como veremos a seguir. Uma s\u00e9rie de eventos, horm\u00f4nios e subst\u00e2ncias devem ser orquestrados para que o ciclo ocorra de maneira adequada. Fatores como infec\u00e7\u00f5es, doen\u00e7as (<span style=\"text-decoration: underline\"><span style=\"color: #0000ff;text-decoration: underline\"><a style=\"color: #0000ff;text-decoration: underline\" href=\"https:\/\/jandaiadosul.ufpr.br\/sas\/endometriose\/\" target=\"_blank\" rel=\"noopener\">endometriose<\/a><\/span><\/span>, por exemplo) ou modifica\u00e7\u00f5es em receptores hormonais prejudicam o funcionamento do ciclo e podem resultar em altera\u00e7\u00f5es menstruais, dificuldades para engravidar e <span style=\"text-decoration: underline\"><span style=\"color: #0000ff;text-decoration: underline\"><a style=\"color: #0000ff;text-decoration: underline\" href=\"https:\/\/jandaiadosul.ufpr.br\/sas\/abortamento\/\" target=\"_blank\" rel=\"noopener\">abortos<\/a><\/span><\/span> recorrentes. At\u00e9 mesmo fatores emocionais (estresse, ansiedade, depress\u00e3o) podem alterar o ciclo. Hoje falaremos do ciclo menstrual normal.<\/p>\n<p>&nbsp;<\/p>\n<p><span style=\"font-size: 14pt\"><b>Como \u00e9 e para que serve o ciclo menstrual?<\/b><\/span><\/p>\n<p>Ciclo menstrual \u00e9 o nome que se d\u00e1 a um conjunto de a\u00e7\u00f5es e modifica\u00e7\u00f5es que ocorrem no corpo da mulher, mensalmente, com o objetivo de preparar o organismo para a gesta\u00e7\u00e3o.<\/p>\n<p>Tudo come\u00e7a em uma estrutura cerebral chamada <b>hipot\u00e1lamo<\/b>, que envia horm\u00f4nio (GnRH) para outra estrutura cerebral, a <b>hip\u00f3fise<\/b>. Essa \u00faltima, por sua vez, manda horm\u00f4nios (FSH e LH) aos ov\u00e1rios.<\/p>\n<p>&nbsp;<\/p>\n<p><img fetchpriority=\"high\" decoding=\"async\" class=\"aligncenter wp-image-16905 \" src=\"https:\/\/jandaiadosul.ufpr.br\/wp-content\/uploads\/2022\/05\/hipotalamo-1.jpg\" alt=\"\" width=\"285\" height=\"220\" \/><\/p>\n<p>&nbsp;<\/p>\n<p>Nos <b>ov\u00e1rios<\/b>, esses horm\u00f4nios promover\u00e3o o desenvolvimento do <b>\u00f3vulo<\/b> e a produ\u00e7\u00e3o de <b>estr\u00f3geno<\/b> e <b>progesterona<\/b>. O ciclo dura em m\u00e9dia 28 dias. No meio dele, ou seja, por volta do 14<sup>o<\/sup> dia, ocorre a ovula\u00e7\u00e3o, que \u00e9 a sa\u00edda do \u00f3vulo do ov\u00e1rio em dire\u00e7\u00e3o \u00e0 trompa (\u00e0s vezes chamada de tuba de Fal\u00f3pio).<\/p>\n<p>&nbsp;<\/p>\n<p><img decoding=\"async\" class=\"wp-image-16888 aligncenter\" src=\"https:\/\/jandaiadosul.ufpr.br\/wp-content\/uploads\/2022\/05\/genital-fem-1-freepik-1-1-1_Easy-Resize.com_-1.jpg\" alt=\"\" width=\"228\" height=\"227\" \/><\/p>\n<p>&nbsp;<\/p>\n<p>\u00c9 na trompa uterina que ocorre a fecunda\u00e7\u00e3o (encontro do \u00f3vulo com o espermatozoide) e o in\u00edcio do desenvolvimento do embri\u00e3o. Caso n\u00e3o haja fecunda\u00e7\u00e3o, o ciclo continua, a menstrua\u00e7\u00e3o ocorre, o \u00f3vulo em quest\u00e3o se degenera e um novo ciclo se inicia, com o desenvolvimento de outro \u00f3vulo e uma nova ovula\u00e7\u00e3o.<\/p>\n<p>&nbsp;<\/p>\n<p><span style=\"font-size: 14pt\"><b>J\u00e1 ouviu falar em e<\/b><b>ndom\u00e9trio?<\/b><\/span><\/p>\n<p>Endom\u00e9trio \u00e9 a camada mais interna do \u00fatero, local onde o embri\u00e3o \u201cgruda\u201d para desenvolver-se. Durante o ciclo menstrual, o endom\u00e9trio aumenta de tamanho, tornando-se mais receptivo ao embri\u00e3o. Se a fecunda\u00e7\u00e3o n\u00e3o ocorrer, o endom\u00e9trio retorna ao seu tamanho natural, mas n\u00e3o sem causar uma certa quantidade de sangramento, que \u00e9 o que chamamos de <b>menstrua\u00e7\u00e3o<\/b>.<\/p>\n<p>A primeira menstrua\u00e7\u00e3o da vida da mulher (menarca) geralmente se d\u00e1 entre 11 e 14 anos, mas pode ocorrer dos 9 aos 16 anos. J\u00e1 a menopausa, a \u00faltima menstrua\u00e7\u00e3o, ocorre entre 45 e 55 anos de idade.<\/p>\n<p>&nbsp;<\/p>\n<p><span style=\"font-size: 14pt\"><b>Curiosidade sobre o<\/b> <b>colesterol<\/b><\/span><\/p>\n<p>Embora seja visto como \u201cvil\u00e3o\u201d na maior parte do tempo, o colesterol tamb\u00e9m tem suas fun\u00e7\u00f5es em nosso organismo. Sua mol\u00e9cula \u00e9 a base para a produ\u00e7\u00e3o dos horm\u00f4nios sexuais (estrog\u00eanio, progesterona e testosterona). Voc\u00ea sabia dessa?<\/p>\n<p>&nbsp;<\/p>\n<p><span style=\"font-size: 14pt\"><b>Gesta\u00e7\u00e3o<\/b><\/span><\/p>\n<p>A fecunda\u00e7\u00e3o d\u00e1 in\u00edcio \u00e0 gravidez, o que interrompe o ciclo menstrual. Durante a gesta\u00e7\u00e3o, n\u00e3o h\u00e1 ovula\u00e7\u00f5es ou menstrua\u00e7\u00f5es, apenas desenvolvimento de estruturas como placenta e bolsa amni\u00f3tica, al\u00e9m, \u00e9 claro, do pr\u00f3prio beb\u00ea.<\/p>\n<p>&nbsp;<\/p>\n<p><span style=\"font-size: 10pt\"><strong><b>Autoria<\/b><\/strong>: Tayn\u00e1<\/span><\/p>\n<p><span style=\"font-size: 10pt\"><strong><b>Janeiro<\/b><\/strong><strong><b>\/202<\/b><\/strong><strong><b>2<\/b><\/strong><\/span><\/p>\n<p><span style=\"font-size: 10pt\"><strong><b>Refer\u00eancia<\/b><\/strong>:<\/span><\/p>\n<p><span style=\"font-size: 10pt\">Tratado de Ginecologia, Berek e Novak, 15ed<\/span><\/p>\n<p><span style=\"font-size: 10pt\"><strong><b>Imagens dispon\u00edveis em:<\/b><\/strong><\/span><\/p>\n<p><span style=\"font-size: 8pt\"><strong>&lt;<\/strong><a href=\"https:\/\/br.freepik.com\/vetores-gratis\/conceito-de-calendario-menstrual_9907632.htm#query=menstruacao&amp;position=18&amp;from_view=search\" target=\"_blank\" rel=\"noopener\"><u>https:\/\/br.freepik.com\/vetores-gratis\/conceito-de-calendario-menstrual_9907632.htm#query=menstruacao&amp;position=18&amp;from_view=search<\/u><\/a><strong>&gt;<\/strong><\/span><\/p>\n<p><span style=\"font-size: 8pt\"><strong>&lt;<\/strong><a href=\"http:\/\/www.revendofisiologia.com.br\/storage\/2017\/Sistema%20End%F3crino.pdf\" target=\"_blank\" rel=\"noopener\"><u>http:\/\/www.revendofisiologia.com.br\/storage\/2017\/Sistema%20End%F3crino.pd<\/u><\/a><strong>&gt;<\/strong><\/span><\/p>\n<p><span style=\"font-size: 8pt\"><strong>&lt;<\/strong><a href=\"https:\/\/br.freepik.com\/vetores-gratis\/cartaz-do-utero_3791876.htm#query=ovario&amp;position=22&amp;from_view=search\" target=\"_blank\" rel=\"noopener\"><u>https:\/\/br.freepik.com\/vetores-gratis\/cartaz-do-utero_3791876.htm#query=ovario&amp;position=22&amp;from_view=search<\/u><\/a><strong>&gt;<\/strong><\/span><\/p>\n","protected":false},"excerpt":{"rendered":"<p>&nbsp; O ciclo menstrual ocorre mensalmente desde a primeira menstrua\u00e7\u00e3o, na adolesc\u00eancia, at\u00e9 a menopausa. Embora n\u00e3o pare\u00e7a, \u00e9 um processo complexo que envolve n\u00e3o [&hellip;]<\/p>\n","protected":false},"author":3631,"featured_media":0,"parent":0,"menu_order":0,"comment_status":"closed","ping_status":"closed","template":"","meta":{"_acf_changed":false,"footnotes":""},"class_list":["post-740","page","type-page","status-publish","hentry"],"acf":[],"_links":{"self":[{"href":"https:\/\/jandaiadosul.ufpr.br\/alpem\/wp-json\/wp\/v2\/pages\/740","targetHints":{"allow":["GET"]}}],"collection":[{"href":"https:\/\/jandaiadosul.ufpr.br\/alpem\/wp-json\/wp\/v2\/pages"}],"about":[{"href":"https:\/\/jandaiadosul.ufpr.br\/alpem\/wp-json\/wp\/v2\/types\/page"}],"author":[{"embeddable":true,"href":"https:\/\/jandaiadosul.ufpr.br\/alpem\/wp-json\/wp\/v2\/users\/3631"}],"replies":[{"embeddable":true,"href":"https:\/\/jandaiadosul.ufpr.br\/alpem\/wp-json\/wp\/v2\/comments?post=740"}],"version-history":[{"count":10,"href":"https:\/\/jandaiadosul.ufpr.br\/alpem\/wp-json\/wp\/v2\/pages\/740\/revisions"}],"predecessor-version":[{"id":1000,"href":"https:\/\/jandaiadosul.ufpr.br\/alpem\/wp-json\/wp\/v2\/pages\/740\/revisions\/1000"}],"wp:attachment":[{"href":"https:\/\/jandaiadosul.ufpr.br\/alpem\/wp-json\/wp\/v2\/media?parent=740"}],"curies":[{"name":"wp","href":"https:\/\/api.w.org\/{rel}","templated":true}]}}