{"id":729,"date":"2023-05-23T16:43:05","date_gmt":"2023-05-23T19:43:05","guid":{"rendered":"https:\/\/jandaiadosul.ufpr.br\/sas\/?page_id=729"},"modified":"2023-06-13T17:15:54","modified_gmt":"2023-06-13T20:15:54","slug":"conheca-o-pancreas","status":"publish","type":"page","link":"https:\/\/jandaiadosul.ufpr.br\/alpem\/conheca-o-pancreas\/","title":{"rendered":"Conhe\u00e7a o p\u00e2ncreas"},"content":{"rendered":"<p>&nbsp;<\/p>\n<p>O p\u00e2ncreas tem um formato que lembra um cachimbo de ponta cabe\u00e7a. \u00c9 um \u00f3rg\u00e3o alongado, localizado atr\u00e1s do est\u00f4mago, na parte posterior do abdome.<\/p>\n<p>&nbsp;<\/p>\n<p><img decoding=\"async\" class=\"wp-image-14263 aligncenter\" src=\"https:\/\/jandaiadosul.ufpr.br\/wp-content\/uploads\/2021\/08\/pancreas-1-pixabay.png\" alt=\"\" width=\"241\" height=\"113\" \/><\/p>\n<p>&nbsp;<\/p>\n<p>Em suas laterais, faz contato com o duodeno (uma parte do intestino delgado) e com o ba\u00e7o. Tamb\u00e9m tem importante rela\u00e7\u00e3o com os canal\u00edculos por onde passa a bile e, como voc\u00ea aprendeu nos textos de <span style=\"text-decoration: underline;color: #0000ff\"><em><a style=\"color: #0000ff;text-decoration: underline\" href=\"https:\/\/jandaiadosul.ufpr.br\/sas\/voce-tem-pedra-na-vesicula\/\" target=\"_blank\" rel=\"noopener noreferrer\">colelit\u00edase<\/a><\/em> <\/span>e de <span style=\"text-decoration: underline;color: #0000ff\"><em><a style=\"color: #0000ff;text-decoration: underline\" href=\"https:\/\/jandaiadosul.ufpr.br\/sas\/pancreatite-aguda\/\" target=\"_blank\" rel=\"noopener noreferrer\">pancreatite<\/a><\/em><\/span>, uma \u201cpedra\u201d que sai da ves\u00edcula pode \u201centupir\u201d esses canal\u00edculos, causando pancreatite aguda.<\/p>\n<p>&nbsp;<\/p>\n<p>Veja as <strong>figuras<\/strong> para entender melhor:<\/p>\n<p><img decoding=\"async\" class=\"wp-image-12768 alignleft\" src=\"https:\/\/jandaiadosul.ufpr.br\/wp-content\/uploads\/2020\/10\/Ductos-pancre\u00e1ticos-4.jpg\" alt=\"\" width=\"223\" height=\"205\" \/><\/p>\n<p>&nbsp;<\/p>\n<p>Observe que o p\u00e2ncreas possui ductos em seu interior, por onde passa o suco pancre\u00e1tico. Observe ainda a proximidade com a ves\u00edcula e os canal\u00edculos biliares que, juntamente com o ducto pancre\u00e1tico, desembocam no duodeno (intestino).<\/p>\n<p>&nbsp;<\/p>\n<p>&nbsp;<\/p>\n<p><img fetchpriority=\"high\" decoding=\"async\" class=\"wp-image-12766 alignright\" src=\"https:\/\/jandaiadosul.ufpr.br\/wp-content\/uploads\/2020\/10\/c\u00e1lculo-biliar-no-p\u00e2ncreas.jpg\" alt=\"\" width=\"315\" height=\"173\" \/><\/p>\n<p>&nbsp;<\/p>\n<p>&nbsp;<\/p>\n<p>Veja nessa imagem como um c\u00e1lculo origin\u00e1rio da ves\u00edcula pode causar pancreatite.<\/p>\n<p>&nbsp;<\/p>\n<p>&nbsp;<\/p>\n<p>&nbsp;<\/p>\n<p><span style=\"font-size: 14pt\"><strong>Qual a fun\u00e7\u00e3o do p\u00e2ncreas?<\/strong><\/span><\/p>\n<p>O p\u00e2ncreas \u00e9 um \u00f3rg\u00e3o muito interessante, pois produz tanto subst\u00e2ncias a serem \u201cdespejadas\u201d no intestino \u2013 o suco pancre\u00e1tico \u2013 quanto subst\u00e2ncias a serem \u201cdespejadas\u201d na corrente sangu\u00ednea \u2013 os horm\u00f4nios.<\/p>\n<p><img loading=\"lazy\" decoding=\"async\" class=\"wp-image-12767 alignleft\" src=\"https:\/\/jandaiadosul.ufpr.br\/wp-content\/uploads\/2020\/10\/Ductos-pancre\u00e1ticos-2.jpg\" alt=\"\" width=\"267\" height=\"211\" \/><\/p>\n<p>&nbsp;<\/p>\n<p>&nbsp;<\/p>\n<p>Perceba na imagem os\u00a0 vasos sangu\u00edneos, para onde os horm\u00f4nios pancre\u00e1ticos s\u00e3o secretados.<\/p>\n<p>&nbsp;<\/p>\n<p>&nbsp;<\/p>\n<p>&nbsp;<\/p>\n<p>&nbsp;<\/p>\n<p><img loading=\"lazy\" decoding=\"async\" class=\"wp-image-12781 alignright\" src=\"https:\/\/jandaiadosul.ufpr.br\/wp-content\/uploads\/2020\/10\/sist-digest\u00f3rio-2-1-e1602680380272.jpg\" alt=\"\" width=\"232\" height=\"266\" \/>Os alimentos s\u00e3o engolidos, passam pelo es\u00f4fago e chegam ao est\u00f4mago, onde s\u00e3o parcialmente digeridos. Ap\u00f3s sair desse \u00f3rg\u00e3o, atingem o intestino delgado, local onde o p\u00e2ncreas despeja seu suco enzim\u00e1tico para que a digest\u00e3o continue e a absor\u00e7\u00e3o dos nutrientes ocorra.<\/p>\n<p>A secre\u00e7\u00e3o pancre\u00e1tica (suco) \u00e9 formada basicamente por \u00e1gua, enzimas e bicarbonato.<\/p>\n<p><strong>Enzimas <\/strong>s\u00e3o subst\u00e2ncias que facilitam rea\u00e7\u00f5es qu\u00edmicas. Por exemplo, as enzimas pancre\u00e1ticas permitem a \u201cquebra\u201d das mol\u00e9culas de prote\u00edna, lip\u00eddio (gordura) e a\u00e7\u00facar que ingerimos em produtos menores para que possam ser absorvidos pelo intestino. Alguns exemplos de enzimas pancre\u00e1ticas s\u00e3o: lipase, amilase e tripsina.<\/p>\n<p>O <strong>bicarbonato<\/strong> serve para neutralizar o pH \u00e1cido da secre\u00e7\u00e3o vinda do est\u00f4mago. Isso \u00e9 importante por que, apesar de o est\u00f4mago ser um \u00f3rg\u00e3o preparado para \u201cviver\u201d em um ambiente \u00e1cido, o intestino n\u00e3o \u00e9. Logo, assim que os alimentos envoltos em suco g\u00e1strico chegam ao intestino, o suco pancre\u00e1tico neutraliza o pH para que n\u00e3o haja les\u00e3o do \u00f3rg\u00e3o.<\/p>\n<p>&nbsp;<\/p>\n<p>A chamada parte end\u00f3crina do p\u00e2ncreas \u00e9 a que produz <strong>horm\u00f4nios<\/strong>, sendo o mais famoso deles a insulina. Juntamente com outro horm\u00f4nio pancre\u00e1tico, o glucagon, ela controla os n\u00edveis de glicose no sangue, mantendo-os em n\u00edveis adequados ao bom funcionamento do organismo.<\/p>\n<p>Voc\u00ea aprende mais sobre a insulina e seus efeitos no texto sobre <span style=\"text-decoration: underline;color: #0000ff\"><a style=\"color: #0000ff;text-decoration: underline\" href=\"https:\/\/jandaiadosul.ufpr.br\/sas\/diabetes-mellitus\/\">diabetes<em> mellitus<\/em><\/a><\/span>.<\/p>\n<p>&nbsp;<\/p>\n<p><span style=\"font-size: 10pt\"><b>Autoria:<\/b> Tayn\u00e1<\/span><\/p>\n<p><span style=\"font-size: 10pt\"><b>Outubro\/2020<\/b><\/span><\/p>\n<p><span style=\"font-size: 10pt\"><b>Refer\u00eancias:<\/b><\/span><\/p>\n<p><span style=\"font-size: 10pt\">Livro de Medicina Interna \u2013 Harrison<\/span><\/p>\n<p><span style=\"font-size: 10pt\">Livro de Anatomia Orientada para a Cl\u00ednica \u2013 Moore, Dalley e Agur<\/span><\/p>\n<p><span style=\"font-size: 10pt\"><b>I<\/b><b>magens <\/b><b>dispon\u00edveis em:<\/b><\/span><\/p>\n<p><span style=\"font-size: 8pt\"><b>&lt;<\/b><a href=\"https:\/\/pixabay.com\/pt\/illustrations\/p%C3%A2ncreas-%C3%B3rg%C3%A3o-anatomia-2934621\/\" target=\"_blank\" rel=\"noopener\"><u>https:\/\/pixabay.com\/pt\/illustrations\/p%C3%A2ncreas-%C3%B3rg%C3%A3o-anatomia-2934621\/<\/u><\/a><b>&gt;<\/b><\/span><\/p>\n<p><span style=\"font-size: 8pt\"><b>&lt;<\/b><a href=\"https:\/\/drcerqueira.com.br\/especialidades\/pancreas\/\"><u>https:\/\/drcerqueira.com.br\/especialidades\/pancreas\/<\/u><\/a><b>&gt;<\/b><\/span><\/p>\n<p><span style=\"font-size: 8pt\"><b>&lt;<\/b><a href=\"https:\/\/edisciplinas.usp.br\/pluginfile.php\/5580935\/mod_resource\/content\/4\/PANCREATITE%20AGUDA%20-%20Cap%C3%ADtulo-02.indd.pdf\" target=\"_blank\" rel=\"noopener\"><u>https:\/\/edisciplinas.usp.br\/pluginfile.php\/5580935\/mod_resource\/content\/4\/PANCREATITE%20AGUDA%20-%20Cap%C3%ADtulo-02.indd.pdf<\/u><\/a><b>&gt;<\/b><\/span><\/p>\n<p><span style=\"font-size: 8pt\"><b>&lt;<\/b><a href=\"http:\/\/www.editoraopirus.com.br\/uploads\/mg\/materiais\/biologia\/mg-biologia-2-serie-604f3ba225f51.pdf\" target=\"_blank\" rel=\"noopener\"><u>http:\/\/www.editoraopirus.com.br\/uploads\/mg\/materiais\/biologia\/mg-biologia-2-serie-604f3ba225f51.pdf<\/u><\/a><b>&gt;<\/b><\/span><\/p>\n<p><span style=\"font-size: 8pt\"><b>&lt;<\/b><a href=\"http:\/\/biologiaparavida1.blogspot.com\/2014\/02\/sistema-digestorio-humano-digestao-e-um.html\" target=\"_blank\" rel=\"noopener\"><u>http:\/\/biologiaparavida1.blogspot.com\/2014\/02\/sistema-digestorio-humano-digestao-e-um.html<\/u><\/a><b>&gt;<\/b><\/span><\/p>\n","protected":false},"excerpt":{"rendered":"<p>&nbsp; O p\u00e2ncreas tem um formato que lembra um cachimbo de ponta cabe\u00e7a. \u00c9 um \u00f3rg\u00e3o alongado, localizado atr\u00e1s do est\u00f4mago, na parte posterior do [&hellip;]<\/p>\n","protected":false},"author":3631,"featured_media":0,"parent":0,"menu_order":0,"comment_status":"closed","ping_status":"closed","template":"","meta":{"_acf_changed":false,"footnotes":""},"class_list":["post-729","page","type-page","status-publish","hentry"],"acf":[],"_links":{"self":[{"href":"https:\/\/jandaiadosul.ufpr.br\/alpem\/wp-json\/wp\/v2\/pages\/729","targetHints":{"allow":["GET"]}}],"collection":[{"href":"https:\/\/jandaiadosul.ufpr.br\/alpem\/wp-json\/wp\/v2\/pages"}],"about":[{"href":"https:\/\/jandaiadosul.ufpr.br\/alpem\/wp-json\/wp\/v2\/types\/page"}],"author":[{"embeddable":true,"href":"https:\/\/jandaiadosul.ufpr.br\/alpem\/wp-json\/wp\/v2\/users\/3631"}],"replies":[{"embeddable":true,"href":"https:\/\/jandaiadosul.ufpr.br\/alpem\/wp-json\/wp\/v2\/comments?post=729"}],"version-history":[{"count":11,"href":"https:\/\/jandaiadosul.ufpr.br\/alpem\/wp-json\/wp\/v2\/pages\/729\/revisions"}],"predecessor-version":[{"id":986,"href":"https:\/\/jandaiadosul.ufpr.br\/alpem\/wp-json\/wp\/v2\/pages\/729\/revisions\/986"}],"wp:attachment":[{"href":"https:\/\/jandaiadosul.ufpr.br\/alpem\/wp-json\/wp\/v2\/media?parent=729"}],"curies":[{"name":"wp","href":"https:\/\/api.w.org\/{rel}","templated":true}]}}