{"id":702,"date":"2023-05-23T15:48:33","date_gmt":"2023-05-23T18:48:33","guid":{"rendered":"https:\/\/jandaiadosul.ufpr.br\/sas\/?page_id=702"},"modified":"2023-06-13T16:38:26","modified_gmt":"2023-06-13T19:38:26","slug":"pancreatite-cronica","status":"publish","type":"page","link":"https:\/\/jandaiadosul.ufpr.br\/alpem\/pancreatite-cronica\/","title":{"rendered":"Pancreatite Cr\u00f4nica"},"content":{"rendered":"<p>&nbsp;<\/p>\n<p><span style=\"font-size: 14pt\"><strong>O p\u00e2ncreas<\/strong><\/span><\/p>\n<p>O <span style=\"text-decoration: underline\"><span style=\"color: #0000ff;text-decoration: underline\"><a style=\"color: #0000ff;text-decoration: underline\" href=\"https:\/\/jandaiadosul.ufpr.br\/sas\/conheca-o-pancreas\/\" target=\"_blank\" rel=\"noopener\">p\u00e2ncreas<\/a><\/span><\/span> \u00e9 um \u00f3rg\u00e3o localizado na parte superior do abdome, abaixo do est\u00f4mago e ao lado da primeira parte do intestino delgado. \u00c9 essencial ao funcionamento do corpo, pois produz tanto subst\u00e2ncias liberadas na corrente sangu\u00ednea como subst\u00e2ncias liberadas no trato digest\u00f3rio. \u00c9 o p\u00e2ncreas que produz a famosa insulina, que regula o a\u00e7\u00facar no organismo. \u00c9 ele tamb\u00e9m que produz as chamadas enzimas pancre\u00e1ticas, essenciais para a digest\u00e3o dos diversos alimentos ingeridos.<\/p>\n<p>&nbsp;<\/p>\n<p><span style=\"font-size: 14pt\"><strong>Pancreatite cr\u00f4nica <\/strong><\/span><\/p>\n<p>\u00c9 uma inflama\u00e7\u00e3o do p\u00e2ncreas, por\u00e9m, diferentemente da <span style=\"text-decoration: underline\"><span style=\"color: #0000ff;text-decoration: underline\"><a style=\"color: #0000ff;text-decoration: underline\" href=\"https:\/\/jandaiadosul.ufpr.br\/sas\/pancreatite-aguda\/\" target=\"_blank\" rel=\"noopener\">pancreatite aguda<\/a><\/span><\/span>, h\u00e1 destrui\u00e7\u00e3o irrevers\u00edvel do \u00f3rg\u00e3o, com perda gradual de suas fun\u00e7\u00f5es.<\/p>\n<p>&nbsp;<\/p>\n<p><span style=\"font-size: 14pt\"><strong>O que causa pancreatite cr\u00f4nica?<\/strong><\/span><\/p>\n<p><img decoding=\"async\" class=\" wp-image-12020 alignleft\" src=\"https:\/\/jandaiadosul.ufpr.br\/wp-content\/uploads\/2020\/06\/alcoolatra-5-150x150.jpg\" alt=\"\" width=\"152\" height=\"152\" \/><\/p>\n<p>\u2022 <strong>Etilismo (<span style=\"text-decoration: underline\"><span style=\"color: #0000ff;text-decoration: underline\"><a style=\"color: #0000ff;text-decoration: underline\" href=\"https:\/\/jandaiadosul.ufpr.br\/sas\/por-que-a-venda-de-bebidas-alcoolicas-e-proibida-para-menores-de-18-anos\/\" target=\"_blank\" rel=\"noopener\">alcoolismo<\/a><\/span><\/span>) cr\u00f4nico<\/strong>: representa 80% dos casos<\/p>\n<p>Ocorre em indiv\u00edduos que ingerem grandes quantidades de bebida alco\u00f3lica durante muitos anos.<\/p>\n<p>\u2022 Outras causas: doen\u00e7as sist\u00eamicas (l\u00fapus, por exemplo), doen\u00e7as heredit\u00e1rias (fibrose c\u00edstica, por exemplo), tumores que obstruam e\/ou alterem a anatomia da regi\u00e3o do p\u00e2ncreas e dos ductos biliares.<\/p>\n<p>&nbsp;<\/p>\n<p>&nbsp;<\/p>\n<p><span style=\"font-size: 14pt\"><strong>Quais os sintomas?<\/strong><\/span><\/p>\n<p>O indiv\u00edduo apresenta crises recorrentes de dor abdominal de forte intensidade, perda de peso, elimina\u00e7\u00e3o de gordura nas fezes e diabetes.<\/p>\n<p>Lembre-se de que \u00e9 o p\u00e2ncreas, com suas enzimas digestivas, que auxilia na digest\u00e3o de gorduras em nosso organismo. Quando esse \u00f3rg\u00e3o n\u00e3o funciona direito, as gorduras n\u00e3o s\u00e3o devidamente digeridas e absorvidas e acabam sendo eliminadas junto com as fezes.<\/p>\n<p>Al\u00e9m da digest\u00e3o das gorduras, o p\u00e2ncreas tamb\u00e9m atua na de a\u00e7\u00facares e prote\u00ednas. O indiv\u00edduo com pancreatite cr\u00f4nica, ent\u00e3o, perde peso e torna-se desnutrido, j\u00e1 que os nutrientes que n\u00e3o s\u00e3o adequadamente digeridos tamb\u00e9m n\u00e3o s\u00e3o adequadamente absorvidos.<\/p>\n<p>O mesmo racioc\u00ednio serve para explicar o surgimento do diabetes. Se o p\u00e2ncreas encontra-se \u201cdoente\u201d, n\u00e3o haver\u00e1 produ\u00e7\u00e3o adequada de insulina, o que acarretar\u00e1 na doen\u00e7a chamada diabetes <em>mellitus<\/em>.<\/p>\n<p>&nbsp;<\/p>\n<p><span style=\"font-size: 14pt\"><strong>Diagn\u00f3stico<\/strong><\/span><\/p>\n<p>V\u00e1rios s\u00e3o os exames existentes para comprovar a insufici\u00eancia pancre\u00e1tica.<\/p>\n<p>Al\u00e9m desses, os exames de imagem (tomografia, ultrassom) s\u00e3o \u00fateis para a visualiza\u00e7\u00e3o n\u00e3o s\u00f3 do p\u00e2ncreas, como de todo o abdome.<\/p>\n<p>&nbsp;<\/p>\n<p><span style=\"font-size: 14pt\"><strong>Tratamento<\/strong><\/span><\/p>\n<p>A pancreatite cr\u00f4nica n\u00e3o tem cura; a les\u00e3o ao \u00f3rg\u00e3o \u00e9 irrevers\u00edvel.<\/p>\n<p><img decoding=\"async\" class=\" wp-image-12021 alignright\" src=\"https:\/\/jandaiadosul.ufpr.br\/wp-content\/uploads\/2020\/06\/alcoolatra-6-150x84.jpg\" alt=\"\" width=\"195\" height=\"109\" \/>O indiv\u00edduo que tem o \u00e1lcool como etiologia, deve cessar imediatamente a ingest\u00e3o do mesmo!! Caso contr\u00e1rio, a les\u00e3o ao p\u00e2ncreas continua ocorrendo.<\/p>\n<p>O paciente recebe orienta\u00e7\u00f5es de dieta, reposi\u00e7\u00e3o de enzimas que o p\u00e2ncreas n\u00e3o mais produz, medica\u00e7\u00e3o para dor e para controle do diabetes. Em alguns casos, a interven\u00e7\u00e3o cir\u00fargica \u00e9 necess\u00e1ria.<\/p>\n<p>&nbsp;<\/p>\n<p><span style=\"font-size: 14pt\"><strong>Complica\u00e7\u00f5es<\/strong><\/span><\/p>\n<p>A pancreatite cr\u00f4nica, al\u00e9m de ser, <em>per se<\/em>, uma doen\u00e7a grave, pode causar complica\u00e7\u00f5es como: infec\u00e7\u00e3o, obstru\u00e7\u00e3o no intestino, obstru\u00e7\u00e3o dos ductos biliares, trombose de vasos sangu\u00edneos da regi\u00e3o, al\u00e9m de ser fator de risco para c\u00e2ncer de p\u00e2ncreas.<\/p>\n<p><img decoding=\"async\" class=\"wp-image-13194 aligncenter\" src=\"https:\/\/jandaiadosul.ufpr.br\/wp-content\/uploads\/2020\/12\/pancreas-4.jpg\" alt=\"\" width=\"303\" height=\"151\" \/><\/p>\n<p>Na imagem \u00e9 poss\u00edvel ver que o p\u00e2ncreas localiza-se muito pr\u00f3ximo ao intestino e aos ductos biliares, por isso uma pancreatite cr\u00f4nica pode complicar com obstru\u00e7\u00e3o intestinal ou biliar. Na mesma imagem, percebe-se a representa\u00e7\u00e3o de um tumor pancre\u00e1tico.<\/p>\n<p>&nbsp;<\/p>\n<p><span style=\"font-size: 10pt\"><strong>Autoria<\/strong>: Tayn\u00e1<\/span><\/p>\n<p><span style=\"font-size: 10pt\"><strong>Junho\/2020<\/strong><\/span><\/p>\n<p><span style=\"font-size: 10pt\"><strong>Refer\u00eancias<\/strong>:<\/span><\/p>\n<p><span style=\"font-size: 10pt\">Minist\u00e9rio da Sa\u00fade\u00a0<\/span><\/p>\n<p><span style=\"font-size: 10pt\">Livro de Cl\u00ednica M\u00e9dica da Universidade de S\u00e3o Paulo, 2a edi\u00e7\u00e3o<\/span><\/p>\n<p><span style=\"font-size: 10pt\"><strong>Imagens dispon\u00edveis em:<\/strong><\/span><\/p>\n<p><span style=\"font-size: 8pt\"><strong>&lt;<\/strong>https:\/\/multiajuda.com.br\/materia.php?id=8674&amp;n=Alcoolismo+e+vidas+passadas<strong>&gt;<\/strong>\u00a0<\/span><\/p>\n<p><span style=\"font-size: 8pt\"><strong>&lt;<\/strong>https:\/\/equilibrioemvida.com\/2019\/04\/e-isso-que-acontece-quando-voce-fica-28-dias-sem-beber-alcool\/<strong>&gt;<\/strong>\u00a0<\/span><\/p>\n<p><span style=\"font-size: 8pt\"><strong>&lt;<\/strong>https:\/\/rsaude.com.br\/cuiaba\/materia\/cancer-de-pancreas\/20969<strong>&gt;<\/strong><\/span><\/p>\n","protected":false},"excerpt":{"rendered":"<p>&nbsp; O p\u00e2ncreas O p\u00e2ncreas \u00e9 um \u00f3rg\u00e3o localizado na parte superior do abdome, abaixo do est\u00f4mago e ao lado da primeira parte do intestino [&hellip;]<\/p>\n","protected":false},"author":3631,"featured_media":0,"parent":0,"menu_order":0,"comment_status":"closed","ping_status":"closed","template":"","meta":{"_acf_changed":false,"footnotes":""},"class_list":["post-702","page","type-page","status-publish","hentry"],"acf":[],"_links":{"self":[{"href":"https:\/\/jandaiadosul.ufpr.br\/alpem\/wp-json\/wp\/v2\/pages\/702","targetHints":{"allow":["GET"]}}],"collection":[{"href":"https:\/\/jandaiadosul.ufpr.br\/alpem\/wp-json\/wp\/v2\/pages"}],"about":[{"href":"https:\/\/jandaiadosul.ufpr.br\/alpem\/wp-json\/wp\/v2\/types\/page"}],"author":[{"embeddable":true,"href":"https:\/\/jandaiadosul.ufpr.br\/alpem\/wp-json\/wp\/v2\/users\/3631"}],"replies":[{"embeddable":true,"href":"https:\/\/jandaiadosul.ufpr.br\/alpem\/wp-json\/wp\/v2\/comments?post=702"}],"version-history":[{"count":8,"href":"https:\/\/jandaiadosul.ufpr.br\/alpem\/wp-json\/wp\/v2\/pages\/702\/revisions"}],"predecessor-version":[{"id":960,"href":"https:\/\/jandaiadosul.ufpr.br\/alpem\/wp-json\/wp\/v2\/pages\/702\/revisions\/960"}],"wp:attachment":[{"href":"https:\/\/jandaiadosul.ufpr.br\/alpem\/wp-json\/wp\/v2\/media?parent=702"}],"curies":[{"name":"wp","href":"https:\/\/api.w.org\/{rel}","templated":true}]}}