{"id":683,"date":"2023-05-23T15:27:49","date_gmt":"2023-05-23T18:27:49","guid":{"rendered":"https:\/\/jandaiadosul.ufpr.br\/sas\/?page_id=683"},"modified":"2023-06-13T16:33:07","modified_gmt":"2023-06-13T19:33:07","slug":"pancreatite-aguda","status":"publish","type":"page","link":"https:\/\/jandaiadosul.ufpr.br\/alpem\/pancreatite-aguda\/","title":{"rendered":"Pancreatite Aguda"},"content":{"rendered":"<p>&nbsp;<\/p>\n<p><span style=\"font-size: 14pt\"><strong>O p\u00e2ncreas<\/strong><\/span><\/p>\n<p><img decoding=\"async\" class=\"wp-image-13185 alignright\" src=\"https:\/\/jandaiadosul.ufpr.br\/wp-content\/uploads\/2020\/12\/pancreas-1.jpg\" alt=\"\" width=\"187\" height=\"172\" \/>O p\u00e2ncreas \u00e9 um \u00f3rg\u00e3o localizado na parte superior do abdome, abaixo do est\u00f4mago e ao lado da primeira parte do intestino delgado. \u00c9 essencial ao funcionamento do corpo, pois produz tanto subst\u00e2ncias liberadas na corrente sangu\u00ednea como subst\u00e2ncias liberadas no trato digest\u00f3rio. \u00c9 o p\u00e2ncreas que produz a famosa insulina, que regula o a\u00e7\u00facar no organismo. \u00c9 ele tamb\u00e9m que produz as chamadas enzimas pancre\u00e1ticas, essenciais para a digest\u00e3o dos diversos alimentos ingeridos.<\/p>\n<p>&nbsp;<\/p>\n<p><span style=\"font-size: 14pt\"><strong>Pancreatite Aguda<\/strong><\/span><\/p>\n<p>\u00c9 uma inflama\u00e7\u00e3o aguda do p\u00e2ncreas que pode ocorrer por v\u00e1rios motivos. Abrange desde casos leves at\u00e9 quadros dram\u00e1ticos que acabam por afetar todo o organismo (n\u00e3o s\u00f3 o p\u00e2ncreas) e levar ao \u00f3bito.<\/p>\n<p>&nbsp;<\/p>\n<p><span style=\"font-size: 14pt\"><strong>Causas de pancreatite aguda<\/strong><\/span><\/p>\n<p><strong>\u25aa <\/strong>Biliar: mais de 50% dos casos<\/p>\n<p>Ocorre quando o c\u00e1lculo da ves\u00edcula (ver texto <span style=\"text-decoration: underline;color: #0000ff\"><a style=\"color: #0000ff;text-decoration: underline\" href=\"https:\/\/jandaiadosul.ufpr.br\/sas\/voce-tem-pedra-na-vesicula\/\"><em>Voc\u00ea tem \u201cpedra na ves\u00edcula\u201d?<\/em><\/a><\/span><span style=\"color: #000000\">) <\/span>passa pelos canal\u00edculos biliares, aumentando a press\u00e3o no p\u00e2ncreas e causando a pancreatite aguda.<\/p>\n<p><img decoding=\"async\" class=\"alignnone wp-image-13183 \" src=\"https:\/\/jandaiadosul.ufpr.br\/wp-content\/uploads\/2020\/12\/calculo-biliar-no-pancreas.jpg\" alt=\"\" width=\"294\" height=\"162\" \/><\/p>\n<p>&nbsp;<\/p>\n<p><strong>\u25aa <\/strong><span style=\"text-decoration: underline\"><span style=\"color: #0000ff;text-decoration: underline\"><a style=\"color: #0000ff;text-decoration: underline\" href=\"https:\/\/jandaiadosul.ufpr.br\/sas\/por-que-a-venda-de-bebidas-alcoolicas-e-proibida-para-menores-de-18-anos\/\" target=\"_blank\" rel=\"noopener\">\u00c1lcool<\/a><\/span><\/span>: 30% dos casos<\/p>\n<p>A ingest\u00e3o aguda de grandes quantidades de \u00e1lcool pode causar pancreatite.<\/p>\n<p>Obs: isso n\u00e3o vale apenas para indiv\u00edduos ditos alco\u00f3latras, mas para qualquer pessoa que ingira grandes quantidades de \u00e1lcool de uma s\u00f3 vez.<\/p>\n<p>&nbsp;<\/p>\n<p>\u25aa Traumas abdominais<\/p>\n<p>Em crian\u00e7as, o impacto de algo no abdome (ex: guid\u00e3o de bicicleta) pode ser a causa de uma pancreatite aguda.<\/p>\n<p>&nbsp;<\/p>\n<p>\u25aa Outras causas: excesso de triglicer\u00eddeos, infec\u00e7\u00f5es, ingest\u00e3o de certas medica\u00e7\u00f5es, entre outras.<\/p>\n<p>&nbsp;<\/p>\n<p><span style=\"font-size: 14pt\"><strong>Sintomas<\/strong><\/span><\/p>\n<p>A pancreatite aguda, independentemente da causa, gera: dor abdominal de forte intensidade, n\u00e1useas e v\u00f4mitos intensos.<\/p>\n<p>Nos casos graves, o cora\u00e7\u00e3o fica acelerado, a respira\u00e7\u00e3o fica acelerada, h\u00e1 sudorese (suor excessivo) e manchas arroxeadas no abdome. O paciente pode ter disfun\u00e7\u00e3o em v\u00e1rios \u00f3rg\u00e3os e evoluir para \u00f3bito.<\/p>\n<p>&nbsp;<\/p>\n<p><span style=\"font-size: 14pt\"><strong>Diagn\u00f3stico<\/strong><\/span><\/p>\n<p>O diagn\u00f3stico baseia-se na hist\u00f3ria cl\u00ednica, em exames de imagem (tomografia, por exemplo) e em exames laboratoriais.<\/p>\n<p>&nbsp;<\/p>\n<p><span style=\"font-size: 14pt\"><strong>Tratamento<\/strong><\/span><\/p>\n<p>Baseia-se em hidrata\u00e7\u00e3o, medica\u00e7\u00e3o para dor e v\u00f4mitos, antibi\u00f3ticos se houver infec\u00e7\u00e3o associada, jejum e dieta com pouca gordura. Em alguns casos, h\u00e1 indica\u00e7\u00e3o de tratamento cir\u00fargico.<\/p>\n<p>Importante lembrar que o paciente que tem o c\u00e1lculo biliar como causa de pancreatite deve ter a ves\u00edcula biliar retirada cirurgicamente para que o quadro pancre\u00e1tico n\u00e3o se repita.<\/p>\n<p>&nbsp;<\/p>\n<p><span style=\"font-size: 10pt\"><strong>Autoria<\/strong>: Tayn\u00e1<\/span><\/p>\n<p><span style=\"font-size: 10pt\"><strong>Maio\/2020<\/strong><\/span><\/p>\n<p><span style=\"font-size: 10pt\"><strong>Refer\u00eancias<\/strong>:<\/span><\/p>\n<p><span style=\"font-size: 10pt\">Minist\u00e9rio da Sa\u00fade\u00a0<\/span><\/p>\n<p><span style=\"font-size: 10pt\">Livro de Cl\u00ednica M\u00e9dica da Universidade de S\u00e3o Paulo, 2a edi\u00e7\u00e3o<\/span><\/p>\n<p><span style=\"font-size: 10pt\"><strong>Imagens dispon\u00edveis em:<\/strong><\/span><\/p>\n<p><span style=\"font-size: 8pt\"><strong>&lt;<\/strong>https:\/\/edisciplinas.usp.br\/pluginfile.php\/5580935\/mod_resource\/content\/4\/PANCREATITE%20AGUDA%20-%20Cap%C3%ADtulo-02.indd.pdf<strong>&gt;<\/strong><\/span><\/p>\n<p><span style=\"font-size: 8pt\"><strong>&lt;<\/strong>https:\/\/iaol.com.br\/guiadobuscador\/texto.php?id_artigo=5481&amp;C=192&amp;S=0<strong>&gt;<\/strong><\/span><\/p>\n","protected":false},"excerpt":{"rendered":"<p>&nbsp; O p\u00e2ncreas O p\u00e2ncreas \u00e9 um \u00f3rg\u00e3o localizado na parte superior do abdome, abaixo do est\u00f4mago e ao lado da primeira parte do intestino [&hellip;]<\/p>\n","protected":false},"author":3631,"featured_media":0,"parent":0,"menu_order":0,"comment_status":"closed","ping_status":"closed","template":"","meta":{"_acf_changed":false,"footnotes":""},"class_list":["post-683","page","type-page","status-publish","hentry"],"acf":[],"_links":{"self":[{"href":"https:\/\/jandaiadosul.ufpr.br\/alpem\/wp-json\/wp\/v2\/pages\/683","targetHints":{"allow":["GET"]}}],"collection":[{"href":"https:\/\/jandaiadosul.ufpr.br\/alpem\/wp-json\/wp\/v2\/pages"}],"about":[{"href":"https:\/\/jandaiadosul.ufpr.br\/alpem\/wp-json\/wp\/v2\/types\/page"}],"author":[{"embeddable":true,"href":"https:\/\/jandaiadosul.ufpr.br\/alpem\/wp-json\/wp\/v2\/users\/3631"}],"replies":[{"embeddable":true,"href":"https:\/\/jandaiadosul.ufpr.br\/alpem\/wp-json\/wp\/v2\/comments?post=683"}],"version-history":[{"count":8,"href":"https:\/\/jandaiadosul.ufpr.br\/alpem\/wp-json\/wp\/v2\/pages\/683\/revisions"}],"predecessor-version":[{"id":955,"href":"https:\/\/jandaiadosul.ufpr.br\/alpem\/wp-json\/wp\/v2\/pages\/683\/revisions\/955"}],"wp:attachment":[{"href":"https:\/\/jandaiadosul.ufpr.br\/alpem\/wp-json\/wp\/v2\/media?parent=683"}],"curies":[{"name":"wp","href":"https:\/\/api.w.org\/{rel}","templated":true}]}}