{"id":661,"date":"2023-05-23T14:55:20","date_gmt":"2023-05-23T17:55:20","guid":{"rendered":"https:\/\/jandaiadosul.ufpr.br\/sas\/?page_id=661"},"modified":"2025-10-28T08:40:37","modified_gmt":"2025-10-28T11:40:37","slug":"hepatite-b","status":"publish","type":"page","link":"https:\/\/jandaiadosul.ufpr.br\/alpem\/hepatite-b\/","title":{"rendered":"Hepatite B &#8211; Uma doen\u00e7a do f\u00edgado transmitida por via sexual?"},"content":{"rendered":"<p><a href=\"https:\/\/www.youtube.com\/watch?v=HTl4JN_qN6k\" target=\"_blank\" rel=\"noopener\"><img decoding=\"async\" class=\"alignnone wp-image-1922\" src=\"https:\/\/jandaiadosul.ufpr.br\/wp-content\/uploads\/2014\/08\/interprete-02-150x150.jpg\" alt=\"\" width=\"104\" height=\"105\" \/><\/a><\/p>\n<p>&nbsp;<\/p>\n<p>A hepatite B \u00e9 uma infec\u00e7\u00e3o no f\u00edgado causada pelo v\u00edrus da hepatite B. Pode apresentar-se de diversas formas, desde uma infec\u00e7\u00e3o aguda e sem sintomas, at\u00e9 uma infec\u00e7\u00e3o cr\u00f4nica que evolui para cirrose hep\u00e1tica ou c\u00e2ncer de f\u00edgado.<\/p>\n<p>\u00c9 considerada um problema de sa\u00fade p\u00fablica mundial, veja abaixo o motivo:<\/p>\n<p>&nbsp;<\/p>\n<p><span style=\"font-size: 14pt\"><strong>Hepatite B em n\u00fameros<\/strong><\/span><\/p>\n<p>\u25aa Em 2015, a OMS (Organiza\u00e7\u00e3o Mundial da Sa\u00fade) estimou 257 milh\u00f5es de indiv\u00edduos vivendo com hepatite B cr\u00f4nica;<\/p>\n<p>\u25aa Tamb\u00e9m em 2015, a hepatite B foi causa de 887 mil \u00f3bitos no mundo;<\/p>\n<p>\u25aa A regi\u00e3o Sul do Brasil \u00e9 uma das que mais tem casos de hepatite B no pa\u00eds, sendo que o Paran\u00e1 ocupa a 6\u00aa coloca\u00e7\u00e3o em taxa de detec\u00e7\u00e3o da doen\u00e7a (contabilizando os 26 Estados e o distrito federal, em 2018). Veja na imagem abaixo:<\/p>\n<p><img fetchpriority=\"high\" decoding=\"async\" class=\"wp-image-12399 aligncenter\" src=\"https:\/\/jandaiadosul.ufpr.br\/wp-content\/uploads\/2020\/06\/gr%C3%A1fico%20hep%20B.png\" alt=\"\" width=\"564\" height=\"375\" \/><\/p>\n<p>&nbsp;<\/p>\n<p>\u25aa A infec\u00e7\u00e3o ocorre, principalmente, na faixa et\u00e1ria de 20 a 60 anos, ou seja, em pessoas sexualmente ativas. Outras faixas et\u00e1rias tamb\u00e9m s\u00e3o acometidas, por\u00e9m em menor n\u00famero.<\/p>\n<p>&nbsp;<\/p>\n<p><span style=\"font-size: 14pt\"><strong>Uma doen\u00e7a do f\u00edgado pode ser transmitida por via sexual?<\/strong><\/span><\/p>\n<p>Parece estranho, mas \u00e9 verdade. O v\u00edrus da hepatite B, apesar de causar doen\u00e7a no f\u00edgado, pode ser transmitido nas rela\u00e7\u00f5es sexuais, ou seja, a hepatite B faz parte das ditas infec\u00e7\u00f5es sexualmente transmiss\u00edveis (ISTs). Ali\u00e1s, a principal forma de transmiss\u00e3o dessa doen\u00e7a em nosso pa\u00eds \u00e9 justamente a sexual.<\/p>\n<p>O contato com sangue contaminado tamb\u00e9m pode transmitir o v\u00edrus, por isso \u00e9 extremamente importante o cuidado em atividades como confec\u00e7\u00e3o de tatuagens, coloca\u00e7\u00e3o de <em>piercings<\/em>, manicure, barbearia, dentre outras. Caso a higiene e a esteriliza\u00e7\u00e3o de materiais sejam inadequadas, a transmiss\u00e3o pode ocorrer. Importante lembrar que o instrumento ou o material a ser utilizado n\u00e3o precisa conter grandes quantidades de sangue contaminado para que a transmiss\u00e3o ocorra; quantidades microsc\u00f3picas, isto \u00e9, n\u00e3o vis\u00edveis a olho nu, s\u00e3o suficientes para isso.<\/p>\n<p>H\u00e1 ainda o modo de transmiss\u00e3o dito vertical, que \u00e9 quando a gr\u00e1vida transmite ao beb\u00ea durante a gesta\u00e7\u00e3o ou, mais comumente, na hora do parto.<\/p>\n<p>O compartilhamento de agulhas no uso de drogas injet\u00e1veis tamb\u00e9m facilita a transmiss\u00e3o, assim como transfus\u00f5es sangu\u00edneas em condi\u00e7\u00f5es sanit\u00e1rias inadequadas.<\/p>\n<p>&nbsp;<\/p>\n<p><span style=\"font-size: 14pt\"><strong>Sintomas<\/strong><\/span><\/p>\n<p>*<u>Infec\u00e7\u00e3o aguda<\/u>:<\/p>\n<p>Se a infec\u00e7\u00e3o aguda se deu na inf\u00e2ncia, geralmente n\u00e3o ocorrem sintomas, por\u00e9m a evolu\u00e7\u00e3o para infec\u00e7\u00e3o cr\u00f4nica \u00e9 a regra.<\/p>\n<p><img decoding=\"async\" class=\"wp-image-12399 alignleft\" src=\"https:\/\/jandaiadosul.ufpr.br\/wp-content\/uploads\/2020\/06\/icter%C3%ADcia%201.jpg\" alt=\"\" width=\"160\" height=\"112\" \/>J\u00e1 em adultos, uma parcela apresenta sintomas de: febre, perda de apetite, n\u00e1useas, v\u00f4mitos, diarreia, dores musculares. Alguns podem ainda ter icter\u00edcia (cor amarelada na pele e na parte branca dos olhos), fezes esbranqui\u00e7adas e urina escura. Ao contr\u00e1rio das crian\u00e7as, poucos s\u00e3o os adultos que evoluem para infec\u00e7\u00e3o cr\u00f4nica (cerca de 5 a 10%).<\/p>\n<p>&nbsp;<\/p>\n<p><img loading=\"lazy\" decoding=\"async\" class=\"wp-image-12553 alignright\" src=\"https:\/\/jandaiadosul.ufpr.br\/wp-content\/uploads\/2020\/06\/cirrose%203.jpg\" alt=\"\" width=\"169\" height=\"132\" \/><\/p>\n<p>*<u>Infec\u00e7\u00e3o cr\u00f4nica<\/u>:<\/p>\n<p>Quando o organismo n\u00e3o consegue \u201cvencer\u201d o v\u00edrus e a infec\u00e7\u00e3o perdura por mais de 6 meses, temos a chamada hepatite B cr\u00f4nica. Nessa fase, raros s\u00e3o os sintomas, a n\u00e3o ser que o paciente j\u00e1 esteja em est\u00e1gios finais de doen\u00e7a hep\u00e1tica ou c\u00e2ncer. O problema da infec\u00e7\u00e3o cr\u00f4nica \u00e9 justamente esse, ap\u00f3s anos e anos de \u201cluta\u201d entre v\u00edrus e sistema imune nas c\u00e9lulas do f\u00edgado, o resultado pode sim ser cirrose ou c\u00e2ncer neste \u00f3rg\u00e3o.<\/p>\n<p><strong>\u00a0<\/strong><\/p>\n<p><span style=\"font-size: 14pt\"><strong>Diagn\u00f3stico<\/strong><\/span><\/p>\n<p>O diagn\u00f3stico da hepatite B, tanto aguda, quanto cr\u00f4nica, se d\u00e1 por meio de exames de sangue. Em casos de cirrose ou c\u00e2ncer, outros exames tamb\u00e9m s\u00e3o necess\u00e1rios.<\/p>\n<p>&nbsp;<\/p>\n<p><span style=\"font-size: 14pt\"><strong>Como se prevenir de uma infec\u00e7\u00e3o por hepatite B?<\/strong><\/span><\/p>\n<p>\u00bb\u00a0Usar preservativo nas rela\u00e7\u00f5es sexuais;<\/p>\n<p>\u00bb\u00a0N\u00e3o compartilhar objetos de uso pessoal (l\u00e2minas de barbear\/depilar, escova de dente, material de manicure);<\/p>\n<p>\u00bb\u00a0Vacina: \u00e9 a principal medida de preven\u00e7\u00e3o.<\/p>\n<p><strong>\u00a0<\/strong><\/p>\n<p><span style=\"font-size: 14pt\"><strong>Tratamento<\/strong><\/span><\/p>\n<p>Na hepatite B aguda, os medicamentos utilizados combatem apenas os sintomas. Na hepatite B cr\u00f4nica, muitas vezes s\u00e3o necess\u00e1rios medicamentos que combatam tamb\u00e9m o v\u00edrus (antivirais), para impedir a evolu\u00e7\u00e3o do quadro para cirrose hep\u00e1tica e c\u00e2ncer de f\u00edgado.<\/p>\n<p>\u00c9 recomendado que se evite a ingest\u00e3o de bebidas alco\u00f3licas durante o tratamento, pois o \u00e1lcool \u00e9 um importante causador de doen\u00e7a hep\u00e1tica (veja: <span style=\"text-decoration: underline\"><span style=\"color: #0000ff;text-decoration: underline\"><a style=\"color: #0000ff;text-decoration: underline\" href=\"https:\/\/jandaiadosul.ufpr.br\/alcool-um-vilao-licito\/\" target=\"_blank\" rel=\"noopener\"><em>\u00c1lcool, um vil\u00e3o<\/em><\/a><a style=\"color: #0000ff;text-decoration: underline\" href=\"https:\/\/jandaiadosul.ufpr.br\/alcool-um-vilao-licito\/\" target=\"_blank\" rel=\"noopener noreferrer\"><em> l\u00edcito<\/em><\/a><\/span><\/span><em> \u00a0<\/em>e \u00a0<span style=\"text-decoration: underline;color: #0000ff\"><a style=\"color: #0000ff\" href=\"https:\/\/jandaiadosul.ufpr.br\/sas\/por-que-a-venda-de-bebidas-alcoolicas-e-proibida-para-menores-de-18-anos\/\" target=\"_blank\" rel=\"noopener noreferrer\"><em>Por que a venda de bebidas alco\u00f3licas \u00e9 proibida para menores de 18 anos?<\/em><\/a><\/span>).<\/p>\n<p>&nbsp;<\/p>\n<p><span style=\"font-size: 14pt\"><strong>Gesta\u00e7\u00e3o e hepatite B<\/strong><\/span><\/p>\n<p>\u00c9 imprescind\u00edvel a realiza\u00e7\u00e3o de exames diagn\u00f3sticos de hepatite B em todas as gestantes logo no primeiro trimestre de gesta\u00e7\u00e3o. Em casos positivos para infec\u00e7\u00e3o, a m\u00e3e ser\u00e1 acompanhada em servi\u00e7o de pr\u00e9-natal de refer\u00eancia e, a depender do caso, far\u00e1 uso de medica\u00e7\u00e3o antiviral ou de vacina ou de imunoglobulina (anticorpo) para evitar a transmiss\u00e3o vertical. O rec\u00e9m nascido tamb\u00e9m dever\u00e1 ser acompanhado para a realiza\u00e7\u00e3o das condutas necess\u00e1rias ao caso.<\/p>\n<p>Por que nos preocupamos tanto em evitar que o beb\u00ea \u201cpegue\u201d a infec\u00e7\u00e3o? Porque quanto mais jovem a pessoa \u00e9 ao se infectar pelo v\u00edrus, maiores as chances de esse v\u00edrus n\u00e3o ser \u201cderrotado\u201d pelo sistema imune e permanecer no organismo, causando hepatite cr\u00f4nica e as j\u00e1 citadas potenciais complica\u00e7\u00f5es de cirrose hep\u00e1tica e c\u00e2ncer.<\/p>\n<p><strong>\u00a0<\/strong><\/p>\n<p><span style=\"font-size: 14pt\"><strong>Vacina<\/strong><\/span><\/p>\n<p><img loading=\"lazy\" decoding=\"async\" class=\"wp-image-12399 alignleft\" src=\"https:\/\/jandaiadosul.ufpr.br\/wp-content\/uploads\/2020\/06\/vacina%20hep%20B.jpg\" alt=\"\" width=\"112\" height=\"107\" \/><\/p>\n<p>A vacina da hepatite B \u00e9 uma das v\u00e1rias previstas no calend\u00e1rio nacional de vacina\u00e7\u00e3o, ou seja, est\u00e1 dispon\u00edvel gratuitamente pelo SUS (Sistema \u00danico de Sa\u00fade), tanto para crian\u00e7as como para adultos. Caso voc\u00ea n\u00e3o tenha recebido as 3 doses preconizadas, procure a UBS (Unidade B\u00e1sica de Sa\u00fade) mais pr\u00f3xima de sua casa e atualize a sua \u201ccarteirinha\u201d de vacina\u00e7\u00e3o.<\/p>\n<p>Todas as gestantes n\u00e3o vacinadas ou vacinadas em esquema incompleto podem e <strong>devem<\/strong> receber a vacina da hepatite B.<\/p>\n<p>&nbsp;<\/p>\n<p>Veja tamb\u00e9m: <span style=\"text-decoration: underline;color: #0000ff\"><a style=\"color: #0000ff\" href=\"https:\/\/jandaiadosul.ufpr.br\/sas\/hepatites-virais\/\" target=\"_blank\" rel=\"noopener noreferrer\">Hepatites Virais<\/a><\/span>,\u00a0<span style=\"text-decoration: underline;color: #0000ff\"><a style=\"color: #0000ff\" href=\"https:\/\/jandaiadosul.ufpr.br\/sas\/hepatite-a\/\" target=\"_blank\" rel=\"noopener noreferrer\">Hepatite A<\/a><\/span>, <a href=\"https:\/\/jandaiadosul.ufpr.br\/sas\/hepatite-c\/\" target=\"_blank\" rel=\"noopener noreferrer\"><span style=\"text-decoration: underline;color: #0000ff\">Hepatite C<\/span>,<\/a><a href=\"https:\/\/jandaiadosul.ufpr.br\/hepatite-c\/\" target=\"_blank\" rel=\"noopener noreferrer\"> \u00a0<\/a><span style=\"text-decoration: underline;color: #0000ff\"><a style=\"color: #0000ff;text-decoration: underline\" href=\"https:\/\/jandaiadosul.ufpr.br\/sas\/ja-ouviu-falar-em-cirrose-hepatica\/\" target=\"_blank\" rel=\"noopener noreferrer\">J\u00e1 ouviu falar em cirrose hep\u00e1tica?<\/a><\/span><\/p>\n<p>&nbsp;<\/p>\n<p><span style=\"font-size: 10pt\"><strong>Autoria<\/strong>: Tayn\u00e1<\/span><\/p>\n<p><span style=\"font-size: 10pt\"><strong>Setembro\/2020<\/strong><\/span><\/p>\n<p><span style=\"font-size: 10pt\"><strong>Refer\u00eancias<\/strong>:<\/span><\/p>\n<p><span style=\"font-size: 10pt\">Minist\u00e9rio da Sa\u00fade<\/span><\/p>\n<p><span style=\"font-size: 10pt\">Organiza\u00e7\u00e3o Mundial da Sa\u00fade<\/span><\/p>\n<p><span style=\"font-size: 10pt\"><strong>Imagens dispon\u00edveis em:<\/strong><\/span><\/p>\n<p><span style=\"font-size: 8pt\"><strong>&lt;<\/strong>https:\/\/dicassobresaude.com\/o-que-e-ictericia-e-como-trata-la-em-adultos-e-criancas\/<strong>&gt;<\/strong><\/span><\/p>\n<p><span style=\"font-size: 8pt\"><strong>&lt;<\/strong>https:\/\/www.mdsaude.com\/gastroenterologia\/cirrose-hepatica\/<strong>&gt;<\/strong><\/span><\/p>\n<p><span style=\"font-size: 8pt\"><strong>&lt;<\/strong>https:\/\/www.drakeillafreitas.com.br\/vacina-da-hepatite-b\/<strong>&gt;<\/strong><\/span><\/p>\n","protected":false},"excerpt":{"rendered":"<p>&nbsp; A hepatite B \u00e9 uma infec\u00e7\u00e3o no f\u00edgado causada pelo v\u00edrus da hepatite B. Pode apresentar-se de diversas formas, desde uma infec\u00e7\u00e3o aguda e [&hellip;]<\/p>\n","protected":false},"author":3631,"featured_media":0,"parent":0,"menu_order":0,"comment_status":"closed","ping_status":"closed","template":"","meta":{"_acf_changed":false,"footnotes":""},"class_list":["post-661","page","type-page","status-publish","hentry"],"acf":[],"_links":{"self":[{"href":"https:\/\/jandaiadosul.ufpr.br\/alpem\/wp-json\/wp\/v2\/pages\/661","targetHints":{"allow":["GET"]}}],"collection":[{"href":"https:\/\/jandaiadosul.ufpr.br\/alpem\/wp-json\/wp\/v2\/pages"}],"about":[{"href":"https:\/\/jandaiadosul.ufpr.br\/alpem\/wp-json\/wp\/v2\/types\/page"}],"author":[{"embeddable":true,"href":"https:\/\/jandaiadosul.ufpr.br\/alpem\/wp-json\/wp\/v2\/users\/3631"}],"replies":[{"embeddable":true,"href":"https:\/\/jandaiadosul.ufpr.br\/alpem\/wp-json\/wp\/v2\/comments?post=661"}],"version-history":[{"count":15,"href":"https:\/\/jandaiadosul.ufpr.br\/alpem\/wp-json\/wp\/v2\/pages\/661\/revisions"}],"predecessor-version":[{"id":1679,"href":"https:\/\/jandaiadosul.ufpr.br\/alpem\/wp-json\/wp\/v2\/pages\/661\/revisions\/1679"}],"wp:attachment":[{"href":"https:\/\/jandaiadosul.ufpr.br\/alpem\/wp-json\/wp\/v2\/media?parent=661"}],"curies":[{"name":"wp","href":"https:\/\/api.w.org\/{rel}","templated":true}]}}