{"id":635,"date":"2023-05-23T14:16:54","date_gmt":"2023-05-23T17:16:54","guid":{"rendered":"https:\/\/jandaiadosul.ufpr.br\/sas\/?page_id=635"},"modified":"2023-06-13T14:48:42","modified_gmt":"2023-06-13T17:48:42","slug":"voce-teria-coragem-de-tomar-uma-sopa-de-bacterias","status":"publish","type":"page","link":"https:\/\/jandaiadosul.ufpr.br\/alpem\/voce-teria-coragem-de-tomar-uma-sopa-de-bacterias\/","title":{"rendered":"Voc\u00ea teria coragem de tomar uma \u201csopa de bact\u00e9rias\u201d?"},"content":{"rendered":"<p>&nbsp;<\/p>\n<p><img decoding=\"async\" class=\" wp-image-637 alignleft\" src=\"http:\/\/jandaiadosul.ufpr.br\/sas\/wp-content\/uploads\/sites\/12\/2023\/05\/h-pylori-1-300x257.jpg\" alt=\"\" width=\"216\" height=\"185\" srcset=\"https:\/\/jandaiadosul.ufpr.br\/alpem\/wp-content\/uploads\/sites\/12\/2023\/05\/h-pylori-1-300x257.jpg 300w, https:\/\/jandaiadosul.ufpr.br\/alpem\/wp-content\/uploads\/sites\/12\/2023\/05\/h-pylori-1-114x98.jpg 114w, https:\/\/jandaiadosul.ufpr.br\/alpem\/wp-content\/uploads\/sites\/12\/2023\/05\/h-pylori-1-67x57.jpg 67w, https:\/\/jandaiadosul.ufpr.br\/alpem\/wp-content\/uploads\/sites\/12\/2023\/05\/h-pylori-1.jpg 586w\" sizes=\"(max-width: 216px) 100vw, 216px\" \/><\/p>\n<p>Na d\u00e9cada de 1980, dois m\u00e9dicos australianos, Barry Marshall e John Warren, tentavam provar para o mundo que uma determinada bact\u00e9ria poderia causar \u00falceras e <span style=\"text-decoration: underline\"><span style=\"color: #0000ff;text-decoration: underline\"><a style=\"color: #0000ff;text-decoration: underline\" href=\"https:\/\/jandaiadosul.ufpr.br\/sas\/o-que-afinal-e-cancer\/\" target=\"_blank\" rel=\"noopener\">c\u00e2ncer<\/a><\/span><\/span> de est\u00f4mago. Como os cientistas da \u00e9poca permaneciam c\u00e9ticos, Marshall preparou e ingeriu uma \u201csopa\u201d dessa bact\u00e9ria para provar sua teoria. O que aconteceu? Cerca de 10 dias depois de o pesquisador ingerir o tal \u201ccaldo\u201d, seu exame de endoscopia evidenciou les\u00f5es agudas no est\u00f4mago. Marshall e Warren estavam certos! E mais: ganharam um pr\u00eamio Nobel por essa descoberta!!<\/p>\n<p>&nbsp;<\/p>\n<p>&nbsp;<\/p>\n<p><strong>De que bact\u00e9ria estamos falando?<\/strong><\/p>\n<p>Dif\u00edcil acreditar que algum microorganismo consiga viver em um ambiente como o est\u00f4mago humano, cheio de \u00e1cido clor\u00eddrico e com pH extremamente baixo, n\u00e3o? Por\u00e9m, existe uma bact\u00e9ria adaptada a essas condi\u00e7\u00f5es e ela se chama <em>Helicobacter pylori<\/em> (ou simplesmente <em>H. pylori<\/em>).<\/p>\n<p>O <em>H. pylori<\/em> produz subst\u00e2ncias que deixam o pH estomacal mais alcalino, conseguindo, dessa forma, permanecer em um \u00f3rg\u00e3o em que a maioria dos outros microorganismos seria destru\u00edda.<\/p>\n<p>Nem todas as cepas (tipos) de <em>H. pylori<\/em> causam \u00falceras, logo, \u00e9 poss\u00edvel que um indiv\u00edduo tenha essa bact\u00e9ria em seu est\u00f4mago e n\u00e3o apresente doen\u00e7a ou sintoma algum. Al\u00e9m disso, nem toda \u00falcera p\u00e9ptica \u00e9 causada pelo <em>H. pylori<\/em>, mas na maioria dos casos (acima de 80%) ele est\u00e1 sim envolvido.<\/p>\n<p>&nbsp;<\/p>\n<p><strong>O que \u00e9 uma \u00falcera p\u00e9ptica?<\/strong><\/p>\n<p>\u00c9 uma ferida, uma les\u00e3o na mucosa do est\u00f4mago (ou do duodeno \u2013 uma parte do intestino), que pode perfurar e sangrar se n\u00e3o tratada.<\/p>\n<p>&nbsp;<\/p>\n<p><strong>Quais s\u00e3o os fatores de risco para o desenvolvimento de \u00falceras?<\/strong><\/p>\n<p>\u2013 Infec\u00e7\u00e3o g\u00e1strica pelo <em>H. pylori<\/em><\/p>\n<p>\u2013 Idade acima de 60 anos<\/p>\n<p>\u2013 Pessoas que j\u00e1 tiveram \u00falcera no passado<\/p>\n<p>\u2013 Uso cr\u00f4nico de alguns medicamentos, como AAS e anti-inflamat\u00f3rios<\/p>\n<p>\u2013 Tabagismo<\/p>\n<p>\u2013 Etilismo (<span style=\"text-decoration: underline\"><span style=\"color: #0000ff;text-decoration: underline\"><a style=\"color: #0000ff;text-decoration: underline\" href=\"https:\/\/jandaiadosul.ufpr.br\/sas\/por-que-a-venda-de-bebidas-alcoolicas-e-proibida-para-menores-de-18-anos\/\" target=\"_blank\" rel=\"noopener\">alcoolismo<\/a><\/span><\/span>)<\/p>\n<p>&nbsp;<\/p>\n<p><strong>Quais os sintomas da \u00falcera p\u00e9ptica?<\/strong><\/p>\n<p>Em muitas pessoas, n\u00e3o h\u00e1 sintoma algum.<\/p>\n<p>Outros indiv\u00edduos apresentam: dor abdominal (queima\u00e7\u00e3o), que piora durante a noite, que pode ser aliviada ou precipitada pela ingest\u00e3o de alimentos (a depender da localiza\u00e7\u00e3o da \u00falcera \u2013 est\u00f4mago ou duodeno), n\u00e1useas e v\u00f4mitos, sensa\u00e7\u00e3o de \u201cempachamento\u201d.<\/p>\n<p>&nbsp;<\/p>\n<p><strong>Como \u00e9 feito o diagn\u00f3stico da \u00falcera?<\/strong><\/p>\n<p>A \u00falcera \u00e9 vis\u00edvel no exame de endoscopia. Durante o exame tamb\u00e9m \u00e9 poss\u00edvel realizar um teste r\u00e1pido para saber se o indiv\u00edduo est\u00e1 infectado pelo <em>H. pylori.<\/em><\/p>\n<p>&nbsp;<\/p>\n<p><strong>Como tratar a \u00falcera?<\/strong><\/p>\n<p>Importante que o paciente cesse etilismo e tabagismo e que, se poss\u00edvel, evite os medicamentos que facilitam o processo de forma\u00e7\u00e3o da \u00falcera (ver fatores de risco).<\/p>\n<p>Algumas d\u00e9cadas atr\u00e1s, n\u00e3o havia rem\u00e9dio que tratasse \u00falcera p\u00e9ptica, ent\u00e3o os pacientes eram submetidos a cirurgias para a retirada da mesma. Hoje em dia, existem medicamentos bastante eficientes para isso e, somente em \u00faltimo caso, as cirurgias s\u00e3o realizadas.<\/p>\n<p>Importante lembrar que, juntamente com o tratamento da \u00falcera, \u00e9 necess\u00e1rio tratar a infec\u00e7\u00e3o pelo <em>H. pylori<\/em>, que se d\u00e1 com uso de antibi\u00f3ticos e outras medica\u00e7\u00f5es.<\/p>\n<p>&nbsp;<\/p>\n<p><strong>Quais as complica\u00e7\u00f5es que a \u00falcera pode gerar?<\/strong><\/p>\n<p>\u2666\u00a0Sangramento: \u00e9 a principal complica\u00e7\u00e3o. O tratamento pode ser feito durante o exame de endoscopia ou de forma cir\u00fargica.<\/p>\n<p>\u2666\u00a0Perfura\u00e7\u00e3o: causa dor aguda e intensa no paciente. O tratamento \u00e9 cir\u00fargico.<\/p>\n<p>\u2666\u00a0Obstru\u00e7\u00e3o no trato gastrointestinal: de ocorr\u00eancia rara.<\/p>\n<p>&nbsp;<\/p>\n<p><span style=\"font-size: 8pt\"><strong>Autoria:<\/strong> Tayn\u00e1<\/span><\/p>\n<p><span style=\"font-size: 8pt\"><strong>Maio\/2020<\/strong><\/span><\/p>\n<p><span style=\"font-size: 8pt\"><strong>Refer\u00eancias:<\/strong><\/span><\/p>\n<p><span style=\"font-size: 8pt\">Minist\u00e9rio da Sa\u00fade<\/span><\/p>\n<p><span style=\"font-size: 8pt\">nobelprize.org<\/span><\/p>\n<p><span style=\"font-size: 8pt\"><strong>Imagem dispon\u00edvel em:<\/strong><\/span><\/p>\n<p><span style=\"font-size: 8pt\"><strong>&lt;<\/strong>https:\/\/steemit.com\/health\/@fandem\/3-tricks-remove-all-toxins-and-bacteria-that-accumulate-in-the-body-c1daa75102cc2<strong>&gt;<\/strong><\/span><\/p>\n","protected":false},"excerpt":{"rendered":"<p>&nbsp; Na d\u00e9cada de 1980, dois m\u00e9dicos australianos, Barry Marshall e John Warren, tentavam provar para o mundo que uma determinada bact\u00e9ria poderia causar \u00falceras [&hellip;]<\/p>\n","protected":false},"author":3631,"featured_media":0,"parent":0,"menu_order":0,"comment_status":"closed","ping_status":"closed","template":"","meta":{"_acf_changed":false,"footnotes":""},"class_list":["post-635","page","type-page","status-publish","hentry"],"acf":[],"_links":{"self":[{"href":"https:\/\/jandaiadosul.ufpr.br\/alpem\/wp-json\/wp\/v2\/pages\/635","targetHints":{"allow":["GET"]}}],"collection":[{"href":"https:\/\/jandaiadosul.ufpr.br\/alpem\/wp-json\/wp\/v2\/pages"}],"about":[{"href":"https:\/\/jandaiadosul.ufpr.br\/alpem\/wp-json\/wp\/v2\/types\/page"}],"author":[{"embeddable":true,"href":"https:\/\/jandaiadosul.ufpr.br\/alpem\/wp-json\/wp\/v2\/users\/3631"}],"replies":[{"embeddable":true,"href":"https:\/\/jandaiadosul.ufpr.br\/alpem\/wp-json\/wp\/v2\/comments?post=635"}],"version-history":[{"count":10,"href":"https:\/\/jandaiadosul.ufpr.br\/alpem\/wp-json\/wp\/v2\/pages\/635\/revisions"}],"predecessor-version":[{"id":931,"href":"https:\/\/jandaiadosul.ufpr.br\/alpem\/wp-json\/wp\/v2\/pages\/635\/revisions\/931"}],"wp:attachment":[{"href":"https:\/\/jandaiadosul.ufpr.br\/alpem\/wp-json\/wp\/v2\/media?parent=635"}],"curies":[{"name":"wp","href":"https:\/\/api.w.org\/{rel}","templated":true}]}}