{"id":517,"date":"2023-02-07T16:44:09","date_gmt":"2023-02-07T19:44:09","guid":{"rendered":"https:\/\/jandaiadosul.ufpr.br\/sas\/?page_id=517"},"modified":"2023-06-13T14:37:02","modified_gmt":"2023-06-13T17:37:02","slug":"hpv-verruga-e-cancer","status":"publish","type":"page","link":"https:\/\/jandaiadosul.ufpr.br\/alpem\/hpv-verruga-e-cancer\/","title":{"rendered":"HPV: verruga e c\u00e2ncer"},"content":{"rendered":"<p><img decoding=\"async\" class=\" wp-image-518 aligncenter\" src=\"http:\/\/jandaiadosul.ufpr.br\/sas\/wp-content\/uploads\/sites\/12\/2023\/02\/hpv-5-300x208.jpg\" alt=\"\" width=\"195\" height=\"135\" srcset=\"https:\/\/jandaiadosul.ufpr.br\/alpem\/wp-content\/uploads\/sites\/12\/2023\/02\/hpv-5-300x208.jpg 300w, https:\/\/jandaiadosul.ufpr.br\/alpem\/wp-content\/uploads\/sites\/12\/2023\/02\/hpv-5-768x531.jpg 768w, https:\/\/jandaiadosul.ufpr.br\/alpem\/wp-content\/uploads\/sites\/12\/2023\/02\/hpv-5-142x98.jpg 142w, https:\/\/jandaiadosul.ufpr.br\/alpem\/wp-content\/uploads\/sites\/12\/2023\/02\/hpv-5-75x52.jpg 75w, https:\/\/jandaiadosul.ufpr.br\/alpem\/wp-content\/uploads\/sites\/12\/2023\/02\/hpv-5.jpg 798w\" sizes=\"(max-width: 195px) 100vw, 195px\" \/><\/p>\n<p><strong>HPV<\/strong>\u00a0\u00e9 a sigla em ingl\u00eas para\u00a0<b>papilomav\u00edrus humano<\/b>. Existem mais de 200 tipos de HPV, cerca de 40 deles infectam a regi\u00e3o anogenital. Estes s\u00e3o divididos em dois grupos: os que t\u00eam potencial alto para causar c\u00e2ncer e os que tem baixo potencial para tal. Via de regra, os que n\u00e3o causam c\u00e2ncer s\u00e3o os que provocam as famosas les\u00f5es do tipo verruga; os que causam c\u00e2ncer normalmente n\u00e3o geram verrugas.<\/p>\n<p>&nbsp;<\/p>\n<p><span style=\"font-size: 14pt\"><b>Transmiss\u00e3o<\/b><\/span><\/p>\n<p>O HPV \u00e9 a\u00a0<b>IST<\/b>\u00a0(infec\u00e7\u00e3o sexualmente transmiss\u00edvel) mais comum do mundo, podendo ser transmitido por sexo vaginal, anal ou oral. Praticamente todo indiv\u00edduo sexualmente ativo ter\u00e1 essa infec\u00e7\u00e3o em algum momento da vida, normalmente, sem apresentar sintomas. Estima-se um risco de 15 a 25% de exposi\u00e7\u00e3o a esse v\u00edrus a cada nova parceria sexual.<\/p>\n<p>A infec\u00e7\u00e3o por um tipo de HPV n\u00e3o impede a infec\u00e7\u00e3o por outros, ou seja, infec\u00e7\u00e3o m\u00faltipla \u00e9 poss\u00edvel.<\/p>\n<p>&nbsp;<\/p>\n<p><span style=\"font-size: 14pt\"><b>Quadro cl\u00ednico<\/b><\/span><\/p>\n<p>A maioria das pessoas que se infectam com o HPV n\u00e3o apresentar\u00e3o sintomas e seus organismos combater\u00e3o o v\u00edrus sem que elas percebam que foram infectadas. Por\u00e9m, alguns indiv\u00edduos apresentar\u00e3o\u00a0<span style=\"text-decoration: underline\"><span style=\"color: #0000ff;text-decoration: underline\"><a style=\"color: #0000ff;text-decoration: underline\" href=\"https:\/\/jandaiadosul.ufpr.br\/%20o-que-um-medico-grego-um-virus-e-um-cancer-tem-em-comum\/\" target=\"_blank\" rel=\"noopener\">c\u00e2ncer<\/a><\/span><\/span><span style=\"color: #0000ff\">\u00a0<\/span>e outros apresentar\u00e3o\u00a0verrugas, a depender do tipo de HPV infectante.<\/p>\n<p>Os tipos de HPV n\u00e3o oncog\u00eanicos (que n\u00e3o causam c\u00e2ncer) podem provocar les\u00f5es na vulva, vagina, colo do \u00fatero, p\u00eanis, escroto e regi\u00e3o anal. Menos frequentemente, as verrugas podem surgir em boca, nariz e conjuntiva. Podem grandes ou pequenas.<\/p>\n<p>&nbsp;<\/p>\n<p><img decoding=\"async\" class=\"alignnone wp-image-520\" src=\"http:\/\/jandaiadosul.ufpr.br\/sas\/wp-content\/uploads\/sites\/12\/2023\/02\/hpv-2-300x231.jpg\" alt=\"\" width=\"161\" height=\"124\" srcset=\"https:\/\/jandaiadosul.ufpr.br\/alpem\/wp-content\/uploads\/sites\/12\/2023\/02\/hpv-2-300x231.jpg 300w, https:\/\/jandaiadosul.ufpr.br\/alpem\/wp-content\/uploads\/sites\/12\/2023\/02\/hpv-2-127x98.jpg 127w, https:\/\/jandaiadosul.ufpr.br\/alpem\/wp-content\/uploads\/sites\/12\/2023\/02\/hpv-2-75x57.jpg 75w, https:\/\/jandaiadosul.ufpr.br\/alpem\/wp-content\/uploads\/sites\/12\/2023\/02\/hpv-2.jpg 381w\" sizes=\"(max-width: 161px) 100vw, 161px\" \/>\u00a0 \u00a0 \u00a0 \u00a0 \u00a0 \u00a0 \u00a0 \u00a0 \u00a0 \u00a0<img decoding=\"async\" class=\"alignnone wp-image-521\" src=\"http:\/\/jandaiadosul.ufpr.br\/sas\/wp-content\/uploads\/sites\/12\/2023\/02\/hpv-3-300x232.webp\" alt=\"\" width=\"162\" height=\"125\" srcset=\"https:\/\/jandaiadosul.ufpr.br\/alpem\/wp-content\/uploads\/sites\/12\/2023\/02\/hpv-3-300x232.webp 300w, https:\/\/jandaiadosul.ufpr.br\/alpem\/wp-content\/uploads\/sites\/12\/2023\/02\/hpv-3-1024x791.webp 1024w, https:\/\/jandaiadosul.ufpr.br\/alpem\/wp-content\/uploads\/sites\/12\/2023\/02\/hpv-3-768x594.webp 768w, https:\/\/jandaiadosul.ufpr.br\/alpem\/wp-content\/uploads\/sites\/12\/2023\/02\/hpv-3-127x98.webp 127w, https:\/\/jandaiadosul.ufpr.br\/alpem\/wp-content\/uploads\/sites\/12\/2023\/02\/hpv-3-75x57.webp 75w, https:\/\/jandaiadosul.ufpr.br\/alpem\/wp-content\/uploads\/sites\/12\/2023\/02\/hpv-3.webp 1308w\" sizes=\"(max-width: 162px) 100vw, 162px\" \/>\u00a0 \u00a0 \u00a0 \u00a0 \u00a0 \u00a0 \u00a0 \u00a0 \u00a0 <img loading=\"lazy\" decoding=\"async\" class=\"alignnone wp-image-522\" src=\"http:\/\/jandaiadosul.ufpr.br\/sas\/wp-content\/uploads\/sites\/12\/2023\/02\/hpv-4-300x216.jpg\" alt=\"\" width=\"175\" height=\"126\" srcset=\"https:\/\/jandaiadosul.ufpr.br\/alpem\/wp-content\/uploads\/sites\/12\/2023\/02\/hpv-4-300x216.jpg 300w, https:\/\/jandaiadosul.ufpr.br\/alpem\/wp-content\/uploads\/sites\/12\/2023\/02\/hpv-4-1024x739.jpg 1024w, https:\/\/jandaiadosul.ufpr.br\/alpem\/wp-content\/uploads\/sites\/12\/2023\/02\/hpv-4-768x554.jpg 768w, https:\/\/jandaiadosul.ufpr.br\/alpem\/wp-content\/uploads\/sites\/12\/2023\/02\/hpv-4-136x98.jpg 136w, https:\/\/jandaiadosul.ufpr.br\/alpem\/wp-content\/uploads\/sites\/12\/2023\/02\/hpv-4-75x54.jpg 75w, https:\/\/jandaiadosul.ufpr.br\/alpem\/wp-content\/uploads\/sites\/12\/2023\/02\/hpv-4.jpg 1242w\" sizes=\"(max-width: 175px) 100vw, 175px\" \/><\/p>\n<p>&nbsp;<\/p>\n<p>&nbsp;<\/p>\n<p><span style=\"font-size: 14pt\"><b>Tratamento\u00a0<\/b><\/span><\/p>\n<p>O tratamento das verrugas n\u00e3o erradica o v\u00edrus, por isso, infelizmente, as recorr\u00eancias s\u00e3o frequentes. Existem diferentes modalidades de tratamento, alguns prescritos para que o pr\u00f3prio paciente fa\u00e7a em casa, outros realizados em consult\u00f3rio m\u00e9dico. A escolha do tratamento depende de cada caso.<\/p>\n<p>&nbsp;<\/p>\n<p><span style=\"font-size: 14pt\"><b>Preven\u00e7\u00e3o<\/b><\/span><\/p>\n<p>A\u00a0<b>vacina<\/b>\u00a0\u00e9 a maneira mais eficaz de prevenir a infec\u00e7\u00e3o pelo HPV. O Minist\u00e9rio da Sa\u00fade fornece a vacina quadrivalente (contra os tipos 6, 11, 16 e 18)\u00a0<b>gratuitamente<\/b>\u00a0para meninas de 9 a 14 anos e meninos de 11 a 14 anos. O esquema completo \u00e9 de duas doses, com intervalo de 6 meses entre elas.<\/p>\n<p>&nbsp;<\/p>\n<p><span style=\"font-size: 8pt\"><b>Autoria:\u00a0<\/b>Tayn\u00e1<\/span><\/p>\n<p><span style=\"font-size: 8pt\"><strong>Abril\/2022<\/strong><\/span><\/p>\n<p><span style=\"font-size: 8pt\"><b>Refer\u00eancia:<\/b><\/span><\/p>\n<p><span style=\"font-size: 8pt\">&lt;<span style=\"text-decoration: underline\"><span style=\"color: #0000ff;text-decoration: underline\">https:\/\/bvsms.saude.gov.br\/condiloma-acuminado-hpv\/<\/span><\/span>&gt;<\/span><\/p>\n<p><span style=\"font-size: 8pt\"><b>Imagens:<\/b><\/span><\/p>\n<p><span style=\"font-size: 8pt\">&lt;<span style=\"text-decoration: underline\"><span style=\"color: #0000ff;text-decoration: underline\">https:\/\/drauziovarella.uol.com.br\/doencas-e-sintomas\/hpv-papilomavirus-humano<\/span><\/span>&gt;<\/span><\/p>\n<p><span style=\"font-size: 8pt\"><u><\/u>&lt;<span style=\"color: #0000ff\"><u>https:\/\/www.febrasgo.org.br\/pt\/noticias\/item\/565-numero-de-infeccoes-sexualmente-transmissiveis-ist-aumenta<\/u><\/span>&gt;<\/span><\/p>\n<p><span style=\"font-size: 8pt\"><u><\/u>&lt;<span style=\"color: #0000ff\"><u>https:\/\/bvsms.saude.gov.br\/condiloma-acuminado-hpv<\/u><\/span>&gt;<\/span><\/p>\n<p><span style=\"font-size: 8pt\"><u><\/u>&lt;<u><span style=\"color: #0000ff\">https:\/\/medicinaonline.co\/2019\/02\/14\/condiloma-verruca-genitale-isolato-piatto-incubazione-cura-definitiva-immagini\/#jp-carousel-125994<\/span><\/u>&gt;<\/span><\/p>\n<p><span style=\"font-size: 8pt\"><u><\/u>&lt;<span style=\"color: #0000ff\"><u>https:\/\/medicinaonline.co\/2019\/02\/14\/condiloma-verruca-genitale-isolato-piatto-incubazione-cura-definitiva-immagini\/#jp-carousel-125992<\/u><\/span>&gt;<\/span><\/p>\n","protected":false},"excerpt":{"rendered":"<p>HPV\u00a0\u00e9 a sigla em ingl\u00eas para\u00a0papilomav\u00edrus humano. Existem mais de 200 tipos de HPV, cerca de 40 deles infectam a regi\u00e3o anogenital. Estes s\u00e3o divididos [&hellip;]<\/p>\n","protected":false},"author":3631,"featured_media":0,"parent":0,"menu_order":0,"comment_status":"closed","ping_status":"closed","template":"","meta":{"_acf_changed":false,"footnotes":""},"class_list":["post-517","page","type-page","status-publish","hentry"],"acf":[],"_links":{"self":[{"href":"https:\/\/jandaiadosul.ufpr.br\/alpem\/wp-json\/wp\/v2\/pages\/517","targetHints":{"allow":["GET"]}}],"collection":[{"href":"https:\/\/jandaiadosul.ufpr.br\/alpem\/wp-json\/wp\/v2\/pages"}],"about":[{"href":"https:\/\/jandaiadosul.ufpr.br\/alpem\/wp-json\/wp\/v2\/types\/page"}],"author":[{"embeddable":true,"href":"https:\/\/jandaiadosul.ufpr.br\/alpem\/wp-json\/wp\/v2\/users\/3631"}],"replies":[{"embeddable":true,"href":"https:\/\/jandaiadosul.ufpr.br\/alpem\/wp-json\/wp\/v2\/comments?post=517"}],"version-history":[{"count":10,"href":"https:\/\/jandaiadosul.ufpr.br\/alpem\/wp-json\/wp\/v2\/pages\/517\/revisions"}],"predecessor-version":[{"id":911,"href":"https:\/\/jandaiadosul.ufpr.br\/alpem\/wp-json\/wp\/v2\/pages\/517\/revisions\/911"}],"wp:attachment":[{"href":"https:\/\/jandaiadosul.ufpr.br\/alpem\/wp-json\/wp\/v2\/media?parent=517"}],"curies":[{"name":"wp","href":"https:\/\/api.w.org\/{rel}","templated":true}]}}