{"id":462,"date":"2023-02-07T12:29:54","date_gmt":"2023-02-07T15:29:54","guid":{"rendered":"https:\/\/jandaiadosul.ufpr.br\/sas\/?page_id=462"},"modified":"2025-10-28T08:35:43","modified_gmt":"2025-10-28T11:35:43","slug":"aids-retire-suas-duvidas","status":"publish","type":"page","link":"https:\/\/jandaiadosul.ufpr.br\/alpem\/aids-retire-suas-duvidas\/","title":{"rendered":"AIDS: retire suas d\u00favidas"},"content":{"rendered":"<p><a href=\"https:\/\/www.youtube.com\/watch?v=f5jv45DfYYI\" target=\"_blank\" rel=\"noopener\"><img decoding=\"async\" class=\"alignnone wp-image-1922\" src=\"https:\/\/jandaiadosul.ufpr.br\/wp-content\/uploads\/2014\/08\/interprete-02-150x150.jpg\" alt=\"\" width=\"104\" height=\"105\" \/><\/a><\/p>\n<p>&nbsp;<\/p>\n<p>Segundo o Minist\u00e9rio da Sa\u00fade (MS), entre os anos de 2006 e 2015, houve um aumento de 187,5% nos casos de HIV em homens brasileiros de 15 a 19 anos; um aumento de 108,2% nos homens de 20 a 24 anos e um aumento de 27,5% nos homens com mais de 60 anos, ou seja, o aumento das taxas ocorreu em praticamente <strong>TODAS<\/strong>\u00a0as faixas et\u00e1rias.<\/p>\n<p>&nbsp;<\/p>\n<p><span style=\"font-size: 14pt\"><strong>A AIDS \u00e9 uma doen\u00e7a cr\u00f4nica que afeta o \u201csistema de defesa\u201d do nosso corpo. Como assim?<\/strong><\/span><\/p>\n<p><img decoding=\"async\" class=\" wp-image-465 alignleft\" src=\"http:\/\/jandaiadosul.ufpr.br\/sas\/wp-content\/uploads\/sites\/12\/2023\/02\/sist-imune-1.jpg\" alt=\"\" width=\"194\" height=\"123\" srcset=\"https:\/\/jandaiadosul.ufpr.br\/alpem\/wp-content\/uploads\/sites\/12\/2023\/02\/sist-imune-1.jpg 234w, https:\/\/jandaiadosul.ufpr.br\/alpem\/wp-content\/uploads\/sites\/12\/2023\/02\/sist-imune-1-154x98.jpg 154w, https:\/\/jandaiadosul.ufpr.br\/alpem\/wp-content\/uploads\/sites\/12\/2023\/02\/sist-imune-1-75x48.jpg 75w\" sizes=\"(max-width: 194px) 100vw, 194px\" \/>O nosso corpo possui um sistema de defesa que combate os micro-organismos (v\u00edrus, bact\u00e9rias) que tentam nos deixar doentes (como se fosse um \u201cex\u00e9rcito\u201d, sempre combatendo os \u201cinvasores\u201d do nosso territ\u00f3rio). Esse sistema de defesa \u00e9 chamado de sistema imune.<\/p>\n<p>O v\u00edrus do HIV, que \u00e9 o causador da AIDS, \u00e9 um v\u00edrus que consegue, aos poucos, derrotar esse nosso ex\u00e9rcito, causando a chamada imunodefici\u00eancia, ou seja, deixando nosso ex\u00e9rcito cada vez mais fraco e incapaz de combater os v\u00edrus e bact\u00e9rias que combatia antes. Com o passar do tempo, o HIV nos deixa t\u00e3o fracos que acabamos por ficar doentes quase o tempo todo. Isso pode nos levar \u00e0 morte.<\/p>\n<p>&nbsp;<\/p>\n<p>Seguem algumas quest\u00f5es sobre a doen\u00e7a:<\/p>\n<p>&nbsp;<\/p>\n<p><span style=\"font-size: 14pt\"><strong>Qual a diferen\u00e7a entre HIV e AIDS?<\/strong><\/span><\/p>\n<p><img decoding=\"async\" class=\"wp-image-466 aligncenter\" src=\"http:\/\/jandaiadosul.ufpr.br\/sas\/wp-content\/uploads\/sites\/12\/2023\/02\/hiv-1.jpg\" alt=\"\" width=\"190\" height=\"142\" srcset=\"https:\/\/jandaiadosul.ufpr.br\/alpem\/wp-content\/uploads\/sites\/12\/2023\/02\/hiv-1.jpg 400w, https:\/\/jandaiadosul.ufpr.br\/alpem\/wp-content\/uploads\/sites\/12\/2023\/02\/hiv-1-300x225.jpg 300w, https:\/\/jandaiadosul.ufpr.br\/alpem\/wp-content\/uploads\/sites\/12\/2023\/02\/hiv-1-131x98.jpg 131w, https:\/\/jandaiadosul.ufpr.br\/alpem\/wp-content\/uploads\/sites\/12\/2023\/02\/hiv-1-75x57.jpg 75w\" sizes=\"(max-width: 190px) 100vw, 190px\" \/><\/p>\n<p>HIV \u00e9 o v\u00edrus que causa a doen\u00e7a chamada AIDS ou SIDA (S\u00edndrome da Imunodefici\u00eancia Adquirida).<\/p>\n<p>&nbsp;<\/p>\n<p><span style=\"font-size: 14pt\"><strong>\u00c9 verdade que somente homossexuais adquirem a doen\u00e7a?<\/strong><\/span><\/p>\n<p><strong>N\u00c3O<\/strong>. Homens, mulheres e crian\u00e7as podem adquirir a doen\u00e7a, independentemente de sua orienta\u00e7\u00e3o sexual.<\/p>\n<p>&nbsp;<\/p>\n<p><span style=\"font-size: 14pt\"><strong>\u00c9 verdade que beijo na boca, abra\u00e7o e aperto de m\u00e3o transmitem a doen\u00e7a?<\/strong><\/span><\/p>\n<p><strong>N\u00c3O!\u00a0<\/strong>O HIV \u00e9 transmitido por:<\/p>\n<p>\u2013 Rela\u00e7\u00e3o sexual (sexo oral, vaginal e anal);<\/p>\n<p>\u2013 De m\u00e3e para filho, durante a gravidez, parto ou amamenta\u00e7\u00e3o (m\u00e3es HIV-positivo n\u00e3o devem amamentar seus beb\u00eas);<\/p>\n<p>\u2013 Transfus\u00e3o de sangue contaminado (condi\u00e7\u00f5es sanit\u00e1rias inadequadas);<\/p>\n<p>\u2013 Compartilhamento de agulhas em usu\u00e1rios de drogas injet\u00e1veis.<\/p>\n<p>&nbsp;<\/p>\n<p><span style=\"font-size: 14pt\"><strong>Dividir utens\u00edlios como garfo, faca, toalhas e roupas com algu\u00e9m HIV-positivo transmite a doen\u00e7a?<\/strong><\/span><\/p>\n<p><strong>N\u00c3O<\/strong>. A \u00fanica forma de transmitir a doen\u00e7a nesses casos \u00e9 se o utens\u00edlio em quest\u00e3o estiver contaminado com sangue ou s\u00eamen do indiv\u00edduo HIV-positivo.<\/p>\n<p>&nbsp;<\/p>\n<p><span style=\"font-size: 14pt\"><strong>Sou mulher HIV-positivo e desejo engravidar, \u00e9 poss\u00edvel?<\/strong><\/span><\/p>\n<p><strong>SIM<\/strong>. Em unidades de atendimento especializadas, a m\u00e3e que possui HIV pode gerar um filho sem transmitir o v\u00edrus ao beb\u00ea, mas isso exige tratamento e acompanhamento adequados com infectologista e ginecologista.<\/p>\n<p>&nbsp;<\/p>\n<p><span style=\"font-size: 14pt\"><strong>A AIDS tem cura?<\/strong><\/span><\/p>\n<p><strong>N\u00c3O<\/strong>. Embora haja muita pesquisa em torno do assunto, ainda n\u00e3o existe cura para a AIDS.<\/p>\n<p>&nbsp;<\/p>\n<p><span style=\"font-size: 14pt\"><strong>A AIDS tem tratamento?<\/strong><\/span><\/p>\n<p><strong>SIM<\/strong>. A doen\u00e7a tem tratamento e, no Brasil, o tratamento \u00e9 totalmente gratuito, fornecido pelo Sistema \u00danico de Sa\u00fade (SUS).<\/p>\n<p>&nbsp;<\/p>\n<p><span style=\"font-size: 14pt\"><strong>Quanto tempo dura o tratamento?<\/strong><\/span><\/p>\n<p>Os rem\u00e9dios devem ser tomados todos os dias, durante a vida toda. Caso contr\u00e1rio, o v\u00edrus volta a se reproduzir no organismo e a doen\u00e7a se agrava, podendo levar ao \u00f3bito.<\/p>\n<p>&nbsp;<\/p>\n<p><span style=\"font-size: 14pt\"><strong>Os rem\u00e9dios para tratar a doen\u00e7a causam muitos efeitos colaterais?<\/strong><\/span><\/p>\n<p><strong>N\u00c3O<\/strong>. Mesmo que haja algum efeito indesejado, hoje em dia existem v\u00e1rias op\u00e7\u00f5es de rem\u00e9dios contra o HIV e o paciente pode solicitar a troca de um medicamento por outro em caso de efeito colateral importante. Por isso, a import\u00e2ncia de manter um acompanhamento m\u00e9dico regular com o infectologista.<\/p>\n<p>&nbsp;<\/p>\n<p><span style=\"font-size: 14pt\"><strong>Descobri que tenho HIV, o que fazer?<\/strong><\/span><\/p>\n<p>Em primeiro lugar, avisar seu parceiro (a) sexual para que fa\u00e7a o teste tamb\u00e9m. Em seguida, comparecer a um posto de sa\u00fade e solicitar encaminhamento para o especialista e iniciar seu tratamento.<\/p>\n<p>&nbsp;<\/p>\n<p><span style=\"font-size: 14pt\"><strong>Qual o m\u00e9dico especialista em AIDS?<\/strong><\/span><\/p>\n<p>O infectologista \u00e9 o m\u00e9dico que acompanha os pacientes com AIDS.<\/p>\n<p>&nbsp;<\/p>\n<p><span style=\"font-size: 14pt\"><strong>Como prevenir?<\/strong><\/span><\/p>\n<p>Lembre-se de n\u00e3o armazenar a camisinha em locais muito quentes ou expostos ao Sol, pois isso pode estrag\u00e1-la. Al\u00e9m disso, verifique a data de vencimento do preservativo antes de utiliz\u00e1-lo.<\/p>\n<p>&nbsp;<\/p>\n<p><span style=\"font-size: 14pt\"><strong>Sou casado (a) h\u00e1 muitos anos e minhas rela\u00e7\u00f5es sexuais s\u00e3o sem camisinha, corro riscos?<\/strong><\/span><\/p>\n<p><strong>SIM<\/strong>. O ideal \u00e9 manter o uso da camisinha mesmo com parceiros exclusivos. Se o casal optar por n\u00e3o utilizar camisinha, \u00e9 necess\u00e1ria uma conversa s\u00e9ria entre os dois, em que os mesmos se comprometam a utilizar camisinha caso tenham rela\u00e7\u00f5es extraconjugais.<\/p>\n<p><img loading=\"lazy\" decoding=\"async\" class=\"wp-image-467 alignleft\" src=\"http:\/\/jandaiadosul.ufpr.br\/sas\/wp-content\/uploads\/sites\/12\/2023\/02\/hiv-2-300x200.jpg\" alt=\"\" width=\"116\" height=\"77\" srcset=\"https:\/\/jandaiadosul.ufpr.br\/alpem\/wp-content\/uploads\/sites\/12\/2023\/02\/hiv-2-300x200.jpg 300w, https:\/\/jandaiadosul.ufpr.br\/alpem\/wp-content\/uploads\/sites\/12\/2023\/02\/hiv-2-147x98.jpg 147w, https:\/\/jandaiadosul.ufpr.br\/alpem\/wp-content\/uploads\/sites\/12\/2023\/02\/hiv-2-75x50.jpg 75w, https:\/\/jandaiadosul.ufpr.br\/alpem\/wp-content\/uploads\/sites\/12\/2023\/02\/hiv-2.jpg 768w\" sizes=\"(max-width: 116px) 100vw, 116px\" \/><\/p>\n<p>Importante tamb\u00e9m fazer o teste do HIV (dispon\u00edvel nos postos de sa\u00fade em todo o pa\u00eds) ANTES de optar pelo n\u00e3o uso da camisinha, para ter certeza de que o casal n\u00e3o corre riscos de transmitir o v\u00edrus um ao outro.<\/p>\n<p>&nbsp;<\/p>\n<p>&nbsp;<\/p>\n<p><span style=\"font-size: 14pt\"><strong>Orienta\u00e7\u00f5es do MS sobre como utilizar a camisinha:<\/strong><\/span><\/p>\n<p><strong>ATEN\u00c7\u00c3O<\/strong>: as camisinhas s\u00e3o vendidas em diversos tamanhos, escolha a que se adapte melhor ao seu p\u00eanis!! Uma camisinha muito larga ou muito apertada, al\u00e9m de incomodar na hora do sexo, pode n\u00e3o proteger adequadamente contra o HIV e todas as outras infec\u00e7\u00f5es sexualmente transmiss\u00edveis.<\/p>\n<p>&nbsp;<\/p>\n<p><strong>1-<\/strong>\u00a0Abra a embalagem da camisinha com cuidado, nunca com os dentes, para n\u00e3o danific\u00e1-la;<\/p>\n<p><strong><img loading=\"lazy\" decoding=\"async\" class=\"wp-image-469 aligncenter\" src=\"http:\/\/jandaiadosul.ufpr.br\/sas\/wp-content\/uploads\/sites\/12\/2023\/02\/camisinha-1.png\" alt=\"\" width=\"84\" height=\"82\" srcset=\"https:\/\/jandaiadosul.ufpr.br\/alpem\/wp-content\/uploads\/sites\/12\/2023\/02\/camisinha-1.png 124w, https:\/\/jandaiadosul.ufpr.br\/alpem\/wp-content\/uploads\/sites\/12\/2023\/02\/camisinha-1-101x98.png 101w, https:\/\/jandaiadosul.ufpr.br\/alpem\/wp-content\/uploads\/sites\/12\/2023\/02\/camisinha-1-59x57.png 59w\" sizes=\"(max-width: 84px) 100vw, 84px\" \/><\/strong><\/p>\n<p>&nbsp;<\/p>\n<p><strong>2-<\/strong>\u00a0Coloque-a no p\u00eanis somente quando este estiver ereto;<\/p>\n<p>&nbsp;<\/p>\n<p><strong>3-<\/strong>\u00a0Pressione a extremidade da camisinha entre os dedos para que n\u00e3o entre ar;<\/p>\n<p><img loading=\"lazy\" decoding=\"async\" class=\"wp-image-470 aligncenter\" src=\"http:\/\/jandaiadosul.ufpr.br\/sas\/wp-content\/uploads\/sites\/12\/2023\/02\/camisinha-2.jpeg\" alt=\"\" width=\"72\" height=\"103\" srcset=\"https:\/\/jandaiadosul.ufpr.br\/alpem\/wp-content\/uploads\/sites\/12\/2023\/02\/camisinha-2.jpeg 110w, https:\/\/jandaiadosul.ufpr.br\/alpem\/wp-content\/uploads\/sites\/12\/2023\/02\/camisinha-2-69x98.jpeg 69w, https:\/\/jandaiadosul.ufpr.br\/alpem\/wp-content\/uploads\/sites\/12\/2023\/02\/camisinha-2-40x57.jpeg 40w\" sizes=\"(max-width: 72px) 100vw, 72px\" \/><\/p>\n<p>&nbsp;<\/p>\n<p><strong>4-<\/strong>\u00a0Com a outra m\u00e3o, desenrole a camisinha at\u00e9 a base do p\u00eanis;<\/p>\n<p><img loading=\"lazy\" decoding=\"async\" class=\" wp-image-471 aligncenter\" src=\"http:\/\/jandaiadosul.ufpr.br\/sas\/wp-content\/uploads\/sites\/12\/2023\/02\/camisinha-3.png\" alt=\"\" width=\"73\" height=\"103\" srcset=\"https:\/\/jandaiadosul.ufpr.br\/alpem\/wp-content\/uploads\/sites\/12\/2023\/02\/camisinha-3.png 136w, https:\/\/jandaiadosul.ufpr.br\/alpem\/wp-content\/uploads\/sites\/12\/2023\/02\/camisinha-3-69x98.png 69w, https:\/\/jandaiadosul.ufpr.br\/alpem\/wp-content\/uploads\/sites\/12\/2023\/02\/camisinha-3-40x57.png 40w\" sizes=\"(max-width: 73px) 100vw, 73px\" \/><\/p>\n<p><strong>5-<\/strong>\u00a0Somente ap\u00f3s desenrolar toda a camisinha no p\u00eanis, solte a extremidade pressionada entre os dedos.<\/p>\n<p>&nbsp;<\/p>\n<p><strong>6-<\/strong>\u00a0Ap\u00f3s a ejacula\u00e7\u00e3o, retire a camisinha do p\u00eanis ainda ereto, amarre-a e jogue-a no lixo (n\u00e3o no vaso sanit\u00e1rio).<\/p>\n<p><img loading=\"lazy\" decoding=\"async\" class=\"size-full wp-image-473 alignleft\" src=\"http:\/\/jandaiadosul.ufpr.br\/sas\/wp-content\/uploads\/sites\/12\/2023\/02\/camisinha-4.jpg\" alt=\"\" width=\"101\" height=\"110\" srcset=\"https:\/\/jandaiadosul.ufpr.br\/alpem\/wp-content\/uploads\/sites\/12\/2023\/02\/camisinha-4.jpg 101w, https:\/\/jandaiadosul.ufpr.br\/alpem\/wp-content\/uploads\/sites\/12\/2023\/02\/camisinha-4-90x98.jpg 90w, https:\/\/jandaiadosul.ufpr.br\/alpem\/wp-content\/uploads\/sites\/12\/2023\/02\/camisinha-4-52x57.jpg 52w\" sizes=\"(max-width: 101px) 100vw, 101px\" \/>\u00a0 \u00a0 \u00a0 \u00a0 \u00a0 \u00a0 \u00a0 \u00a0 <img loading=\"lazy\" decoding=\"async\" class=\"alignnone size-full wp-image-474\" src=\"http:\/\/jandaiadosul.ufpr.br\/sas\/wp-content\/uploads\/sites\/12\/2023\/02\/camisinha-5.jpg\" alt=\"\" width=\"68\" height=\"157\" srcset=\"https:\/\/jandaiadosul.ufpr.br\/alpem\/wp-content\/uploads\/sites\/12\/2023\/02\/camisinha-5.jpg 68w, https:\/\/jandaiadosul.ufpr.br\/alpem\/wp-content\/uploads\/sites\/12\/2023\/02\/camisinha-5-42x98.jpg 42w, https:\/\/jandaiadosul.ufpr.br\/alpem\/wp-content\/uploads\/sites\/12\/2023\/02\/camisinha-5-25x57.jpg 25w\" sizes=\"(max-width: 68px) 100vw, 68px\" \/><\/p>\n<p>&nbsp;<\/p>\n<p><strong>7-<\/strong>\u00a0NUNCA utilize a mesma camisinha mais de uma vez!<\/p>\n<p>&nbsp;<\/p>\n<p><strong>8-<\/strong>\u00a0NUNCA utilize duas camisinhas ao mesmo tempo, pois isso facilita o rompimento das mesmas!<\/p>\n<p>&nbsp;<\/p>\n<p><strong>9-<\/strong>\u00a0Observe a data de validade da camisinha. NUNCA a utilize se estiver vencida!<\/p>\n<p>&nbsp;<\/p>\n<p>&nbsp;<\/p>\n<p><span style=\"color: #000000\">Leituras recomendadas: <a href=\"https:\/\/jandaiadosul.ufpr.br\/sas\/hpv-verruga-e-cancer\/\" target=\"_blank\" rel=\"noopener\"><span style=\"text-decoration: underline\"><span style=\"color: #0000ff;text-decoration: underline\">HPV<\/span><\/span><\/a> e <span style=\"text-decoration: underline\"><span style=\"color: #0000ff\"><a style=\"color: #0000ff;text-decoration: underline\" href=\"https:\/\/jandaiadosul.ufpr.br\/sas\/sifilis\/\" target=\"_blank\" rel=\"noopener\">s\u00edfilis<\/a><\/span><\/span><\/span><\/p>\n<p>&nbsp;<\/p>\n<p><span style=\"font-size: 8pt\"><strong>Autoria<\/strong>: Tayn\u00e1<\/span><\/p>\n<p><span style=\"font-size: 8pt\"><strong>Maio\/2020<\/strong><\/span><\/p>\n<p><span style=\"font-size: 8pt\"><strong>Refer\u00eancia<\/strong>:<\/span><\/p>\n<p><span style=\"font-size: 8pt\"> Minist\u00e9rio da Sa\u00fade<\/span><\/p>\n<p><span style=\"font-size: 8pt\"><strong>Imagens dispon\u00edveis em:<\/strong><\/span><\/p>\n<p class=\"western\"><em><span style=\"font-size: 8pt\"><strong>&lt;<\/strong><span style=\"text-decoration: underline;color: #0000ff\">https:\/\/portalplural.com.br\/como-aumentar-a-imunidade-para-o-inverno<\/span><strong>&gt;<\/strong><\/span><\/em><\/p>\n<p><em><span style=\"font-size: 8pt\"><strong>&lt;<\/strong><span style=\"color: #0000ff\"><span style=\"text-decoration: underline\">https:\/\/wscom.com.br\/antirretrovirais-serao-usados-no-pais-para-prevenir-aids<\/span><\/span><strong>&gt;<\/strong><\/span><\/em><\/p>\n<p><em><span style=\"font-size: 8pt\"><strong>&lt;<\/strong><span style=\"text-decoration: underline;color: #0000ff\">https:\/\/observatoriog.bol.uol.com.br\/noticias\/cientistas-apresentam-segundo-caso-de-cura-do-hiv-no-mundo<\/span><strong>&gt;<\/strong>\u00a0<\/span><\/em><\/p>\n<p><em><span style=\"font-size: 8pt\"><strong>&lt;<\/strong><span style=\"text-decoration: underline;color: #0000ff\">https:\/\/unilibras.wordpress.com\/2016\/04\/12\/preservativo-masculino<\/span><strong>&gt;<\/strong><\/span><\/em><\/p>\n<p><em><span style=\"font-size: 8pt\"><strong>&lt;<\/strong><span style=\"text-decoration: underline;color: #0000ff\">https:\/\/papoaberto2.blogspot.com\/2009\/10\/como-colocar-camisinha-masculina.html<\/span><strong>&gt;<\/strong>\u00a0<\/span><\/em><\/p>\n<p><em><span style=\"font-size: 8pt\"><strong>&lt;<\/strong><span style=\"text-decoration: underline;color: #0000ff\">https:\/\/www.clickgratis.com.br\/saude\/como-colocar-camisinha-passo-a-passo-e-duvidas-para-o-sexo-seguro<\/span><strong>&gt;<\/strong><\/span><\/em><\/p>\n","protected":false},"excerpt":{"rendered":"<p>&nbsp; Segundo o Minist\u00e9rio da Sa\u00fade (MS), entre os anos de 2006 e 2015, houve um aumento de 187,5% nos casos de HIV em homens [&hellip;]<\/p>\n","protected":false},"author":3631,"featured_media":0,"parent":0,"menu_order":0,"comment_status":"closed","ping_status":"closed","template":"","meta":{"_acf_changed":false,"footnotes":""},"class_list":["post-462","page","type-page","status-publish","hentry"],"acf":[],"_links":{"self":[{"href":"https:\/\/jandaiadosul.ufpr.br\/alpem\/wp-json\/wp\/v2\/pages\/462","targetHints":{"allow":["GET"]}}],"collection":[{"href":"https:\/\/jandaiadosul.ufpr.br\/alpem\/wp-json\/wp\/v2\/pages"}],"about":[{"href":"https:\/\/jandaiadosul.ufpr.br\/alpem\/wp-json\/wp\/v2\/types\/page"}],"author":[{"embeddable":true,"href":"https:\/\/jandaiadosul.ufpr.br\/alpem\/wp-json\/wp\/v2\/users\/3631"}],"replies":[{"embeddable":true,"href":"https:\/\/jandaiadosul.ufpr.br\/alpem\/wp-json\/wp\/v2\/comments?post=462"}],"version-history":[{"count":16,"href":"https:\/\/jandaiadosul.ufpr.br\/alpem\/wp-json\/wp\/v2\/pages\/462\/revisions"}],"predecessor-version":[{"id":1669,"href":"https:\/\/jandaiadosul.ufpr.br\/alpem\/wp-json\/wp\/v2\/pages\/462\/revisions\/1669"}],"wp:attachment":[{"href":"https:\/\/jandaiadosul.ufpr.br\/alpem\/wp-json\/wp\/v2\/media?parent=462"}],"curies":[{"name":"wp","href":"https:\/\/api.w.org\/{rel}","templated":true}]}}