{"id":429,"date":"2023-02-07T11:12:43","date_gmt":"2023-02-07T14:12:43","guid":{"rendered":"https:\/\/jandaiadosul.ufpr.br\/sas\/?page_id=429"},"modified":"2023-06-13T14:35:01","modified_gmt":"2023-06-13T17:35:01","slug":"voce-ja-ouviu-falar-em-lepra","status":"publish","type":"page","link":"https:\/\/jandaiadosul.ufpr.br\/alpem\/voce-ja-ouviu-falar-em-lepra\/","title":{"rendered":"Voc\u00ea j\u00e1 ouviu falar em &#8220;lepra&#8221;?"},"content":{"rendered":"<p>&nbsp;<\/p>\n<p><span style=\"font-size: 14pt\"><strong>Hist\u00f3rico<\/strong><\/span><\/p>\n<p>A \u201clepra\u201d, mal de L\u00e1zaro ou, oficialmente,\u00a0<strong>hansen\u00edase,<\/strong>\u00a0surgiu na \u00cdndia e na China. Hier\u00f3glifos eg\u00edpcios de 1350 a.C. j\u00e1 se referiam \u00e0 doen\u00e7a. Relatos b\u00edblicos a tratam como maldi\u00e7\u00e3o, castigo; no Novo Testamento, h\u00e1 descri\u00e7\u00f5es de cura da doen\u00e7a realizada por Jesus Cristo.<\/p>\n<p>Na Europa, espalhou-se na \u00e9poca das Cruzadas por meio dos cavaleiros infectados. A persegui\u00e7\u00e3o aos \u201cleprosos\u201d duraria s\u00e9culos; os doentes eram for\u00e7ados a viver em reclus\u00e3o, nos \u201clepros\u00e1rios\u201d ou col\u00f4nias de leprosos. Na Fran\u00e7a, milhares foram queimados nas fogueiras. No Brasil, foram v\u00edtimas de interna\u00e7\u00e3o compuls\u00f3ria at\u00e9 o meio da d\u00e9cada de 1980.<\/p>\n<p>&nbsp;<\/p>\n<p><img decoding=\"async\" class=\" wp-image-432 alignleft\" src=\"http:\/\/jandaiadosul.ufpr.br\/sas\/wp-content\/uploads\/sites\/12\/2023\/02\/leprosario-2-300x214.jpg\" alt=\"\" width=\"264\" height=\"188\" srcset=\"https:\/\/jandaiadosul.ufpr.br\/alpem\/wp-content\/uploads\/sites\/12\/2023\/02\/leprosario-2-300x214.jpg 300w, https:\/\/jandaiadosul.ufpr.br\/alpem\/wp-content\/uploads\/sites\/12\/2023\/02\/leprosario-2-138x98.jpg 138w, https:\/\/jandaiadosul.ufpr.br\/alpem\/wp-content\/uploads\/sites\/12\/2023\/02\/leprosario-2-75x53.jpg 75w, https:\/\/jandaiadosul.ufpr.br\/alpem\/wp-content\/uploads\/sites\/12\/2023\/02\/leprosario-2.jpg 354w\" sizes=\"(max-width: 264px) 100vw, 264px\" \/><\/p>\n<p>&nbsp;<\/p>\n<p>&nbsp;<\/p>\n<p><span style=\"font-size: 10pt\">Lepros\u00e1rio Souza Ara\u00fajo, Acre\u00a0 \u00a0 \u00a0 \u00a0 \u00a0 \u00a0 \u00a0 \u00a0 \u00a0 \u00a0 \u00a0 \u00a0 \u00a0 \u00a0 \u00a0 \u00a0 \u00a0 \u00a0 \u00a0 \u00a0 \u00a0 \u00a0 \u00a0 \u00a0 \u00a0 \u00a0 \u00a0 \u00a0 \u00a0 \u00a0 \u00a0 \u00a0 \u00a0 \u00a0 \u00a0 \u00a0 \u00a0 \u00a0 \u00a0 \u00a0 \u00a0 \u00a0\u00a0<\/span><\/p>\n<p>&nbsp;<\/p>\n<p>&nbsp;<\/p>\n<p>&nbsp;<\/p>\n<p><img decoding=\"async\" class=\" wp-image-433 alignright\" src=\"http:\/\/jandaiadosul.ufpr.br\/sas\/wp-content\/uploads\/sites\/12\/2023\/02\/leprosario-1.png\" alt=\"\" width=\"186\" height=\"132\" srcset=\"https:\/\/jandaiadosul.ufpr.br\/alpem\/wp-content\/uploads\/sites\/12\/2023\/02\/leprosario-1.png 156w, https:\/\/jandaiadosul.ufpr.br\/alpem\/wp-content\/uploads\/sites\/12\/2023\/02\/leprosario-1-138x98.png 138w, https:\/\/jandaiadosul.ufpr.br\/alpem\/wp-content\/uploads\/sites\/12\/2023\/02\/leprosario-1-75x53.png 75w\" sizes=\"(max-width: 186px) 100vw, 186px\" \/><\/p>\n<p>&nbsp;<\/p>\n<p style=\"text-align: right\"><span style=\"font-size: 10pt\">Lepros\u00e1rio Helena Bernard, Goi\u00e1s<\/span><\/p>\n<p><img decoding=\"async\" class=\"alignnone wp-image-431 \" src=\"http:\/\/jandaiadosul.ufpr.br\/sas\/wp-content\/uploads\/sites\/12\/2023\/02\/leprosario-3.jpg\" alt=\"\" width=\"223\" height=\"126\" srcset=\"https:\/\/jandaiadosul.ufpr.br\/alpem\/wp-content\/uploads\/sites\/12\/2023\/02\/leprosario-3.jpg 161w, https:\/\/jandaiadosul.ufpr.br\/alpem\/wp-content\/uploads\/sites\/12\/2023\/02\/leprosario-3-75x42.jpg 75w\" sizes=\"(max-width: 223px) 100vw, 223px\" \/>\u00a0 \u00a0<span style=\"font-size: 10pt\">Lepros\u00e1rio, Rio Grande do Sul<\/span><\/p>\n<p>&nbsp;<\/p>\n<p><span style=\"font-size: 14pt\"><strong>A doen\u00e7a<\/strong><\/span><\/p>\n<p>A hansen\u00edase \u00e9 uma doen\u00e7a contagiosa\u00a0<b>cur\u00e1vel<\/b>\u00a0causada pela bact\u00e9ria\u00a0<i>Mycobacterium leprae<\/i>, que atinge principalmente a pele e o tecido nervoso (nervos perif\u00e9ricos). Caso n\u00e3o seja tratada, pode evoluir para deformidades e mutila\u00e7\u00f5es, altera\u00e7\u00f5es que estigmatizam os pacientes.<\/p>\n<p>Hoje em dia, Brasil, \u00cdndia e Indon\u00e9sia s\u00e3o respons\u00e1veis por 81% de todos os casos.<\/p>\n<p>&nbsp;<\/p>\n<p><span style=\"font-size: 14pt\"><strong>Transmiss\u00e3o<\/strong><\/span><\/p>\n<p>A transmiss\u00e3o se d\u00e1 pelas vias a\u00e9reas superiores, por exemplo: contato com tosse, espirros e got\u00edculas de saliva da pessoa infectada.<\/p>\n<p>&nbsp;<\/p>\n<p><span style=\"font-size: 14pt\"><strong>Quando procurar o posto de sa\u00fade?<\/strong><\/span><\/p>\n<p>Caso apresente\u00a0<strong>manchas<\/strong>\u00a0na pele (esbranqui\u00e7adas, avermelhadas ou amarronzadas) com<strong>\u00a0diminui\u00e7\u00e3o de sensibilidade<\/strong>\u00a0ao calor e ao toque, procure uma Unidade B\u00e1sica de Sa\u00fade (UBS) para investiga\u00e7\u00e3o. O tratamento da hansen\u00edase existe e \u00e9 totalmente gratuito em todo o territ\u00f3rio nacional via Sistema \u00danico de Sa\u00fade (SUS).<\/p>\n<p>Lembre-se: existe tratamento e cura para a hansen\u00edase. N\u00e3o h\u00e1 motivos para estigmatiza\u00e7\u00e3o ou preconceito contra os doentes. Deixemos isso para as p\u00e1ginas dos livros de Hist\u00f3ria.<\/p>\n<p>&nbsp;<\/p>\n<p><span style=\"font-size: 8pt\"><strong>Autoria:<\/strong>\u00a0Tayn\u00e1<\/span><\/p>\n<p><span style=\"font-size: 8pt\"><strong>Janeiro\/2020<\/strong><\/span><\/p>\n<p><span style=\"font-size: 8pt\"><strong>Refer\u00eancia:<\/strong><\/span><\/p>\n<p><span style=\"font-size: 8pt\">Minist\u00e9rio da Sa\u00fade<\/span><\/p>\n<p><span style=\"font-size: 8pt\"><strong>Imagens dispon\u00edveis em:<\/strong><\/span><\/p>\n<p><span style=\"font-size: 8pt\">&lt;<span style=\"color: #0000ff\"><em><span style=\"text-decoration: underline\">http:\/\/www.sbcm.org.br\/v2\/index.php\/not%C3%ADcias\/3966-campanha-janeiro-roxo-alerta-para-a-import%C3%A2ncia-do-combate-%C3%A0-hansen%C3%ADase<\/span><\/em><\/span>&gt;<\/span><\/p>\n<p><span style=\"font-size: 8pt\">&lt;<span style=\"color: #0000ff\"><em><span style=\"text-decoration: underline\">http:\/\/basearch.coc.fiocruz.br\/index.php\/hft15<\/span><\/em><\/span>&gt;<\/span><\/p>\n<p><span style=\"font-size: 8pt\">&lt;<span style=\"color: #0000ff\"><em><span style=\"text-decoration: underline\">https:\/\/etorelm.wixsite.com\/hansen\/leprosrios?lightbox=imagewq8<\/span><\/em><\/span>&gt;<\/span><\/p>\n<p><span style=\"font-size: 8pt\">&lt;<span style=\"color: #0000ff\"><em><span style=\"text-decoration: underline\">https:\/\/br.toluna.com\/opinions\/3825921\/N%C3%B3s-n%C3%A3o-caminhamos-s%C3%B3s-%C3%A9-o-que-diz-na-entrada-de-uma<\/span><\/em><\/span>&gt;<\/span><\/p>\n","protected":false},"excerpt":{"rendered":"<p>&nbsp; Hist\u00f3rico A \u201clepra\u201d, mal de L\u00e1zaro ou, oficialmente,\u00a0hansen\u00edase,\u00a0surgiu na \u00cdndia e na China. Hier\u00f3glifos eg\u00edpcios de 1350 a.C. j\u00e1 se referiam \u00e0 doen\u00e7a. Relatos [&hellip;]<\/p>\n","protected":false},"author":3631,"featured_media":0,"parent":0,"menu_order":0,"comment_status":"closed","ping_status":"closed","template":"","meta":{"_acf_changed":false,"footnotes":""},"class_list":["post-429","page","type-page","status-publish","hentry"],"acf":[],"_links":{"self":[{"href":"https:\/\/jandaiadosul.ufpr.br\/alpem\/wp-json\/wp\/v2\/pages\/429","targetHints":{"allow":["GET"]}}],"collection":[{"href":"https:\/\/jandaiadosul.ufpr.br\/alpem\/wp-json\/wp\/v2\/pages"}],"about":[{"href":"https:\/\/jandaiadosul.ufpr.br\/alpem\/wp-json\/wp\/v2\/types\/page"}],"author":[{"embeddable":true,"href":"https:\/\/jandaiadosul.ufpr.br\/alpem\/wp-json\/wp\/v2\/users\/3631"}],"replies":[{"embeddable":true,"href":"https:\/\/jandaiadosul.ufpr.br\/alpem\/wp-json\/wp\/v2\/comments?post=429"}],"version-history":[{"count":13,"href":"https:\/\/jandaiadosul.ufpr.br\/alpem\/wp-json\/wp\/v2\/pages\/429\/revisions"}],"predecessor-version":[{"id":481,"href":"https:\/\/jandaiadosul.ufpr.br\/alpem\/wp-json\/wp\/v2\/pages\/429\/revisions\/481"}],"wp:attachment":[{"href":"https:\/\/jandaiadosul.ufpr.br\/alpem\/wp-json\/wp\/v2\/media?parent=429"}],"curies":[{"name":"wp","href":"https:\/\/api.w.org\/{rel}","templated":true}]}}