{"id":1846,"date":"2026-03-03T12:49:24","date_gmt":"2026-03-03T15:49:24","guid":{"rendered":"https:\/\/jandaiadosul.ufpr.br\/alpem\/?page_id=1846"},"modified":"2026-03-10T15:37:12","modified_gmt":"2026-03-10T18:37:12","slug":"voce-sabe-o-que-e-evali","status":"publish","type":"page","link":"https:\/\/jandaiadosul.ufpr.br\/alpem\/voce-sabe-o-que-e-evali\/","title":{"rendered":"Voc\u00ea sabe o que \u00e9 EVALI?"},"content":{"rendered":"<p><a href=\"https:\/\/www.youtube.com\/watch?v=Sar6P0ukfBE&amp;t=12s\" target=\"_blank\" rel=\"noopener\"><img decoding=\"async\" class=\"alignnone wp-image-1922\" src=\"https:\/\/jandaiadosul.ufpr.br\/wp-content\/uploads\/2014\/08\/interprete-02-150x150.jpg\" alt=\"\" width=\"104\" height=\"105\" \/><\/a><\/p>\n<p><span style=\"font-family: Arial, sans-serif\">EVALI vem do ingl\u00eas: <\/span><em><span style=\"font-family: Arial, sans-serif\"><strong>E<\/strong>-cigarette, or <\/span><strong><span style=\"font-family: Arial, sans-serif\">V<\/span><\/strong><span style=\"font-family: Arial, sans-serif\">aping, product use\u2013<\/span><strong><span style=\"font-family: Arial, sans-serif\">A<\/span><\/strong><span style=\"font-family: Arial, sans-serif\">ssociated <\/span><strong><span style=\"font-family: Arial, sans-serif\">L<\/span><\/strong><span style=\"font-family: Arial, sans-serif\">ung <\/span><strong><span style=\"font-family: Arial, sans-serif\">I<\/span><\/strong><span style=\"font-family: Arial, sans-serif\">njury<\/span><span style=\"font-family: Arial, sans-serif\">.<\/span><\/em> <span style=\"font-family: Arial, sans-serif\">\u00c9 uma<\/span><span style=\"font-family: Arial, sans-serif\"> les\u00e3o pulmonar associada a<\/span><span style=\"font-family: Arial, sans-serif\">o uso de<\/span> <span style=\"font-family: Arial, sans-serif\">cigarro eletr\u00f4nico <\/span><span style=\"font-family: Arial, sans-serif\">e demais dispositivos de vaporiza\u00e7\u00e3o. <\/span><span style=\"font-family: Arial, sans-serif\">Foi inicialmente identificada em 2019, nos Estados Unidos, <\/span><span style=\"font-family: Arial, sans-serif\">quando houve um surto de casos, com milhares de internamentos e dezenas de mortes.<\/span><\/p>\n<p><span style=\"font-family: Arial, sans-serif\"><img decoding=\"async\" class=\"wp-image-1848 aligncenter\" src=\"http:\/\/jandaiadosul.ufpr.br\/alpem\/wp-content\/uploads\/sites\/12\/2026\/03\/pulmao-canva.jpg\" alt=\"\" width=\"152\" height=\"172\" srcset=\"https:\/\/jandaiadosul.ufpr.br\/alpem\/wp-content\/uploads\/sites\/12\/2026\/03\/pulmao-canva.jpg 901w, https:\/\/jandaiadosul.ufpr.br\/alpem\/wp-content\/uploads\/sites\/12\/2026\/03\/pulmao-canva-264x300.jpg 264w, https:\/\/jandaiadosul.ufpr.br\/alpem\/wp-content\/uploads\/sites\/12\/2026\/03\/pulmao-canva-768x873.jpg 768w, https:\/\/jandaiadosul.ufpr.br\/alpem\/wp-content\/uploads\/sites\/12\/2026\/03\/pulmao-canva-86x98.jpg 86w, https:\/\/jandaiadosul.ufpr.br\/alpem\/wp-content\/uploads\/sites\/12\/2026\/03\/pulmao-canva-50x57.jpg 50w\" sizes=\"(max-width: 152px) 100vw, 152px\" \/><\/span><\/p>\n<p><span style=\"font-family: Arial, sans-serif\">A EVALI ocorre quando as subst\u00e2ncias t\u00f3xicas inaladas se depositam nos pulm\u00f5es, causando rea\u00e7\u00e3o inflamat\u00f3ria intensa, edema pulmonar e dificuldade respirat\u00f3ria.<\/span><\/p>\n<p><span style=\"font-family: Arial, sans-serif\">O quadro cl\u00ednico \u00e9 uma mistura de sintomas respirat\u00f3rios, gastrointestinais e sist\u00eamicos, sendo os principais: falta de ar, dor no peito, tosse, febre, v\u00f4mitos, diarreia, dor de cabe\u00e7a, tontura, calafrios, taquicardia, cansa\u00e7o, perda de peso.<\/span><\/p>\n<p><span style=\"font-family: Arial, sans-serif\">Em casos graves, o paciente pode apresentar insufici\u00eancia respirat\u00f3ria, necessitando de interna\u00e7\u00e3o hospitalar para o tratamento.<\/span><\/p>\n<p>&nbsp;<\/p>\n<p>&nbsp;<\/p>\n<p><span style=\"font-family: Arial, sans-serif;font-size: 16pt\"><b>E o que \u00e9 cigarro eletr\u00f4nico?<\/b><\/span><\/p>\n<p><img fetchpriority=\"high\" decoding=\"async\" class=\"wp-image-1850 aligncenter\" src=\"http:\/\/jandaiadosul.ufpr.br\/alpem\/wp-content\/uploads\/sites\/12\/2026\/03\/vape-1-freepik.jpg\" alt=\"\" width=\"255\" height=\"243\" srcset=\"https:\/\/jandaiadosul.ufpr.br\/alpem\/wp-content\/uploads\/sites\/12\/2026\/03\/vape-1-freepik.jpg 5251w, https:\/\/jandaiadosul.ufpr.br\/alpem\/wp-content\/uploads\/sites\/12\/2026\/03\/vape-1-freepik-300x286.jpg 300w, https:\/\/jandaiadosul.ufpr.br\/alpem\/wp-content\/uploads\/sites\/12\/2026\/03\/vape-1-freepik-1024x975.jpg 1024w, https:\/\/jandaiadosul.ufpr.br\/alpem\/wp-content\/uploads\/sites\/12\/2026\/03\/vape-1-freepik-768x731.jpg 768w, https:\/\/jandaiadosul.ufpr.br\/alpem\/wp-content\/uploads\/sites\/12\/2026\/03\/vape-1-freepik-1536x1463.jpg 1536w, https:\/\/jandaiadosul.ufpr.br\/alpem\/wp-content\/uploads\/sites\/12\/2026\/03\/vape-1-freepik-2048x1950.jpg 2048w, https:\/\/jandaiadosul.ufpr.br\/alpem\/wp-content\/uploads\/sites\/12\/2026\/03\/vape-1-freepik-103x98.jpg 103w, https:\/\/jandaiadosul.ufpr.br\/alpem\/wp-content\/uploads\/sites\/12\/2026\/03\/vape-1-freepik-60x57.jpg 60w\" sizes=\"(max-width: 255px) 100vw, 255px\" \/><\/p>\n<p><span style=\"font-family: Arial, sans-serif\">Cigarro eletr\u00f4nico, vape, vaper, POD, e-cig, e-cigarette, e-cigarro, vaporizador, MOD, pen drive, s\u00e3o nomes distintos para referir-se a dispositivos que permitem a inala\u00e7\u00e3o de nicotina e outras subst\u00e2ncias. Funcionam a bateria ou a eletricidade e utilizam calor para transformar um l\u00edquido (<em>e-liquid, e-juice, juice<\/em>) em aerossol. <\/span><\/p>\n<p><span style=\"font-family: Arial, sans-serif\">O dispositivo cont\u00e9m um recipiente para abrigar esse l\u00edquido, que costuma ser recarreg\u00e1vel.<\/span><\/p>\n<p>&nbsp;<\/p>\n<p>&nbsp;<\/p>\n<p><span style=\"font-family: Arial, sans-serif;font-size: 16pt\"><b>Alguns dados relevantes&#8230;<\/b><\/span><\/p>\n<p><span style=\"font-family: Arial, sans-serif\">Levantamento recente (Lenad III) feito no Brasil aponta que 11 milh\u00f5es de brasileiros acima de 13 anos j\u00e1 experimentaram, ao menos uma vez, algum dispositivo eletr\u00f4nico para fumar.<\/span><\/p>\n<p>&nbsp;<\/p>\n<p><img loading=\"lazy\" decoding=\"async\" class=\"wp-image-1855 alignleft\" src=\"http:\/\/jandaiadosul.ufpr.br\/alpem\/wp-content\/uploads\/sites\/12\/2026\/03\/vape-2-canva.png\" alt=\"\" width=\"108\" height=\"105\" srcset=\"https:\/\/jandaiadosul.ufpr.br\/alpem\/wp-content\/uploads\/sites\/12\/2026\/03\/vape-2-canva.png 919w, https:\/\/jandaiadosul.ufpr.br\/alpem\/wp-content\/uploads\/sites\/12\/2026\/03\/vape-2-canva-300x293.png 300w, https:\/\/jandaiadosul.ufpr.br\/alpem\/wp-content\/uploads\/sites\/12\/2026\/03\/vape-2-canva-768x750.png 768w, https:\/\/jandaiadosul.ufpr.br\/alpem\/wp-content\/uploads\/sites\/12\/2026\/03\/vape-2-canva-100x98.png 100w, https:\/\/jandaiadosul.ufpr.br\/alpem\/wp-content\/uploads\/sites\/12\/2026\/03\/vape-2-canva-58x57.png 58w\" sizes=\"(max-width: 108px) 100vw, 108px\" \/><\/p>\n<p><span style=\"font-family: Arial, sans-serif\"><span style=\"font-size: medium\">O interessante \u00e9 que, no Brasil, <span style=\"color: #000000\">\u00e9 proibido fabricar, vender, importar, divulgar ou distribuir todo e qualquer tipo de dispositivo eletr\u00f4nico para fumar, por\u00e9m sabemos que estes chegam <\/span><span style=\"color: #000000\">a<\/span><span style=\"color: #000000\"> nosso territ\u00f3rio <\/span><span style=\"color: #000000\">e s\u00e3o utilizados por boa <\/span><span style=\"color: #000000\">parte<\/span><span style=\"color: #000000\"> da popula\u00e7\u00e3o.<\/span><\/span><\/span><\/p>\n<p>&nbsp;<\/p>\n<p>&nbsp;<\/p>\n<p><span style=\"font-family: Arial, sans-serif\">Dentre os adolescentes, 3 em cada 4 mantiveram o h\u00e1bito de utilizar o cigarro eletr\u00f4nico ap\u00f3s experiment\u00e1-lo pela primeira vez.<\/span><\/p>\n<p><span style=\"font-family: Arial, sans-serif\">A faixa et\u00e1ria de 18 a 24 anos \u00e9 a que mais faz uso rotineiro desses tipos de dispositivos.<\/span><\/p>\n<p><span style=\"font-family: Arial, sans-serif\"><span style=\"font-size: medium\">Dentre as cinco macrorregi\u00f5es brasileiras, o Sul est\u00e1 em 2<sup>o<\/sup> lugar no consumo dos cigarros eletr\u00f4nicos, perdendo somente para o Centro-Oeste.<\/span><\/span><\/p>\n<p>&nbsp;<\/p>\n<p><span style=\"font-family: Arial, sans-serif;font-size: 16pt\"><b>Qual a composi\u00e7\u00e3o do l\u00edquido do cigarro eletr\u00f4nico?<\/b><\/span><\/p>\n<p><img loading=\"lazy\" decoding=\"async\" class=\"wp-image-1857 alignleft\" src=\"http:\/\/jandaiadosul.ufpr.br\/alpem\/wp-content\/uploads\/sites\/12\/2026\/03\/perigo-canva.png\" alt=\"\" width=\"151\" height=\"150\" srcset=\"https:\/\/jandaiadosul.ufpr.br\/alpem\/wp-content\/uploads\/sites\/12\/2026\/03\/perigo-canva.png 881w, https:\/\/jandaiadosul.ufpr.br\/alpem\/wp-content\/uploads\/sites\/12\/2026\/03\/perigo-canva-300x298.png 300w, https:\/\/jandaiadosul.ufpr.br\/alpem\/wp-content\/uploads\/sites\/12\/2026\/03\/perigo-canva-150x150.png 150w, https:\/\/jandaiadosul.ufpr.br\/alpem\/wp-content\/uploads\/sites\/12\/2026\/03\/perigo-canva-768x764.png 768w, https:\/\/jandaiadosul.ufpr.br\/alpem\/wp-content\/uploads\/sites\/12\/2026\/03\/perigo-canva-99x98.png 99w, https:\/\/jandaiadosul.ufpr.br\/alpem\/wp-content\/uploads\/sites\/12\/2026\/03\/perigo-canva-57x57.png 57w\" sizes=\"(max-width: 151px) 100vw, 151px\" \/><\/p>\n<p><span style=\"font-family: Arial, sans-serif\">H\u00e1 varia\u00e7\u00f5es, mas, no geral, ele cont\u00e9m nicotina, saborizadores, corantes e diversos qu\u00edmicos, alguns sabiamente cancer\u00edgenos, como formalde\u00eddo, acetalde\u00eddo e acrole\u00edna. H\u00e1 ainda subst\u00e2ncias que, comprovadamente, causam les\u00e3o pulmonar, como: diacetil, dietilenoglicol, benzeno, acetato de vitamina E, metais pesados e outros.<\/span><\/p>\n<p><span style=\"font-family: Arial, sans-serif\">H\u00e1 casos em que se colocam at\u00e9 subst\u00e2ncias psicoativas no l\u00edquido, como THC (maconha) e bebidas alco\u00f3licas.<\/span><\/p>\n<p>&nbsp;<\/p>\n<p>&nbsp;<\/p>\n<p><span style=\"font-family: Arial, sans-serif;font-size: 16pt\"><b>\u00c9 verdade que usar cigarro eletr\u00f4nico ajuda a parar de fumar?<\/b><\/span><\/p>\n<p><span style=\"font-family: Arial, sans-serif\">N\u00e3o h\u00e1 evid\u00eancia cient\u00edfica alguma que corrobore a substitui\u00e7\u00e3o do cigarro comum pelo eletr\u00f4nico como forma de cessar o tabagismo.<\/span><\/p>\n<p><span style=\"font-family: Arial, sans-serif\">Al\u00e9m dis<\/span><span style=\"font-family: Arial, sans-serif\"><span style=\"font-size: medium\">so, \u00e9 importante lembrar que o<\/span><\/span><span style=\"color: #000000\"><span style=\"font-family: Arial, sans-serif\"><span style=\"font-size: medium\">s cigarros eletr\u00f4nicos possuem mais nicotina do que o cigarro comum, o que os torna altamente viciante<\/span><\/span><\/span><span style=\"color: #000000\"><span style=\"font-family: Arial, sans-serif\"><span style=\"font-size: medium\">s<\/span><\/span><\/span><span style=\"color: #000000\"><span style=\"font-family: Arial, sans-serif\"><span style=\"font-size: medium\">.<\/span><\/span><\/span><\/p>\n<p>&nbsp;<\/p>\n<p>&nbsp;<\/p>\n<p><span style=\"font-family: Arial, sans-serif;font-size: 16pt\"><b>O vapor do cigarro eletr\u00f4nico faz mal para as pessoas ao redor?<\/b><\/span><\/p>\n<p><span style=\"font-family: Arial, sans-serif\">Sim. Assim como a fuma\u00e7a do cigarro comum prejudica as pessoas ao redor, o vapor expelido pelo cigarro eletr\u00f4nico, com suas subst\u00e2ncias t\u00f3xicas e cancer\u00edgenas, tamb\u00e9m o faz.<\/span><\/p>\n<p>&nbsp;<\/p>\n<p>&nbsp;<\/p>\n<p><span style=\"font-family: Arial, sans-serif;font-size: 16pt\"><b>\u00c9 verdade que h\u00e1 riscos de queimaduras e explos\u00f5es?<\/b><\/span><\/p>\n<p><img loading=\"lazy\" decoding=\"async\" class=\"wp-image-1861 alignleft\" src=\"http:\/\/jandaiadosul.ufpr.br\/alpem\/wp-content\/uploads\/sites\/12\/2026\/03\/bateria-canva.png\" alt=\"\" width=\"103\" height=\"96\" srcset=\"https:\/\/jandaiadosul.ufpr.br\/alpem\/wp-content\/uploads\/sites\/12\/2026\/03\/bateria-canva.png 871w, https:\/\/jandaiadosul.ufpr.br\/alpem\/wp-content\/uploads\/sites\/12\/2026\/03\/bateria-canva-300x279.png 300w, https:\/\/jandaiadosul.ufpr.br\/alpem\/wp-content\/uploads\/sites\/12\/2026\/03\/bateria-canva-768x715.png 768w, https:\/\/jandaiadosul.ufpr.br\/alpem\/wp-content\/uploads\/sites\/12\/2026\/03\/bateria-canva-105x98.png 105w, https:\/\/jandaiadosul.ufpr.br\/alpem\/wp-content\/uploads\/sites\/12\/2026\/03\/bateria-canva-61x57.png 61w\" sizes=\"(max-width: 103px) 100vw, 103px\" \/><\/p>\n<p><span style=\"font-family: Arial, sans-serif\">Sim. Os dispositivos \u2014 a maioria n\u00e3o regulamentada por \u00f3rg\u00e3os competentes <span style=\"color: #0a0a0a\">\u2014 <\/span>podem apresentar falhas na bateria de \u00edon-l\u00edtio, o que pode gerar explos\u00f5es ou inc\u00eandios e consequentes queimaduras e ferimentos por estilha\u00e7o.<\/span><\/p>\n<p>&nbsp;<\/p>\n<p>&nbsp;<\/p>\n<p><span style=\"font-family: Arial, sans-serif;font-size: 16pt\"><b>Existe tratamento para a EVALI?<\/b><\/span><\/p>\n<p><span style=\"font-family: Arial, sans-serif\">Sim, mas o paciente precisa interromper imediatamente o uso de todo e qualquer tipo de vaporizador.<\/span><\/p>\n<p>&nbsp;<\/p>\n<p>&nbsp;<\/p>\n<p><span style=\"font-family: Arial, sans-serif;font-size: 16pt\"><b>A EVALI pode deixar sequelas?<\/b><\/span><\/p>\n<p><span style=\"font-family: Arial, sans-serif\">Sim. Alguns pacientes podem desenvolver sequelas a longo prazo, como fibrose pulmonar e bronquiolite obliterante, que prejudicam permanentemente a fun\u00e7\u00e3o pulmonar.<\/span><\/p>\n<p>&nbsp;<\/p>\n<p>&nbsp;<\/p>\n<p><span style=\"font-size: 11pt\">(Voc\u00ea tamb\u00e9m pode se interessar pelos textos: <span style=\"text-decoration: underline;color: #0000ff\"><a style=\"color: #0000ff;text-decoration: underline\" href=\"https:\/\/jandaiadosul.ufpr.br\/alpem\/o-que-afinal-e-cancer\/\" target=\"_blank\" rel=\"noopener\">C\u00e2ncer<\/a><\/span>, <span style=\"text-decoration: underline;color: #0000ff\"><a style=\"color: #0000ff;text-decoration: underline\" href=\"https:\/\/jandaiadosul.ufpr.br\/alpem\/o-cancer-mais-letal-do-mundo\/\" target=\"_blank\" rel=\"noopener\">C\u00e2ncer mais letal do mundo<\/a><\/span>, <a href=\"https:\/\/jandaiadosul.ufpr.br\/alpem\/maconha\/\" target=\"_blank\" rel=\"noopener\"><span style=\"text-decoration: underline;color: #0000ff\">Maconha<\/span><\/a><span style=\"color: #000000\">)<\/span><\/span><\/p>\n<p>&nbsp;<\/p>\n<p>&nbsp;<\/p>\n<p><span style=\"font-family: Arial, sans-serif;font-size: 10pt\"><b>Autoria<\/b>: Tayn\u00e1<\/span><\/p>\n<p><span style=\"font-family: Arial, sans-serif;font-size: 10pt\">Fev\/2026<\/span><\/p>\n<p>&nbsp;<\/p>\n<p><span style=\"font-family: Arial, sans-serif;font-size: 10pt\"><b>Refer\u00eancias:<\/b><\/span><\/p>\n<p><span style=\"text-decoration: underline;color: #0000ff\"><span style=\"font-family: Arial, sans-serif;font-size: 10pt\"><a style=\"color: #0000ff;text-decoration: underline\" href=\"https:\/\/www.lung.org\/quit-smoking\/e-cigarettes-vaping\/lung-health\">https:\/\/www.lung.org\/quit-smoking\/e-cigarettes-vaping\/lung-health<\/a> <\/span><\/span><\/p>\n<p><span style=\"text-decoration: underline;color: #0000ff\"><span style=\"font-family: Arial, sans-serif;font-size: 10pt\"><a style=\"color: #0000ff;text-decoration: underline\" href=\"https:\/\/sbpt.org.br\/portal\/cigarro-eletronico-alerta2-sbpt\/\">https:\/\/sbpt.org.br\/portal\/cigarro-eletronico-alerta2-sbpt\/<\/a> <\/span><\/span><\/p>\n<p><span style=\"text-decoration: underline;color: #0000ff\"><span style=\"font-family: Arial, sans-serif;font-size: 10pt\"><a style=\"color: #0000ff;text-decoration: underline\" href=\"https:\/\/lenad.uniad.org.br\/resultados\/lenad-iii-consumo-de-tabaco-e-defs\/\">https:\/\/lenad.uniad.org.br\/resultados\/lenad-iii-consumo-de-tabaco-e-defs\/<\/a> <\/span><\/span><\/p>\n<p>&nbsp;<\/p>\n<p><span style=\"font-family: Arial, sans-serif;font-size: 10pt\"><b>Imagens dispon\u00edveis em:<\/b><\/span><\/p>\n<p><span style=\"text-decoration: underline;color: #0000ff\"><span style=\"font-family: Arial, sans-serif;font-size: 10pt\"><a style=\"color: #0000ff;text-decoration: underline\" href=\"https:\/\/www.freepik.com\/\">https:\/\/www.freepik.com\/<\/a><\/span><\/span><\/p>\n<p><span style=\"text-decoration: underline;color: #0000ff\"><span style=\"font-family: Arial, sans-serif;font-size: 10pt\"><a style=\"color: #0000ff;text-decoration: underline\" href=\"https:\/\/www.canva.com\/pt_br\/\">https:\/\/www.canva.com\/pt_br\/<\/a> <\/span><\/span><\/p>\n<p>&nbsp;<\/p>\n","protected":false},"excerpt":{"rendered":"<p>EVALI vem do ingl\u00eas: E-cigarette, or Vaping, product use\u2013Associated Lung Injury. \u00c9 uma les\u00e3o pulmonar associada ao uso de cigarro eletr\u00f4nico e demais dispositivos de [&hellip;]<\/p>\n","protected":false},"author":3631,"featured_media":0,"parent":0,"menu_order":0,"comment_status":"closed","ping_status":"closed","template":"","meta":{"_acf_changed":false,"footnotes":""},"class_list":["post-1846","page","type-page","status-publish","hentry"],"acf":[],"_links":{"self":[{"href":"https:\/\/jandaiadosul.ufpr.br\/alpem\/wp-json\/wp\/v2\/pages\/1846","targetHints":{"allow":["GET"]}}],"collection":[{"href":"https:\/\/jandaiadosul.ufpr.br\/alpem\/wp-json\/wp\/v2\/pages"}],"about":[{"href":"https:\/\/jandaiadosul.ufpr.br\/alpem\/wp-json\/wp\/v2\/types\/page"}],"author":[{"embeddable":true,"href":"https:\/\/jandaiadosul.ufpr.br\/alpem\/wp-json\/wp\/v2\/users\/3631"}],"replies":[{"embeddable":true,"href":"https:\/\/jandaiadosul.ufpr.br\/alpem\/wp-json\/wp\/v2\/comments?post=1846"}],"version-history":[{"count":21,"href":"https:\/\/jandaiadosul.ufpr.br\/alpem\/wp-json\/wp\/v2\/pages\/1846\/revisions"}],"predecessor-version":[{"id":1904,"href":"https:\/\/jandaiadosul.ufpr.br\/alpem\/wp-json\/wp\/v2\/pages\/1846\/revisions\/1904"}],"wp:attachment":[{"href":"https:\/\/jandaiadosul.ufpr.br\/alpem\/wp-json\/wp\/v2\/media?parent=1846"}],"curies":[{"name":"wp","href":"https:\/\/api.w.org\/{rel}","templated":true}]}}