{"id":173,"date":"2022-09-27T11:18:51","date_gmt":"2022-09-27T14:18:51","guid":{"rendered":"https:\/\/jandaiadosul.ufpr.br\/sas\/?page_id=173"},"modified":"2025-10-28T08:38:13","modified_gmt":"2025-10-28T11:38:13","slug":"hepatites-virais","status":"publish","type":"page","link":"https:\/\/jandaiadosul.ufpr.br\/alpem\/hepatites-virais\/","title":{"rendered":"Hepatites Virais"},"content":{"rendered":"<p><a href=\"https:\/\/www.youtube.com\/watch?v=bIKwn1nt60o\" target=\"_blank\" rel=\"noopener\"><img decoding=\"async\" class=\"alignnone wp-image-1922\" src=\"https:\/\/jandaiadosul.ufpr.br\/wp-content\/uploads\/2014\/08\/interprete-02-150x150.jpg\" alt=\"\" width=\"104\" height=\"105\" \/><\/a><\/p>\n<p>&nbsp;<\/p>\n<p><span style=\"font-size: 14pt\"><strong>O que significa o termo hepatite?<\/strong><\/span><\/p>\n<p>Hepatite significa inflama\u00e7\u00e3o no f\u00edgado. Ela pode variar desde um quadro agudo assintom\u00e1tico (sem sintomas) at\u00e9 quadros cr\u00f4nicos que evoluem para cirrose hep\u00e1tica\u00a0e c\u00e2ncer de f\u00edgado. Diversas s\u00e3o as causas de hepatite (\u00e1lcool, alguns medicamentos, algumas doen\u00e7as autoimunes), falaremos aqui sobre as hepatites causadas por v\u00edrus, que s\u00e3o as mais comuns no mundo todo.<\/p>\n<p>&nbsp;<\/p>\n<p><img decoding=\"async\" class=\"wp-image-12399 aligncenter\" src=\"https:\/\/jandaiadosul.ufpr.br\/wp-content\/uploads\/2020\/06\/f%C3%ADgado%203.png\" alt=\"\" width=\"268\" height=\"178\" \/><\/p>\n<p>&nbsp;<\/p>\n<p>Ocorrem\u00a0<strong>1,4 milh\u00e3o de mortes no mundo<\/strong>,\u00a0<strong>por ano<\/strong>, relacionadas \u00e0s hepatites, seja por infec\u00e7\u00e3o aguda, cirrose ou c\u00e2ncer de f\u00edgado.<\/p>\n<p>&nbsp;<\/p>\n<p><span style=\"font-size: 14pt\"><strong>Os v\u00edrus da hepatite<\/strong><\/span><\/p>\n<p>As hepatites virais recebem o nome de A, B, C, D ou E, dependendo do tipo de v\u00edrus que est\u00e1 causando a doen\u00e7a. Embora tenham o mesmo nome, as hepatites apresentam particularidades a depender do tipo de v\u00edrus causador do quadro. Por exemplo, as hepatites A e E s\u00e3o transmitidas por meio de \u00e1gua e alimentos contaminados enquanto que a B \u00e9 uma infec\u00e7\u00e3o sexualmente transmiss\u00edvel.<\/p>\n<p>Nas regi\u00f5es Sul e Sudeste do Brasil, as hepatites B e C s\u00e3o as mais comuns; j\u00e1 no Norte e Nordeste, a hepatite A \u00e9 bastante prevalente.<\/p>\n<p><span style=\"font-size: 10pt\">(Veja tamb\u00e9m:\u00a0<a href=\"https:\/\/jandaiadosul.ufpr.br\/sas\/hepatite-a\/\" target=\"_blank\" rel=\"noopener noreferrer\"><em><span style=\"text-decoration: underline\"><span style=\"color: #0000ff;text-decoration: underline\">Hepatite A<\/span><\/span><\/em><\/a>,\u00a0<a href=\"https:\/\/jandaiadosul.ufpr.br\/sas\/hepatite-b\/\" target=\"_blank\" rel=\"noopener noreferrer\"><em><span style=\"text-decoration: underline\"><span style=\"color: #0000ff;text-decoration: underline\">Hepatite B<\/span><\/span><\/em><\/a>,\u00a0<span style=\"text-decoration: underline\"><span style=\"color: #0000ff\"><a style=\"color: #0000ff\" href=\"https:\/\/jandaiadosul.ufpr.br\/sas\/hepatite-c\/\" target=\"_blank\" rel=\"noopener noreferrer\"><em>Hepatite\u00a0<\/em><em>C<\/em><\/a><\/span><\/span>,\u00a0<a href=\"https:\/\/jandaiadosul.ufpr.br\/sas\/ja-ouviu-falar-em-cirrose-hepatica\/\" target=\"_blank\" rel=\"noopener noreferrer\"><em><span style=\"text-decoration: underline\"><span style=\"color: #0000ff;text-decoration: underline\">J<\/span><span style=\"color: #0000ff;text-decoration: underline\">\u00e1<\/span><\/span><\/em><span style=\"text-decoration: underline\"><span style=\"color: #0000ff;text-decoration: underline\"><em>\u00a0ouviu falar em cirrose hep\u00e1tica?<\/em><\/span><\/span><\/a>)<\/span><\/p>\n<p>&nbsp;<\/p>\n<p><span style=\"font-size: 14pt\"><strong>Qual a diferen\u00e7a de uma hepatite viral aguda para uma cr\u00f4nica?<\/strong><\/span><\/p>\n<p>Uma hepatite viral aguda que n\u00e3o cura em um prazo de 6 meses passa a ser classificada como cr\u00f4nica.<\/p>\n<p>A hepatite A n\u00e3o cronifica, mas a B e, principalmente, a C sim. O grande problema das hepatites cr\u00f4nicas \u00e9 que elas podem evoluir para cirrose e at\u00e9 mesmo para c\u00e2ncer no f\u00edgado.<\/p>\n<p>&nbsp;<\/p>\n<p><span style=\"font-size: 14pt\"><strong>Quais os sintomas das hepatites virais?<\/strong><\/span><\/p>\n<p>Os sintomas iniciais s\u00e3o bem inespec\u00edficos, ou seja, se parecem com os de qualquer outra infec\u00e7\u00e3o viral, podendo at\u00e9 simular uma gripe. S\u00e3o eles: febre, perda de apetite, n\u00e1useas, v\u00f4mitos, diarreia, dores no corpo. Podem aparecer ainda manchas na pele, tosse, coriza e dor de cabe\u00e7a.<\/p>\n<p>&nbsp;<\/p>\n<p><img decoding=\"async\" class=\"wp-image-12399 alignleft\" src=\"https:\/\/jandaiadosul.ufpr.br\/wp-content\/uploads\/2020\/06\/icter%C3%ADcia%201.jpg\" alt=\"\" width=\"196\" height=\"137\" \/><\/p>\n<p>&nbsp;<\/p>\n<p>Ap\u00f3s alguns dias, esses sintomas tendem a melhorar e novos podem surgir, como icter\u00edcia (cor amarelada na pele e na parte branca dos olhos), dor abdominal, urina escura, fezes esbranqui\u00e7adas.<\/p>\n<p>&nbsp;<\/p>\n<p>&nbsp;<\/p>\n<p>Em algumas pessoas, a hepatite viral aguda n\u00e3o apresenta nenhum sintoma e o indiv\u00edduo acaba nem se dando conta de que teve contato com o v\u00edrus. Isso pode ser bom ou ruim\u2026 Veja bem: se o paciente n\u00e3o apresenta sintomas mas o organismo dele consegue combater a infec\u00e7\u00e3o aguda, \u00f3timo. Ele teve uma infec\u00e7\u00e3o, n\u00e3o se incomodou porque n\u00e3o apresentou sintomas e agora est\u00e1 curado e imune \u00e0 reinfec\u00e7\u00e3o pelo mesmo v\u00edrus. Por\u00e9m, se ele n\u00e3o apresentou sintomas e o organismo n\u00e3o conseguiu combater a infec\u00e7\u00e3o, ele evoluir\u00e1 para hepatite cr\u00f4nica, com todas as suas poss\u00edveis consequ\u00eancias negativas (cirrose e c\u00e2ncer) e s\u00f3 se \u201cdar\u00e1 conta\u201d disso quando o dano hep\u00e1tico j\u00e1 estiver intenso.<\/p>\n<p>&nbsp;<\/p>\n<p><span style=\"font-size: 14pt\"><strong>Diagn\u00f3stico<\/strong><\/span><\/p>\n<p>O diagn\u00f3stico das hepatites virais \u00e9 feito por meio de alguns exames de sangue. Caso haja suspeita de les\u00e3o maior no f\u00edgado, como cirrose, por exemplo, exames de imagem tamb\u00e9m ser\u00e3o necess\u00e1rios.<\/p>\n<p>&nbsp;<\/p>\n<p><span style=\"font-size: 14pt\"><strong>Tratamento<\/strong><\/span><\/p>\n<p>O tratamento da hepatite A \u00e9 feito apenas com rem\u00e9dios sintom\u00e1ticos; essa doen\u00e7a geralmente \u00e9 branda e n\u00e3o costuma causar complica\u00e7\u00f5es.<\/p>\n<p>Os tratamentos para as hepatites B e C ser\u00e3o vistos nos respectivos textos.<\/p>\n<p>&nbsp;<\/p>\n<p><span style=\"font-size: 8pt\"><strong>Autoria:\u00a0<\/strong>Tayn\u00e1<\/span><\/p>\n<p><span style=\"font-size: 8pt\"><strong>Julho\/2020<\/strong><\/span><\/p>\n<p><span style=\"font-size: 8pt\"><strong>Refer\u00eancias<\/strong>:<\/span><\/p>\n<p><span style=\"font-size: 8pt\">Minist\u00e9rio da Sa\u00fade<\/span><\/p>\n<p><span style=\"font-size: 8pt\">Organiza\u00e7\u00e3o Mundial da Sa\u00fade<\/span><\/p>\n<p><span style=\"font-size: 8pt\"><strong>Imagens dispon\u00edveis em:<\/strong><\/span><\/p>\n<p><span style=\"font-size: 8pt\"><strong>&lt;<\/strong><span style=\"text-decoration: underline;color: #0000ff\">https:\/\/www.metropoles.com\/saude\/saiba-os-sinais-que-o-corpo-da-quando-o-figado-esta-com-problemas<\/span><strong>&gt;<\/strong><\/span><\/p>\n<p><span style=\"font-size: 8pt\"><strong>&lt;<\/strong><span style=\"text-decoration: underline\"><span style=\"color: #0000ff;text-decoration: underline\">https:\/\/dicassobresaude.com\/o-que-e-ictericia-e-como-trata-la-em-adultos-e-criancas<\/span><\/span><strong>&gt;<\/strong><\/span><\/p>\n","protected":false},"excerpt":{"rendered":"<p>&nbsp; O que significa o termo hepatite? Hepatite significa inflama\u00e7\u00e3o no f\u00edgado. Ela pode variar desde um quadro agudo assintom\u00e1tico (sem sintomas) at\u00e9 quadros cr\u00f4nicos [&hellip;]<\/p>\n","protected":false},"author":3631,"featured_media":0,"parent":0,"menu_order":0,"comment_status":"closed","ping_status":"closed","template":"","meta":{"_acf_changed":false,"footnotes":""},"class_list":["post-173","page","type-page","status-publish","hentry"],"acf":[],"_links":{"self":[{"href":"https:\/\/jandaiadosul.ufpr.br\/alpem\/wp-json\/wp\/v2\/pages\/173","targetHints":{"allow":["GET"]}}],"collection":[{"href":"https:\/\/jandaiadosul.ufpr.br\/alpem\/wp-json\/wp\/v2\/pages"}],"about":[{"href":"https:\/\/jandaiadosul.ufpr.br\/alpem\/wp-json\/wp\/v2\/types\/page"}],"author":[{"embeddable":true,"href":"https:\/\/jandaiadosul.ufpr.br\/alpem\/wp-json\/wp\/v2\/users\/3631"}],"replies":[{"embeddable":true,"href":"https:\/\/jandaiadosul.ufpr.br\/alpem\/wp-json\/wp\/v2\/comments?post=173"}],"version-history":[{"count":11,"href":"https:\/\/jandaiadosul.ufpr.br\/alpem\/wp-json\/wp\/v2\/pages\/173\/revisions"}],"predecessor-version":[{"id":1677,"href":"https:\/\/jandaiadosul.ufpr.br\/alpem\/wp-json\/wp\/v2\/pages\/173\/revisions\/1677"}],"wp:attachment":[{"href":"https:\/\/jandaiadosul.ufpr.br\/alpem\/wp-json\/wp\/v2\/media?parent=173"}],"curies":[{"name":"wp","href":"https:\/\/api.w.org\/{rel}","templated":true}]}}