{"id":1497,"date":"2025-02-11T16:08:45","date_gmt":"2025-02-11T19:08:45","guid":{"rendered":"https:\/\/jandaiadosul.ufpr.br\/alpem\/?page_id=1497"},"modified":"2025-02-11T16:11:43","modified_gmt":"2025-02-11T19:11:43","slug":"como-e-o-desenvolvimento-normal-de-um-bebe","status":"publish","type":"page","link":"https:\/\/jandaiadosul.ufpr.br\/alpem\/como-e-o-desenvolvimento-normal-de-um-bebe\/","title":{"rendered":"Como \u00e9 o desenvolvimento normal de um beb\u00ea?"},"content":{"rendered":"<p>&nbsp;<\/p>\n<p><span style=\"color: #000000\">Voc\u00ea, pai e m\u00e3e, sabe como \u00e9 o desenvolvimento normal de um beb\u00ea do nascimento aos primeiros anos de vida? Sabe com quantos meses ele deve firmar o pesco\u00e7o, sorrir, sentar, falar? \u00c9 importante ter uma ideia sobre esse assunto para detectar, junto ao m\u00e9dico pediatra, os poss\u00edveis atrasos no desenvolvimento da crian\u00e7a. Vamos l\u00e1?<\/span><\/p>\n<p>&nbsp;<\/p>\n<p><span style=\"color: #000000\">Importante lembrar que o desenvolvimento do beb\u00ea n\u00e3o segue rigidamente as divis\u00f5es em etapas que ser\u00e3o explicadas a seguir, podendo haver atrasos ou adiantamentos dos marcos dentro de uma curva de normalidade. Se voc\u00ea est\u00e1 em d\u00favida sobre o desenvolvimento de seu filho, n\u00e3o hesite em perguntar ao pediatra.<\/span><\/p>\n<p><img fetchpriority=\"high\" decoding=\"async\" class=\"wp-image-1508 aligncenter\" src=\"http:\/\/jandaiadosul.ufpr.br\/alpem\/wp-content\/uploads\/sites\/12\/2025\/02\/bebe-freepik-1.jpg\" alt=\"\" width=\"304\" height=\"340\" srcset=\"https:\/\/jandaiadosul.ufpr.br\/alpem\/wp-content\/uploads\/sites\/12\/2025\/02\/bebe-freepik-1.jpg 1582w, https:\/\/jandaiadosul.ufpr.br\/alpem\/wp-content\/uploads\/sites\/12\/2025\/02\/bebe-freepik-1-269x300.jpg 269w, https:\/\/jandaiadosul.ufpr.br\/alpem\/wp-content\/uploads\/sites\/12\/2025\/02\/bebe-freepik-1-917x1024.jpg 917w, https:\/\/jandaiadosul.ufpr.br\/alpem\/wp-content\/uploads\/sites\/12\/2025\/02\/bebe-freepik-1-768x858.jpg 768w, https:\/\/jandaiadosul.ufpr.br\/alpem\/wp-content\/uploads\/sites\/12\/2025\/02\/bebe-freepik-1-1375x1536.jpg 1375w, https:\/\/jandaiadosul.ufpr.br\/alpem\/wp-content\/uploads\/sites\/12\/2025\/02\/bebe-freepik-1-88x98.jpg 88w, https:\/\/jandaiadosul.ufpr.br\/alpem\/wp-content\/uploads\/sites\/12\/2025\/02\/bebe-freepik-1-51x57.jpg 51w\" sizes=\"(max-width: 304px) 100vw, 304px\" \/><\/p>\n<p>&nbsp;<\/p>\n<p><span style=\"text-decoration: underline\"><span style=\"font-size: 14pt\"><strong><span style=\"color: #000000;text-decoration: underline\">De zero a 2 meses de vida<\/span><\/strong><\/span><\/span><\/p>\n<p><span style=\"color: #000000\">Nesse come\u00e7o de vida, o desenvolvimento motor do beb\u00ea \u00e9 bastante imaturo, mas est\u00e1 presente o reflexo da suc\u00e7\u00e3o, que \u00e9 a resposta natural do rec\u00e9m-nascido de sugar sempre que algo toca o c\u00e9u de sua boca. Obviamente, esse reflexo \u00e9 essencial para que se d\u00ea a amamenta\u00e7\u00e3o.<img decoding=\"async\" class=\"alignleft wp-image-1517 \" src=\"http:\/\/jandaiadosul.ufpr.br\/alpem\/wp-content\/uploads\/sites\/12\/2025\/02\/amamentacao-freepik-1.jpg\" alt=\"\" width=\"167\" height=\"188\" srcset=\"https:\/\/jandaiadosul.ufpr.br\/alpem\/wp-content\/uploads\/sites\/12\/2025\/02\/amamentacao-freepik-1.jpg 1456w, https:\/\/jandaiadosul.ufpr.br\/alpem\/wp-content\/uploads\/sites\/12\/2025\/02\/amamentacao-freepik-1-266x300.jpg 266w, https:\/\/jandaiadosul.ufpr.br\/alpem\/wp-content\/uploads\/sites\/12\/2025\/02\/amamentacao-freepik-1-909x1024.jpg 909w, https:\/\/jandaiadosul.ufpr.br\/alpem\/wp-content\/uploads\/sites\/12\/2025\/02\/amamentacao-freepik-1-768x865.jpg 768w, https:\/\/jandaiadosul.ufpr.br\/alpem\/wp-content\/uploads\/sites\/12\/2025\/02\/amamentacao-freepik-1-1364x1536.jpg 1364w, https:\/\/jandaiadosul.ufpr.br\/alpem\/wp-content\/uploads\/sites\/12\/2025\/02\/amamentacao-freepik-1-87x98.jpg 87w, https:\/\/jandaiadosul.ufpr.br\/alpem\/wp-content\/uploads\/sites\/12\/2025\/02\/amamentacao-freepik-1-51x57.jpg 51w\" sizes=\"(max-width: 167px) 100vw, 167px\" \/><\/span><\/p>\n<p><span style=\"color: #000000\">Quanto \u00e0 linguagem, no primeiro m\u00eas de vida, se resume a choros repetidos. No segundo m\u00eas, o beb\u00ea j\u00e1 consegue emitir outros sons.<\/span><\/p>\n<p><span style=\"color: #000000\">Nesse per\u00edodo inicia-se o chamado sorriso social, que \u00e9 quando o beb\u00ea sorri intencionalmente. Al\u00e9m disso, ele adquire a habilidade de seguir objetos com os olhos.<\/span><\/p>\n<p>&nbsp;<\/p>\n<p>&nbsp;<\/p>\n<p><span style=\"text-decoration: underline;font-size: 14pt\"><strong><span style=\"color: #000000;text-decoration: underline\">De 2 a 4 meses de vida<\/span><\/strong><\/span><\/p>\n<p><span style=\"color: #000000\">Nessa \u00e9poca, o beb\u00ea consegue manter a cabe\u00e7a firme e estender as m\u00e3os em dire\u00e7\u00e3o ao que lhe interesse.<\/span><\/p>\n<p><span style=\"color: #000000\">Perto dos 4 meses de vida, a crian\u00e7a distingue sons a ponto de diferenciar um tom de repreens\u00e3o de um tom de elogio, inclusive respondendo com fei\u00e7\u00f5es tristes ou alegres ap\u00f3s a intera\u00e7\u00e3o.<\/span><\/p>\n<p><span style=\"color: #000000\">O contato visual com a m\u00e3e ao ser amamentado \u00e9 intenso. O beb\u00ea sorri e emite grunhidos como forma de intera\u00e7\u00e3o social. Ele pega objetos, chupa o dedo, introduz objetos na boca e reconhece familiares \u00e0 dist\u00e2ncia.<\/span><\/p>\n<p>&nbsp;<\/p>\n<p>&nbsp;<\/p>\n<p><span style=\"text-decoration: underline;font-size: 14pt\"><strong><span style=\"color: #000000;text-decoration: underline\">De 4 a 6 meses de vida<\/span><\/strong><\/span><\/p>\n<p><span style=\"color: #000000\">Os beb\u00eas sorriem com mais frequ\u00eancia, controlam melhor o pesco\u00e7o e a cabe\u00e7a e aprendem a rolar o tronco. <\/span><\/p>\n<p><span style=\"color: #000000\">Uma observa\u00e7\u00e3o: a partir do 5<sup>o<\/sup>\/6<sup>o<\/sup> m\u00eas de vida, n\u00e3o \u00e9 indicado deixar a crian\u00e7a deitada numa cama ou sof\u00e1 sem prote\u00e7\u00f5es laterais, pois ela pode rolar o tronco e cair ao ch\u00e3o.<\/span><\/p>\n<p><img decoding=\"async\" class=\"wp-image-1525 aligncenter\" src=\"http:\/\/jandaiadosul.ufpr.br\/alpem\/wp-content\/uploads\/sites\/12\/2025\/02\/bebe.jpg\" alt=\"\" width=\"342\" height=\"209\" srcset=\"https:\/\/jandaiadosul.ufpr.br\/alpem\/wp-content\/uploads\/sites\/12\/2025\/02\/bebe.jpg 656w, https:\/\/jandaiadosul.ufpr.br\/alpem\/wp-content\/uploads\/sites\/12\/2025\/02\/bebe-300x183.jpg 300w, https:\/\/jandaiadosul.ufpr.br\/alpem\/wp-content\/uploads\/sites\/12\/2025\/02\/bebe-160x98.jpg 160w, https:\/\/jandaiadosul.ufpr.br\/alpem\/wp-content\/uploads\/sites\/12\/2025\/02\/bebe-75x46.jpg 75w\" sizes=\"(max-width: 342px) 100vw, 342px\" \/><\/p>\n<p>&nbsp;<\/p>\n<p>&nbsp;<\/p>\n<p><span style=\"color: #000000\">Ainda nessa fase, emitem sons repetidos, conseguem falar s\u00edlabas e aprendem a gritar. No quesito social, demostram estar felizes ou tristes.<\/span><\/p>\n<p>&nbsp;<\/p>\n<p>&nbsp;<\/p>\n<p><span style=\"text-decoration: underline;font-size: 14pt\"><strong><span style=\"color: #000000;text-decoration: underline\">De 6 a 9 meses de vida<\/span><\/strong><\/span><\/p>\n<p><span style=\"color: #000000\">O beb\u00ea aprende a sentar sozinho e vira mestre na arte de rolar de um lado para outro, inclusive durante o sono. Alguns conseguem j\u00e1 engatinhar ou ficar de p\u00e9 com apoio.<\/span><\/p>\n<p><span style=\"color: #000000\">A crian\u00e7a reconhece seu pr\u00f3prio nome e aprende os sons que objetos ou animais fazem. Brincam com o pr\u00f3prio corpo (m\u00e3os, p\u00e9s). Interessam-se por objetos que n\u00e3o est\u00e3o ao alcance e entendem a brincadeira de esconde-esconde.<\/span><\/p>\n<p>&nbsp;<\/p>\n<p>&nbsp;<\/p>\n<p><span style=\"text-decoration: underline\"><span style=\"font-size: 14pt\"><strong><span style=\"color: #000000;text-decoration: underline\">De 9 a 12 meses de vida<\/span><\/strong><\/span><\/span><\/p>\n<p><span style=\"color: #000000\">Engatinham, aprendem a andar com apoio. Dizem n\u00e3o com a cabe\u00e7a quando n\u00e3o querem algo, aprendem a \u201cdar tchau\u201d.<\/span><img loading=\"lazy\" decoding=\"async\" class=\"wp-image-1597 alignleft\" src=\"http:\/\/jandaiadosul.ufpr.br\/alpem\/wp-content\/uploads\/sites\/12\/2025\/02\/bebe-2-freepik-1-1-1-1-1-1-300x272.jpg\" alt=\"\" width=\"126\" height=\"114\" srcset=\"https:\/\/jandaiadosul.ufpr.br\/alpem\/wp-content\/uploads\/sites\/12\/2025\/02\/bebe-2-freepik-1-1-1-1-1-1-300x272.jpg 300w, https:\/\/jandaiadosul.ufpr.br\/alpem\/wp-content\/uploads\/sites\/12\/2025\/02\/bebe-2-freepik-1-1-1-1-1-1-1024x930.jpg 1024w, https:\/\/jandaiadosul.ufpr.br\/alpem\/wp-content\/uploads\/sites\/12\/2025\/02\/bebe-2-freepik-1-1-1-1-1-1-768x697.jpg 768w, https:\/\/jandaiadosul.ufpr.br\/alpem\/wp-content\/uploads\/sites\/12\/2025\/02\/bebe-2-freepik-1-1-1-1-1-1-1536x1395.jpg 1536w, https:\/\/jandaiadosul.ufpr.br\/alpem\/wp-content\/uploads\/sites\/12\/2025\/02\/bebe-2-freepik-1-1-1-1-1-1-108x98.jpg 108w, https:\/\/jandaiadosul.ufpr.br\/alpem\/wp-content\/uploads\/sites\/12\/2025\/02\/bebe-2-freepik-1-1-1-1-1-1-63x57.jpg 63w, https:\/\/jandaiadosul.ufpr.br\/alpem\/wp-content\/uploads\/sites\/12\/2025\/02\/bebe-2-freepik-1-1-1-1-1-1.jpg 1980w\" sizes=\"(max-width: 126px) 100vw, 126px\" \/><\/p>\n<p><span style=\"color: #000000\">Sentem-se \u00e0 vontade com o cuidador, mas podem temer pessoas e situa\u00e7\u00f5es desconhecidas.<\/span><\/p>\n<p><span style=\"color: #000000\">Aprendem a jogar objetos, a imitar gestos e a obedecer comandos simples. Emitem as primeiras palavras completas.<\/span><\/p>\n<p>&nbsp;<\/p>\n<p>&nbsp;<\/p>\n<p><span style=\"text-decoration: underline;font-size: 14pt\"><strong><span style=\"color: #000000;text-decoration: underline\">De 12 aos 18 meses de vida<\/span><\/strong><\/span><\/p>\n<p><span style=\"color: #000000\">Nesse per\u00edodo, h\u00e1 um melhora consider\u00e1vel na coordena\u00e7\u00e3o motora, a crian\u00e7a anda sem apoio, aponta para uma parte do corpo, entende e obedece a comandos, como o de sentar ou de pegar algo.<\/span><\/p>\n<p><span style=\"color: #000000\">Amplia seu vocabul\u00e1rio, falando cerca de 50 palavras aos 18 meses.<\/span><\/p>\n<p>&nbsp;<\/p>\n<p><span style=\"text-decoration: underline;font-size: 14pt\"><strong><span style=\"color: #000000;text-decoration: underline\">De 18 aos 24 meses de vida<\/span><\/strong><\/span><\/p>\n<p><span style=\"color: #000000\">Andam com facilidade, alguns at\u00e9 correm dist\u00e2ncias curtas. Formam pequenas frases, come\u00e7am a diferenciar formas, cores, animais.<\/span><\/p>\n<p>&nbsp;<\/p>\n<p><span style=\"font-size: 14pt\"><strong><span style=\"text-decoration: underline\"><span style=\"color: #000000;text-decoration: underline\">Dos 2 aos 3 anos de vida<\/span><\/span><\/strong><\/span><\/p>\n<p><span style=\"color: #000000\">A crian\u00e7a aprende a correr, subir escadas, equilibrar-se em um p\u00e9 s\u00f3. Fala bem a ponto de estranhos a compreenderem na maior parte do tempo, repete palavras ouvidas numa conversa. Compreende a ideia de posse.<\/span><\/p>\n<p><img loading=\"lazy\" decoding=\"async\" class=\"wp-image-1576 aligncenter\" src=\"http:\/\/jandaiadosul.ufpr.br\/alpem\/wp-content\/uploads\/sites\/12\/2025\/02\/criancas-freepik.jpg\" alt=\"\" width=\"465\" height=\"174\" srcset=\"https:\/\/jandaiadosul.ufpr.br\/alpem\/wp-content\/uploads\/sites\/12\/2025\/02\/criancas-freepik.jpg 1300w, https:\/\/jandaiadosul.ufpr.br\/alpem\/wp-content\/uploads\/sites\/12\/2025\/02\/criancas-freepik-300x112.jpg 300w, https:\/\/jandaiadosul.ufpr.br\/alpem\/wp-content\/uploads\/sites\/12\/2025\/02\/criancas-freepik-1024x383.jpg 1024w, https:\/\/jandaiadosul.ufpr.br\/alpem\/wp-content\/uploads\/sites\/12\/2025\/02\/criancas-freepik-768x287.jpg 768w, https:\/\/jandaiadosul.ufpr.br\/alpem\/wp-content\/uploads\/sites\/12\/2025\/02\/criancas-freepik-175x65.jpg 175w, https:\/\/jandaiadosul.ufpr.br\/alpem\/wp-content\/uploads\/sites\/12\/2025\/02\/criancas-freepik-75x28.jpg 75w\" sizes=\"(max-width: 465px) 100vw, 465px\" \/><\/p>\n<p>&nbsp;<\/p>\n<p><span style=\"color: #000000\">Feito esse resumo, recomendamos a leitura do texto sobre transtorno do espectro autista, <a href=\"https:\/\/jandaiadosul.ufpr.br\/alpem\/transtorno-do-espectro-autista\/\" target=\"_blank\" rel=\"noopener\"><strong><span style=\"color: #0000ff\"><u>TEA<\/u><\/span><\/strong><\/a>, cujo diagn\u00f3stico \u00e9 suspeitado a partir da constata\u00e7\u00e3o de atraso nesses marcos do desenvolvimento.<\/span><\/p>\n<p>&nbsp;<\/p>\n<p><span style=\"color: #000000;font-size: 8pt\"><b>A<\/b><b>utoria<\/b>: Tayn\u00e1 Rolim<\/span><\/p>\n<p><span style=\"color: #000000;font-size: 8pt\">Fev\/2025<\/span><\/p>\n<p><span style=\"color: #000000;font-size: 8pt\"><b>Refer\u00eancia:<\/b><\/span><\/p>\n<p><span style=\"color: #000000;font-size: 8pt\">Tratado de Pediatria da Sociedade Brasileira de Pediatria, 6 ed., 2024.<\/span><\/p>\n<p><span style=\"color: #000000;font-size: 8pt\"><b>Imagens:<\/b><\/span><\/p>\n<p><span style=\"text-decoration: underline;color: #3366ff;font-size: 8pt\"><a style=\"color: #3366ff;text-decoration: underline\" href=\"https:\/\/br.freepik.com\/vetores-gratis\/estagios-de-design-plano-de-uma-ilustracao-de-menino_14852561.htm#from_element=detail_alsolike\">https:\/\/br.freepik.com\/vetores-gratis\/estagios-de-design-plano-de-uma-ilustracao-de-menino_14852561.htm#from_element=detail_alsolike<\/a> <\/span><\/p>\n<p><span style=\"text-decoration: underline;color: #3366ff;font-size: 8pt\">https:\/\/img.freepik.com\/vetores-gratis\/jogo-dos-miudos-projeto_1308-153.jpg?t=st=1739295141~exp=1739298741~hmac=7c9492eff8fe288d15055c7ae6f07af8945c8c7612a833c8c2aab46f537ad02e&amp;w=740<\/span><\/p>\n<p><span style=\"text-decoration: underline;color: #3366ff;font-size: 8pt\">https:\/\/noeh.com.br\/do-berco-aos-primeiros-passos\/\u00a0<\/span><\/p>\n<p><span style=\"text-decoration: underline;color: #3366ff;font-size: 8pt\">https:\/\/br.freepik.com\/vetores-gratis\/adoravel-menina-de-roupa-amarela_171970056.htm#fromView=image_search_similar&amp;page=1&amp;position=8&amp;uuid=e5562925-2c36-47fc-a6d7-f4312a6f7331&amp;query=beb%C3%AA+engatinhando\u00a0<\/span><\/p>\n<p><span style=\"text-decoration: underline;color: #3366ff;font-size: 8pt\">https:\/\/br.freepik.com\/vetores-gratis\/jogo-dos-miudos-projeto_1020628.htm#fromView=image_search_similar&amp;page=1&amp;position=0&amp;uuid=94ccd320-9597-409e-8bb3-9819beb7f97f&amp;query=crian%C3%A7a+pequena+correndo<\/span><\/p>\n<p>&nbsp;<\/p>\n","protected":false},"excerpt":{"rendered":"<p>&nbsp; Voc\u00ea, pai e m\u00e3e, sabe como \u00e9 o desenvolvimento normal de um beb\u00ea do nascimento aos primeiros anos de vida? Sabe com quantos meses [&hellip;]<\/p>\n","protected":false},"author":3631,"featured_media":0,"parent":0,"menu_order":0,"comment_status":"closed","ping_status":"closed","template":"","meta":{"_acf_changed":false,"footnotes":""},"class_list":["post-1497","page","type-page","status-publish","hentry"],"acf":[],"_links":{"self":[{"href":"https:\/\/jandaiadosul.ufpr.br\/alpem\/wp-json\/wp\/v2\/pages\/1497","targetHints":{"allow":["GET"]}}],"collection":[{"href":"https:\/\/jandaiadosul.ufpr.br\/alpem\/wp-json\/wp\/v2\/pages"}],"about":[{"href":"https:\/\/jandaiadosul.ufpr.br\/alpem\/wp-json\/wp\/v2\/types\/page"}],"author":[{"embeddable":true,"href":"https:\/\/jandaiadosul.ufpr.br\/alpem\/wp-json\/wp\/v2\/users\/3631"}],"replies":[{"embeddable":true,"href":"https:\/\/jandaiadosul.ufpr.br\/alpem\/wp-json\/wp\/v2\/comments?post=1497"}],"version-history":[{"count":18,"href":"https:\/\/jandaiadosul.ufpr.br\/alpem\/wp-json\/wp\/v2\/pages\/1497\/revisions"}],"predecessor-version":[{"id":1612,"href":"https:\/\/jandaiadosul.ufpr.br\/alpem\/wp-json\/wp\/v2\/pages\/1497\/revisions\/1612"}],"wp:attachment":[{"href":"https:\/\/jandaiadosul.ufpr.br\/alpem\/wp-json\/wp\/v2\/media?parent=1497"}],"curies":[{"name":"wp","href":"https:\/\/api.w.org\/{rel}","templated":true}]}}