{"id":1254,"date":"2024-12-24T10:51:01","date_gmt":"2024-12-24T13:51:01","guid":{"rendered":"https:\/\/jandaiadosul.ufpr.br\/alpem\/?page_id=1254"},"modified":"2024-12-24T10:51:01","modified_gmt":"2024-12-24T13:51:01","slug":"como-inserir-atestado-no-sougov","status":"publish","type":"page","link":"https:\/\/jandaiadosul.ufpr.br\/alpem\/como-inserir-atestado-no-sougov\/","title":{"rendered":"Como inserir atestado no SouGov"},"content":{"rendered":"<p><span style=\"font-family: helvetica, arial, sans-serif\">Siga os passos a seguir para inserir atestados no SouGov.<\/span><\/p>\n<p><span style=\"font-family: helvetica, arial, sans-serif\">Lembre-se de que na mesma aba &#8220;Minha Sa\u00fade&#8221; voc\u00ea pode acompanhar o status de seu atestado (se j\u00e1 foi registrado, se necessita de corre\u00e7\u00e3o, etc), pode receber registros e laudos periciais, pode acompanhar agendamentos de per\u00edcias oficiais e pode utilizar todas as demais funcionalidades sempre que necess\u00e1rio.<\/span><\/p>\n<p>&nbsp;<\/p>\n<p><img decoding=\"async\" class=\"alignnone wp-image-1261 \" src=\"http:\/\/jandaiadosul.ufpr.br\/alpem\/wp-content\/uploads\/sites\/12\/2024\/12\/img_9517.jpg\" alt=\"\" width=\"280\" height=\"137\" srcset=\"https:\/\/jandaiadosul.ufpr.br\/alpem\/wp-content\/uploads\/sites\/12\/2024\/12\/img_9517.jpg 1144w, https:\/\/jandaiadosul.ufpr.br\/alpem\/wp-content\/uploads\/sites\/12\/2024\/12\/img_9517-300x147.jpg 300w, https:\/\/jandaiadosul.ufpr.br\/alpem\/wp-content\/uploads\/sites\/12\/2024\/12\/img_9517-1024x500.jpg 1024w, https:\/\/jandaiadosul.ufpr.br\/alpem\/wp-content\/uploads\/sites\/12\/2024\/12\/img_9517-768x375.jpg 768w, https:\/\/jandaiadosul.ufpr.br\/alpem\/wp-content\/uploads\/sites\/12\/2024\/12\/img_9517-175x86.jpg 175w, https:\/\/jandaiadosul.ufpr.br\/alpem\/wp-content\/uploads\/sites\/12\/2024\/12\/img_9517-75x37.jpg 75w\" sizes=\"(max-width: 280px) 100vw, 280px\" \/>\u00a0<span style=\"font-size: 18pt\"><strong> \u21d2<\/strong><\/span> \u00a0 <img decoding=\"async\" class=\"alignnone  wp-image-1264\" src=\"http:\/\/jandaiadosul.ufpr.br\/alpem\/wp-content\/uploads\/sites\/12\/2024\/12\/img_9518-1-300x212.jpg\" alt=\"\" width=\"193\" height=\"136\" srcset=\"https:\/\/jandaiadosul.ufpr.br\/alpem\/wp-content\/uploads\/sites\/12\/2024\/12\/img_9518-1-300x212.jpg 300w, https:\/\/jandaiadosul.ufpr.br\/alpem\/wp-content\/uploads\/sites\/12\/2024\/12\/img_9518-1-1024x725.jpg 1024w, https:\/\/jandaiadosul.ufpr.br\/alpem\/wp-content\/uploads\/sites\/12\/2024\/12\/img_9518-1-768x544.jpg 768w, https:\/\/jandaiadosul.ufpr.br\/alpem\/wp-content\/uploads\/sites\/12\/2024\/12\/img_9518-1-138x98.jpg 138w, https:\/\/jandaiadosul.ufpr.br\/alpem\/wp-content\/uploads\/sites\/12\/2024\/12\/img_9518-1-75x53.jpg 75w, https:\/\/jandaiadosul.ufpr.br\/alpem\/wp-content\/uploads\/sites\/12\/2024\/12\/img_9518-1.jpg 1170w\" sizes=\"(max-width: 193px) 100vw, 193px\" \/> \u00a0<strong><span style=\"font-size: 18pt\">\u21d2\u00a0<\/span><\/strong> <img decoding=\"async\" class=\"alignnone  wp-image-1265\" src=\"http:\/\/jandaiadosul.ufpr.br\/alpem\/wp-content\/uploads\/sites\/12\/2024\/12\/img_9519-1-300x174.jpg\" alt=\"\" width=\"191\" height=\"111\" srcset=\"https:\/\/jandaiadosul.ufpr.br\/alpem\/wp-content\/uploads\/sites\/12\/2024\/12\/img_9519-1-300x174.jpg 300w, https:\/\/jandaiadosul.ufpr.br\/alpem\/wp-content\/uploads\/sites\/12\/2024\/12\/img_9519-1-1024x595.jpg 1024w, https:\/\/jandaiadosul.ufpr.br\/alpem\/wp-content\/uploads\/sites\/12\/2024\/12\/img_9519-1-768x447.jpg 768w, https:\/\/jandaiadosul.ufpr.br\/alpem\/wp-content\/uploads\/sites\/12\/2024\/12\/img_9519-1-169x98.jpg 169w, https:\/\/jandaiadosul.ufpr.br\/alpem\/wp-content\/uploads\/sites\/12\/2024\/12\/img_9519-1-75x44.jpg 75w, https:\/\/jandaiadosul.ufpr.br\/alpem\/wp-content\/uploads\/sites\/12\/2024\/12\/img_9519-1.jpg 1161w\" sizes=\"(max-width: 191px) 100vw, 191px\" \/><\/p>\n","protected":false},"excerpt":{"rendered":"<p>Siga os passos a seguir para inserir atestados no SouGov. Lembre-se de que na mesma aba &#8220;Minha Sa\u00fade&#8221; voc\u00ea pode acompanhar o status de seu [&hellip;]<\/p>\n","protected":false},"author":3631,"featured_media":0,"parent":0,"menu_order":0,"comment_status":"closed","ping_status":"closed","template":"","meta":{"_acf_changed":false,"footnotes":""},"class_list":["post-1254","page","type-page","status-publish","hentry"],"acf":[],"_links":{"self":[{"href":"https:\/\/jandaiadosul.ufpr.br\/alpem\/wp-json\/wp\/v2\/pages\/1254","targetHints":{"allow":["GET"]}}],"collection":[{"href":"https:\/\/jandaiadosul.ufpr.br\/alpem\/wp-json\/wp\/v2\/pages"}],"about":[{"href":"https:\/\/jandaiadosul.ufpr.br\/alpem\/wp-json\/wp\/v2\/types\/page"}],"author":[{"embeddable":true,"href":"https:\/\/jandaiadosul.ufpr.br\/alpem\/wp-json\/wp\/v2\/users\/3631"}],"replies":[{"embeddable":true,"href":"https:\/\/jandaiadosul.ufpr.br\/alpem\/wp-json\/wp\/v2\/comments?post=1254"}],"version-history":[{"count":4,"href":"https:\/\/jandaiadosul.ufpr.br\/alpem\/wp-json\/wp\/v2\/pages\/1254\/revisions"}],"predecessor-version":[{"id":1274,"href":"https:\/\/jandaiadosul.ufpr.br\/alpem\/wp-json\/wp\/v2\/pages\/1254\/revisions\/1274"}],"wp:attachment":[{"href":"https:\/\/jandaiadosul.ufpr.br\/alpem\/wp-json\/wp\/v2\/media?parent=1254"}],"curies":[{"name":"wp","href":"https:\/\/api.w.org\/{rel}","templated":true}]}}