{"id":1072,"date":"2023-07-18T14:13:31","date_gmt":"2023-07-18T17:13:31","guid":{"rendered":"https:\/\/jandaiadosul.ufpr.br\/sas\/?page_id=1072"},"modified":"2023-07-18T14:13:31","modified_gmt":"2023-07-18T17:13:31","slug":"maconha","status":"publish","type":"page","link":"https:\/\/jandaiadosul.ufpr.br\/alpem\/maconha\/","title":{"rendered":"Maconha"},"content":{"rendered":"<p><img decoding=\"async\" class=\"wp-image-1073 aligncenter\" style=\"font-family: georgia, palatino, serif\" src=\"http:\/\/jandaiadosul.ufpr.br\/sas\/wp-content\/uploads\/sites\/12\/2023\/07\/maconha-2-freepik-300x200.jpg\" alt=\"\" width=\"233\" height=\"156\" srcset=\"https:\/\/jandaiadosul.ufpr.br\/alpem\/wp-content\/uploads\/sites\/12\/2023\/07\/maconha-2-freepik-300x200.jpg 300w, https:\/\/jandaiadosul.ufpr.br\/alpem\/wp-content\/uploads\/sites\/12\/2023\/07\/maconha-2-freepik-1024x683.jpg 1024w, https:\/\/jandaiadosul.ufpr.br\/alpem\/wp-content\/uploads\/sites\/12\/2023\/07\/maconha-2-freepik-768x512.jpg 768w, https:\/\/jandaiadosul.ufpr.br\/alpem\/wp-content\/uploads\/sites\/12\/2023\/07\/maconha-2-freepik-1536x1024.jpg 1536w, https:\/\/jandaiadosul.ufpr.br\/alpem\/wp-content\/uploads\/sites\/12\/2023\/07\/maconha-2-freepik-2048x1365.jpg 2048w, https:\/\/jandaiadosul.ufpr.br\/alpem\/wp-content\/uploads\/sites\/12\/2023\/07\/maconha-2-freepik-147x98.jpg 147w, https:\/\/jandaiadosul.ufpr.br\/alpem\/wp-content\/uploads\/sites\/12\/2023\/07\/maconha-2-freepik-75x50.jpg 75w\" sizes=\"(max-width: 233px) 100vw, 233px\" \/><\/p>\n<p><span style=\"color: #000000;font-size: 14pt;font-family: georgia, palatino, serif\"><b>Qual a diferen\u00e7a entre m<\/b><b>aconha, <\/b><b>C<\/b><i><b>annabis<\/b><\/i><b>, canabinoide <\/b><b>e<\/b><b> <\/b><b>canabidiol<\/b><b>?<\/b><\/span><\/p>\n<p><span style=\"color: #000000;font-family: georgia, palatino, serif\"><b>Cannabis<\/b> \u00e9 o nome de uma planta que possui 3 subesp\u00e9cies: <i>Cannabis sativa<\/i>, <i>Cannabis indica<\/i> e <i>Cannabis ruderalis<\/i>.<\/span><\/p>\n<p><span style=\"color: #000000;font-family: georgia, palatino, serif\"><b>Canabinoides<\/b> s\u00e3o subst\u00e2ncias derivadas dessa planta, podendo ter efeitos medicinais ou psicoativos.<\/span><\/p>\n<p>&nbsp;<\/p>\n<p><img decoding=\"async\" class=\"wp-image-1074 alignleft\" style=\"font-family: georgia, palatino, serif\" src=\"http:\/\/jandaiadosul.ufpr.br\/sas\/wp-content\/uploads\/sites\/12\/2023\/07\/maconha-1-300x202.jpg\" alt=\"\" width=\"180\" height=\"121\" srcset=\"https:\/\/jandaiadosul.ufpr.br\/alpem\/wp-content\/uploads\/sites\/12\/2023\/07\/maconha-1-300x202.jpg 300w, https:\/\/jandaiadosul.ufpr.br\/alpem\/wp-content\/uploads\/sites\/12\/2023\/07\/maconha-1-145x98.jpg 145w, https:\/\/jandaiadosul.ufpr.br\/alpem\/wp-content\/uploads\/sites\/12\/2023\/07\/maconha-1-75x51.jpg 75w, https:\/\/jandaiadosul.ufpr.br\/alpem\/wp-content\/uploads\/sites\/12\/2023\/07\/maconha-1.jpg 418w\" sizes=\"(max-width: 180px) 100vw, 180px\" \/><\/p>\n<p><span style=\"font-family: georgia, palatino, serif\"><span style=\"color: #000000\"><b>M<\/b><b>aconha<\/b> \u00e9 o nome dado \u00e0 droga derivada da Cannabis. \u00c9 uma <\/span>subst\u00e2ncia psicoativa <span style=\"color: #000000\">classificada como perturbadora do sistema nervoso central. O canabinoide respons\u00e1vel por grande parte dos efeitos psicoativos da maconha \u00e9 o <b>THC<\/b> (tetrahidrocanabinol). O famoso \u201cbaseado\u201d \u00e9 a forma mais comum de consumo da maconha e configura-se no fumo das folhas desidratadas da Cannabis.<\/span><\/span><\/p>\n<p>&nbsp;<\/p>\n<p><span style=\"color: #000000;font-family: georgia, palatino, serif\">Por ser o processo de produ\u00e7\u00e3o da maconha ilegal, n\u00e3o regulamentado e descuidado, \u00e9 comum que haja contamina\u00e7\u00e3o por fungos, insetos e subst\u00e2ncias qu\u00edmicas, o que coloca o usu\u00e1rio em contato com outras subst\u00e2ncias potencialmente nocivas, al\u00e9m da pr\u00f3pria droga. A maconha ingerida em forma de bolos, doces e bolachas tamb\u00e9m produz efeitos psicoativos, por\u00e9m esses demoram mais tempo para se manifestar no corpo e duram mais tempo, se comparados com os da droga fumada.<\/span><\/p>\n<p><span style=\"color: #000000;font-family: georgia, palatino, serif\">O <b>c<\/b><b>anabidiol <\/b><b>(CBD)<\/b> \u00e9 tamb\u00e9m um canabinoide, sendo o principal respons\u00e1vel pelas propriedades medicinais da planta.<\/span><\/p>\n<p>&nbsp;<\/p>\n<p>&nbsp;<\/p>\n<p><span style=\"color: #000000;font-size: 14pt;font-family: georgia, palatino, serif\"><b>Existe \u201cmaconha medicinal\u201d?<\/b><\/span><\/p>\n<p><span style=\"color: #000000;font-family: georgia, palatino, serif\">Como explicado anteriormente, n\u00e3o \u00e9 correto o termo \u201cmaconha medicinal\u201d, pois maconha \u00e9 o nome que se d\u00e1 \u00e0 droga il\u00edcita, que n\u00e3o possui propriedades terap\u00eauticas. Agora, da planta Cannabis, podem-se extrair mais de 100 canabinoides, alguns com propriedades medicinais, sendo o mais relevante o CBD ou canabidiol, citado acima.<\/span><\/p>\n<p><span style=\"color: #000000;font-family: georgia, palatino, serif\">Sabe-se que prepara\u00e7\u00f5es de Cannabis j\u00e1 eram utilizadas para fins medicinais na China de 2700 a.C. para dist\u00farbios da menstrua\u00e7\u00e3o, problemas nas articula\u00e7\u00f5es e outros.<\/span><\/p>\n<p><span style=\"color: #000000;font-family: georgia, palatino, serif\">Em 2015, a Anvisa (Ag\u00eancia Nacional de Vigil\u00e2ncia Sanit\u00e1ria) autorizou o uso controlado do CBD no Brasil e, em 2019, aprovou a venda de canabinoides em farm\u00e1cias nacionais. Como o plantio de Cannabis \u00e9 ilegal no pa\u00eds, esses produtos s\u00e3o importados.<\/span><\/p>\n<p><span style=\"color: #000000;font-family: georgia, palatino, serif\">Em 2018, os EUA aprovaram o uso de um medicamento oral \u00e0 base de CBD para o tratamento de formas raras de epilepsia refrat\u00e1ria (convuls\u00f5es graves que n\u00e3o respondem \u00e0 terap\u00eautica convencional). Nesses casos, o canabidiol parece funcionar adequadamente, especialmente em crian\u00e7as.<\/span><\/p>\n<p><img decoding=\"async\" class=\"wp-image-1075 alignright\" style=\"font-family: georgia, palatino, serif\" src=\"http:\/\/jandaiadosul.ufpr.br\/sas\/wp-content\/uploads\/sites\/12\/2023\/07\/maconha-3-freepik-300x200.jpg\" alt=\"\" width=\"216\" height=\"144\" srcset=\"https:\/\/jandaiadosul.ufpr.br\/alpem\/wp-content\/uploads\/sites\/12\/2023\/07\/maconha-3-freepik-300x200.jpg 300w, https:\/\/jandaiadosul.ufpr.br\/alpem\/wp-content\/uploads\/sites\/12\/2023\/07\/maconha-3-freepik-1024x683.jpg 1024w, https:\/\/jandaiadosul.ufpr.br\/alpem\/wp-content\/uploads\/sites\/12\/2023\/07\/maconha-3-freepik-768x513.jpg 768w, https:\/\/jandaiadosul.ufpr.br\/alpem\/wp-content\/uploads\/sites\/12\/2023\/07\/maconha-3-freepik-1536x1025.jpg 1536w, https:\/\/jandaiadosul.ufpr.br\/alpem\/wp-content\/uploads\/sites\/12\/2023\/07\/maconha-3-freepik-2048x1367.jpg 2048w, https:\/\/jandaiadosul.ufpr.br\/alpem\/wp-content\/uploads\/sites\/12\/2023\/07\/maconha-3-freepik-147x98.jpg 147w, https:\/\/jandaiadosul.ufpr.br\/alpem\/wp-content\/uploads\/sites\/12\/2023\/07\/maconha-3-freepik-75x50.jpg 75w\" sizes=\"(max-width: 216px) 100vw, 216px\" \/><\/p>\n<p><span style=\"color: #000000;font-family: georgia, palatino, serif\">O CBD vem sendo utilizado tamb\u00e9m para tratamento de n\u00e1useas e v\u00f4mitos, especialmente os provocados ap\u00f3s quimioterapia, em pacientes em tratamento para c\u00e2ncer.<\/span><\/p>\n<p><span style=\"color: #000000;font-family: georgia, palatino, serif\">Existem estudos sobre uso de CBD em v\u00e1rias outras doen\u00e7as, como Alzheimer, S\u00edndrome de Tourette, transtornos ansiosos e depressivos, mas muitos apresentam conclus\u00f5es antag\u00f4nicas ou foram feitos sem muito rigor cient\u00edfico, o que impossibilita conclus\u00e3o efetiva sobre a efic\u00e1cia do canabidiol para o tratamento dessas condi\u00e7\u00f5es.<\/span><\/p>\n<p>&nbsp;<\/p>\n<p>&nbsp;<\/p>\n<p><span style=\"color: #000000;font-size: 14pt;font-family: georgia, palatino, serif\"><b>Um pouco de dados\u2026<\/b><\/span><\/p>\n<p><span style=\"color: #000000;font-family: georgia, palatino, serif\">Segundo dados da ONU, em 2020, 284 milh\u00f5es de pessoas \u2013 entre 15 e 64 anos de idade \u2013 utilizaram drogas nos 12 meses anteriores. Isso corresponde a uma em cada 18 pessoas e a um aumento de 26% em rela\u00e7\u00e3o ao ano de 2010. Dentre essas drogas, a maconha reina soberana em primeiro lugar no ranking das mais consumidas. O n\u00famero de usu\u00e1rios dessa droga vem aumentando e atingiu 209 milh\u00f5es de pessoas, em 2020. Estima-se que 9% das pessoas que experimentam maconha se tornar\u00e3o dependentes em algum momento de suas vidas. <\/span><\/p>\n<p><span style=\"color: #000000;font-family: georgia, palatino, serif\">Como mostra a figura abaixo, os homens jovens s\u00e3o o maior p\u00fablico consumidor da maconha.<\/span><\/p>\n<p><span style=\"font-family: georgia, palatino, serif\"><img loading=\"lazy\" decoding=\"async\" class=\"wp-image-1077 aligncenter\" src=\"http:\/\/jandaiadosul.ufpr.br\/sas\/wp-content\/uploads\/sites\/12\/2023\/07\/maconha-onu.png\" alt=\"\" width=\"434\" height=\"418\" srcset=\"https:\/\/jandaiadosul.ufpr.br\/alpem\/wp-content\/uploads\/sites\/12\/2023\/07\/maconha-onu.png 698w, https:\/\/jandaiadosul.ufpr.br\/alpem\/wp-content\/uploads\/sites\/12\/2023\/07\/maconha-onu-300x289.png 300w, https:\/\/jandaiadosul.ufpr.br\/alpem\/wp-content\/uploads\/sites\/12\/2023\/07\/maconha-onu-102x98.png 102w, https:\/\/jandaiadosul.ufpr.br\/alpem\/wp-content\/uploads\/sites\/12\/2023\/07\/maconha-onu-59x57.png 59w\" sizes=\"(max-width: 434px) 100vw, 434px\" \/><\/span><\/p>\n<p><span style=\"color: #000000;font-family: georgia, palatino, serif\">Ainda segundo dados da ONU, na Am\u00e9rica do Sul, entre os usu\u00e1rios de maconha, 71% s\u00e3o homens e 29% s\u00e3o mulheres.<\/span><\/p>\n<p>&nbsp;<\/p>\n<p>&nbsp;<\/p>\n<p><span style=\"color: #000000;font-size: 14pt;font-family: georgia, palatino, serif\"><b>Por que as pessoas usam drogas?<\/b><\/span><\/p>\n<p><span style=\"color: #000000;font-family: georgia, palatino, serif\">O primeiro contato com drogas normalmente ocorre por curiosidade ou por press\u00e3o social. J\u00e1 o uso habitual de drogas se d\u00e1 por influ\u00eancia de diversos fatores: busca por divers\u00e3o e relaxamento, enfrentamento de problemas, adequar-se a situa\u00e7\u00f5es sociais, etc.<\/span><\/p>\n<p><span style=\"color: #000000;font-family: georgia, palatino, serif\">Existem condi\u00e7\u00f5es sociais e de sa\u00fade que, se presentes, tamb\u00e9m contribuem para o consumo de drogas. S\u00e3o elas: transtornos de ansiedade, depress\u00e3o, deficit de aten\u00e7\u00e3o e hiperatividade, transtorno de personalidade antissocial, abusos sofridos na inf\u00e2ncia, dentre outros.<\/span><\/p>\n<p><span style=\"color: #000000;font-family: georgia, palatino, serif\">No que se refere \u00e0 maconha, tem-se ainda o fato de ser facilmente encontrada (inclusive legalmente em alguns pa\u00edses) e de ser considerada por leigos como uma droga que n\u00e3o causa preju\u00edzos.<\/span><\/p>\n<p>&nbsp;<\/p>\n<p>&nbsp;<\/p>\n<p><span style=\"color: #000000;font-size: 14pt;font-family: georgia, palatino, serif\"><b>Efeitos da maconha no organismo <\/b><\/span><\/p>\n<p><span style=\"color: #000000;font-family: georgia, palatino, serif\">Os efeitos da \u201cviagem\u201d da maconha s\u00e3o vari\u00e1veis, a depender do indiv\u00edduo, da dose consumida, da quantidade de THC na amostra, dentre outros fatores. <\/span><\/p>\n<p><span style=\"color: #000000;font-family: georgia, palatino, serif\">Inicialmente tem-se uma sensa\u00e7\u00e3o de formigamento no corpo e na cabe\u00e7a e tontura, seguidos de altera\u00e7\u00e3o no humor (\u201crir \u00e0 toa\u201d) e sensa\u00e7\u00e3o de relaxamento. Pode haver sonol\u00eancia e sensa\u00e7\u00e3o de estar fora da realidade.<\/span><\/p>\n<p><span style=\"color: #000000;font-family: georgia, palatino, serif\">Ocorrem tamb\u00e9m efeitos fisiol\u00f3gicos como: vermelhid\u00e3o nos olhos, aumento do apetite (\u201clarica\u201d), sensa\u00e7\u00e3o de boca seca, aumento da press\u00e3o arterial e dos batimentos card\u00edacos (taquicardia). <\/span><\/p>\n<p><span style=\"color: #000000;font-family: georgia, palatino, serif\">Em termos de fun\u00e7\u00f5es cognitivas, ocorre preju\u00edzo na aten\u00e7\u00e3o, na mem\u00f3ria, no julgamento, aumento no tempo de rea\u00e7\u00e3o, altera\u00e7\u00e3o na percep\u00e7\u00e3o do espa\u00e7o e do tempo. Podem ocorrer alucina\u00e7\u00f5es quando do consumo de doses elevadas.<\/span><\/p>\n<p><span style=\"color: #000000;font-family: georgia, palatino, serif\">Alguns indiv\u00edduos apresentam a chamada \u201c<i>bad trip<\/i>\u201d, que inclui sensa\u00e7\u00f5es de ansiedade, p\u00e2nico, paranoia e psicose. Esse tipo de rea\u00e7\u00e3o \u00e9 mais comum em usu\u00e1rios iniciantes e nos que j\u00e1 eram previamente ansiosos.<\/span><\/p>\n<p><span style=\"color: #000000;font-family: georgia, palatino, serif\">Os efeitos da maconha s\u00e3o piores quanto mais precoce for a idade de uso, mais prolongado for o tempo de uso e maior for a dose de THC nas amostras consumidas.<\/span><\/p>\n<p><span style=\"color: #000000;font-family: georgia, palatino, serif\">O in\u00edcio precoce de uso da droga (inf\u00e2ncia e adolesc\u00eancia) tem capacidade de alterar o desenvolvimento cerebral, promovendo altera\u00e7\u00f5es na cogni\u00e7\u00e3o, na intelig\u00eancia, na mem\u00f3ria e nas emo\u00e7\u00f5es. <\/span><\/p>\n<p><span style=\"color: #000000;font-family: georgia, palatino, serif\">A maconha afeta o sono; o indiv\u00edduo dorme mas fica com a sensa\u00e7\u00e3o de que n\u00e3o descansou. Isso, obviamente, provoca preju\u00edzos na aten\u00e7\u00e3o, na mem\u00f3ria, no desempenho laboral ou acad\u00eamico e tamb\u00e9m altera\u00e7\u00f5es de humor.<\/span><\/p>\n<p><span style=\"color: #000000;font-family: georgia, palatino, serif\">Em termos de sa\u00fade mental, a maconha pode desencadear quadros de psicose e esquizofrenia, especialmente em adolescentes e em indiv\u00edduos com predisposi\u00e7\u00e3o gen\u00e9tica. A droga tamb\u00e9m \u00e9 associada a maiores taxas de suic\u00eddio, especialmente em adolescentes e adultos jovens.<\/span><\/p>\n<p><span style=\"color: #000000;font-family: georgia, palatino, serif\">Outro efeito \u00e9 a s\u00edndrome amotivacional, que representa um estado de indiferen\u00e7a, apatia, baixa concentra\u00e7\u00e3o, dificuldade em seguir rotinas, des\u00e2nimo de honrar com os compromissos, baixa ambi\u00e7\u00e3o para novos objetivos de vida. Com o tempo, a s\u00edndrome passa a afetar tamb\u00e9m a autoestima do paciente.<\/span><\/p>\n<p><span style=\"color: #000000;font-family: georgia, palatino, serif\">Um estudo com mais de 20 mil adolescentes evidenciou que os usu\u00e1rios de maconha t\u00eam risco 37% maior de desenvolver depress\u00e3o, risco 50% maior de apresentar idea\u00e7\u00e3o suicida e risco 3x maior de tentar o suic\u00eddio.<\/span><\/p>\n<p><span style=\"color: #000000;font-family: georgia, palatino, serif\">O \u201cbarato\u201d da maconha, ou seja, a sensa\u00e7\u00e3o de relaxamento, alegria e despreocupa\u00e7\u00e3o \u00e9 um dos principais motivos pelos quais as pessoas usam a droga, por\u00e9m, o que muitos n\u00e3o sabem, \u00e9 que o uso continuado pode causar toler\u00e2ncia, isto \u00e9, doses cada vez maiores s\u00e3o necess\u00e1rias para produzir o mesmo efeito. E assim, obviamente, quanto mais o indiv\u00edduo usa a droga, maiores as chances de desenvolver depend\u00eancia.<\/span><\/p>\n<p><span style=\"color: #000000;font-family: georgia, palatino, serif\">Sabe-se que a maconha facilita o desenvolvimento de doen\u00e7as cardiovasculares e respirat\u00f3rias, como asma, DPOC (doen\u00e7a pulmonar obstrutiva cr\u00f4nica) e pneumonia. Um estudo com quase 50 mil pessoas na Su\u00e9cia descobriu que usu\u00e1rios pesados de maconha apresentam duas vezes mais chance de desenvolver c\u00e2ncer de pulm\u00e3o.<\/span><\/p>\n<p><span style=\"color: #000000;font-family: georgia, palatino, serif\">A maconha pode causar queimaduras e irrita\u00e7\u00e3o na boca e na garganta, pode promover sintomas como tosse, catarro, dor no peito. <\/span><\/p>\n<p><span style=\"color: #000000;font-family: georgia, palatino, serif\">Existem na maconha subst\u00e2ncias carcinog\u00eanicas (causadoras de c\u00e2ncer) em grande n\u00famero (50 a 70% mais do que o cigarro).<\/span><\/p>\n<p>&nbsp;<\/p>\n<p>&nbsp;<\/p>\n<p><span style=\"color: #000000;font-size: 14pt;font-family: georgia, palatino, serif\"><b>Quem tem mais chance de se tornar dependente de maconha?<\/b><\/span><\/p>\n<p><span style=\"color: #000000;font-family: georgia, palatino, serif\">Estudos evidenciam que: ser jovem, do sexo masculino, iniciar uso de maconha em idade precoce, utilizar outras drogas e apresentar transtornos psiqui\u00e1tricos s\u00e3o fatores que aumentam o risco de depend\u00eancia da maconha.<\/span><\/p>\n<p>&nbsp;<\/p>\n<p>&nbsp;<\/p>\n<p><span style=\"color: #000000;font-size: 14pt;font-family: georgia, palatino, serif\"><b>Legaliza\u00e7\u00e3o?<\/b><\/span><\/p>\n<p><span style=\"color: #000000;font-family: georgia, palatino, serif\">Discuss\u00f5es sobre legaliza\u00e7\u00e3o do uso recreativo da maconha acontecem h\u00e1 anos e a n\u00edvel mundial. Muitos s\u00e3o os argumentos contra e muitos s\u00e3o os a favor.<\/span><\/p>\n<p><span style=\"color: #000000;font-family: georgia, palatino, serif\">Caso seja legalizada, algumas quest\u00f5es t\u00eam de ser endere\u00e7adas, tais como: permitir o uso somente para maiores de idade; implementar pol\u00edticas de regulariza\u00e7\u00e3o da venda, de controle de qualidade do produto, de preven\u00e7\u00e3o de contaminantes. <\/span><\/p>\n<p><span style=\"color: #000000;font-family: georgia, palatino, serif\">Segundo o relat\u00f3rio da ONU supracitado, o uso da maconha e a frequ\u00eancia do uso tem aumentado nos pa\u00edses e estados que legalizaram seu uso n\u00e3o medicinal. \u00c9 o caso de Canad\u00e1, Uruguai e EUA. Percebeu-se tamb\u00e9m, entre os usu\u00e1rios regulares de maconha, um aumento nos dist\u00farbios psiqui\u00e1tricos e no suic\u00eddio. As taxas de suic\u00eddio em popula\u00e7\u00e3o jovem nos EUA aumentaram nos \u00faltimos anos e s\u00e3o mais altas nos estados em que ocorreu a legaliza\u00e7\u00e3o da maconha.<\/span><\/p>\n<p><span style=\"color: #000000;font-family: georgia, palatino, serif\">A experi\u00eancia nos pa\u00edses mencionados mostrou que o mercado ilegal da droga continuou a existir mesmo ap\u00f3s a legaliza\u00e7\u00e3o. Um dos motivos para o usu\u00e1rio comprar no mercado ilegal \u00e9 o pre\u00e7o mais barato, pois n\u00e3o h\u00e1 impostos embutidos no valor final do produto.<\/span><\/p>\n<p>&nbsp;<\/p>\n<p>&nbsp;<\/p>\n<p><span style=\"color: #000000;font-size: 14pt;font-family: georgia, palatino, serif\"><b>Maconha sint\u00e9tica<\/b><\/span><\/p>\n<p><span style=\"color: #000000;font-family: georgia, palatino, serif\">Recentemente a maconha sint\u00e9tica (apelidada de \u201cK2\u201d, \u201cK9\u201d ou <i>spice<\/i><i>)<\/i> encontrou espa\u00e7o nos notici\u00e1rios brasileiros. Os canabinoides sint\u00e9ticos j\u00e1 existem h\u00e1 muitos anos dentro dos laborat\u00f3rios de estudo cient\u00edfico, por\u00e9m ultimamente v\u00eam toma<\/span><span style=\"color: #000000;font-family: georgia, palatino, serif\">ndo espa\u00e7o tamb\u00e9m no mercado ilegal de drogas e se disseminando pelo mundo.<\/span><\/p>\n<p><img loading=\"lazy\" decoding=\"async\" class=\"wp-image-1078 aligncenter\" style=\"font-family: georgia, palatino, serif\" src=\"http:\/\/jandaiadosul.ufpr.br\/sas\/wp-content\/uploads\/sites\/12\/2023\/07\/maconha-sintetica-300x225.jpg\" alt=\"\" width=\"209\" height=\"157\" srcset=\"https:\/\/jandaiadosul.ufpr.br\/alpem\/wp-content\/uploads\/sites\/12\/2023\/07\/maconha-sintetica-300x225.jpg 300w, https:\/\/jandaiadosul.ufpr.br\/alpem\/wp-content\/uploads\/sites\/12\/2023\/07\/maconha-sintetica-768x576.jpg 768w, https:\/\/jandaiadosul.ufpr.br\/alpem\/wp-content\/uploads\/sites\/12\/2023\/07\/maconha-sintetica-131x98.jpg 131w, https:\/\/jandaiadosul.ufpr.br\/alpem\/wp-content\/uploads\/sites\/12\/2023\/07\/maconha-sintetica-75x57.jpg 75w, https:\/\/jandaiadosul.ufpr.br\/alpem\/wp-content\/uploads\/sites\/12\/2023\/07\/maconha-sintetica-600x450.jpg 600w, https:\/\/jandaiadosul.ufpr.br\/alpem\/wp-content\/uploads\/sites\/12\/2023\/07\/maconha-sintetica.jpg 1024w\" sizes=\"(max-width: 209px) 100vw, 209px\" \/><\/p>\n<p><span style=\"color: #000000;font-family: georgia, palatino, serif\">Com a promessa de um \u201cbarato\u201d mais intenso e pre\u00e7o mais acess\u00edvel, a maconha sint\u00e9tica tem atra\u00eddo principalmente os jovens. Entretanto, sua toxicidade \u00e9 maior do que a da maconha convencional, podendo o indiv\u00edduo apresentar efeitos graves como psicoses, alucina\u00e7\u00f5es, comportamentos violentos, depress\u00e3o respirat\u00f3ria, hipertermia, convuls\u00f5es, problemas renais, isquemia cerebral e at\u00e9 parada card\u00edaca. Al\u00e9m, \u00e9 claro, do risco de depend\u00eancia.<\/span><\/p>\n<p>&nbsp;<\/p>\n<p>&nbsp;<\/p>\n<p><span style=\"color: #000000;font-size: 10pt;font-family: georgia, palatino, serif\"><b>Autoria<\/b>: Tayn\u00e1<\/span><\/p>\n<p><span style=\"color: #000000;font-size: 10pt;font-family: georgia, palatino, serif\">Maio\/2023<\/span><\/p>\n<p><span style=\"color: #000000;font-size: 10pt;font-family: georgia, palatino, serif\"><b>Imagens dispon\u00edveis em:<\/b><\/span><\/p>\n<p><span style=\"color: #0000ff;font-size: 8pt;font-family: georgia, palatino, serif\"><a style=\"color: #0000ff\" href=\"https:\/\/br.freepik.com\/fotos-gratis\/closeup-de-folha-de-maconha-cannabis_5218112.htm#query=maconha&amp;position=3&amp;from_view=search&amp;track=sph\" target=\"_blank\" rel=\"noopener\"><u>https:\/\/br.freepik.com\/fotos-gratis\/closeup-de-folha-de-maconha-cannabis_5218112.htm#query=maconha&amp;position=3&amp;from_view=search&amp;track=sph<\/u><\/a> <\/span><\/p>\n<p><span style=\"color: #0000ff;font-size: 8pt;font-family: georgia, palatino, serif\"><a style=\"color: #0000ff\" href=\"https:\/\/www.infoescola.com\/drogas\/maconha\/\" target=\"_blank\" rel=\"noopener\"><u>https:\/\/www.infoescola.com\/drogas\/maconha\/<\/u><\/a> <\/span><\/p>\n<p><span style=\"color: #0000ff;font-size: 8pt;font-family: georgia, palatino, serif\"><a style=\"color: #0000ff\" href=\"https:\/\/br.freepik.com\/fotos-gratis\/variedade-de-garrafas-de-oleo-de-cannabis_14493699.htm#page=2&amp;query=maconha&amp;position=16&amp;from_view=search&amp;track=sph\" target=\"_blank\" rel=\"noopener\"><u>https:\/\/br.freepik.com\/fotos-gratis\/variedade-de-garrafas-de-oleo-de-cannabis_14493699.htm#page=2&amp;query=maconha&amp;position=16&amp;from_view=search&amp;track=sph<\/u><\/a> <\/span><\/p>\n<p><span style=\"color: #0000ff;font-size: 8pt;font-family: georgia, palatino, serif\"><a style=\"color: #0000ff\" href=\"https:\/\/www.ipa-brasil.org\/-\/k2-spice-a-droga-sintetica\">https:\/\/www.ipa-brasil.org\/-\/k2-spice-a-droga-sintetica<\/a> <\/span><\/p>\n<p><span style=\"color: #000000;font-size: 10pt;font-family: georgia, palatino, serif\"><b>Refer\u00eancias:<\/b><\/span><\/p>\n<p><span style=\"color: #000000;font-size: 10pt;font-family: georgia, palatino, serif\">Cl\u00ednica M\u00e9dica \u2013 USP, 2ed, 2016<\/span><\/p>\n<p><span style=\"color: #000000;font-size: 10pt;font-family: georgia, palatino, serif\">Maconha: preven\u00e7\u00e3o, tratamento e pol\u00edticas p\u00fablicas, 2021<\/span><\/p>\n<p><span style=\"color: #000000;font-size: 10pt;font-family: georgia, palatino, serif\">Cl\u00ednica Psiqui\u00e1trica \u2013 USP, 2ed, 2021<\/span><\/p>\n<p><span style=\"color: #0000ff;font-size: 8pt;font-family: georgia, palatino, serif\"><a style=\"color: #0000ff\" href=\"https:\/\/www.unodc.org\/unodc\/data-and-analysis\/world-drug-report-2022.html\">https:\/\/www.unodc.org\/unodc\/data-and-analysis\/world-drug-report-2022.html<\/a> <\/span><\/p>\n","protected":false},"excerpt":{"rendered":"<p>Qual a diferen\u00e7a entre maconha, Cannabis, canabinoide e canabidiol? Cannabis \u00e9 o nome de uma planta que possui 3 subesp\u00e9cies: Cannabis sativa, Cannabis indica e [&hellip;]<\/p>\n","protected":false},"author":3631,"featured_media":0,"parent":0,"menu_order":0,"comment_status":"closed","ping_status":"closed","template":"","meta":{"_acf_changed":false,"footnotes":""},"class_list":["post-1072","page","type-page","status-publish","hentry"],"acf":[],"_links":{"self":[{"href":"https:\/\/jandaiadosul.ufpr.br\/alpem\/wp-json\/wp\/v2\/pages\/1072","targetHints":{"allow":["GET"]}}],"collection":[{"href":"https:\/\/jandaiadosul.ufpr.br\/alpem\/wp-json\/wp\/v2\/pages"}],"about":[{"href":"https:\/\/jandaiadosul.ufpr.br\/alpem\/wp-json\/wp\/v2\/types\/page"}],"author":[{"embeddable":true,"href":"https:\/\/jandaiadosul.ufpr.br\/alpem\/wp-json\/wp\/v2\/users\/3631"}],"replies":[{"embeddable":true,"href":"https:\/\/jandaiadosul.ufpr.br\/alpem\/wp-json\/wp\/v2\/comments?post=1072"}],"version-history":[{"count":9,"href":"https:\/\/jandaiadosul.ufpr.br\/alpem\/wp-json\/wp\/v2\/pages\/1072\/revisions"}],"predecessor-version":[{"id":1087,"href":"https:\/\/jandaiadosul.ufpr.br\/alpem\/wp-json\/wp\/v2\/pages\/1072\/revisions\/1087"}],"wp:attachment":[{"href":"https:\/\/jandaiadosul.ufpr.br\/alpem\/wp-json\/wp\/v2\/media?parent=1072"}],"curies":[{"name":"wp","href":"https:\/\/api.w.org\/{rel}","templated":true}]}}