{"id":1038,"date":"2023-06-20T11:24:58","date_gmt":"2023-06-20T14:24:58","guid":{"rendered":"https:\/\/jandaiadosul.ufpr.br\/sas\/?page_id=1038"},"modified":"2023-06-20T11:27:09","modified_gmt":"2023-06-20T14:27:09","slug":"conheca-a-medula-espinhal","status":"publish","type":"page","link":"https:\/\/jandaiadosul.ufpr.br\/alpem\/conheca-a-medula-espinhal\/","title":{"rendered":"Conhe\u00e7a a medula espinhal"},"content":{"rendered":"<p>&nbsp;<\/p>\n<p><span style=\"color: #000000\">A palavra medula significa \u201cmiolo\u201d, \u201caquilo que est\u00e1 dentro\u201d. A <b>medula espinhal <\/b>\u00e9 uma massa de tecido nervoso que se encontra dentro da coluna vertebral e faz parte do chamado sistema nervoso central (SNC). Ela tem formato mais ou menos cil\u00edndrico, sendo que a regi\u00e3o mais interna \u2013 chamada de subst\u00e2ncia cinzenta \u2013 parece a letra H. <\/span><\/p>\n<p>&nbsp;<\/p>\n<p><img fetchpriority=\"high\" decoding=\"async\" class=\"wp-image-1039 aligncenter\" src=\"http:\/\/jandaiadosul.ufpr.br\/sas\/wp-content\/uploads\/sites\/12\/2023\/06\/medula-espinhal-2.webp\" alt=\"\" width=\"386\" height=\"248\" srcset=\"https:\/\/jandaiadosul.ufpr.br\/alpem\/wp-content\/uploads\/sites\/12\/2023\/06\/medula-espinhal-2.webp 700w, https:\/\/jandaiadosul.ufpr.br\/alpem\/wp-content\/uploads\/sites\/12\/2023\/06\/medula-espinhal-2-300x193.webp 300w, https:\/\/jandaiadosul.ufpr.br\/alpem\/wp-content\/uploads\/sites\/12\/2023\/06\/medula-espinhal-2-152x98.webp 152w, https:\/\/jandaiadosul.ufpr.br\/alpem\/wp-content\/uploads\/sites\/12\/2023\/06\/medula-espinhal-2-75x48.webp 75w\" sizes=\"(max-width: 386px) 100vw, 386px\" \/><\/p>\n<p>&nbsp;<\/p>\n<p><span style=\"color: #000000\">A medula \u00e9 revestida por membranas fibrosas chamadas <b>meninges<\/b>. De fora para dentro, temos a dura-m\u00e1ter, a aracnoide e a pia-m\u00e1ter. No espa\u00e7o entre a aracnoide e a pia-m\u00e1ter, temos o famoso l\u00edquido cefalorraquidiano ou <b>l\u00edquor<\/b>. <\/span><\/p>\n<p><span style=\"color: #000000\">Existem anestesias que s\u00e3o introduzidas nos espa\u00e7os entre as meninges para a realiza\u00e7\u00e3o de cirurgias em pernas, abdome e pelve. Voc\u00ea j\u00e1 deve ter ouvido falar das <b>anestesias<\/b> raquidiana (\u201craqui\u201d) e peridural, n\u00e3o?<\/span><\/p>\n<p>&nbsp;<\/p>\n<p><img decoding=\"async\" class=\"wp-image-1040 aligncenter\" src=\"http:\/\/jandaiadosul.ufpr.br\/sas\/wp-content\/uploads\/sites\/12\/2023\/06\/coluna-3.png\" alt=\"\" width=\"186\" height=\"261\" srcset=\"https:\/\/jandaiadosul.ufpr.br\/alpem\/wp-content\/uploads\/sites\/12\/2023\/06\/coluna-3.png 346w, https:\/\/jandaiadosul.ufpr.br\/alpem\/wp-content\/uploads\/sites\/12\/2023\/06\/coluna-3-214x300.png 214w, https:\/\/jandaiadosul.ufpr.br\/alpem\/wp-content\/uploads\/sites\/12\/2023\/06\/coluna-3-70x98.png 70w, https:\/\/jandaiadosul.ufpr.br\/alpem\/wp-content\/uploads\/sites\/12\/2023\/06\/coluna-3-41x57.png 41w\" sizes=\"(max-width: 186px) 100vw, 186px\" \/><\/p>\n<p>&nbsp;<\/p>\n<p>&nbsp;<\/p>\n<p><span style=\"color: #000000;font-size: 14pt\"><b>Para que serve a medula espinhal?<\/b><\/span><\/p>\n<p><span style=\"color: #000000\">Fazendo uma analogia, pense na medula espinhal como um \u201cterminal central\u201d para os nervos do corpo, que s\u00e3o os \u201c\u00f4nibus\u201d. Os nervos s\u00e3o cord\u00f5es de c\u00e9lulas que carregam est\u00edmulos nervosos que, em \u00faltima inst\u00e2ncia, nos fazem<b> <\/b><b>e<\/b><b>xecutar movimentos, <\/b><b>sentir calor, <\/b><b>frio, <\/b><b>dor, press\u00e3o <\/b><b>e<\/b><b> <\/b><b>tato<\/b>. Os nervos chegam da periferia do corpo ao \u201cterminal\u201d da medula espinhal e posteriormente partem para o c\u00e9rebro. O caminho oposto tamb\u00e9m \u00e9 v\u00e1lido: c\u00e9rebro \u2192 medula \u2192 nervos perif\u00e9ricos.<\/span><\/p>\n<p><span style=\"color: #000000\">Os nervos que saem da medula s\u00e3o tamb\u00e9m respons\u00e1veis por a\u00e7\u00f5es como manuten\u00e7\u00e3o do t\u00f4nus muscular, da for\u00e7a muscular, dos reflexos e da motricidade. Muitas vezes \u00e9 mais f\u00e1cil entender a fun\u00e7\u00e3o do sistema nervoso a partir de les\u00f5es no mesmo. Por exemplo, a <b>par<\/b><b>aplegia<\/b> refere-se a um quadro em que o indiv\u00edduo n\u00e3o consegue movimentar os membros inferiores e isso se deve a uma les\u00e3o medular. Inclusive \u00e9 de f\u00e1cil observa\u00e7\u00e3o a atrofia muscular que ocorre nos membros de um parapl\u00e9gico: sem inerva\u00e7\u00e3o, a musculatura n\u00e3o s\u00f3 n\u00e3o consegue executar sua fun\u00e7\u00e3o, como tamb\u00e9m atrofia.<\/span><\/p>\n<p>&nbsp;<\/p>\n<p>&nbsp;<\/p>\n<p><span style=\"color: #000000;font-size: 14pt\"><b>Sistema nervoso central (SNC) e Sistema nervoso perif\u00e9rico (SNP)<\/b><\/span><\/p>\n<p><span style=\"color: #000000\">O sistema nervoso, por motivos did\u00e1ticos, \u00e9 dividido em central e perif\u00e9rico. A medula espinhal e o enc\u00e9falo fazem parte do SNC. Os nervos que ligam a medula \u00e0 \u201cperiferia\u201d do corpo fazem parte do sistema nervoso perif\u00e9rico.<\/span><\/p>\n<p>&nbsp;<\/p>\n<p><img decoding=\"async\" class=\"wp-image-1041 aligncenter\" src=\"http:\/\/jandaiadosul.ufpr.br\/sas\/wp-content\/uploads\/sites\/12\/2023\/06\/medula-espinhal-4.jpg\" alt=\"\" width=\"238\" height=\"248\" srcset=\"https:\/\/jandaiadosul.ufpr.br\/alpem\/wp-content\/uploads\/sites\/12\/2023\/06\/medula-espinhal-4.jpg 684w, https:\/\/jandaiadosul.ufpr.br\/alpem\/wp-content\/uploads\/sites\/12\/2023\/06\/medula-espinhal-4-288x300.jpg 288w, https:\/\/jandaiadosul.ufpr.br\/alpem\/wp-content\/uploads\/sites\/12\/2023\/06\/medula-espinhal-4-94x98.jpg 94w, https:\/\/jandaiadosul.ufpr.br\/alpem\/wp-content\/uploads\/sites\/12\/2023\/06\/medula-espinhal-4-55x57.jpg 55w\" sizes=\"(max-width: 238px) 100vw, 238px\" \/><\/p>\n<p>&nbsp;<\/p>\n<p>&nbsp;<\/p>\n<p><span style=\"color: #000000;font-size: 14pt\"><b>Curiosidades\u2026<\/b><\/span><\/p>\n<p><span style=\"color: #000000\">O calor percebido pelos nervos causa sensa\u00e7\u00e3o de dor a parti<\/span><span style=\"color: #000000\">r de <\/span><span style=\"color: #202122\"><span style=\"font-family: Liberation Serif, serif\"><span style=\"font-size: medium\">\u00b1<\/span><\/span><\/span> <span style=\"color: #000000\"> 43<\/span><span style=\"color: #000000\"><sup>o<\/sup><\/span> <span style=\"color: #000000\">C<\/span><span style=\"color: #000000\">. <\/span><\/p>\n<p><span style=\"color: #000000\">A velocidade de condu\u00e7\u00e3o dos impulsos nervosos varia de 1 a 120 <\/span><span style=\"color: #000000\">m\/s<\/span><span style=\"color: #000000\"> (3,6 a 432 km\/h), a depender do calibre do nervo.<\/span><\/p>\n<p>&nbsp;<\/p>\n<p><img loading=\"lazy\" decoding=\"async\" class=\"wp-image-1042 alignleft\" src=\"http:\/\/jandaiadosul.ufpr.br\/sas\/wp-content\/uploads\/sites\/12\/2023\/06\/coluna-2.jpg\" alt=\"\" width=\"274\" height=\"195\" srcset=\"https:\/\/jandaiadosul.ufpr.br\/alpem\/wp-content\/uploads\/sites\/12\/2023\/06\/coluna-2.jpg 974w, https:\/\/jandaiadosul.ufpr.br\/alpem\/wp-content\/uploads\/sites\/12\/2023\/06\/coluna-2-300x214.jpg 300w, https:\/\/jandaiadosul.ufpr.br\/alpem\/wp-content\/uploads\/sites\/12\/2023\/06\/coluna-2-768x547.jpg 768w, https:\/\/jandaiadosul.ufpr.br\/alpem\/wp-content\/uploads\/sites\/12\/2023\/06\/coluna-2-138x98.jpg 138w, https:\/\/jandaiadosul.ufpr.br\/alpem\/wp-content\/uploads\/sites\/12\/2023\/06\/coluna-2-75x53.jpg 75w\" sizes=\"(max-width: 274px) 100vw, 274px\" \/><span style=\"color: #000000\">H<\/span><span style=\"color: #000000\">\u00e9rnia de disco \u00e9 uma altera\u00e7\u00e3o que ocorre nos discos da coluna, que saem do lugar e acabam comprimindo a medula, causando dor e sensa\u00e7\u00e3o de formigamento. <\/span><span style=\"color: #000000\">A famosa dor do nervo ci\u00e1tico deve-se a isso.<\/span><\/p>\n<p><span style=\"color: #000000;font-size: 8pt\">Nessa figura \u00e9 poss\u00edvel ver o disco (azul) sair do lugar e comprimir a medula (amarelo).<\/span><\/p>\n<p>&nbsp;<\/p>\n<p>&nbsp;<\/p>\n<p>&nbsp;<\/p>\n<p><span style=\"color: #000000\">A <\/span><span style=\"color: #000000\"><b>coluna vertebral<\/b><\/span><span style=\"color: #000000\"> serve como uma prote\u00e7\u00e3o \u00f3ssea \u00e0 medula, que \u00e9 um tecido fr\u00e1gil e delicado. <\/span><span style=\"color: #000000\">O l\u00edquor tamb\u00e9m tem como uma de suas fun\u00e7\u00f5es a prote\u00e7\u00e3o da medula.<\/span><\/p>\n<p><span style=\"color: #000000\">C<\/span><span style=\"color: #000000\">omo a medula espinhal \u00e9 bem protegida, acidentes que causam les\u00e3o em sua estrutura geralmente s\u00e3o acidentes graves, como os automobil\u00edsticos, as quedas de grandes alturas e as viol\u00eancias com arma de fogo, por exemplo.<\/span><\/p>\n<p>&nbsp;<\/p>\n<p><span style=\"color: #000000;font-size: 10pt\"><b>Autoria<\/b>: Tayn\u00e1<\/span><\/p>\n<p><span style=\"color: #000000;font-size: 10pt\"><b>Julho\/2022<\/b><\/span><\/p>\n<p><span style=\"color: #000000;font-size: 10pt\"><b>Refer\u00eancias<\/b>:<\/span><\/p>\n<p><span style=\"color: #000000;font-size: 8pt\">Neuroanatomia funcional, 2 ed.<\/span><\/p>\n<p><span style=\"color: #000000;font-size: 8pt\">Neuroci\u00eancias Ilustrada, 2013.<\/span><\/p>\n<p><span style=\"color: #000000;font-size: 8pt\">Guia de Neurologia Unifesp, 2011.<\/span><\/p>\n<p><span style=\"color: #000000;font-size: 10pt\"><b>Imagens dispon\u00edveis em<\/b>:<\/span><\/p>\n<p><span style=\"font-size: 8pt\">&lt;https:\/\/mundoeducacao.uol.com.br\/biologia\/medula-espinhal.htm&gt;<\/span><\/p>\n<p><span style=\"font-size: 8pt\">&lt;http:\/\/auxiliardasaude.blogspot.com\/2017\/07\/55-tipos-de-anestesia.html&gt;<\/span><\/p>\n<p><span style=\"font-size: 8pt\">&lt;https:\/\/www.educamaisbrasil.com.br\/enem\/biologia\/sistema-nervoso-periferico&gt;<\/span><\/p>\n","protected":false},"excerpt":{"rendered":"<p>&nbsp; A palavra medula significa \u201cmiolo\u201d, \u201caquilo que est\u00e1 dentro\u201d. A medula espinhal \u00e9 uma massa de tecido nervoso que se encontra dentro da coluna [&hellip;]<\/p>\n","protected":false},"author":3631,"featured_media":0,"parent":0,"menu_order":0,"comment_status":"closed","ping_status":"closed","template":"","meta":{"_acf_changed":false,"footnotes":""},"class_list":["post-1038","page","type-page","status-publish","hentry"],"acf":[],"_links":{"self":[{"href":"https:\/\/jandaiadosul.ufpr.br\/alpem\/wp-json\/wp\/v2\/pages\/1038","targetHints":{"allow":["GET"]}}],"collection":[{"href":"https:\/\/jandaiadosul.ufpr.br\/alpem\/wp-json\/wp\/v2\/pages"}],"about":[{"href":"https:\/\/jandaiadosul.ufpr.br\/alpem\/wp-json\/wp\/v2\/types\/page"}],"author":[{"embeddable":true,"href":"https:\/\/jandaiadosul.ufpr.br\/alpem\/wp-json\/wp\/v2\/users\/3631"}],"replies":[{"embeddable":true,"href":"https:\/\/jandaiadosul.ufpr.br\/alpem\/wp-json\/wp\/v2\/comments?post=1038"}],"version-history":[{"count":12,"href":"https:\/\/jandaiadosul.ufpr.br\/alpem\/wp-json\/wp\/v2\/pages\/1038\/revisions"}],"predecessor-version":[{"id":1055,"href":"https:\/\/jandaiadosul.ufpr.br\/alpem\/wp-json\/wp\/v2\/pages\/1038\/revisions\/1055"}],"wp:attachment":[{"href":"https:\/\/jandaiadosul.ufpr.br\/alpem\/wp-json\/wp\/v2\/media?parent=1038"}],"curies":[{"name":"wp","href":"https:\/\/api.w.org\/{rel}","templated":true}]}}