{"id":14,"date":"2022-09-28T17:56:46","date_gmt":"2022-09-28T20:56:46","guid":{"rendered":"https:\/\/jandaiadosul.ufpr.br\/agendamentos\/?page_id=14"},"modified":"2026-04-16T11:56:28","modified_gmt":"2026-04-16T14:56:28","slug":"laboratorios-de-informatica","status":"publish","type":"page","link":"https:\/\/jandaiadosul.ufpr.br\/agendamentos\/laboratorios-de-informatica\/","title":{"rendered":"Laborat\u00f3rios de Inform\u00e1tica"},"content":{"rendered":"<div style=\"text-align:center; background:#fff3cd; padding:12px; border-radius:8px; font-weight:bold; margin-bottom:20px;\">\n\u26a0\ufe0f AS RESERVAS DEVEM SER FEITAS COM NO M\u00cdNIMO DE 12 HORAS DE ANTECED\u00caNCIA\n<\/div>\n<div style=\"display:flex; flex-wrap:wrap; gap:20px; justify-content:center; font-family:Arial, sans-serif;\">\n<p><!-- CARD --><\/p>\n<div style=\"background:#fff; border-radius:12px; box-shadow:0 4px 12px rgba(0,0,0,0.08); padding:20px; width:320px; text-align:center;\">\n<div style=\"font-size:20px; font-weight:bold;\">Laborat\u00f3rio de Inform\u00e1tica 01<\/div>\n<div style=\"color:#666; margin-bottom:10px;\">(Sala C103)<\/div>\n<div style=\"font-size:14px; margin-bottom:15px;\">\n    1 computador (professor) e 14 computadores (alunos)\n  <\/div>\n<div>\n    <a href=\"https:\/\/jandaiadosul.ufpr.br\/sistemas\/agenda_ufpr\/public-agenda\/66d74a45ffd8bda77d14714eb166e500\" target=\"_blank\"\n       style=\"display:inline-block; margin:5px; padding:10px 15px; background:#0073aa; color:#fff; text-decoration:none; border-radius:6px; font-weight:bold;\"><br \/>\n       Consultar Agenda<br \/>\n    <\/a><\/p>\n<p>    <a href=\"https:\/\/jandaiadosul.ufpr.br\/sistemas\/agenda_ufpr\/compromissos\/external-form?agenda_id=76\" target=\"_blank\"\n       style=\"display:inline-block; margin:5px; padding:10px 15px; background:#28a745; color:#fff; text-decoration:none; border-radius:6px; font-weight:bold;\"><br \/>\n       Agendar<br \/>\n    <\/a>\n  <\/div>\n<p>  <img decoding=\"async\" src=\"http:\/\/jandaiadosul.ufpr.br\/agendamentos\/wp-content\/uploads\/sites\/29\/2025\/07\/design-sem-nome-24.png\" style=\"width:100%; max-width:280px; border-radius:8px; margin-top:10px;\"><br \/>\n  <img decoding=\"async\" src=\"http:\/\/jandaiadosul.ufpr.br\/agendamentos\/wp-content\/uploads\/sites\/29\/2025\/07\/design-sem-nome-23.png\" style=\"width:100%; max-width:280px; border-radius:8px; margin-top:10px;\">\n<\/div>\n<p><!-- CARD --><\/p>\n<div style=\"background:#fff; border-radius:12px; box-shadow:0 4px 12px rgba(0,0,0,0.08); padding:20px; width:320px; text-align:center;\">\n<div style=\"font-size:20px; font-weight:bold;\">Lab. Pr\u00e1ticas Hands-On<\/div>\n<div style=\"color:#666; margin-bottom:10px;\">(Sala B307)<\/div>\n<div style=\"font-size:14px; margin-bottom:15px;\">\n    1 computador (professor) e 38 computadores (alunos)\n  <\/div>\n<div>\n    <a href=\"https:\/\/jandaiadosul.ufpr.br\/sistemas\/agenda_ufpr\/public-agenda\/d3c16d3c25ba21e0fae0f5f619c0ef8f\" target=\"_blank\"\n       style=\"display:inline-block; margin:5px; padding:10px 15px; background:#0073aa; color:#fff; text-decoration:none; border-radius:6px; font-weight:bold;\"><br \/>\n       Consultar Agenda<br \/>\n    <\/a><\/p>\n<p>    <a href=\"https:\/\/jandaiadosul.ufpr.br\/sistemas\/agenda_ufpr\/compromissos\/external-form?agenda_id=79\" target=\"_blank\"\n       style=\"display:inline-block; margin:5px; padding:10px 15px; background:#28a745; color:#fff; text-decoration:none; border-radius:6px; font-weight:bold;\"><br \/>\n       Agendar<br \/>\n    <\/a>\n  <\/div>\n<p>  <img decoding=\"async\" src=\"http:\/\/jandaiadosul.ufpr.br\/agendamentos\/wp-content\/uploads\/sites\/29\/2025\/07\/labhands2.png\" style=\"width:100%; max-width:280px; border-radius:8px; margin-top:10px;\"><br \/>\n  <img decoding=\"async\" src=\"http:\/\/jandaiadosul.ufpr.br\/agendamentos\/wp-content\/uploads\/sites\/29\/2025\/07\/labhands.png\" style=\"width:100%; max-width:280px; border-radius:8px; margin-top:10px;\">\n<\/div>\n<p><!-- CARD --><\/p>\n<div style=\"background:#fff; border-radius:12px; box-shadow:0 4px 12px rgba(0,0,0,0.08); padding:20px; width:320px; text-align:center;\">\n<div style=\"font-size:20px; font-weight:bold;\">Laborat\u00f3rio IAES<\/div>\n<div style=\"color:#666; margin-bottom:10px;\">(Sala C105)<\/div>\n<div style=\"font-size:14px; margin-bottom:15px;\">\n    1 computador (professor) e 30 computadores (alunos)\n  <\/div>\n<div>\n    <a href=\"https:\/\/jandaiadosul.ufpr.br\/sistemas\/agenda_ufpr\/public-agenda\/244d4989e0b7bcd84ee63aaadc50f7fc\" target=\"_blank\"\n       style=\"display:inline-block; margin:5px; padding:10px 15px; background:#0073aa; color:#fff; text-decoration:none; border-radius:6px; font-weight:bold;\"><br \/>\n       Consultar Agenda<br \/>\n    <\/a><\/p>\n<p>    <a href=\"https:\/\/jandaiadosul.ufpr.br\/sistemas\/agenda_ufpr\/compromissos\/external-form?agenda_id=78\" target=\"_blank\"\n       style=\"display:inline-block; margin:5px; padding:10px 15px; background:#28a745; color:#fff; text-decoration:none; border-radius:6px; font-weight:bold;\"><br \/>\n       Agendar<br \/>\n    <\/a>\n  <\/div>\n<p>  <img decoding=\"async\" src=\"http:\/\/jandaiadosul.ufpr.br\/agendamentos\/wp-content\/uploads\/sites\/29\/2025\/07\/labiaes2.png\" style=\"width:100%; max-width:280px; border-radius:8px; margin-top:10px;\"><br \/>\n  <img decoding=\"async\" src=\"http:\/\/jandaiadosul.ufpr.br\/agendamentos\/wp-content\/uploads\/sites\/29\/2025\/07\/labiaes.png\" style=\"width:100%; max-width:280px; border-radius:8px; margin-top:10px;\">\n<\/div>\n<p><!-- CARD --><\/p>\n<div style=\"background:#fff; border-radius:12px; box-shadow:0 4px 12px rgba(0,0,0,0.08); padding:20px; width:320px; text-align:center;\">\n<div style=\"font-size:20px; font-weight:bold;\">Engenharia de Produ\u00e7\u00e3o<\/div>\n<div style=\"color:#666; margin-bottom:10px;\">(Sala A102)<\/div>\n<div style=\"font-size:14px; margin-bottom:15px;\">\n    1 computador (professor) e 38 computadores (alunos)\n  <\/div>\n<div>\n    <a href=\"https:\/\/jandaiadosul.ufpr.br\/sistemas\/agenda_ufpr\/public-agenda\/2ef179c2d88491800130b1da61b74758\" target=\"_blank\"\n       style=\"display:inline-block; margin:5px; padding:10px 15px; background:#0073aa; color:#fff; text-decoration:none; border-radius:6px; font-weight:bold;\"><br \/>\n       Consultar Agenda<br \/>\n    <\/a><\/p>\n<p>    <a href=\"https:\/\/jandaiadosul.ufpr.br\/sistemas\/agenda_ufpr\/compromissos\/external-form?agenda_id=54\" target=\"_blank\"\n       style=\"display:inline-block; margin:5px; padding:10px 15px; background:#28a745; color:#fff; text-decoration:none; border-radius:6px; font-weight:bold;\"><br \/>\n       Agendar<br \/>\n    <\/a>\n  <\/div>\n<p>  <img decoding=\"async\" src=\"http:\/\/jandaiadosul.ufpr.br\/agendamentos\/wp-content\/uploads\/sites\/29\/2025\/07\/lab102-2.png\" style=\"width:100%; max-width:280px; border-radius:8px; margin-top:10px;\"><br \/>\n  <img decoding=\"async\" src=\"http:\/\/jandaiadosul.ufpr.br\/agendamentos\/wp-content\/uploads\/sites\/29\/2025\/07\/lab102.png\" style=\"width:100%; max-width:280px; border-radius:8px; margin-top:10px;\">\n<\/div>\n<\/div>\n","protected":false},"excerpt":{"rendered":"<p>\u26a0\ufe0f AS RESERVAS DEVEM SER FEITAS COM NO M\u00cdNIMO DE 12 HORAS DE ANTECED\u00caNCIA Laborat\u00f3rio de Inform\u00e1tica 01 (Sala C103) 1 computador (professor) e 14 [&hellip;]<\/p>\n","protected":false},"author":3618,"featured_media":0,"parent":0,"menu_order":0,"comment_status":"closed","ping_status":"closed","template":"","meta":{"_acf_changed":false,"footnotes":""},"class_list":["post-14","page","type-page","status-publish","hentry"],"acf":[],"_links":{"self":[{"href":"https:\/\/jandaiadosul.ufpr.br\/agendamentos\/wp-json\/wp\/v2\/pages\/14","targetHints":{"allow":["GET"]}}],"collection":[{"href":"https:\/\/jandaiadosul.ufpr.br\/agendamentos\/wp-json\/wp\/v2\/pages"}],"about":[{"href":"https:\/\/jandaiadosul.ufpr.br\/agendamentos\/wp-json\/wp\/v2\/types\/page"}],"author":[{"embeddable":true,"href":"https:\/\/jandaiadosul.ufpr.br\/agendamentos\/wp-json\/wp\/v2\/users\/3618"}],"replies":[{"embeddable":true,"href":"https:\/\/jandaiadosul.ufpr.br\/agendamentos\/wp-json\/wp\/v2\/comments?post=14"}],"version-history":[{"count":55,"href":"https:\/\/jandaiadosul.ufpr.br\/agendamentos\/wp-json\/wp\/v2\/pages\/14\/revisions"}],"predecessor-version":[{"id":676,"href":"https:\/\/jandaiadosul.ufpr.br\/agendamentos\/wp-json\/wp\/v2\/pages\/14\/revisions\/676"}],"wp:attachment":[{"href":"https:\/\/jandaiadosul.ufpr.br\/agendamentos\/wp-json\/wp\/v2\/media?parent=14"}],"curies":[{"name":"wp","href":"https:\/\/api.w.org\/{rel}","templated":true}]}}